{"id":474,"date":"2023-10-17T21:13:53","date_gmt":"2023-10-17T19:13:53","guid":{"rendered":"https:\/\/culturaclasica.net\/teatroitalica\/?page_id=474"},"modified":"2025-09-29T23:07:09","modified_gmt":"2025-09-29T21:07:09","slug":"presentacion","status":"publish","type":"page","link":"https:\/\/culturaclasica.net\/teatroitalica\/","title":{"rendered":"Presentaci\u00f3n"},"content":{"rendered":"\n<div class=\"wp-block-uagb-container uagb-block-79d714ad alignfull uagb-is-root-container\"><div class=\"uagb-container-inner-blocks-wrap\">\n<div class=\"wp-block-uagb-advanced-heading uagb-block-ca1e86ce\"><h1 class=\"uagb-heading-text\"><strong>XXVIII Festival Juvenil Europeo de Teatro Grecolatino<\/strong><\/h1><\/div>\n<\/div><\/div>\n\n\n\n<div class=\"wp-block-uagb-container uagb-block-367bb171 alignfull uagb-is-root-container\"><div class=\"uagb-container-inner-blocks-wrap\">\n<div class=\"wp-block-uagb-advanced-heading uagb-block-a782b3cb\"><h2 class=\"uagb-heading-text\">prESENTACI\u00d3N<\/h2><div class=\"uagb-separator\"><\/div><\/div>\n\n\n\n<p><strong>SVMMA CAVEA <\/strong>es una Asociaci\u00f3n Cultural sin \u00e1nimo de lucro, encargada desde el curso 2021-22 de la organizaci\u00f3n del Festival Juvenil de Teatro Grecolatino que se celebra en un marco incomparable como es el Teatro Romano de IT\u00c1LICA.<\/p>\n\n\n\n<p>        Con SVMMA CAVEA el Festival Juvenil de IT\u00c1LICA sigue ligado a la Asociaci\u00f3n de Festivales de Teatro Grecolatino de Pr\u00f3sopon, ya que creemos que es donde debe seguir estando y donde es m\u00e1s fuerte.<\/p>\n\n\n\n<p>Somos conscientes de la enorme importancia de estos Festivales, muchos de los cuales se celebran en Teatros romanos y en recintos arqueol\u00f3gicos, teniendo una proyecci\u00f3n muy importante hacia fuera, hacia el resto de la sociedad; quiz\u00e1s como ning\u00fan otro evento hoy en d\u00eda lo hace: poder reunir a cientos, miles de alumnos y profesores alrededor del teatro que se cre\u00f3 en el mundo griego y romano, y adem\u00e1s representado por j\u00f3venes.<\/p>\n\n\n\n<p>De forma resumida los objetivos principales de nuestra Asociaci\u00f3n:<\/p>\n\n\n\n<ol class=\"wp-block-list\">\n<li>Potenciar el car\u00e1cter eminentemente did\u00e1ctico del Festival.<\/li>\n\n\n\n<li>Hacer representaciones de obras de autores de teatro griego o latino.<\/li>\n\n\n\n<li>Favorecer principalmente a los grupos de centros escolares que pongan en escena dichas obras.<\/li>\n\n\n\n<li>Ser un pilar m\u00e1s en defensa del Lat\u00edn y el Griego, y de las Humanidades en general.<\/li>\n\n\n\n<li>Dar voz a los profesores que asisten a\u00f1o a a\u00f1o con sus alumnos a estas representaciones, verdaderos art\u00edfices del Festival.<\/li>\n\n\n\n<li>Ofrecer toda la informaci\u00f3n posible de los gastos que origina la organizaci\u00f3n del Festival, as\u00ed como de las restricciones del uso de un recinto tan peculiar como es el Teatro Romano de It\u00e1lica.<\/li>\n\n\n\n<li>Propiciar que los d\u00edas del Festival Juvenil de IT\u00c1LICA se conviertan, en la medida de lo posible, en una Gran Fiesta del Teatro y del Mundo Grecolatino. Creando talleres y actividades paralelas donde puedan participar activamente los alumnos y profesores de los centros asistentes.<\/li>\n\n\n\n<li>Facilitar todas las actuaciones que ayuden a conseguir estos objetivos.<\/li>\n<\/ol>\n\n\n\n<p>Finalmente expresar que SVMMA CAVEA lo formamos profesores de Secundaria, que adem\u00e1s somos espectadores y amantes del Teatro Grecolatino, que queremos aportar nuestra visi\u00f3n desde el trabajo realizado durante a\u00f1os con un grupo de teatro escolar denominado \u00abIn albis Teatro\u00bb.<\/p>\n\n\n\n<p><strong>Los componentes de SVMMA CAVEA son:<\/strong><\/p>\n\n\n\n<p><strong>PRESIDENTE:<\/strong> Jos\u00e9 Luque Camero.<\/p>\n\n\n\n<p><strong>SECRETARIO:<\/strong> Marcos Su\u00e1rez Esquivel.<\/p>\n\n\n\n<p><strong>TESORERO:<\/strong> Ricardo G\u00f3mez Arcos.<\/p>\n\n\n\n<p><strong>VOCALES: <\/strong><\/p>\n\n\n\n<p>Patricia Mart\u00edn Carmona.<br>M. Reyes Mota Alba.<br>Jos\u00e9 Mar\u00eda Barrera Alc\u00e1ntara.<\/p>\n\n\n\n<p class=\"has-text-align-right\">Curate ut valeatis!<\/p>\n\n\n\n<div class=\"wp-block-uagb-container uagb-block-6cb98385\">\n<figure class=\"wp-block-image aligncenter size-full is-resized capa-logo\"><img loading=\"lazy\" decoding=\"async\" width=\"600\" height=\"737\" src=\"https:\/\/culturaclasica.net\/teatroitalica\/wp-content\/uploads\/2023\/10\/logo-svmma-cavea.jpg\" alt=\"\" class=\"wp-image-484\" style=\"width:300px\" srcset=\"https:\/\/culturaclasica.net\/teatroitalica\/wp-content\/uploads\/2023\/10\/logo-svmma-cavea.jpg 600w, https:\/\/culturaclasica.net\/teatroitalica\/wp-content\/uploads\/2023\/10\/logo-svmma-cavea-244x300.jpg 244w\" sizes=\"auto, (max-width: 600px) 100vw, 600px\" \/><\/figure>\n<\/div>\n<\/div><\/div>\n","protected":false},"excerpt":{"rendered":"<p>XXVIII Festival Juvenil Europeo de Teatro Grecolatino prESENTACI\u00d3N SVMMA CAVEA es una Asociaci\u00f3n Cultural sin \u00e1nimo de lucro, encargada desde el curso 2021-22 de la organizaci\u00f3n del Festival Juvenil de Teatro Grecolatino que se celebra en un marco incomparable como es el Teatro Romano de IT\u00c1LICA. Con SVMMA CAVEA el Festival Juvenil de IT\u00c1LICA sigue [&hellip;]<\/p>\n","protected":false},"author":1,"featured_media":0,"parent":0,"menu_order":0,"comment_status":"closed","ping_status":"closed","template":"","meta":{"_uag_custom_page_level_css":"","site-sidebar-layout":"no-sidebar","site-content-layout":"plain-container","ast-site-content-layout":"full-width-container","site-content-style":"unboxed","site-sidebar-style":"unboxed","ast-global-header-display":"","ast-banner-title-visibility":"","ast-main-header-display":"","ast-hfb-above-header-display":"","ast-hfb-below-header-display":"","ast-hfb-mobile-header-display":"","site-post-title":"disabled","ast-breadcrumbs-content":"","ast-featured-img":"","footer-sml-layout":"","ast-disable-related-posts":"","theme-transparent-header-meta":"default","adv-header-id-meta":"","stick-header-meta":"","header-above-stick-meta":"","header-main-stick-meta":"","header-below-stick-meta":"","astra-migrate-meta-layouts":"set","ast-page-background-enabled":"default","ast-page-background-meta":{"desktop":{"background-color":"","background-image":"","background-repeat":"repeat","background-position":"center center","background-size":"auto","background-attachment":"scroll","background-type":"","background-media":"","overlay-type":"","overlay-color":"","overlay-opacity":"","overlay-gradient":""},"tablet":{"background-color":"","background-image":"","background-repeat":"repeat","background-position":"center center","background-size":"auto","background-attachment":"scroll","background-type":"","background-media":"","overlay-type":"","overlay-color":"","overlay-opacity":"","overlay-gradient":""},"mobile":{"background-color":"","background-image":"","background-repeat":"repeat","background-position":"center center","background-size":"auto","background-attachment":"scroll","background-type":"","background-media":"","overlay-type":"","overlay-color":"","overlay-opacity":"","overlay-gradient":""}},"ast-content-background-meta":{"desktop":{"background-color":"var(--ast-global-color-5)","background-image":"","background-repeat":"repeat","background-position":"center center","background-size":"auto","background-attachment":"scroll","background-type":"","background-media":"","overlay-type":"","overlay-color":"","overlay-opacity":"","overlay-gradient":""},"tablet":{"background-color":"var(--ast-global-color-5)","background-image":"","background-repeat":"repeat","background-position":"center center","background-size":"auto","background-attachment":"scroll","background-type":"","background-media":"","overlay-type":"","overlay-color":"","overlay-opacity":"","overlay-gradient":""},"mobile":{"background-color":"var(--ast-global-color-5)","background-image":"","background-repeat":"repeat","background-position":"center center","background-size":"auto","background-attachment":"scroll","background-type":"","background-media":"","overlay-type":"","overlay-color":"","overlay-opacity":"","overlay-gradient":""}},"footnotes":""},"class_list":["post-474","page","type-page","status-publish","hentry"],"uagb_featured_image_src":{"full":false,"thumbnail":false,"medium":false,"medium_large":false,"large":false,"1536x1536":false,"2048x2048":false},"uagb_author_info":{"display_name":"Pascual","author_link":"https:\/\/culturaclasica.net\/teatroitalica\/author\/pascual\/"},"uagb_comment_info":0,"uagb_excerpt":"XXVIII Festival Juvenil Europeo de Teatro Grecolatino prESENTACI\u00d3N SVMMA CAVEA es una Asociaci\u00f3n Cultural sin \u00e1nimo de lucro, encargada desde el curso 2021-22 de la organizaci\u00f3n del Festival Juvenil de Teatro Grecolatino que se celebra en un marco incomparable como es el Teatro Romano de IT\u00c1LICA. Con SVMMA CAVEA el Festival Juvenil de IT\u00c1LICA sigue&hellip;","_links":{"self":[{"href":"https:\/\/culturaclasica.net\/teatroitalica\/wp-json\/wp\/v2\/pages\/474","targetHints":{"allow":["GET"]}}],"collection":[{"href":"https:\/\/culturaclasica.net\/teatroitalica\/wp-json\/wp\/v2\/pages"}],"about":[{"href":"https:\/\/culturaclasica.net\/teatroitalica\/wp-json\/wp\/v2\/types\/page"}],"author":[{"embeddable":true,"href":"https:\/\/culturaclasica.net\/teatroitalica\/wp-json\/wp\/v2\/users\/1"}],"replies":[{"embeddable":true,"href":"https:\/\/culturaclasica.net\/teatroitalica\/wp-json\/wp\/v2\/comments?post=474"}],"version-history":[{"count":8,"href":"https:\/\/culturaclasica.net\/teatroitalica\/wp-json\/wp\/v2\/pages\/474\/revisions"}],"predecessor-version":[{"id":661,"href":"https:\/\/culturaclasica.net\/teatroitalica\/wp-json\/wp\/v2\/pages\/474\/revisions\/661"}],"wp:attachment":[{"href":"https:\/\/culturaclasica.net\/teatroitalica\/wp-json\/wp\/v2\/media?parent=474"}],"curies":[{"name":"wp","href":"https:\/\/api.w.org\/{rel}","templated":true}]}}