{"id":463,"date":"2023-10-17T20:48:54","date_gmt":"2023-10-17T18:48:54","guid":{"rendered":"https:\/\/culturaclasica.net\/teatroitalica\/?page_id=463"},"modified":"2025-09-29T23:21:55","modified_gmt":"2025-09-29T21:21:55","slug":"programa-xxviii-festival-juvenil-europeo-de-teatro-grecolatino-2026","status":"publish","type":"page","link":"https:\/\/culturaclasica.net\/teatroitalica\/programa-xxviii-festival-juvenil-europeo-de-teatro-grecolatino-2026\/","title":{"rendered":"Programa XXVIII Festival Juvenil Europeo de Teatro Grecolatino (2026)"},"content":{"rendered":"\n<div class=\"wp-block-uagb-container uagb-block-79d714ad alignfull uagb-is-root-container\"><div class=\"uagb-container-inner-blocks-wrap\">\n<div class=\"wp-block-uagb-advanced-heading uagb-block-ca1e86ce\"><h1 class=\"uagb-heading-text\"><strong>Programa 2026<\/strong><\/h1><\/div>\n<\/div><\/div>\n\n\n\n<div class=\"wp-block-uagb-container uagb-block-367bb171 alignfull uagb-is-root-container\"><div class=\"uagb-container-inner-blocks-wrap\">\n<p><strong>COORDINADOR<\/strong><br>Jos\u00e9 S. Luque Camero<\/p>\n\n\n\n<p><strong>LUGAR&nbsp;<\/strong><br>Teatro Romano de It\u00e1lica (Santiponce, Sevilla).<\/p>\n\n\n\n<p><strong>PROMUEVE<\/strong><br>Consejeri\u0301a de Cultura y Deporte de la JUNTA DE ANDALUCI\u0301A.<\/p>\n\n\n\n<p><strong> ORGANIZA<\/strong><br>Asociacio\u0301n Cultural SVMMA\u00a0CAVEA\u00a0ITA\u0301LICA<\/p>\n\n\n\n<p><strong> COLABORA<\/strong><br>Ayuntamiento de Santiponce.<\/p>\n\n\n\n<p><\/p>\n\n\n\n<p><strong>D\u00cdA 18 DE MARZO, MI\u00c9RCOLES<\/strong><\/p>\n\n\n\n<p>11.30 horas<br><strong><em>ANDR\u00d3MACA<\/em><\/strong>, de Eur\u00edpides.<br>Grupo <em>Alezeia Teatro<\/em> del Colegio Maravillas de Benalm\u00e1dena (M\u00e1laga)<\/p>\n\n\n\n<p>17:00 horas<br><strong><em>LAS TESMOFORIAS<\/em><\/strong>, de Arist\u00f3fanes.<br>Grupo <em>Alezeia Teatro<\/em> del Colegio Maravillas de Benalm\u00e1dena (M\u00e1laga)<\/p>\n\n\n\n<p><strong>D\u00cdA 19 DE MARZO, JUEVES<\/strong><\/p>\n\n\n\n<p>11.30 horas<br><strong><em>LAS FENICIAS<\/em><\/strong>, de Eur\u00edpides.<br>Grupo <em>Furor Bacchicus <\/em>de la Facultad de Humanidades de la Universidad Pablo de Olavide de Sevilla<\/p>\n\n\n\n<p>17.00 horas<br><strong><em>MILES GLORIOSVS<\/em><\/strong>, de Plauto.<br>Grupo <em>Summa Cavea<\/em> del IES Fuente Nueva de Mor\u00f3n de la Frontera (Sevilla).<\/p>\n\n\n\n<p><br><br><\/p>\n<\/div><\/div>\n\n\n\n<p><\/p>\n","protected":false},"excerpt":{"rendered":"<p>Programa 2026 COORDINADORJos\u00e9 S. Luque Camero LUGAR&nbsp;Teatro Romano de It\u00e1lica (Santiponce, Sevilla). PROMUEVEConsejeri\u0301a de Cultura y Deporte de la JUNTA DE ANDALUCI\u0301A. ORGANIZAAsociacio\u0301n Cultural SVMMA\u00a0CAVEA\u00a0ITA\u0301LICA COLABORAAyuntamiento de Santiponce. D\u00cdA 18 DE MARZO, MI\u00c9RCOLES 11.30 horasANDR\u00d3MACA, de Eur\u00edpides.Grupo Alezeia Teatro del Colegio Maravillas de Benalm\u00e1dena (M\u00e1laga) 17:00 horasLAS TESMOFORIAS, de Arist\u00f3fanes.Grupo Alezeia Teatro del Colegio Maravillas [&hellip;]<\/p>\n","protected":false},"author":1,"featured_media":0,"parent":0,"menu_order":0,"comment_status":"closed","ping_status":"closed","template":"","meta":{"_uag_custom_page_level_css":"","site-sidebar-layout":"no-sidebar","site-content-layout":"plain-container","ast-site-content-layout":"full-width-container","site-content-style":"unboxed","site-sidebar-style":"unboxed","ast-global-header-display":"","ast-banner-title-visibility":"","ast-main-header-display":"","ast-hfb-above-header-display":"","ast-hfb-below-header-display":"","ast-hfb-mobile-header-display":"","site-post-title":"disabled","ast-breadcrumbs-content":"","ast-featured-img":"","footer-sml-layout":"","ast-disable-related-posts":"","theme-transparent-header-meta":"default","adv-header-id-meta":"","stick-header-meta":"","header-above-stick-meta":"","header-main-stick-meta":"","header-below-stick-meta":"","astra-migrate-meta-layouts":"set","ast-page-background-enabled":"default","ast-page-background-meta":{"desktop":{"background-color":"","background-image":"","background-repeat":"repeat","background-position":"center center","background-size":"auto","background-attachment":"scroll","background-type":"","background-media":"","overlay-type":"","overlay-color":"","overlay-opacity":"","overlay-gradient":""},"tablet":{"background-color":"","background-image":"","background-repeat":"repeat","background-position":"center center","background-size":"auto","background-attachment":"scroll","background-type":"","background-media":"","overlay-type":"","overlay-color":"","overlay-opacity":"","overlay-gradient":""},"mobile":{"background-color":"","background-image":"","background-repeat":"repeat","background-position":"center center","background-size":"auto","background-attachment":"scroll","background-type":"","background-media":"","overlay-type":"","overlay-color":"","overlay-opacity":"","overlay-gradient":""}},"ast-content-background-meta":{"desktop":{"background-color":"var(--ast-global-color-5)","background-image":"","background-repeat":"repeat","background-position":"center center","background-size":"auto","background-attachment":"scroll","background-type":"","background-media":"","overlay-type":"","overlay-color":"","overlay-opacity":"","overlay-gradient":""},"tablet":{"background-color":"var(--ast-global-color-5)","background-image":"","background-repeat":"repeat","background-position":"center center","background-size":"auto","background-attachment":"scroll","background-type":"","background-media":"","overlay-type":"","overlay-color":"","overlay-opacity":"","overlay-gradient":""},"mobile":{"background-color":"var(--ast-global-color-5)","background-image":"","background-repeat":"repeat","background-position":"center center","background-size":"auto","background-attachment":"scroll","background-type":"","background-media":"","overlay-type":"","overlay-color":"","overlay-opacity":"","overlay-gradient":""}},"footnotes":""},"class_list":["post-463","page","type-page","status-publish","hentry"],"uagb_featured_image_src":{"full":false,"thumbnail":false,"medium":false,"medium_large":false,"large":false,"1536x1536":false,"2048x2048":false},"uagb_author_info":{"display_name":"Pascual","author_link":"https:\/\/culturaclasica.net\/teatroitalica\/author\/pascual\/"},"uagb_comment_info":0,"uagb_excerpt":"Programa 2026 COORDINADORJos\u00e9 S. Luque Camero LUGAR&nbsp;Teatro Romano de It\u00e1lica (Santiponce, Sevilla). PROMUEVEConsejeri\u0301a de Cultura y Deporte de la JUNTA DE ANDALUCI\u0301A. ORGANIZAAsociacio\u0301n Cultural SVMMA\u00a0CAVEA\u00a0ITA\u0301LICA COLABORAAyuntamiento de Santiponce. D\u00cdA 18 DE MARZO, MI\u00c9RCOLES 11.30 horasANDR\u00d3MACA, de Eur\u00edpides.Grupo Alezeia Teatro del Colegio Maravillas de Benalm\u00e1dena (M\u00e1laga) 17:00 horasLAS TESMOFORIAS, de Arist\u00f3fanes.Grupo Alezeia Teatro del Colegio Maravillas&hellip;","_links":{"self":[{"href":"https:\/\/culturaclasica.net\/teatroitalica\/wp-json\/wp\/v2\/pages\/463","targetHints":{"allow":["GET"]}}],"collection":[{"href":"https:\/\/culturaclasica.net\/teatroitalica\/wp-json\/wp\/v2\/pages"}],"about":[{"href":"https:\/\/culturaclasica.net\/teatroitalica\/wp-json\/wp\/v2\/types\/page"}],"author":[{"embeddable":true,"href":"https:\/\/culturaclasica.net\/teatroitalica\/wp-json\/wp\/v2\/users\/1"}],"replies":[{"embeddable":true,"href":"https:\/\/culturaclasica.net\/teatroitalica\/wp-json\/wp\/v2\/comments?post=463"}],"version-history":[{"count":19,"href":"https:\/\/culturaclasica.net\/teatroitalica\/wp-json\/wp\/v2\/pages\/463\/revisions"}],"predecessor-version":[{"id":664,"href":"https:\/\/culturaclasica.net\/teatroitalica\/wp-json\/wp\/v2\/pages\/463\/revisions\/664"}],"wp:attachment":[{"href":"https:\/\/culturaclasica.net\/teatroitalica\/wp-json\/wp\/v2\/media?parent=463"}],"curies":[{"name":"wp","href":"https:\/\/api.w.org\/{rel}","templated":true}]}}