{"id":415,"date":"2020-09-15T06:48:51","date_gmt":"2020-09-15T04:48:51","guid":{"rendered":"https:\/\/culturaclasica.net\/teatroitalica\/services\/"},"modified":"2025-09-29T23:29:26","modified_gmt":"2025-09-29T21:29:26","slug":"informacion-importante","status":"publish","type":"page","link":"https:\/\/culturaclasica.net\/teatroitalica\/informacion-importante\/","title":{"rendered":"Informaci\u00f3n importante"},"content":{"rendered":"\n<div class=\"wp-block-uagb-container uagb-block-79d714ad alignfull uagb-is-root-container\"><div class=\"uagb-container-inner-blocks-wrap\">\n<div class=\"wp-block-uagb-advanced-heading uagb-block-ca1e86ce\"><h1 class=\"uagb-heading-text\"><strong>informaci\u00f3n importante<\/strong><\/h1><\/div>\n<\/div><\/div>\n\n\n\n<div class=\"wp-block-uagb-container uagb-block-367bb171 alignfull uagb-is-root-container\"><div class=\"uagb-container-inner-blocks-wrap\">\n<p><strong>RESERVAS<\/strong><\/p>\n\n\n\n<p>Se realizar\u00e1n por internet desde el&nbsp; <strong>25 de Noviembre de 2025<\/strong> <strong>a las 17:00<\/strong>, a trav\u00e9s de la p\u00e1gina https:\/\/culturaclasica.net\/teatroitalica , siguiendo las instrucciones en el apartado inscripci\u00f3n.<\/p>\n\n\n\n<p><strong>APORTACI\u00d3N POR ALUMNO Y LUGAR DE INGRESO<br><\/strong>Una vez que el programa confirme la reserva, se ingresar\u00e1 en la cuenta que se le facilitar\u00e1, la cantidad de 7 \u20ac por alumno y representaci\u00f3n en el plazo de 15 d\u00edas naturales improrrogables.<\/p>\n\n\n\n<p><strong>CONTACTOS<\/strong><br>e-mail: summacavea.italica@gmail.com<br>web: culturaclasica.net\/teatroitalica<\/p>\n\n\n\n<p style=\"margin-top:0;margin-bottom:0\"><strong>OBSERVACIONES<\/strong><\/p>\n\n\n\n<ol class=\"wp-block-list\">\n<li>La duraci\u00f3n de la obra no sobrepasar\u00e1 los <strong>60 minutos<\/strong>.<\/li>\n\n\n\n<li>La organizaci\u00f3n est\u00e1 trabajando en la b\u00fasqueda de un lugar alternativo de representaci\u00f3n en caso de lluvia u ola de calor. <\/li>\n\n\n\n<li>En el caso de no encontrarse y nos vi\u00e9semos obligados a la suspensi\u00f3n por lluvia o fuerza mayor, no se puede devolver el dinero de la reserva, al estar todos los gastos realizados.<\/li>\n\n\n\n<li>Se recuerda a los profesores que esta actividad debe prepararse en el aula (lecturas y explicaciones) y que asistir a la representaci\u00f3n de la obra es una parte m\u00e1s de ese proceso. Por tanto, que los alumnos vayan bien preparados es parte esencial del <strong>\u00e9xito de esta actividad<\/strong>.<\/li>\n\n\n\n<li>Los profesores deben cuidar en todo omento de que sus alumnos guarden el <strong>respeto debido<\/strong> a los miembros de la organizaci\u00f3n, al grupo que representa, as\u00ed como a los dem\u00e1s espectadores que han pagado por ello.<\/li>\n\n\n\n<li>Los asistentes ser\u00e1n acomodados en la <em>cavea <\/em>por orden de entrada y todos deben <strong>respetar las indicaciones<\/strong> de los miembros de la organizaci\u00f3n para el buen desarrollo de las representaciones. El teatro tiene buena visibilidad desde cualquier asiento.<\/li>\n\n\n\n<li>La <strong>entrada y salida<\/strong> del recinto, que s\u00f3lo se puede hacer por un pasillo estrecho, debe hacerse ordenadamente y siguiendo las instrucciones de la organizaci\u00f3n para la seguridad de todos.<\/li>\n<\/ol>\n<\/div><\/div>\n","protected":false},"excerpt":{"rendered":"<p>informaci\u00f3n importante RESERVAS Se realizar\u00e1n por internet desde el&nbsp; 25 de Noviembre de 2025 a las 17:00, a trav\u00e9s de la p\u00e1gina https:\/\/culturaclasica.net\/teatroitalica , siguiendo las instrucciones en el apartado inscripci\u00f3n. APORTACI\u00d3N POR ALUMNO Y LUGAR DE INGRESOUna vez que el programa confirme la reserva, se ingresar\u00e1 en la cuenta que se le facilitar\u00e1, la [&hellip;]<\/p>\n","protected":false},"author":1,"featured_media":0,"parent":0,"menu_order":0,"comment_status":"closed","ping_status":"closed","template":"","meta":{"_uag_custom_page_level_css":"","site-sidebar-layout":"no-sidebar","site-content-layout":"plain-container","ast-site-content-layout":"full-width-container","site-content-style":"unboxed","site-sidebar-style":"unboxed","ast-global-header-display":"","ast-banner-title-visibility":"","ast-main-header-display":"","ast-hfb-above-header-display":"","ast-hfb-below-header-display":"","ast-hfb-mobile-header-display":"","site-post-title":"disabled","ast-breadcrumbs-content":"","ast-featured-img":"","footer-sml-layout":"","ast-disable-related-posts":"","theme-transparent-header-meta":"default","adv-header-id-meta":"","stick-header-meta":"","header-above-stick-meta":"","header-main-stick-meta":"","header-below-stick-meta":"","astra-migrate-meta-layouts":"set","ast-page-background-enabled":"default","ast-page-background-meta":{"desktop":{"background-color":"","background-image":"","background-repeat":"repeat","background-position":"center center","background-size":"auto","background-attachment":"scroll","background-type":"","background-media":"","overlay-type":"","overlay-color":"","overlay-opacity":"","overlay-gradient":""},"tablet":{"background-color":"","background-image":"","background-repeat":"repeat","background-position":"center center","background-size":"auto","background-attachment":"scroll","background-type":"","background-media":"","overlay-type":"","overlay-color":"","overlay-opacity":"","overlay-gradient":""},"mobile":{"background-color":"","background-image":"","background-repeat":"repeat","background-position":"center center","background-size":"auto","background-attachment":"scroll","background-type":"","background-media":"","overlay-type":"","overlay-color":"","overlay-opacity":"","overlay-gradient":""}},"ast-content-background-meta":{"desktop":{"background-color":"var(--ast-global-color-5)","background-image":"","background-repeat":"repeat","background-position":"center center","background-size":"auto","background-attachment":"scroll","background-type":"","background-media":"","overlay-type":"","overlay-color":"","overlay-opacity":"","overlay-gradient":""},"tablet":{"background-color":"var(--ast-global-color-5)","background-image":"","background-repeat":"repeat","background-position":"center center","background-size":"auto","background-attachment":"scroll","background-type":"","background-media":"","overlay-type":"","overlay-color":"","overlay-opacity":"","overlay-gradient":""},"mobile":{"background-color":"var(--ast-global-color-5)","background-image":"","background-repeat":"repeat","background-position":"center center","background-size":"auto","background-attachment":"scroll","background-type":"","background-media":"","overlay-type":"","overlay-color":"","overlay-opacity":"","overlay-gradient":""}},"footnotes":""},"class_list":["post-415","page","type-page","status-publish","hentry"],"uagb_featured_image_src":{"full":false,"thumbnail":false,"medium":false,"medium_large":false,"large":false,"1536x1536":false,"2048x2048":false},"uagb_author_info":{"display_name":"Pascual","author_link":"https:\/\/culturaclasica.net\/teatroitalica\/author\/pascual\/"},"uagb_comment_info":0,"uagb_excerpt":"informaci\u00f3n importante RESERVAS Se realizar\u00e1n por internet desde el&nbsp; 25 de Noviembre de 2025 a las 17:00, a trav\u00e9s de la p\u00e1gina https:\/\/culturaclasica.net\/teatroitalica , siguiendo las instrucciones en el apartado inscripci\u00f3n. APORTACI\u00d3N POR ALUMNO Y LUGAR DE INGRESOUna vez que el programa confirme la reserva, se ingresar\u00e1 en la cuenta que se le facilitar\u00e1, la&hellip;","_links":{"self":[{"href":"https:\/\/culturaclasica.net\/teatroitalica\/wp-json\/wp\/v2\/pages\/415","targetHints":{"allow":["GET"]}}],"collection":[{"href":"https:\/\/culturaclasica.net\/teatroitalica\/wp-json\/wp\/v2\/pages"}],"about":[{"href":"https:\/\/culturaclasica.net\/teatroitalica\/wp-json\/wp\/v2\/types\/page"}],"author":[{"embeddable":true,"href":"https:\/\/culturaclasica.net\/teatroitalica\/wp-json\/wp\/v2\/users\/1"}],"replies":[{"embeddable":true,"href":"https:\/\/culturaclasica.net\/teatroitalica\/wp-json\/wp\/v2\/comments?post=415"}],"version-history":[{"count":22,"href":"https:\/\/culturaclasica.net\/teatroitalica\/wp-json\/wp\/v2\/pages\/415\/revisions"}],"predecessor-version":[{"id":666,"href":"https:\/\/culturaclasica.net\/teatroitalica\/wp-json\/wp\/v2\/pages\/415\/revisions\/666"}],"wp:attachment":[{"href":"https:\/\/culturaclasica.net\/teatroitalica\/wp-json\/wp\/v2\/media?parent=415"}],"curies":[{"name":"wp","href":"https:\/\/api.w.org\/{rel}","templated":true}]}}