{"id":11906,"date":"2015-11-13T13:26:16","date_gmt":"2015-11-13T12:26:16","guid":{"rendered":"https:\/\/culturaclasica.net\/teatrobaelo\/programa-italica-2\/"},"modified":"2025-12-11T12:28:50","modified_gmt":"2025-12-11T11:28:50","slug":"programa-baelo-claudia","status":"publish","type":"page","link":"https:\/\/culturaclasica.net\/teatrobaelo\/programa-baelo-claudia\/","title":{"rendered":"Programa Baelo Claudia"},"content":{"rendered":"<p><strong>COORDINADOR<\/strong><br \/>\nFco. Javier Ortol\u00e1<\/p>\n<p><strong>LUGAR:<\/strong><br \/>\nTeatro del Conjunto Arqueol\u00f3gico de Baelo Claudia (C\u00e1diz)<\/p>\n<p><strong>ORGANIZAN:<\/strong><br \/>\nAsociaci\u00f3n Cultural El Corego y Conjunto Arqueol\u00f3gico de Baelo Claudia (Delegaci\u00f3n territorial de Turismo, Cultura y Deporte de C\u00e1diz \u2013 Consejer\u00eda de Turismo, Cultura y Deporte de la Junta de Andaluc\u00eda)<\/p>\n<p><strong>COLABORA:<\/strong><br \/>\nAyuntamiento de Tarifa<\/p>\n<p><strong>D\u00cdA 21 DE ABRIL, MARTES<\/strong><\/p>\n<p style=\"padding-left: 30px;\">11.30 horas<br \/>\n<strong>Andr\u00f3maca<\/strong> (Eur\u00edpides)<br \/>\nGrupo Alezeia (Benalm\u00e1dena)<\/p>\n<p style=\"padding-left: 30px;\">13:30 horas<br \/>\n<strong>Tesmoforias<\/strong> (Arist\u00f3fanes)<br \/>\nGrupo Alezeia (Benalm\u00e1dena)<\/p>\n<p>&nbsp;<\/p>\n<p><strong>D\u00cdA 22 DE ABRIL, MI\u00c9RCOLES<\/strong><\/p>\n<p style=\"padding-left: 30px;\">11.30 horas<br \/>\n<strong>Ifigenia en \u00c1ulide<\/strong> (Eur\u00edpides)<br \/>\nGrupo Balbo (El Pto. Sta. Mar\u00eda)<\/p>\n<p style=\"padding-left: 30px;\">13.30 horas<br \/>\n<strong>El Persa<\/strong> (Plauto)<br \/>\nGrupo Balbo (El Pto. Sta. Mar\u00eda)<\/p>\n\n","protected":false},"excerpt":{"rendered":"","protected":false},"author":1,"featured_media":0,"parent":0,"menu_order":0,"comment_status":"closed","ping_status":"closed","template":"","meta":{"footnotes":""},"_links":{"self":[{"href":"https:\/\/culturaclasica.net\/teatrobaelo\/wp-json\/wp\/v2\/pages\/11906"}],"collection":[{"href":"https:\/\/culturaclasica.net\/teatrobaelo\/wp-json\/wp\/v2\/pages"}],"about":[{"href":"https:\/\/culturaclasica.net\/teatrobaelo\/wp-json\/wp\/v2\/types\/page"}],"author":[{"embeddable":true,"href":"https:\/\/culturaclasica.net\/teatrobaelo\/wp-json\/wp\/v2\/users\/1"}],"replies":[{"embeddable":true,"href":"https:\/\/culturaclasica.net\/teatrobaelo\/wp-json\/wp\/v2\/comments?post=11906"}],"version-history":[{"count":12,"href":"https:\/\/culturaclasica.net\/teatrobaelo\/wp-json\/wp\/v2\/pages\/11906\/revisions"}],"predecessor-version":[{"id":12005,"href":"https:\/\/culturaclasica.net\/teatrobaelo\/wp-json\/wp\/v2\/pages\/11906\/revisions\/12005"}],"wp:attachment":[{"href":"https:\/\/culturaclasica.net\/teatrobaelo\/wp-json\/wp\/v2\/media?parent=11906"}],"curies":[{"name":"wp","href":"https:\/\/api.w.org\/{rel}","templated":true}]}}