{"id":11900,"date":"2015-11-13T12:58:44","date_gmt":"2015-11-13T11:58:44","guid":{"rendered":"https:\/\/culturaclasica.net\/teatrobaelo\/reservas-italica-2\/"},"modified":"2025-12-11T13:04:22","modified_gmt":"2025-12-11T12:04:22","slug":"reservas-baelo-claudia","status":"publish","type":"page","link":"https:\/\/culturaclasica.net\/teatrobaelo\/reservas-baelo-claudia\/","title":{"rendered":"Reservas Baelo Claudia"},"content":{"rendered":"<p><strong>LAS RESERVAS<\/strong><br \/>\nSe realizar\u00e1n por internet desde el lunes <strong>19 de enero de 2026<\/strong> hasta el <strong>20 de marzo de 2026<\/strong>, a trav\u00e9s de la p\u00e1gina <a href=\"https:\/\/culturaclasica.net\/teatrobaelo\">www.culturaclasica.net\/teatroitalicabaelo\/<\/a> siguiendo las instrucciones que en ella se detallan.<\/p>\n<p><strong>IMPORTANTE: Cada centro podr\u00e1 realizar \u00fanicamente una reserva por obra sin posibilidad de ampliar con una nueva reserva. No se aceptar\u00e1 en ning\u00fan caso ingresos superiores al n\u00famero de alumnos que figura en la reserva.<\/strong><\/p>\n<p><strong>APORTACI\u00d3N POR ALUMNO Y LUGAR DE INGRESO<\/strong><br \/>\nUna vez que el programa confirme la reserva, se ingresar\u00e1 en la cuenta que se le facilitar\u00e1 la cantidad de 7 \u20ac por alumno y representaci\u00f3n en el plazo de 15 d\u00edas naturales improrrogables. Se ruega que antes de hacer el ingreso se compruebe que el importe sea el correcto.<\/p>\n<p><strong>CONTACTOS<\/strong><br \/>\nAsociaci\u00f3n El Corego 616 914 710<br \/>\nConjunto Arqueol\u00f3gico de Baelo Claudia, tel\u00e9fono 956 10 67 93<br \/>\n<strong>E-mail:<\/strong><\/p>\n<ul>\n<li><a href=\"mailto:teatroenbaeloclaudia@gmail.com\">teatroenbaeloclaudia@gmail.com<\/a><\/li>\n<\/ul>\n<p><strong>Webs: <\/strong><\/p>\n<ul>\n<li><a href=\"https:\/\/teatroenlabetica.org\/\" target=\"_blank\" rel=\"noopener noreferrer\">teatroenlabetica.org<\/a><\/li>\n<li><a href=\"http:\/\/www.prosoponteatro.com\" target=\"_blank\" rel=\"noopener noreferrer\">www.prosoponteatro.com<\/a><\/li>\n<\/ul>\n<p>&nbsp;<\/p>\n<p><strong>OBSERVACIONES<\/strong><\/p>\n<p><strong>Condiciones de suspensi\u00f3n<\/strong><\/p>\n<ul>\n<li>No se dispone de un lugar alternativo para la representaci\u00f3n en caso de suspensi\u00f3n por lluvia, levante fuerte u otros casos de fuerza mayor.<\/li>\n<li>En caso de suspensi\u00f3n, no se devolver\u00e1 el importe de la reserva. Para decidir la suspensi\u00f3n, nos atendremos a los protocolos que figuran en: <a href=\"https:\/\/teatroenlabetica.org\/2024\/04\/12\/protocolo-de-suspension\/\" target=\"_blank\" rel=\"noopener\">https:\/\/teatroenlabetica.org\/2024\/04\/12\/protocolo-de-suspension\/<\/a><\/li>\n<\/ul>\n<p>&nbsp;<\/p>\n<p><strong>Condiciones de la inscripci\u00f3n y devoluci\u00f3n<\/strong><\/p>\n<ul>\n<li>La Organizaci\u00f3n se reserva el derecho de aceptar o rechazar cualquier solicitud de reserva.<\/li>\n<li>Una vez formalizada la inscripci\u00f3n con el pago de entradas, no se devolver\u00e1 bajo ning\u00fan concepto el importe ingresado.<\/li>\n<li>Se ruega que la reserva sea lo m\u00e1s precisa posible, para evitar perjudicar a otros centros acaparando obras y plazas que quiz\u00e1 no lleguen a formalizarse en la inscripci\u00f3n.<\/li>\n<\/ul>\n<p>&nbsp;<\/p>\n<p><strong>Normas para el profesorado<\/strong><\/p>\n<ul>\n<li>Se recuerda a los profesores que este Festival no es apropiado para alumnos de cursos inferiores a 4\u00ba de ESO.<\/li>\n<li>Se recuerda tambi\u00e9n que deben permanecer con sus alumnos desde el momento de la entrada al teatro hasta la salida, siguiendo las directrices publicadas en: <a href=\"https:\/\/teatroenlabetica.org\/2020\/07\/12\/a-la-atencion-de-los-profesores\/\" target=\"_blank\" rel=\"noopener\">https:\/\/teatroenlabetica.org\/2020\/07\/12\/a-la-atencion-de-los-profesores\/<\/a><\/li>\n<\/ul>\n<p>&nbsp;<\/p>\n<p><strong>Acomodaci\u00f3n y materiales<\/strong><\/p>\n<ul>\n<li>Los asistentes ser\u00e1n acomodados en la cavea por estricto orden de llegada, sin posibilidad de reserva previa de asientos.<\/li>\n<li>En el precio de la entrada no est\u00e1 incluido el texto de la obra que se vaya a ver en la representaci\u00f3n.<\/li>\n<\/ul>\n\n","protected":false},"excerpt":{"rendered":"","protected":false},"author":1,"featured_media":0,"parent":0,"menu_order":0,"comment_status":"closed","ping_status":"closed","template":"","meta":{"footnotes":""},"_links":{"self":[{"href":"https:\/\/culturaclasica.net\/teatrobaelo\/wp-json\/wp\/v2\/pages\/11900"}],"collection":[{"href":"https:\/\/culturaclasica.net\/teatrobaelo\/wp-json\/wp\/v2\/pages"}],"about":[{"href":"https:\/\/culturaclasica.net\/teatrobaelo\/wp-json\/wp\/v2\/types\/page"}],"author":[{"embeddable":true,"href":"https:\/\/culturaclasica.net\/teatrobaelo\/wp-json\/wp\/v2\/users\/1"}],"replies":[{"embeddable":true,"href":"https:\/\/culturaclasica.net\/teatrobaelo\/wp-json\/wp\/v2\/comments?post=11900"}],"version-history":[{"count":17,"href":"https:\/\/culturaclasica.net\/teatrobaelo\/wp-json\/wp\/v2\/pages\/11900\/revisions"}],"predecessor-version":[{"id":12007,"href":"https:\/\/culturaclasica.net\/teatrobaelo\/wp-json\/wp\/v2\/pages\/11900\/revisions\/12007"}],"wp:attachment":[{"href":"https:\/\/culturaclasica.net\/teatrobaelo\/wp-json\/wp\/v2\/media?parent=11900"}],"curies":[{"name":"wp","href":"https:\/\/api.w.org\/{rel}","templated":true}]}}