{"id":11570,"date":"2015-10-03T19:51:58","date_gmt":"2015-10-03T17:51:58","guid":{"rendered":"https:\/\/culturaclasica.net\/teatrobaelo\/?page_id=11570"},"modified":"2026-03-20T09:55:31","modified_gmt":"2026-03-20T08:55:31","slug":"condiciones-de-inscripcion","status":"publish","type":"page","link":"https:\/\/culturaclasica.net\/teatrobaelo\/","title":{"rendered":"Condiciones de inscripci\u00f3n"},"content":{"rendered":"<ol class=\"lista-espaciada-vertical\">\n<li style=\"text-align: justify;\"><strong>Elegir obra\/s, d\u00eda\/s y hora. Cumplimentar los datos solicitados en el apartado \u201cInscripci\u00f3n\u201d ( centro, profesor, n\u00famero de alumnos, e-mail\u2026) El apartado Observaciones se cumplimentar\u00e1 en el caso de que en el grupo fuesen personas con problemas de movilidad, indicando su n\u00famero. Rogamos que el n\u00famero de alumnos se ajuste a la realidad, porque puede haber alumnos en lista de espera. El aforo est\u00e1 reducido a 550 en Baelo debido al Plan de Seguridad elaborado por la Junta de Andaluc\u00eda, por tanto, s\u00f3lo habr\u00e1 gratuidad para un profesor por cada 25 alumnos o fracci\u00f3n. <\/strong><br \/>\n<strong><br \/>\n<\/strong><\/li>\n<li style=\"text-align: justify;\"><strong>En el apartado \u201cLista de inscripciones\u201d de la pantalla principal ver\u00e1 si la reserva ha sido aceptada, si est\u00e1 en lista de espera o si ya no hay plazas vacantes para la obra. <\/strong><br \/>\n<strong><br \/>\n<\/strong><\/li>\n<li style=\"text-align: justify;\"><strong>Si la reserva ha sido aceptada, el programa de la web lo confirmar\u00e1 enviando un e-mail.\u00a0<span style=\"color: #ff0000;\">En este e-mail se comunicar\u00e1 un\u00a0 c\u00f3digo y el\u00a0 n\u00famero de cuenta corriente en la que realizar la transferencia o ingreso. El c\u00f3digo ha de figurar en el apartado Ordenante de la orden de transferencia o ingreso realizado en el banco, sin ning\u00fan otro dato. Debe indicar el nombre del Centro en el apartado Observaciones, sin ning\u00fan otro dato. Con este c\u00f3digo podremos localizar inmediatamente el Centro que ha efectuado el abono y as\u00ed confirmar la inscripci\u00f3n. <\/span><\/strong>Los centros que paguen m\u00e1s de una inscripci\u00f3n, pueden realizar un \u00fanico ingreso, haciendo constar en el apartado\u00a0<strong>Ordenante\u00a0<\/strong> todos los\u00a0<strong>C\u00f3digos\u00a0<\/strong>asignados, que se habr\u00e1n comunicado por e-mail.<\/li>\n<li style=\"text-align: justify;\">El plazo de pago es de 15 d\u00edas naturales. El programa inform\u00e1tico le enviar\u00e1 un e-mail cinco d\u00edas antes de que finalice el plazo, en caso de que a\u00fan no haya efectuado el ingreso. Si, transcurridos los quince d\u00edas naturales, no se ha realizado el ingreso el programa dar\u00e1 de baja la reserva autom\u00e1ticamente y las plazas se asignar\u00e1n a centros que est\u00e9n en lista de espera.Cuando sea efectivo el pago el programa enviar\u00e1 un e-mail confirmando la inscripci\u00f3n.<\/li>\n<li style=\"text-align: justify;\">Cuando un centro est\u00e9 en lista de espera y se le pueda ofrecer la obra solicitada, se le comunicar\u00e1 por e-mail. En este caso se han de seguir las mismas instrucciones de pago, pero el plazo para efectuar el ingreso ser\u00e1 de 10 d\u00edas naturales.<\/li>\n<li style=\"text-align: justify;\">Para cualquier aclaraci\u00f3n puede contactar con nosotros por medio del correo electr\u00f3nico <a href=\"mailto:teatroenbaeloclaudia@gmail.com\" target=\"_blank\" rel=\"noopener noreferrer\">teatroenbaeloclaudia@gmail.com<\/a>. Intentaremos responder en un plazo de 24 horas.<\/li>\n<li style=\"text-align: justify;\">El control se hace en la puerta de entrada al Conjunto Arqueol\u00f3gico y en el acceso al teatro, previa presentaci\u00f3n del albar\u00e1n.<\/li>\n<\/ol>\n<p style=\"padding-left: 30px; text-align: justify;\">Esperamos que este sistema facilite la inscripci\u00f3n a los centros y les permita conocer con rapidez en qu\u00e9 estado se encuentra su reserva.<\/p>\n\n","protected":false},"excerpt":{"rendered":"","protected":false},"author":1,"featured_media":0,"parent":0,"menu_order":0,"comment_status":"closed","ping_status":"closed","template":"","meta":{"footnotes":""},"_links":{"self":[{"href":"https:\/\/culturaclasica.net\/teatrobaelo\/wp-json\/wp\/v2\/pages\/11570"}],"collection":[{"href":"https:\/\/culturaclasica.net\/teatrobaelo\/wp-json\/wp\/v2\/pages"}],"about":[{"href":"https:\/\/culturaclasica.net\/teatrobaelo\/wp-json\/wp\/v2\/types\/page"}],"author":[{"embeddable":true,"href":"https:\/\/culturaclasica.net\/teatrobaelo\/wp-json\/wp\/v2\/users\/1"}],"replies":[{"embeddable":true,"href":"https:\/\/culturaclasica.net\/teatrobaelo\/wp-json\/wp\/v2\/comments?post=11570"}],"version-history":[{"count":16,"href":"https:\/\/culturaclasica.net\/teatrobaelo\/wp-json\/wp\/v2\/pages\/11570\/revisions"}],"predecessor-version":[{"id":11971,"href":"https:\/\/culturaclasica.net\/teatrobaelo\/wp-json\/wp\/v2\/pages\/11570\/revisions\/11971"}],"wp:attachment":[{"href":"https:\/\/culturaclasica.net\/teatrobaelo\/wp-json\/wp\/v2\/media?parent=11570"}],"curies":[{"name":"wp","href":"https:\/\/api.w.org\/{rel}","templated":true}]}}