{"id":12325,"date":"2025-10-10T10:20:30","date_gmt":"2025-10-10T10:20:30","guid":{"rendered":"https:\/\/culturaclasica.net\/teatro\/?page_id=12325"},"modified":"2025-11-06T10:25:02","modified_gmt":"2025-11-06T10:25:02","slug":"fes-te-soci-o-socia","status":"publish","type":"page","link":"https:\/\/culturaclasica.net\/teatro\/fes-te-soci-o-socia\/","title":{"rendered":"Fes-te soci o s\u00f2cia"},"content":{"rendered":"<p><strong>El correu de contacte per a fer-se soci o s\u00f2cia, o per a qualsevol consulta, \u00e9s:\u00a0<\/strong><\/p>\n<p>prosoponsaguntsecretaria@gmail.com<\/p>\n<ul>\n<li>Les dates per inscriure&#8217;s com a soci s\u00f3n de l&#8217;1 de gener al 30 de setembre de l&#8217;any en curs.<\/li>\n<li>No acceptarem sol\u00b7licituds d&#8217;inscripci\u00f3 fora d&#8217;aquestes dates per necessitats organitzatives.<\/li>\n<li>La quota anual de soci \u00e9s de 25 \u20ac, que es cobra en el mes de juny.<\/li>\n<\/ul>\n<p><a href=\"https:\/\/culturaclasica.net\/teatro\/wp-content\/uploads\/2024\/05\/Fitxa-inscripcio-soci-prosopon.doc\" target=\"_blank\" rel=\"noopener\"><strong>Descarrega des d&#8217;ac\u00ed el formulari d&#8217;inscripci\u00f3 a Pr\u00f2sopon<\/strong><\/a><\/p>","protected":false},"excerpt":{"rendered":"<p>El correu de contacte per a fer-se soci o s\u00f2cia, o per a qualsevol consulta, \u00e9s:\u00a0 prosoponsaguntsecretaria@gmail.com Les dates per inscriure&#8217;s com a soci s\u00f3n de l&#8217;1 de gener al 30 de setembre de l&#8217;any en curs. No acceptarem sol\u00b7licituds d&#8217;inscripci\u00f3 fora d&#8217;aquestes dates per necessitats organitzatives. La quota anual de soci \u00e9s de 25 [&hellip;]<\/p>\n","protected":false},"author":2,"featured_media":0,"parent":0,"menu_order":0,"comment_status":"closed","ping_status":"closed","template":"","meta":[],"_links":{"self":[{"href":"https:\/\/culturaclasica.net\/teatro\/wp-json\/wp\/v2\/pages\/12325"}],"collection":[{"href":"https:\/\/culturaclasica.net\/teatro\/wp-json\/wp\/v2\/pages"}],"about":[{"href":"https:\/\/culturaclasica.net\/teatro\/wp-json\/wp\/v2\/types\/page"}],"author":[{"embeddable":true,"href":"https:\/\/culturaclasica.net\/teatro\/wp-json\/wp\/v2\/users\/2"}],"replies":[{"embeddable":true,"href":"https:\/\/culturaclasica.net\/teatro\/wp-json\/wp\/v2\/comments?post=12325"}],"version-history":[{"count":6,"href":"https:\/\/culturaclasica.net\/teatro\/wp-json\/wp\/v2\/pages\/12325\/revisions"}],"predecessor-version":[{"id":12365,"href":"https:\/\/culturaclasica.net\/teatro\/wp-json\/wp\/v2\/pages\/12325\/revisions\/12365"}],"wp:attachment":[{"href":"https:\/\/culturaclasica.net\/teatro\/wp-json\/wp\/v2\/media?parent=12325"}],"curies":[{"name":"wp","href":"https:\/\/api.w.org\/{rel}","templated":true}]}}