{"id":12012,"date":"2017-11-04T17:56:57","date_gmt":"2017-11-04T17:56:57","guid":{"rendered":"https:\/\/culturaclasica.net\/teatro\/argumentos-xxii-edicion\/antigona-copy\/"},"modified":"2017-11-04T18:51:06","modified_gmt":"2017-11-04T18:51:06","slug":"lisistrata","status":"publish","type":"page","link":"https:\/\/culturaclasica.net\/teatro\/argumentos-xxii-edicion\/lisistrata\/","title":{"rendered":"Lis\u00edstrata de Arist\u00f3fanes"},"content":{"rendered":"<p><h2>Lis\u00edstrata de Arist\u00f3fanes<\/h2>\n<p><strong>Lugar de la acci\u00f3n:<\/strong> Acr\u00f3polis de Atenas<br \/>\n<strong>Coro:<\/strong> semicoro\u00a0 de viejos, semicoro de mujeres<\/p>\n<p><strong>Personajes:<\/strong><\/p>\n<ul>\n<li><strong>Lis\u00edstrata: <\/strong>Mujer ateniense<\/li>\n<li><strong>Cle\u00f3nice: <\/strong>Mujer ateniense<\/li>\n<li><strong>Comisario de Atenas<\/strong><\/li>\n<li><strong>Heraldo espartano<\/strong><\/li>\n<li><strong>Diosa reconciliaci\u00f3n<\/strong><\/li>\n<li><strong>Mirrina:\u00a0<\/strong>Mujer ateniense<\/li>\n<li><strong>Cinesias: <\/strong>Su marido<\/li>\n<li><strong>L\u00e1mpito:\u00a0<\/strong>Mujer espartana<\/li>\n<li><strong>Embajador espartano<\/strong><\/li>\n<li><strong>Hijo de Cinesias<\/strong><\/li>\n<\/ul>\n<p>En plena guerra del Peloponeso la protagonista logra convencer a las mujeres griegas de que la \u00fanica manera de conseguir la paz es una huelga de sexo, lo que las enfrenta al coro de hombres y al comisario en la defensa de la Acr\u00f3polis, donde se han hecho fuertes para evitar el uso del dinero p\u00fablico para la guerra.<\/p>\n<p>A pesar del juramento de la huelga, se producen intentos de deserci\u00f3n de las mujeres con diversas excusas; los hombres est\u00e1n en situaci\u00f3n m\u00e1s desesperada, y se manifiesta c\u00f3micamente en la escena de Cinesias y Mirrina: despu\u00e9s de ceder aparentemente a los deseos del marido, la esposa lo burla.<\/p>\n<p>De Esparta llega un heraldo para proponer un acuerdo de paz, que se remata con la fiesta final.<\/p>\n<\/p>","protected":false},"excerpt":{"rendered":"","protected":false},"author":1,"featured_media":0,"parent":11600,"menu_order":0,"comment_status":"closed","ping_status":"closed","template":"","meta":[],"_links":{"self":[{"href":"https:\/\/culturaclasica.net\/teatro\/wp-json\/wp\/v2\/pages\/12012"}],"collection":[{"href":"https:\/\/culturaclasica.net\/teatro\/wp-json\/wp\/v2\/pages"}],"about":[{"href":"https:\/\/culturaclasica.net\/teatro\/wp-json\/wp\/v2\/types\/page"}],"author":[{"embeddable":true,"href":"https:\/\/culturaclasica.net\/teatro\/wp-json\/wp\/v2\/users\/1"}],"replies":[{"embeddable":true,"href":"https:\/\/culturaclasica.net\/teatro\/wp-json\/wp\/v2\/comments?post=12012"}],"version-history":[{"count":3,"href":"https:\/\/culturaclasica.net\/teatro\/wp-json\/wp\/v2\/pages\/12012\/revisions"}],"predecessor-version":[{"id":12015,"href":"https:\/\/culturaclasica.net\/teatro\/wp-json\/wp\/v2\/pages\/12012\/revisions\/12015"}],"up":[{"embeddable":true,"href":"https:\/\/culturaclasica.net\/teatro\/wp-json\/wp\/v2\/pages\/11600"}],"wp:attachment":[{"href":"https:\/\/culturaclasica.net\/teatro\/wp-json\/wp\/v2\/media?parent=12012"}],"curies":[{"name":"wp","href":"https:\/\/api.w.org\/{rel}","templated":true}]}}