{"id":11995,"date":"2017-11-04T16:06:34","date_gmt":"2017-11-04T16:06:34","guid":{"rendered":"https:\/\/culturaclasica.net\/teatro\/argumentos-xxii-edicion\/asinaria-copy\/"},"modified":"2017-11-04T16:24:49","modified_gmt":"2017-11-04T16:24:49","slug":"pseudolus","status":"publish","type":"page","link":"https:\/\/culturaclasica.net\/teatro\/argumentos-xxii-edicion\/pseudolus\/","title":{"rendered":"Pseudolus (191 a. C.) de Plauto"},"content":{"rendered":"<p><h2>Pseudolus (191 a. C.) de Plauto<\/h2>\n<p><strong>Lugar de la acci\u00f3n:<\/strong>\u00a0Atenas.<br \/>\n<strong>Personajes:<\/strong><\/p>\n<ul>\n<li><strong>Ps\u00e9udolo: <\/strong>esclavo<\/li>\n<li><strong>Calidoro:<\/strong>\u00a0joven enamorado de Fenicia<\/li>\n<li><strong>Sim\u00f3n: <\/strong>padre de Calidoro<\/li>\n<li><strong>Bali\u00f3n: <\/strong>len\u00f3n<\/li>\n<li><strong>Polimaqueropl\u00e1gide: <\/strong>soldado<\/li>\n<li><strong>Calif\u00f3n: <\/strong>viejo amigo de Sim\u00f3n<\/li>\n<li><strong>H\u00e1rpax: <\/strong>criado del soldado<\/li>\n<li><strong>Carino: <\/strong>amigo de Calidoro<\/li>\n<li><strong>Meretrices y esclavos<\/strong><\/li>\n<\/ul>\n<p>La comedia lleva el nombre del esclavo. Un militar paga una suma de dinero a un len\u00f3n por la compra de la joven Fenicia, as\u00ed como su sello personal para que la entregue al emisario que llevar\u00e1 esa misma se\u00f1al. Esto desespera a Calidoro, el joven enamorado de Fenicia, pero aqu\u00ed surge la astucia de su esclavo Ps\u00e9udolo que se propone ayudarle.<\/p>\n<p>El esclavo se hace con el sello del militar y consigue que el len\u00f3n entregue la muchacha al esclavo de un amigo del joven enamorado. Aparece el verdadero enviado, se descubre la situaci\u00f3n y finalmente es el padre del joven quien paga la suma.<\/p>\n<\/p>","protected":false},"excerpt":{"rendered":"","protected":false},"author":1,"featured_media":0,"parent":11600,"menu_order":0,"comment_status":"closed","ping_status":"closed","template":"","meta":[],"_links":{"self":[{"href":"https:\/\/culturaclasica.net\/teatro\/wp-json\/wp\/v2\/pages\/11995"}],"collection":[{"href":"https:\/\/culturaclasica.net\/teatro\/wp-json\/wp\/v2\/pages"}],"about":[{"href":"https:\/\/culturaclasica.net\/teatro\/wp-json\/wp\/v2\/types\/page"}],"author":[{"embeddable":true,"href":"https:\/\/culturaclasica.net\/teatro\/wp-json\/wp\/v2\/users\/1"}],"replies":[{"embeddable":true,"href":"https:\/\/culturaclasica.net\/teatro\/wp-json\/wp\/v2\/comments?post=11995"}],"version-history":[{"count":2,"href":"https:\/\/culturaclasica.net\/teatro\/wp-json\/wp\/v2\/pages\/11995\/revisions"}],"predecessor-version":[{"id":11997,"href":"https:\/\/culturaclasica.net\/teatro\/wp-json\/wp\/v2\/pages\/11995\/revisions\/11997"}],"up":[{"embeddable":true,"href":"https:\/\/culturaclasica.net\/teatro\/wp-json\/wp\/v2\/pages\/11600"}],"wp:attachment":[{"href":"https:\/\/culturaclasica.net\/teatro\/wp-json\/wp\/v2\/media?parent=11995"}],"curies":[{"name":"wp","href":"https:\/\/api.w.org\/{rel}","templated":true}]}}