{"id":12332,"date":"2025-10-10T10:36:17","date_gmt":"2025-10-10T10:36:17","guid":{"rendered":"https:\/\/culturaclasica.net\/teatro\/?page_id=12332"},"modified":"2025-11-06T10:27:39","modified_gmt":"2025-11-06T10:27:39","slug":"normes-inscripcio","status":"publish","type":"page","link":"https:\/\/culturaclasica.net\/teatro\/ca\/normes-inscripcio\/","title":{"rendered":"Normes d&#8217;inscripci\u00f3 2026"},"content":{"rendered":"<p><strong>INSCRIPCI\u00d3 PER AL XXIX FESTIVAL DE TEATRE DE SAGUNT<\/strong><\/p>\n<p><strong>Professorat i centres Socis<\/strong><br \/>\n1. Les dates d\u2019inscripci\u00f3 per a socis s\u00f3n els dies 18, 19 i 20 de novembre de 2025.<br \/>\n2. Uns dies abans s\u2019enviar\u00e0 per correu electr\u00f2nic un enlla\u00e7 per a fer la reserva del festival.<br \/>\n3. Sols es podr\u00e0 fer una inscripci\u00f3 per soci\/a i dia (pot ser una sessi\u00f3 o dues del mateix dia). Les incid\u00e8ncies de la inscripci\u00f3 es resoldran en l\u2019adre\u00e7a de correu<br \/>\nprosoponsagunt@culturaclasica.net.<br \/>\n4. Quan la reserva siga acceptada, es rebr\u00e0 un e-mail amb un codi num\u00e8ric (INS) que es posar\u00e0 a l\u2019ingr\u00e9s bancari a l\u2019apartat \u201cConcepte\u201d.<br \/>\n5. S\u2019ingressar\u00e0 al compte ES55 0081-1195-95-0001041806 la quantitat de 6 \u20ac per alumne\/a. Si s\u2019assisteix el mateix dia a dues obres, s\u2019ingressaran 6 \u20ac per la primera i 3 \u20ac<br \/>\nper la segona.<br \/>\n6. La reserva ser\u00e0\u201cefectiva\u201d quan s\u2019haja realitzat el pagament en els terminis establerts.<br \/>\n7. Si no s\u2019abona a temps, la reserva queda anul\u00b7lada.<br \/>\n8. S\u2019assignar\u00e0 c\u00e0vea per ordre de pagament.<\/p>\n<p><strong>Professorat i centres No socis<\/strong><br \/>\n1. Formalitzaran la reserva a partir de les 19,00 hores del dia 9 de desembre de 2025 fins el dia 28 de febrer de 2026, entrant a la p\u00e0gina www.culturaclasica.net i a<br \/>\nl\u2019apartat \u201cPr\u00f3sopon\u201d; han d\u2019omplir-se totes les dades (nom\u00e9s Observacions no \u00e9s obligatori): obra, dia, hora\u2026<\/p>\n<p><strong>OBSERVACIONS<\/strong><br \/>\nEs prega que la quantitat de places reservades s\u2019ajuste el m\u00e9s possible a all\u00f2 que despr\u00e9s es confirma amb el pagament.<br \/>\n\u00c9s convenient donar el correu personal del professor o professora a fi que les informacions generades pel programa inform\u00e0tic autom\u00e0ticament arriben a la persona<br \/>\ninteressada. Es recomana tamb\u00e9 afegir el tel\u00e8fon particular a fi de poder resoldre dubtes.<\/p>\n<p>Si algun soci\/a vol fer una segona reserva s&#8217;haur\u00e0 d&#8217;esperar al termini d&#8217;inscripci\u00f3 que s&#8217;obrir\u00e0 a partir del 9 de desembre de 2025 per als no socis.<\/p>\n<p><strong>NOTA<\/strong>: No existeix lloc alternatiu en cas de pluja. Nom\u00e9s\u00a0es tornar\u00e0 la part proporcional dels diners de la inscripci\u00f3 per la no presentaci\u00f3 del Grup que representa.<\/p>\n<p>&nbsp;<\/p>\n<p><strong>INSCRIPCI\u00d3N PARA EL XXIX FESTIVAL DE TEATRO DE SAGUNTO<\/strong><\/p>\n<p><strong>Profesorado y centros Socios<\/strong><br \/>\n1. Las fechas de inscripci\u00f3n per a socios son los d\u00edas 18, 19 y 20 de noviembre de 2025.<br \/>\n2. Unos d\u00edas antes se enviar\u00e1 por correo electr\u00f3nico un enlace para hacer la reserva del festival.<br \/>\n3. Solo se podr\u00e1 hacer una inscripci\u00f3n por socio\/a y d\u00eda (puede ser una sesi\u00f3n o dos del mismo d\u00eda). Las incidencias de la inscripci\u00f3n se resolver\u00e1n en la direcci\u00f3n de correo<br \/>\nprosoponsagunt@culturaclasica.net.<br \/>\n4. Cuando la reserva sea aceptada, se recibir\u00e1 un e-mail con un c\u00f3digo num\u00e9rico (INS) que se pondr\u00e1 en el ingreso bancario en el apartado \u201cConcepto\u201d.<br \/>\n5. Se ingresar\u00e1 en la cuenta ES55 0081-1195-95-0001041806 la cantidad de 6 \u20ac por alumno\/a. Si se asiste el mismo d\u00eda a dos obras, se ingresar\u00e1n 6 \u20ac por la primera y 3 \u20ac<br \/>\npor la segunda.<br \/>\n6. La reserva ser\u00e1 \u201cefectiva\u201d cuando se haya realizado el pago en el plazo establecido.<br \/>\n7. Si no se abona a tiempo, la reserva queda anulada.<br \/>\n8. Se asignar\u00e1 c\u00e1vea por orden de pago.<\/p>\n<p><strong>Profesorado y centros No socios<\/strong><br \/>\n1. Formalizar\u00e1n la reserva a partir de las 19,00 horas del d\u00eda 9 de diciembre de 2025 hasta el d\u00eda 28 de febrero de 2026, entrando en la p\u00e1gina www.culturaclasica.net y<br \/>\nen el apartado \u201cPr\u00f3sopon\u201d; han de rellenarse todos los datos (\u00fanicamente Observaciones no es obligatorio): obra, d\u00eda, hora\u2026<\/p>\n<p><strong>OBSERVACIONES<\/strong><br \/>\nSe ruega que la cantidad de plazas reservadas se ajuste lo m\u00e1s posible a lo que despu\u00e9s se confirma con el pago.<br \/>\nEs conveniente dar el correo personal del profesor o profesora para que las informaciones generadas por el programa inform\u00e1tico autom\u00e1ticamente lleguen a la<br \/>\npersona interesada. Se recomienda a\u00f1adir tambi\u00e9n el tel\u00e9fono particular para poder solucionar dudas.<br \/>\nSi alg\u00fan socio\/a quiere hacer una segunda reserva habr\u00e1 de esperar al plazo de inscripci\u00f3n que se abrir\u00e1 partir del 9 de diciembre de 2025 para los no socios.<\/p>\n<p><strong>NOTA<\/strong>: No existe lugar alternativo en caso de lluvia. Solamente se devolver\u00e1 la parte proporcional del dinero de la inscripci\u00f3n por la no presentaci\u00f3n del grupo que representa.<\/p>\n","protected":false},"excerpt":{"rendered":"<p>INSCRIPCI\u00d3 PER AL XXIX FESTIVAL DE TEATRE DE SAGUNT Professorat i centres Socis 1. Les dates d\u2019inscripci\u00f3 per a socis s\u00f3n els dies 18, 19 i 20 de novembre de 2025. 2. Uns dies abans s\u2019enviar\u00e0 per correu electr\u00f2nic un enlla\u00e7 per a fer la reserva del festival. 3. Sols es podr\u00e0 fer una inscripci\u00f3 [&hellip;]<\/p>\n","protected":false},"author":2,"featured_media":0,"parent":0,"menu_order":0,"comment_status":"closed","ping_status":"closed","template":"","meta":[],"_links":{"self":[{"href":"https:\/\/culturaclasica.net\/teatro\/ca\/wp-json\/wp\/v2\/pages\/12332"}],"collection":[{"href":"https:\/\/culturaclasica.net\/teatro\/ca\/wp-json\/wp\/v2\/pages"}],"about":[{"href":"https:\/\/culturaclasica.net\/teatro\/ca\/wp-json\/wp\/v2\/types\/page"}],"author":[{"embeddable":true,"href":"https:\/\/culturaclasica.net\/teatro\/ca\/wp-json\/wp\/v2\/users\/2"}],"replies":[{"embeddable":true,"href":"https:\/\/culturaclasica.net\/teatro\/ca\/wp-json\/wp\/v2\/comments?post=12332"}],"version-history":[{"count":5,"href":"https:\/\/culturaclasica.net\/teatro\/ca\/wp-json\/wp\/v2\/pages\/12332\/revisions"}],"predecessor-version":[{"id":12367,"href":"https:\/\/culturaclasica.net\/teatro\/ca\/wp-json\/wp\/v2\/pages\/12332\/revisions\/12367"}],"wp:attachment":[{"href":"https:\/\/culturaclasica.net\/teatro\/ca\/wp-json\/wp\/v2\/media?parent=12332"}],"curies":[{"name":"wp","href":"https:\/\/api.w.org\/{rel}","templated":true}]}}