{"id":12012,"date":"2017-11-04T17:56:57","date_gmt":"2017-11-04T17:56:57","guid":{"rendered":"https:\/\/culturaclasica.net\/teatro\/argumentos-xxii-edicion\/antigona-copy\/"},"modified":"2017-11-04T18:51:06","modified_gmt":"2017-11-04T18:51:06","slug":"lisistrata","status":"publish","type":"page","link":"https:\/\/culturaclasica.net\/teatro\/ca\/argumentos-xxii-edicion\/lisistrata\/","title":{"rendered":"Lis\u00edstrata d&#8217;Arist\u00f2fanes"},"content":{"rendered":"<p><h2>Lis\u00edstrata d&#8217;Arist\u00f3fanes<\/h2>\n<p><strong>Lloc de l&#8217;acci\u00f3:<\/strong> Acr\u00f2polis d&#8217;Atenes<br \/>\n<strong>Cor:<\/strong> semicoro de vells, semicoro de dones<\/p>\n<p><strong>Personatges:<\/strong><\/p>\n<ul>\n<li><strong>Lis\u00edstrata:<\/strong> Dona aten\u00e8s<\/li>\n<li><strong>Cleonice:<\/strong> Dona aten\u00e8s<\/li>\n<li><strong>Comissari d&#8217;Atenes<\/strong><\/li>\n<li><strong>Herald espart\u00e0<\/strong><\/li>\n<li><strong>Deessa reconciliaci\u00f3<\/strong><\/li>\n<li><strong>Mirrina:<\/strong> Dona aten\u00e8s<\/li>\n<li><strong>Cinesias:<\/strong> El seu marit<\/li>\n<li><strong>Lampito:<\/strong> Dona espartana<\/li>\n<li><strong>Ambaixador espart\u00e0<\/strong><\/li>\n<li><strong>Fill d&#8217;Cinesias<\/strong><\/li>\n<\/ul>\n<p>En plena guerra del Pelopon\u00e8s la protagonista aconsegueix conv\u00e8ncer les dones gregues que l&#8217;\u00fanica manera d&#8217;aconseguir la pau \u00e9s una vaga de sexe, el que les enfronta al cor d&#8217;homes i al comissari en la defensa de l&#8217;Acr\u00f2poli, on s&#8217;han fet forts per evitar l&#8217;\u00fas dels diners p\u00fablics per a la guerra.<\/p>\n<p>Malgrat el jurament de la vaga, es produeixen intents de deserci\u00f3 de les dones amb diverses excuses; els homes estan en situaci\u00f3 m\u00e9s desesperada, i es manifesta c\u00f2micament en l&#8217;escena de Cinesias i Mirrina: despr\u00e9s de cedir aparentment als desitjos del marit, la dona ho burla.<\/p>\n<p>D&#8217;Esparta arriba un herald per proposar un acord de pau, que es remata amb la festa final.<\/p>\n<\/p>","protected":false},"excerpt":{"rendered":"","protected":false},"author":1,"featured_media":0,"parent":11600,"menu_order":0,"comment_status":"closed","ping_status":"closed","template":"","meta":[],"_links":{"self":[{"href":"https:\/\/culturaclasica.net\/teatro\/ca\/wp-json\/wp\/v2\/pages\/12012"}],"collection":[{"href":"https:\/\/culturaclasica.net\/teatro\/ca\/wp-json\/wp\/v2\/pages"}],"about":[{"href":"https:\/\/culturaclasica.net\/teatro\/ca\/wp-json\/wp\/v2\/types\/page"}],"author":[{"embeddable":true,"href":"https:\/\/culturaclasica.net\/teatro\/ca\/wp-json\/wp\/v2\/users\/1"}],"replies":[{"embeddable":true,"href":"https:\/\/culturaclasica.net\/teatro\/ca\/wp-json\/wp\/v2\/comments?post=12012"}],"version-history":[{"count":3,"href":"https:\/\/culturaclasica.net\/teatro\/ca\/wp-json\/wp\/v2\/pages\/12012\/revisions"}],"predecessor-version":[{"id":12015,"href":"https:\/\/culturaclasica.net\/teatro\/ca\/wp-json\/wp\/v2\/pages\/12012\/revisions\/12015"}],"up":[{"embeddable":true,"href":"https:\/\/culturaclasica.net\/teatro\/ca\/wp-json\/wp\/v2\/pages\/11600"}],"wp:attachment":[{"href":"https:\/\/culturaclasica.net\/teatro\/ca\/wp-json\/wp\/v2\/media?parent=12012"}],"curies":[{"name":"wp","href":"https:\/\/api.w.org\/{rel}","templated":true}]}}