{"id":11995,"date":"2017-11-04T16:06:34","date_gmt":"2017-11-04T16:06:34","guid":{"rendered":"https:\/\/culturaclasica.net\/teatro\/argumentos-xxii-edicion\/asinaria-copy\/"},"modified":"2017-11-04T16:24:49","modified_gmt":"2017-11-04T16:24:49","slug":"pseudolus","status":"publish","type":"page","link":"https:\/\/culturaclasica.net\/teatro\/ca\/argumentos-xxii-edicion\/pseudolus\/","title":{"rendered":"Pseudolus (191 a. C.) de Plaute"},"content":{"rendered":"<p><h2>Pseudolus (191 a. C.) de Plaute<\/h2>\n<p><strong>Lloc de l&#8217;acci\u00f3:<\/strong> Atenes.<br \/>\n<strong>Personatges:<\/strong><\/p>\n<ul>\n<li><strong>Ps\u00e9udolo: <\/strong>esclau<\/li>\n<li><strong>Calidoro:<\/strong> jove enamorat de Fen\u00edcia<\/li>\n<li><strong>Sim\u00f3n: <\/strong>padre de Calidoro<\/li>\n<li><strong>Bali\u00f3n: <\/strong>len\u00f3n<\/li>\n<li><strong>Polimaqueropl\u00e1gide: <\/strong>soldat<\/li>\n<li><strong>Calif\u00f3n: <\/strong>vell amic de Sim\u00f3n<\/li>\n<li><strong>H\u00e1rpax: <\/strong>criat del soldat<\/li>\n<li><strong>Carino: <\/strong>amic de Calidoro<\/li>\n<li><strong>Meretrices y esclavos<\/strong><\/li>\n<\/ul>\n<p>La com\u00e8dia porta el nom de l&#8217;esclau. Un militar paga una suma de diners a un Lenon per la compra de la jove Fen\u00edcia, aix\u00ed com el seu segell personal perqu\u00e8 la lliuri a l&#8217;emissari que portar\u00e0 aquesta mateixa senyal. Aix\u00f2 desespera Calidoro, el jove enamorat de Fen\u00edcia, per\u00f2 aqu\u00ed sorgeix l&#8217;ast\u00facia del seu esclau Ps\u00e9udolo que es proposa ajudar-lo.<\/p>\n<p>L&#8217;esclau es fa amb el segell del militar i aconsegueix que el Lenon lliuri la noia a l&#8217;esclau d&#8217;un amic del jove enamorat. Apareix el veritable enviat, es descobreix la situaci\u00f3 i finalment \u00e9s el pare del jove qui paga la suma.<\/p>\n<\/p>","protected":false},"excerpt":{"rendered":"","protected":false},"author":1,"featured_media":0,"parent":11600,"menu_order":0,"comment_status":"closed","ping_status":"closed","template":"","meta":[],"_links":{"self":[{"href":"https:\/\/culturaclasica.net\/teatro\/ca\/wp-json\/wp\/v2\/pages\/11995"}],"collection":[{"href":"https:\/\/culturaclasica.net\/teatro\/ca\/wp-json\/wp\/v2\/pages"}],"about":[{"href":"https:\/\/culturaclasica.net\/teatro\/ca\/wp-json\/wp\/v2\/types\/page"}],"author":[{"embeddable":true,"href":"https:\/\/culturaclasica.net\/teatro\/ca\/wp-json\/wp\/v2\/users\/1"}],"replies":[{"embeddable":true,"href":"https:\/\/culturaclasica.net\/teatro\/ca\/wp-json\/wp\/v2\/comments?post=11995"}],"version-history":[{"count":2,"href":"https:\/\/culturaclasica.net\/teatro\/ca\/wp-json\/wp\/v2\/pages\/11995\/revisions"}],"predecessor-version":[{"id":11997,"href":"https:\/\/culturaclasica.net\/teatro\/ca\/wp-json\/wp\/v2\/pages\/11995\/revisions\/11997"}],"up":[{"embeddable":true,"href":"https:\/\/culturaclasica.net\/teatro\/ca\/wp-json\/wp\/v2\/pages\/11600"}],"wp:attachment":[{"href":"https:\/\/culturaclasica.net\/teatro\/ca\/wp-json\/wp\/v2\/media?parent=11995"}],"curies":[{"name":"wp","href":"https:\/\/api.w.org\/{rel}","templated":true}]}}