{"id":11780,"date":"2015-10-04T19:43:49","date_gmt":"2015-10-04T19:43:49","guid":{"rendered":"https:\/\/culturaclasica.net\/teatro\/?page_id=11780"},"modified":"2015-10-04T19:43:49","modified_gmt":"2015-10-04T19:43:49","slug":"edipo-rey","status":"publish","type":"page","link":"https:\/\/culturaclasica.net\/teatro\/ca\/argumentos-xxii-edicion\/edipo-rey\/","title":{"rendered":"Edipo Rey"},"content":{"rendered":"<h2>Edipo Rey. \u039f\u1f30\u03b4\u1f77\u03c0\u03bf\u03c5\u03c2 \u03c4\u1f7b\u03c1\u03b1\u03bd\u03bd\u03bf\u03c2 (428 a. C.)<\/h2>\n<p><strong>Lugar:<\/strong> palacio real de Tebas<br \/>\n<strong>Coro:<\/strong> ancianos de Tebas<\/p>\n<p><strong>Personajes:<\/strong><\/p>\n<ul>\n<li><strong>Edipo:<\/strong> Rey de Tebas<\/li>\n<li><strong>Tiresias:<\/strong> Adivino<\/li>\n<li><strong>Creonte:<\/strong> Cu\u00f1ado de Edipo<\/li>\n<li><strong>mensajeros<\/strong><\/li>\n<li><strong>Yocasta:<\/strong> Esposa y madre de Edipo<\/li>\n<li><strong>criado<\/strong><\/li>\n<\/ul>\n<p style=\"text-align: justify;\">Ante la peste desatada en Tebas, Edipo env\u00eda a su cu\u00f1ado Creonte a consultar el or\u00e1culo. Vuelve \u00e9ste con el mandato de descubrir al asesino de Layo, rey anterior de Tebas. Edipo pide la colaboraci\u00f3n del adivino Tiresias que no quiere hablar, pero ante las injurias del Rey, acaba acus\u00e1ndolo de ser \u00e9l el asesino.<\/p>\n<p style=\"text-align: justify;\">Yocasta trata de calmar a Edipo quitando importancia a la adivinaci\u00f3n: un or\u00e1culo hab\u00eda predicho que el hijo de Layo matar\u00eda a su padre y se casar\u00eda con su madre, pero hab\u00eda muerto en una encrucijada por unos salteadores.<\/p>\n<p style=\"text-align: justify;\">Las averiguaciones de Edipo (a pesar de las advertencias de Yocasta, que le quiere disuadir de continuar) tratando de descubrir la verdad, le llevan a la cat\u00e1strofe: se confirma que es \u00e9l el asesino. Edipo se ciega con una f\u00edbula y parte al destierro.<\/p>\n\n","protected":false},"excerpt":{"rendered":"","protected":false},"author":1,"featured_media":0,"parent":11600,"menu_order":0,"comment_status":"closed","ping_status":"closed","template":"","meta":[],"_links":{"self":[{"href":"https:\/\/culturaclasica.net\/teatro\/ca\/wp-json\/wp\/v2\/pages\/11780"}],"collection":[{"href":"https:\/\/culturaclasica.net\/teatro\/ca\/wp-json\/wp\/v2\/pages"}],"about":[{"href":"https:\/\/culturaclasica.net\/teatro\/ca\/wp-json\/wp\/v2\/types\/page"}],"author":[{"embeddable":true,"href":"https:\/\/culturaclasica.net\/teatro\/ca\/wp-json\/wp\/v2\/users\/1"}],"replies":[{"embeddable":true,"href":"https:\/\/culturaclasica.net\/teatro\/ca\/wp-json\/wp\/v2\/comments?post=11780"}],"version-history":[{"count":1,"href":"https:\/\/culturaclasica.net\/teatro\/ca\/wp-json\/wp\/v2\/pages\/11780\/revisions"}],"predecessor-version":[{"id":11781,"href":"https:\/\/culturaclasica.net\/teatro\/ca\/wp-json\/wp\/v2\/pages\/11780\/revisions\/11781"}],"up":[{"embeddable":true,"href":"https:\/\/culturaclasica.net\/teatro\/ca\/wp-json\/wp\/v2\/pages\/11600"}],"wp:attachment":[{"href":"https:\/\/culturaclasica.net\/teatro\/ca\/wp-json\/wp\/v2\/media?parent=11780"}],"curies":[{"name":"wp","href":"https:\/\/api.w.org\/{rel}","templated":true}]}}