{"id":11574,"date":"2015-10-03T20:24:05","date_gmt":"2015-10-03T20:24:05","guid":{"rendered":"https:\/\/culturaclasica.net\/teatro\/?page_id=11574"},"modified":"2025-11-06T10:25:49","modified_gmt":"2025-11-06T10:25:49","slug":"junta-i-associacio","status":"publish","type":"page","link":"https:\/\/culturaclasica.net\/teatro\/ca\/junta-i-associacio\/","title":{"rendered":"Junta i associaci\u00f3"},"content":{"rendered":"<p>Despr\u00e9s de la renovaci\u00f3 parcial\u00a0 efectuada a l&#8217;Assemblea ordin\u00e0ria del 26\/01\/2024, la<strong> Junta Directiva<\/strong> queda de la seg\u00fcent forma:<\/p>\n<ul>\n<li><strong>Presidenta:<\/strong> Isabel P\u00e9rez M\u00e0\u00f1ez<\/li>\n<li><strong>Vice-presidenta:<\/strong> Victoriana Prado Contreras<\/li>\n<li><strong>Tresorera:<\/strong>\u00a0Marta Garc\u00eda Mar\u00ed<\/li>\n<li><strong>Secret\u00e0ria:<\/strong> M\u00aa Encarnaci\u00f3n Pastor Navarro<\/li>\n<li><strong>Vocal:<\/strong> Paloma Mart\u00ed Mus<\/li>\n<li><strong>Vocal:<\/strong>\u00a0Fernando P\u00e9rez Lamb\u00e1s<\/li>\n<li><strong>Vocal:<\/strong>\u00a0Empar San Luis Blasco<\/li>\n<\/ul>\n<p>&nbsp;<\/p>\n<p><a href=\"https:\/\/culturaclasica.net\/teatro\/ca\/fes-te-soci-o-socia\/\"><strong>Inscripci\u00f3 i consultes<\/strong><\/a><\/p>\n<p>&nbsp;<\/p>","protected":false},"excerpt":{"rendered":"<p>Despr\u00e9s de la renovaci\u00f3 parcial\u00a0 efectuada a l&#8217;Assemblea ordin\u00e0ria del 26\/01\/2024, la Junta Directiva queda de la seg\u00fcent forma: Presidenta: Isabel P\u00e9rez M\u00e0\u00f1ez Vice-presidenta: Victoriana Prado Contreras Tresorera:\u00a0Marta Garc\u00eda Mar\u00ed Secret\u00e0ria: M\u00aa Encarnaci\u00f3n Pastor Navarro Vocal: Paloma Mart\u00ed Mus Vocal:\u00a0Fernando P\u00e9rez Lamb\u00e1s Vocal:\u00a0Empar San Luis Blasco &nbsp; Inscripci\u00f3 i consultes &nbsp;<\/p>\n","protected":false},"author":1,"featured_media":0,"parent":0,"menu_order":0,"comment_status":"closed","ping_status":"closed","template":"","meta":[],"_links":{"self":[{"href":"https:\/\/culturaclasica.net\/teatro\/ca\/wp-json\/wp\/v2\/pages\/11574"}],"collection":[{"href":"https:\/\/culturaclasica.net\/teatro\/ca\/wp-json\/wp\/v2\/pages"}],"about":[{"href":"https:\/\/culturaclasica.net\/teatro\/ca\/wp-json\/wp\/v2\/types\/page"}],"author":[{"embeddable":true,"href":"https:\/\/culturaclasica.net\/teatro\/ca\/wp-json\/wp\/v2\/users\/1"}],"replies":[{"embeddable":true,"href":"https:\/\/culturaclasica.net\/teatro\/ca\/wp-json\/wp\/v2\/comments?post=11574"}],"version-history":[{"count":27,"href":"https:\/\/culturaclasica.net\/teatro\/ca\/wp-json\/wp\/v2\/pages\/11574\/revisions"}],"predecessor-version":[{"id":12366,"href":"https:\/\/culturaclasica.net\/teatro\/ca\/wp-json\/wp\/v2\/pages\/11574\/revisions\/12366"}],"wp:attachment":[{"href":"https:\/\/culturaclasica.net\/teatro\/ca\/wp-json\/wp\/v2\/media?parent=11574"}],"curies":[{"name":"wp","href":"https:\/\/api.w.org\/{rel}","templated":true}]}}