{"id":11570,"date":"2015-10-03T19:51:58","date_gmt":"2015-10-03T19:51:58","guid":{"rendered":"https:\/\/culturaclasica.net\/teatro\/?page_id=11570"},"modified":"2025-09-15T17:22:34","modified_gmt":"2025-09-15T17:22:34","slug":"presentacion","status":"publish","type":"page","link":"https:\/\/culturaclasica.net\/teatro\/ca\/","title":{"rendered":"Presentaci\u00f3 i salutaci\u00f3"},"content":{"rendered":"<p><strong><em>Salutaci\u00f3 per al Festival de teatre a Sagunt de 2026<\/em><\/strong><\/p>\n<p>&nbsp;<\/p>\n<p>Benvolgudes companyes i benvolguts companys:<\/p>\n<p>Un any m\u00e9s som al setembre i comen\u00e7a el curs! Ja tornem a contactar amb tots vosaltres per informar-vos de la programaci\u00f3 del Festival 2026, la qual, com sempre, desitgem que siga del vostre gust. Perqu\u00e8, si no us tenim com a p\u00fablic, per a qu\u00e8 volem el teatre? Sabeu molt b\u00e9 que el nostre objectiu principal \u00e9s continuar promocionant la cultura cl\u00e0ssica, i aix\u00ed al mateix temps que reforcem el curr\u00edculum de les nostres mat\u00e8ries, ajudem a la formaci\u00f3 personal del nostre alumnat. Gaudir de la lectura i del teatre i estimar el patrimoni hist\u00f2ric per a conservar-lo contribueix a tenir una ciutadania cr\u00edtica i preocupada per la cultura, tan necess\u00e0ria en aquests temps de canvis tan importants.<\/p>\n<p>Les dates elegides per al <strong>festival de 2026<\/strong> s\u00f3n del <strong>20 al 24 d\u2019abril<\/strong> (la Pasqua una setmana i mitja despr\u00e9s de les Falles no ens deixa una altra opci\u00f3!). Tenim la certesa que us reservareu algun d\u2019aquests dies per venir al teatre i ser amb nosaltres.<\/p>\n<p>El programa, com \u00e9s el costum, us ofereix nou representacions, cinc de mat\u00ed i quatre de vesprada. Podreu veure aquestes obres representades de mat\u00ed pels seg\u00fcents grups; entre les trag\u00e8dies hem triat:<\/p>\n<ul>\n<li><strong>Las Suplicantes <\/strong>d\u2019Eur\u00edpides (dilluns, Grup P\u00e1rodos Teatro de l\u2019IES Siberia Extreme\u00f1a de Talarrubias en Badajoz);<strong> Ifigenia en \u00c1ulide <\/strong>d\u2019Eur\u00edpides (dimarts, <em><u>La Nave Argo<\/u><\/em> del Col\u00b7legi Immaculada-Jesu\u00eftes d\u2019Alacant);<strong> Medea <\/strong>d\u2019Eur\u00edpides<strong> (<\/strong>dimecres, Grup Helios Teatro de Madrid); <strong>Edipo Rey <\/strong>de S\u00f2focles (dijous, Grup <em><u>Komos<\/u><\/em>, de l\u2019IES Districte Mar\u00edtim de Val\u00e8ncia).<\/li>\n<\/ul>\n<p>I per les vesprades tindreu el plaer de veure representades les seg\u00fcents com\u00e8dies:<\/p>\n<ul>\n<li><strong>La Paz<\/strong> d\u2019Arist\u00f2fanes <strong>(<\/strong>dilluns, Grup <em><u>P\u00e1rodos Teatro<\/u><\/em>); <strong>Las Asamble\u00edstas<\/strong> d\u2019Arist\u00f2fanes (dimarts, <em><u>La Nave Argo); <\/u><\/em><strong>Gorgojo<\/strong> de Plaute (dimecres, Helios Teatro); <strong>Mostellaria<\/strong> de Plaute (dijous, <em><u>Komos<\/u><\/em>).<\/li>\n<\/ul>\n<p>&nbsp;<\/p>\n<p>Per a tancar la setmana del festival despr\u00e9s de la ja coneguda <em><u>Pompa<\/u><\/em> que organitza la Saguntina Domus Baebia, en la qual ens agrada sempre participar, el divendres tindrem ocasi\u00f3 de contemplar el <strong>Miles Gloriosus<\/strong> de Plaute, representada pel grup <em><u>Komos<\/u><\/em>, de l\u2019IES Districte Mar\u00edtim de Val\u00e8ncia. Confiem en tenir un bon i divertit final del Festival d\u2019aquesta edici\u00f3, i haver aconseguit l\u2019\u00e8xit de les edicions anteriors!!.<\/p>\n<p>Us recordem, a m\u00e9s, que durant els dies del festival lliurarem els Pemis del\u00a0 Certamen Compitalia a l\u2019alumnat que hi ha participat en qualsevol de les tres modalitats: F\u00eddias, Paus\u00e0nias i Talia.<\/p>\n<p>Com ja \u00e9s habitual, els LVDI SAGVNTINI integren a m\u00e9s els TALLERS, organitzats per l\u2019Associaci\u00f3 LVDERE ET DISCERE i la SAGVNTINA DOMVS BAEBIA, sempre amb el patrocini de l\u2019Ajuntament de Sagunt, del CEFIRE de Sagunt i de la Conselleria d\u2019Educaci\u00f3, Cultura, Universitats i Ocupaci\u00f3.<\/p>\n<p>Tindrem una gran alegria si compartim un any m\u00e9s aquest festival amb vosaltres i amb el vostre alumnat. Gr\u00e0cies per la vostra atenci\u00f3 i col\u00b7laboraci\u00f3. Us hi esperem!<\/p>\n<p>Molta sort i bon cam\u00ed per al nou curs!<\/p>\n<p>&nbsp;<\/p>\n<p>JUNTA DIRECTIVA DE PR\u00d3SOPON SAGUNT<\/p>\n<p>Setembre de 2025<\/p>","protected":false},"excerpt":{"rendered":"<p>Salutaci\u00f3 per al Festival de teatre a Sagunt de 2026 &nbsp; Benvolgudes companyes i benvolguts companys: Un any m\u00e9s som al setembre i comen\u00e7a el curs! Ja tornem a contactar amb tots vosaltres per informar-vos de la programaci\u00f3 del Festival 2026, la qual, com sempre, desitgem que siga del vostre gust. Perqu\u00e8, si no us [&hellip;]<\/p>\n","protected":false},"author":1,"featured_media":0,"parent":0,"menu_order":0,"comment_status":"closed","ping_status":"closed","template":"","meta":[],"_links":{"self":[{"href":"https:\/\/culturaclasica.net\/teatro\/ca\/wp-json\/wp\/v2\/pages\/11570"}],"collection":[{"href":"https:\/\/culturaclasica.net\/teatro\/ca\/wp-json\/wp\/v2\/pages"}],"about":[{"href":"https:\/\/culturaclasica.net\/teatro\/ca\/wp-json\/wp\/v2\/types\/page"}],"author":[{"embeddable":true,"href":"https:\/\/culturaclasica.net\/teatro\/ca\/wp-json\/wp\/v2\/users\/1"}],"replies":[{"embeddable":true,"href":"https:\/\/culturaclasica.net\/teatro\/ca\/wp-json\/wp\/v2\/comments?post=11570"}],"version-history":[{"count":51,"href":"https:\/\/culturaclasica.net\/teatro\/ca\/wp-json\/wp\/v2\/pages\/11570\/revisions"}],"predecessor-version":[{"id":12322,"href":"https:\/\/culturaclasica.net\/teatro\/ca\/wp-json\/wp\/v2\/pages\/11570\/revisions\/12322"}],"wp:attachment":[{"href":"https:\/\/culturaclasica.net\/teatro\/ca\/wp-json\/wp\/v2\/media?parent=11570"}],"curies":[{"name":"wp","href":"https:\/\/api.w.org\/{rel}","templated":true}]}}