{"id":2361,"date":"2025-03-29T14:30:05","date_gmt":"2025-03-29T13:30:05","guid":{"rendered":"https:\/\/culturaclasica.net\/ludi_saguntini\/?page_id=2361"},"modified":"2025-03-29T14:34:17","modified_gmt":"2025-03-29T13:34:17","slug":"ruta-del-forum","status":"publish","type":"page","link":"https:\/\/culturaclasica.net\/ludi_saguntini\/ruta-del-forum\/","title":{"rendered":"Ruta del Forum"},"content":{"rendered":"<p><\/p>\n<h2 style=\"text-align: center;\">LA RUTA DEL FORUM<\/h2>\n<p>\u00abLa Ruta del Forum\u00bb tiene como objetivos principales favorecer la participaci\u00f3n del alumnado en los Spatia (talleres libres de cultura grecorromana de 15 minutos de duraci\u00f3n) de forma aut\u00f3noma y tambi\u00e9n permitir una evaluaci\u00f3n por parte del profesorado de su participaci\u00f3n.<\/p>\n<p>La din\u00e1mica es muy sencilla, cada alumno ir\u00e1 a los Ludi con la seg\u00fcent ficha de participaci\u00f3n. Se puede imprimir en el centrosy entregarla antes de llegar all\u00ed.<\/p>\n<p style=\"text-align: center;\"><a href=\"https:\/\/culturaclasica.net\/ludi_saguntini\/ruta-del-forum\/fitxa-ruta-del-forum\/\" rel=\"attachment wp-att-2364\">DESCARGA LA FICHA<\/a><\/p>\n<p>En ella el alumnado deber\u00e1 sellar, como m\u00ednimo, su participaci\u00f3n en 3 de los 13 Spatia que hay repartidos en la plaza Cronista Chabret (el forum).<\/p>\n<p>\u00bfC\u00f3mo conseguir\u00e1n los sellos? Realizando los talleres y las actividades correspondientes (duraci\u00f3n aproximada 15 minutos cada uno).<\/p>\n<p><a href=\"https:\/\/culturaclasica.net\/ludi_saguntini\/ruta-del-forum\/whatsapp-image-2025-03-29-at-11-51-45-1\/\" rel=\"attachment wp-att-2362\"><img loading=\"lazy\" decoding=\"async\" class=\"aligncenter size-medium wp-image-2362\" src=\"https:\/\/culturaclasica.net\/ludi_saguntini\/wp-content\/uploads\/2025\/03\/WhatsApp-Image-2025-03-29-at-11.51.45-1-300x169.jpeg\" alt=\"\" width=\"300\" height=\"169\" srcset=\"https:\/\/culturaclasica.net\/ludi_saguntini\/wp-content\/uploads\/2025\/03\/WhatsApp-Image-2025-03-29-at-11.51.45-1-200x112.jpeg 200w, https:\/\/culturaclasica.net\/ludi_saguntini\/wp-content\/uploads\/2025\/03\/WhatsApp-Image-2025-03-29-at-11.51.45-1-300x169.jpeg 300w, https:\/\/culturaclasica.net\/ludi_saguntini\/wp-content\/uploads\/2025\/03\/WhatsApp-Image-2025-03-29-at-11.51.45-1-400x225.jpeg 400w, https:\/\/culturaclasica.net\/ludi_saguntini\/wp-content\/uploads\/2025\/03\/WhatsApp-Image-2025-03-29-at-11.51.45-1-600x337.jpeg 600w, https:\/\/culturaclasica.net\/ludi_saguntini\/wp-content\/uploads\/2025\/03\/WhatsApp-Image-2025-03-29-at-11.51.45-1-768x432.jpeg 768w, https:\/\/culturaclasica.net\/ludi_saguntini\/wp-content\/uploads\/2025\/03\/WhatsApp-Image-2025-03-29-at-11.51.45-1-800x450.jpeg 800w, https:\/\/culturaclasica.net\/ludi_saguntini\/wp-content\/uploads\/2025\/03\/WhatsApp-Image-2025-03-29-at-11.51.45-1-1024x576.jpeg 1024w, https:\/\/culturaclasica.net\/ludi_saguntini\/wp-content\/uploads\/2025\/03\/WhatsApp-Image-2025-03-29-at-11.51.45-1-1200x675.jpeg 1200w, https:\/\/culturaclasica.net\/ludi_saguntini\/wp-content\/uploads\/2025\/03\/WhatsApp-Image-2025-03-29-at-11.51.45-1-1536x864.jpeg 1536w, https:\/\/culturaclasica.net\/ludi_saguntini\/wp-content\/uploads\/2025\/03\/WhatsApp-Image-2025-03-29-at-11.51.45-1.jpeg 1599w\" sizes=\"(max-width: 300px) 100vw, 300px\" \/><\/a><\/p>\n<p>Una vez tengan los 3 sellos, tendr\u00e1n que rellenar sus datos y los del centro por la parte de atr\u00e1s, mostrar la ficha al profesorado para que controle si han participado o no en las actividades y despu\u00e9s introducir su ficha en la urna cerrada que encontrar\u00e1n en la mesa de informaci\u00f3n de la plaza.<\/p>\n<p><a href=\"https:\/\/culturaclasica.net\/ludi_saguntini\/ruta-del-forum\/whatsapp-image-2025-03-29-at-11-51-45\/\" rel=\"attachment wp-att-2363\"><img loading=\"lazy\" decoding=\"async\" class=\"aligncenter size-medium wp-image-2363\" src=\"https:\/\/culturaclasica.net\/ludi_saguntini\/wp-content\/uploads\/2025\/03\/WhatsApp-Image-2025-03-29-at-11.51.45-300x169.jpeg\" alt=\"\" width=\"300\" height=\"169\" srcset=\"https:\/\/culturaclasica.net\/ludi_saguntini\/wp-content\/uploads\/2025\/03\/WhatsApp-Image-2025-03-29-at-11.51.45-200x112.jpeg 200w, https:\/\/culturaclasica.net\/ludi_saguntini\/wp-content\/uploads\/2025\/03\/WhatsApp-Image-2025-03-29-at-11.51.45-300x169.jpeg 300w, https:\/\/culturaclasica.net\/ludi_saguntini\/wp-content\/uploads\/2025\/03\/WhatsApp-Image-2025-03-29-at-11.51.45-400x225.jpeg 400w, https:\/\/culturaclasica.net\/ludi_saguntini\/wp-content\/uploads\/2025\/03\/WhatsApp-Image-2025-03-29-at-11.51.45-600x337.jpeg 600w, https:\/\/culturaclasica.net\/ludi_saguntini\/wp-content\/uploads\/2025\/03\/WhatsApp-Image-2025-03-29-at-11.51.45-768x432.jpeg 768w, https:\/\/culturaclasica.net\/ludi_saguntini\/wp-content\/uploads\/2025\/03\/WhatsApp-Image-2025-03-29-at-11.51.45-800x450.jpeg 800w, https:\/\/culturaclasica.net\/ludi_saguntini\/wp-content\/uploads\/2025\/03\/WhatsApp-Image-2025-03-29-at-11.51.45-1024x576.jpeg 1024w, https:\/\/culturaclasica.net\/ludi_saguntini\/wp-content\/uploads\/2025\/03\/WhatsApp-Image-2025-03-29-at-11.51.45-1200x675.jpeg 1200w, https:\/\/culturaclasica.net\/ludi_saguntini\/wp-content\/uploads\/2025\/03\/WhatsApp-Image-2025-03-29-at-11.51.45-1536x864.jpeg 1536w, https:\/\/culturaclasica.net\/ludi_saguntini\/wp-content\/uploads\/2025\/03\/WhatsApp-Image-2025-03-29-at-11.51.45.jpeg 1599w\" sizes=\"(max-width: 300px) 100vw, 300px\" \/><\/a><\/p>\n<p>De entre todos los participantes, sortearemos un lote de merchandising de\u00a0 los LVDI SAGVNTINI!! El lote estar\u00e1 formado por una camiseta, una tottebag y una chapa con los logotipos de la asociaci\u00f3n. El ganador ser\u00e1 anunciado en la web de Culturaclasica.net y en nuestras redes sociales el d\u00eda 2 de mayo.<\/p>\n<p>Adem\u00e1s, en la web de Culturaclasica.net podr\u00e9is encontrar un kahoot de cada Spatium que han elaborado nuestros voluntarios para que pod\u00e1is poner a prueba el aprendizaje de vuestro alumnado despu\u00e9s de los Ludi.<\/p>\n<p>Si ten\u00e9is alguna pregunta, no dudes en hacerla llegar. Estamos a vuestra disposici\u00f3n.<\/p>\n<p style=\"text-align: center;\">Coordinaci\u00f3n de los Spatia<\/p>\n<p>&nbsp;<\/p>\n<p>&nbsp;<\/p>","protected":false},"excerpt":{"rendered":"<p>LA RUTA DEL FORUM \u00abLa Ruta del Forum\u00bb tiene como objetivos principales favorecer la participaci\u00f3n del alumnado en los Spatia (talleres libres [&hellip;]<\/p>\n","protected":false},"author":4,"featured_media":0,"parent":0,"menu_order":0,"comment_status":"closed","ping_status":"closed","template":"","meta":{"footnotes":""},"_links":{"self":[{"href":"https:\/\/culturaclasica.net\/ludi_saguntini\/wp-json\/wp\/v2\/pages\/2361"}],"collection":[{"href":"https:\/\/culturaclasica.net\/ludi_saguntini\/wp-json\/wp\/v2\/pages"}],"about":[{"href":"https:\/\/culturaclasica.net\/ludi_saguntini\/wp-json\/wp\/v2\/types\/page"}],"author":[{"embeddable":true,"href":"https:\/\/culturaclasica.net\/ludi_saguntini\/wp-json\/wp\/v2\/users\/4"}],"replies":[{"embeddable":true,"href":"https:\/\/culturaclasica.net\/ludi_saguntini\/wp-json\/wp\/v2\/comments?post=2361"}],"version-history":[{"count":5,"href":"https:\/\/culturaclasica.net\/ludi_saguntini\/wp-json\/wp\/v2\/pages\/2361\/revisions"}],"predecessor-version":[{"id":2370,"href":"https:\/\/culturaclasica.net\/ludi_saguntini\/wp-json\/wp\/v2\/pages\/2361\/revisions\/2370"}],"wp:attachment":[{"href":"https:\/\/culturaclasica.net\/ludi_saguntini\/wp-json\/wp\/v2\/media?parent=2361"}],"curies":[{"name":"wp","href":"https:\/\/api.w.org\/{rel}","templated":true}]}}