{"id":2109,"date":"2022-12-11T11:20:48","date_gmt":"2022-12-11T10:20:48","guid":{"rendered":"https:\/\/culturaclasica.net\/ludi_saguntini\/?page_id=2109"},"modified":"2022-12-11T18:28:20","modified_gmt":"2022-12-11T17:28:20","slug":"kosmos","status":"publish","type":"page","link":"https:\/\/culturaclasica.net\/ludi_saguntini\/kosmos\/","title":{"rendered":"Kosmos"},"content":{"rendered":"<p><div class=\"fusion-fullwidth fullwidth-box nonhundred-percent-fullwidth non-hundred-percent-height-scrolling\"  style='background-color: rgba(255,255,255,0);background-position: center center;background-repeat: no-repeat;padding-top:0px;padding-right:0px;padding-bottom:0px;padding-left:0px;'><div class=\"fusion-builder-row fusion-row \"><div  class=\"fusion-layout-column fusion_builder_column fusion_builder_column_1_1  fusion-one-full fusion-column-first fusion-column-last 1_1\"  style='margin-top:0px;margin-bottom:0px;'>\n\t\t\t\t\t<div class=\"fusion-column-wrapper\" style=\"background-position:left top;background-repeat:no-repeat;-webkit-background-size:cover;-moz-background-size:cover;-o-background-size:cover;background-size:cover;\"  data-bg-url=\"\">\n\t\t\t\t\t\t<div class=\"fusion-text\"><p>Kosmos es un taller de mitolog\u00eda grecorromana impartido completamente en lat\u00edn y griego activo por el voluntariado universitario de la UV y UJI.<\/p>\n<p>Durante cerca de media hora los participantes podr\u00e1n acercarse a los principales mitos de la teogon\u00eda de una forma l\u00fadica y, adem\u00e1s, lo har\u00e1n empleando el lat\u00edn y el griego como lengua vehicular.<\/p>\n<p>A pesar de no necesitar unos conocimientos previos, s\u00ed rogamos que se inscriba el alumnado de entre 15-18 a\u00f1os.<\/p>\n<p>Pondremos a disposici\u00f3n del profesorado un vocabulario b\u00e1sico que se pueda trabajar en clase antes de venir.<\/p>\n\n\t\t<style type=\"text\/css\">\n\t\t\t#gallery-1 {\n\t\t\t\tmargin: auto;\n\t\t\t}\n\t\t\t#gallery-1 .gallery-item {\n\t\t\t\tfloat: left;\n\t\t\t\tmargin-top: 10px;\n\t\t\t\ttext-align: center;\n\t\t\t\twidth: 33%;\n\t\t\t}\n\t\t\t#gallery-1 img {\n\t\t\t\tborder: 2px solid #cfcfcf;\n\t\t\t}\n\t\t\t#gallery-1 .gallery-caption {\n\t\t\t\tmargin-left: 0;\n\t\t\t}\n\t\t\t\/* see gallery_shortcode() in wp-includes\/media.php *\/\n\t\t<\/style>\n\t\t<div id='gallery-1' class='gallery galleryid-2109 gallery-columns-3 gallery-size-medium'><dl class='gallery-item'>\n\t\t\t<dt class='gallery-icon portrait'>\n\t\t\t\t<a data-rel=\"iLightbox[postimages]\" data-title=\"Kosmos\" data-caption=\"\" href='https:\/\/culturaclasica.net\/ludi_saguntini\/kosmos\/kosmos2\/'><img loading=\"lazy\" decoding=\"async\" width=\"225\" height=\"300\" src=\"https:\/\/culturaclasica.net\/ludi_saguntini\/wp-content\/uploads\/2022\/12\/kosmos2-225x300.jpeg\" class=\"attachment-medium size-medium\" alt=\"\" srcset=\"https:\/\/culturaclasica.net\/ludi_saguntini\/wp-content\/uploads\/2022\/12\/kosmos2-200x267.jpeg 200w, https:\/\/culturaclasica.net\/ludi_saguntini\/wp-content\/uploads\/2022\/12\/kosmos2-225x300.jpeg 225w, https:\/\/culturaclasica.net\/ludi_saguntini\/wp-content\/uploads\/2022\/12\/kosmos2-400x533.jpeg 400w, https:\/\/culturaclasica.net\/ludi_saguntini\/wp-content\/uploads\/2022\/12\/kosmos2-600x800.jpeg 600w, https:\/\/culturaclasica.net\/ludi_saguntini\/wp-content\/uploads\/2022\/12\/kosmos2-768x1024.jpeg 768w, https:\/\/culturaclasica.net\/ludi_saguntini\/wp-content\/uploads\/2022\/12\/kosmos2-800x1066.jpeg 800w, https:\/\/culturaclasica.net\/ludi_saguntini\/wp-content\/uploads\/2022\/12\/kosmos2.jpeg 974w\" sizes=\"(max-width: 225px) 100vw, 225px\" \/><\/a>\n\t\t\t<\/dt><\/dl><dl class='gallery-item'>\n\t\t\t<dt class='gallery-icon landscape'>\n\t\t\t\t<a data-rel=\"iLightbox[postimages]\" data-title=\"Kosmos\" data-caption=\"\" href='https:\/\/culturaclasica.net\/ludi_saguntini\/kosmos\/kosmos1\/'><img loading=\"lazy\" decoding=\"async\" width=\"300\" height=\"225\" src=\"https:\/\/culturaclasica.net\/ludi_saguntini\/wp-content\/uploads\/2022\/12\/kosmos1-300x225.jpeg\" class=\"attachment-medium size-medium\" alt=\"\" srcset=\"https:\/\/culturaclasica.net\/ludi_saguntini\/wp-content\/uploads\/2022\/12\/kosmos1-200x150.jpeg 200w, https:\/\/culturaclasica.net\/ludi_saguntini\/wp-content\/uploads\/2022\/12\/kosmos1-300x225.jpeg 300w, https:\/\/culturaclasica.net\/ludi_saguntini\/wp-content\/uploads\/2022\/12\/kosmos1-400x300.jpeg 400w, https:\/\/culturaclasica.net\/ludi_saguntini\/wp-content\/uploads\/2022\/12\/kosmos1-600x450.jpeg 600w, https:\/\/culturaclasica.net\/ludi_saguntini\/wp-content\/uploads\/2022\/12\/kosmos1-768x576.jpeg 768w, https:\/\/culturaclasica.net\/ludi_saguntini\/wp-content\/uploads\/2022\/12\/kosmos1-800x600.jpeg 800w, https:\/\/culturaclasica.net\/ludi_saguntini\/wp-content\/uploads\/2022\/12\/kosmos1-1024x768.jpeg 1024w, https:\/\/culturaclasica.net\/ludi_saguntini\/wp-content\/uploads\/2022\/12\/kosmos1-1200x900.jpeg 1200w, https:\/\/culturaclasica.net\/ludi_saguntini\/wp-content\/uploads\/2022\/12\/kosmos1.jpeg 1883w\" sizes=\"(max-width: 300px) 100vw, 300px\" \/><\/a>\n\t\t\t<\/dt><\/dl><dl class='gallery-item'>\n\t\t\t<dt class='gallery-icon portrait'>\n\t\t\t\t<a data-rel=\"iLightbox[postimages]\" data-title=\"Kosmos\" data-caption=\"\" href='https:\/\/culturaclasica.net\/ludi_saguntini\/kosmos\/kosmos3\/'><img loading=\"lazy\" decoding=\"async\" width=\"225\" height=\"300\" src=\"https:\/\/culturaclasica.net\/ludi_saguntini\/wp-content\/uploads\/2022\/12\/kosmos3-225x300.jpeg\" class=\"attachment-medium size-medium\" alt=\"\" srcset=\"https:\/\/culturaclasica.net\/ludi_saguntini\/wp-content\/uploads\/2022\/12\/kosmos3-200x267.jpeg 200w, https:\/\/culturaclasica.net\/ludi_saguntini\/wp-content\/uploads\/2022\/12\/kosmos3-225x300.jpeg 225w, https:\/\/culturaclasica.net\/ludi_saguntini\/wp-content\/uploads\/2022\/12\/kosmos3-400x533.jpeg 400w, https:\/\/culturaclasica.net\/ludi_saguntini\/wp-content\/uploads\/2022\/12\/kosmos3-600x800.jpeg 600w, https:\/\/culturaclasica.net\/ludi_saguntini\/wp-content\/uploads\/2022\/12\/kosmos3-768x1024.jpeg 768w, https:\/\/culturaclasica.net\/ludi_saguntini\/wp-content\/uploads\/2022\/12\/kosmos3-800x1066.jpeg 800w, https:\/\/culturaclasica.net\/ludi_saguntini\/wp-content\/uploads\/2022\/12\/kosmos3.jpeg 974w\" sizes=\"(max-width: 225px) 100vw, 225px\" \/><\/a>\n\t\t\t<\/dt><\/dl><br style=\"clear: both\" \/>\n\t\t<\/div>\n\n<\/div><div class=\"fusion-text\"><h3 style=\"text-align: center;\"><a href=\"https:\/\/drive.google.com\/file\/d\/1qESGKJIyEaUV77Tacd3xwETjVZG99K2i\/view?usp=sharing\" target=\"_blank\" rel=\"noopener noreferrer\">Vocabulario en lat\u00edn<\/a><\/h3>\n<h3 style=\"text-align: center;\"><a href=\"https:\/\/drive.google.com\/file\/d\/1B1qrbyJf9XcXWiXlpQLlkhjPHbxzZqpN\/view?usp=sharing\" target=\"_blank\" rel=\"noopener noreferrer\">Vocabulario en griego<\/a><\/h3>\n<\/div><iframe loading=\"lazy\" src=\"https:\/\/docs.google.com\/presentation\/d\/e\/2PACX-1vT8ce2wzP-NKtwBjtImTi1A05yaElvD0FlGIGzyi47ojCtqS_D5N4sxUiepE7fiC1z8UCsOWP9f2H-n\/embed?start=false&loop=false&delayms=3000\" frameborder=\"0\" width=\"480\" height=\"389\" allowfullscreen=\"true\" mozallowfullscreen=\"true\" webkitallowfullscreen=\"true\"><\/iframe>\n\n<iframe loading=\"lazy\" src=\"https:\/\/docs.google.com\/presentation\/d\/e\/2PACX-1vSqDpPMZb4mi0pKUamOtjcEyGDiafl7J_21DTPsJLHAkw92OG9LXviF8awCMYgaRthvEXd6L95-ceoJ\/embed?start=false&loop=false&delayms=3000\" frameborder=\"0\" width=\"480\" height=\"389\" allowfullscreen=\"true\" mozallowfullscreen=\"true\" webkitallowfullscreen=\"true\"><\/iframe>\n\n<iframe loading=\"lazy\" src=\"https:\/\/docs.google.com\/presentation\/d\/e\/2PACX-1vRvkEO1C6FF4EByjALbi4-32-JR3JcO56IyLs2Ez0_FWXdb1pNNtPXdJo8F_ioF3dO2oCl6qeorQZtD\/embed?start=false&loop=false&delayms=3000\" frameborder=\"0\" width=\"480\" height=\"389\" allowfullscreen=\"true\" mozallowfullscreen=\"true\" webkitallowfullscreen=\"true\"><\/iframe><div class=\"fusion-clearfix\"><\/div>\n\n\t\t\t\t\t<\/div>\n\t\t\t\t<\/div><\/div><\/div><\/p>","protected":false},"excerpt":{"rendered":"","protected":false},"author":4,"featured_media":0,"parent":0,"menu_order":0,"comment_status":"closed","ping_status":"closed","template":"","meta":{"footnotes":""},"_links":{"self":[{"href":"https:\/\/culturaclasica.net\/ludi_saguntini\/wp-json\/wp\/v2\/pages\/2109"}],"collection":[{"href":"https:\/\/culturaclasica.net\/ludi_saguntini\/wp-json\/wp\/v2\/pages"}],"about":[{"href":"https:\/\/culturaclasica.net\/ludi_saguntini\/wp-json\/wp\/v2\/types\/page"}],"author":[{"embeddable":true,"href":"https:\/\/culturaclasica.net\/ludi_saguntini\/wp-json\/wp\/v2\/users\/4"}],"replies":[{"embeddable":true,"href":"https:\/\/culturaclasica.net\/ludi_saguntini\/wp-json\/wp\/v2\/comments?post=2109"}],"version-history":[{"count":7,"href":"https:\/\/culturaclasica.net\/ludi_saguntini\/wp-json\/wp\/v2\/pages\/2109\/revisions"}],"predecessor-version":[{"id":2130,"href":"https:\/\/culturaclasica.net\/ludi_saguntini\/wp-json\/wp\/v2\/pages\/2109\/revisions\/2130"}],"wp:attachment":[{"href":"https:\/\/culturaclasica.net\/ludi_saguntini\/wp-json\/wp\/v2\/media?parent=2109"}],"curies":[{"name":"wp","href":"https:\/\/api.w.org\/{rel}","templated":true}]}}