{"id":1596,"date":"2017-11-20T19:22:20","date_gmt":"2017-11-20T18:22:20","guid":{"rendered":"https:\/\/culturaclasica.net\/ludi_saguntini\/?page_id=1596"},"modified":"2017-11-20T19:22:44","modified_gmt":"2017-11-20T18:22:44","slug":"vinalia","status":"publish","type":"page","link":"https:\/\/culturaclasica.net\/ludi_saguntini\/vinalia\/","title":{"rendered":"Vinalia"},"content":{"rendered":"<p><div class=\"fusion-fullwidth fullwidth-box nonhundred-percent-fullwidth non-hundred-percent-height-scrolling\"  style='background-color: rgba(255,255,255,0);background-position: center center;background-repeat: no-repeat;padding-top:0px;padding-right:0px;padding-bottom:0px;padding-left:0px;'><div class=\"fusion-builder-row fusion-row \"><div  class=\"fusion-layout-column fusion_builder_column fusion_builder_column_1_1  fusion-one-full fusion-column-first fusion-column-last 1_1\"  style='margin-top:0px;margin-bottom:0px;'>\n\t\t\t\t\t<div class=\"fusion-column-wrapper\" style=\"background-position:left top;background-repeat:no-repeat;-webkit-background-size:cover;-moz-background-size:cover;-o-background-size:cover;background-size:cover;\"  data-bg-url=\"\">\n\t\t\t\t\t\t<div class=\"imageframe-align-center\"><span class=\"fusion-imageframe imageframe-none imageframe-1 hover-type-none\"><img loading=\"lazy\" decoding=\"async\" src=\"https:\/\/culturaclasica.net\/ludi_saguntini\/wp-content\/uploads\/2017\/11\/vinalia-300x225.jpg\" width=\"300\" height=\"225\" alt=\"\" title=\"\" class=\"img-responsive wp-image-1598\" srcset=\"https:\/\/culturaclasica.net\/ludi_saguntini\/wp-content\/uploads\/2017\/11\/vinalia-200x150.jpg 200w, https:\/\/culturaclasica.net\/ludi_saguntini\/wp-content\/uploads\/2017\/11\/vinalia-400x300.jpg 400w, https:\/\/culturaclasica.net\/ludi_saguntini\/wp-content\/uploads\/2017\/11\/vinalia-600x450.jpg 600w, https:\/\/culturaclasica.net\/ludi_saguntini\/wp-content\/uploads\/2017\/11\/vinalia.jpg 640w\" sizes=\"(max-width: 800px) 100vw, 300px\" \/><\/span><\/div><div class=\"fusion-text\"><p style=\"text-align: center;\"><em>\u00abTodo en la vi\u00f1a est\u00e1 atado ya, la monda en los sarmientos termin\u00f3, ya canta\u00a0el vi\u00f1ador al completar su hilera; y ha de terciar la tierra todav\u00eda y alzar m\u00e1s\u00a0polvo; y del rigor del cielo tema a\u00fan por las uvas ya maduras\u00bb<\/em><br \/>\nVirgilio, Ge\u00f3rgicas, 2. 419<\/p>\n<p>Un a\u00f1o m\u00e1s el teatro saguntino retrocede en el tiempo durante unas horas. Antes de disfrutar de la obra plautina Miles Gloriosus, se inaugurar\u00e1 la jornada con una recreaci\u00f3n de los Vinalia.<\/p>\n<p>La idea es recrear las diferentes acciones que se llevaban a cabo durantelas dos fiestas de los Vinalia (Rustica y Urbana) para descubrir todo el proceso religioso del ciclo vin\u00edcola.<\/p>\n<p>A su vez, queremos vincular esta celebraci\u00f3n con otra realizada por los atenienses (Pithogia) en honor a Dioniso\/Baco, dios vinculado al teatro y a las vi\u00f1as.<\/p>\n<p style=\"text-align: center;\">Descarga\u00a0<strong><a href=\"https:\/\/drive.google.com\/file\/d\/0B3M8Hvz_r1xTOVVLZFVmUzgzd291MU82RE5EY1dfdFdjU2ZV\/view?usp=sharing\">toda la informaci\u00f3n<\/a><\/strong>.<\/p>\n<\/div><iframe loading=\"lazy\" src=\"https:\/\/drive.google.com\/file\/d\/0B3M8Hvz_r1xTOVVLZFVmUzgzd291MU82RE5EY1dfdFdjU2ZV\/preview\" width=\"640\" height=\"480\"><\/iframe><div class=\"fusion-clearfix\"><\/div>\n\n\t\t\t\t\t<\/div>\n\t\t\t\t<\/div><\/div><\/div><\/p>","protected":false},"excerpt":{"rendered":"","protected":false},"author":4,"featured_media":0,"parent":0,"menu_order":0,"comment_status":"closed","ping_status":"closed","template":"","meta":{"footnotes":""},"_links":{"self":[{"href":"https:\/\/culturaclasica.net\/ludi_saguntini\/wp-json\/wp\/v2\/pages\/1596"}],"collection":[{"href":"https:\/\/culturaclasica.net\/ludi_saguntini\/wp-json\/wp\/v2\/pages"}],"about":[{"href":"https:\/\/culturaclasica.net\/ludi_saguntini\/wp-json\/wp\/v2\/types\/page"}],"author":[{"embeddable":true,"href":"https:\/\/culturaclasica.net\/ludi_saguntini\/wp-json\/wp\/v2\/users\/4"}],"replies":[{"embeddable":true,"href":"https:\/\/culturaclasica.net\/ludi_saguntini\/wp-json\/wp\/v2\/comments?post=1596"}],"version-history":[{"count":3,"href":"https:\/\/culturaclasica.net\/ludi_saguntini\/wp-json\/wp\/v2\/pages\/1596\/revisions"}],"predecessor-version":[{"id":1600,"href":"https:\/\/culturaclasica.net\/ludi_saguntini\/wp-json\/wp\/v2\/pages\/1596\/revisions\/1600"}],"wp:attachment":[{"href":"https:\/\/culturaclasica.net\/ludi_saguntini\/wp-json\/wp\/v2\/media?parent=1596"}],"curies":[{"name":"wp","href":"https:\/\/api.w.org\/{rel}","templated":true}]}}