{"id":1564,"date":"2017-11-20T18:15:33","date_gmt":"2017-11-20T17:15:33","guid":{"rendered":"https:\/\/culturaclasica.net\/ludi_saguntini\/?page_id=1564"},"modified":"2017-11-20T18:24:16","modified_gmt":"2017-11-20T17:24:16","slug":"nunc-latine","status":"publish","type":"page","link":"https:\/\/culturaclasica.net\/ludi_saguntini\/nunc-latine\/","title":{"rendered":"Nunc Latine"},"content":{"rendered":"<p><div class=\"fusion-fullwidth fullwidth-box nonhundred-percent-fullwidth non-hundred-percent-height-scrolling\"  style='background-color: rgba(255,255,255,0);background-position: center center;background-repeat: no-repeat;padding-top:0px;padding-right:0px;padding-bottom:0px;padding-left:0px;'><div class=\"fusion-builder-row fusion-row \"><div  class=\"fusion-layout-column fusion_builder_column fusion_builder_column_1_1  fusion-one-full fusion-column-first fusion-column-last 1_1\"  style='margin-top:0px;margin-bottom:0px;'>\n\t\t\t\t\t<div class=\"fusion-column-wrapper\" style=\"background-position:left top;background-repeat:no-repeat;-webkit-background-size:cover;-moz-background-size:cover;-o-background-size:cover;background-size:cover;\"  data-bg-url=\"\">\n\t\t\t\t\t\t<div class=\"imageframe-align-center\"><span class=\"fusion-imageframe imageframe-none imageframe-1 hover-type-none\"><img loading=\"lazy\" decoding=\"async\" src=\"https:\/\/culturaclasica.net\/ludi_saguntini\/wp-content\/uploads\/2017\/11\/collegium_latinitatis-300x300.jpg\" width=\"300\" height=\"300\" alt=\"\" title=\"collegium_latinitatis\" class=\"img-responsive wp-image-1565\" srcset=\"https:\/\/culturaclasica.net\/ludi_saguntini\/wp-content\/uploads\/2017\/11\/collegium_latinitatis-200x200.jpg 200w, https:\/\/culturaclasica.net\/ludi_saguntini\/wp-content\/uploads\/2017\/11\/collegium_latinitatis-400x400.jpg 400w, https:\/\/culturaclasica.net\/ludi_saguntini\/wp-content\/uploads\/2017\/11\/collegium_latinitatis-600x600.jpg 600w, https:\/\/culturaclasica.net\/ludi_saguntini\/wp-content\/uploads\/2017\/11\/collegium_latinitatis-800x800.jpg 800w, https:\/\/culturaclasica.net\/ludi_saguntini\/wp-content\/uploads\/2017\/11\/collegium_latinitatis.jpg 900w\" sizes=\"(max-width: 800px) 100vw, 300px\" \/><\/span><\/div><div class=\"fusion-text\"><p>El Taller Nunc Latine es una colaboraci\u00f3n entre Ludere et discere y el Collegium Latinitatis y surgi\u00f3 para que los estudiantes tomaran contacto con el lat\u00edn de una forma activa. Empez\u00f3 siendo coordinado por Germ\u00e1n Gonz\u00e1lez Mu\u00f1oz, profesor de Escuelas Profesionales Luis Amig\u00f3 (EPLA), y Esteban B\u00e9rchez Casta\u00f1o, profesor del I.E.S. La Morer\u00eda (Mislata) y actualmente lo dirige Rayco G\u00aa Perdomo (Collegium Latinitatis).<br \/>\nA partir de un recorrido con casillas tama\u00f1o A3 en el suelo se abordan aspectos de la vida cotidiana en Roma: c\u00f3mo viv\u00edan los romanos, a qu\u00e9 lugares iban a trabajar o a pasar su tiempo libre, c\u00f3mo se organizaba una familia romana, qu\u00e9 com\u00edan y beb\u00edan, c\u00f3mo vest\u00edan\u2026 y todo ello en lat\u00edn. Este Taller est\u00e1 dirigido a alumnos de 4\u00ba ESO y Bachillerato de Lat\u00edn.<br \/>\nOBJETIVO: Que los estudiantes oigan a gente hablando en lat\u00edn y entiendan que fue durante muchos siglos \u2014y puede seguir siendo\u2014 un sistema de comunicaci\u00f3n real. De esta forma ampliar\u00e1n su vocabulario, asimilar\u00e1n m\u00e1s r\u00e1pidamente las estructuras gramaticales y entender\u00e1n mejor c\u00f3mo se desarrollaba un d\u00eda cualquiera en la vida de un romano.<br \/>\nESTRUCTURA:<br \/>\nINFORMATIVA: los monitores practican con los alumnos una serie de frases en lat\u00edn para que entiendan el lat\u00edn como una lengua viva y empiecen a acostumbrarse a la lengua en la que van a hacerse las explicaciones del taller; explican brevemente en qu\u00e9 va a consistir el taller y les reparten unas fichas con frases en lat\u00edn que tendr\u00e1n que leer durante el taller.<br \/>\nTALLER NVNC LATINE: Los monitores explican las distintas partes de la casa, la estructura familiar, los edificios p\u00fablicos romanos, la escuela, lo que com\u00edan y beb\u00edan\u2026 A partir de estas explicaciones se hacen preguntas a los alumnos sobre los distintos aspectos de la vida cotidiana de un romano, para comprobar si est\u00e1n o no siguiendo las explicaciones en lat\u00edn.<\/p>\n<\/div><div class=\"fusion-image-carousel fusion-image-carousel-auto fusion-carousel-border\"><div class=\"fusion-carousel\" data-autoplay=\"yes\" data-columns=\"5\" data-itemmargin=\"13\" data-itemwidth=\"180\" data-touchscroll=\"no\" data-imagesize=\"auto\"><div class=\"fusion-carousel-positioner\"><ul class=\"fusion-carousel-holder\"><li class=\"fusion-carousel-item\"><div class=\"fusion-carousel-item-wrapper\"><div class=\"fusion-image-wrapper hover-type-none\"><img decoding=\"async\" src=\"https:\/\/culturaclasica.net\/ludi_saguntini\/wp-content\/uploads\/2017\/11\/nunc_latine2016-300x224.jpg\" alt=\"\"\/><\/div><\/div><\/li><li class=\"fusion-carousel-item\"><div class=\"fusion-carousel-item-wrapper\"><div class=\"fusion-image-wrapper hover-type-none\"><img decoding=\"async\" src=\"https:\/\/culturaclasica.net\/ludi_saguntini\/wp-content\/uploads\/2017\/11\/nunc_latine2-300x224.jpg\" alt=\"\"\/><\/div><\/div><\/li><\/ul><div class=\"fusion-carousel-nav\"><span class=\"fusion-nav-prev\"><\/span><span class=\"fusion-nav-next\"><\/span><\/div><\/div><\/div><\/div><div class=\"fusion-text\"><p>OFFICINA NVNC LATINE<\/p>\n<p>Nunc Latine officina a Ludere et discere et Collegio Latinitatis societatibus eo consilio instructa est ut discipuli linguam Latinam usu vivo perdiscant. Germanus Gonz\u00e1lez Mu\u00f1oz, magister in EPLA et Stephanus B\u00e9rchez Casta\u00f1o, magister in I.E.S. La Morer\u00eda (Mislatae), primi fuerunt officinae moderatores, nunc vero regimen Raicus G\u00aa Perdomo (Collegium Latinitatis) suscepit.<\/p>\n<p>Pagellae magnitudinis A3 humi sitae iter efficiunt, quae mores cotidianos Romanorum complectuntur, ut puta: quomodo Romani vitam degerent, quos locos frequentarent negotii causa atque otii, quibus ex partibus constaret familia Romana, quid cibi potionisque haberent, quibus vestibus induerentur&#8230; Quae omnia omnino Latine tradentur. Destinatur haec officina discipulis 4\u00ba cursus ESO et Bacchalaureati qui linguae Latinae operam dent.<\/p>\n<p>CONSILIVM VLTIMVM: Discipulos homines Latine loquentes audire atque eam linguam fuisse et esse posse viam communicandi. Itaque vocabulorum copiam discipuli augebunt, citius locutiones mente tenebunt meliusque intellegent quaelis fuerit vita cotidiana apud Romanos.<\/p>\n<p>RATIO:<\/p>\n<p>1. DESCRIPTIO: praeceptores cum discipulis quasdam sententias Latinas exercent ut intellegant linguam esse vivam eamque audire consuescant, nam officinae explanationes omnino Latine fient; hi breviter partes officinae describunt et singulos titulos sententiis Latinis inscriptis tribuunt discipulis qui eos clara voce legant.<\/p>\n<p>2. NVNC LATINE OFFICINA: Praeceptores domum Romanam partim describunt familiamque et aedificia Romana, ludum, cibos et potiones solitas\u2026 Quibus rebus explanatis interrogata discipulis ponuntur\u00a0 de moribus cotidianis Romanorum ut probetur utrum aures ad explanationes Latinas adhibeant necne.<\/p>\n<\/div><div class=\"fusion-clearfix\"><\/div>\n\n\t\t\t\t\t<\/div>\n\t\t\t\t<\/div><\/div><\/div><\/p>","protected":false},"excerpt":{"rendered":"","protected":false},"author":4,"featured_media":0,"parent":0,"menu_order":0,"comment_status":"closed","ping_status":"closed","template":"","meta":{"footnotes":""},"_links":{"self":[{"href":"https:\/\/culturaclasica.net\/ludi_saguntini\/wp-json\/wp\/v2\/pages\/1564"}],"collection":[{"href":"https:\/\/culturaclasica.net\/ludi_saguntini\/wp-json\/wp\/v2\/pages"}],"about":[{"href":"https:\/\/culturaclasica.net\/ludi_saguntini\/wp-json\/wp\/v2\/types\/page"}],"author":[{"embeddable":true,"href":"https:\/\/culturaclasica.net\/ludi_saguntini\/wp-json\/wp\/v2\/users\/4"}],"replies":[{"embeddable":true,"href":"https:\/\/culturaclasica.net\/ludi_saguntini\/wp-json\/wp\/v2\/comments?post=1564"}],"version-history":[{"count":3,"href":"https:\/\/culturaclasica.net\/ludi_saguntini\/wp-json\/wp\/v2\/pages\/1564\/revisions"}],"predecessor-version":[{"id":1570,"href":"https:\/\/culturaclasica.net\/ludi_saguntini\/wp-json\/wp\/v2\/pages\/1564\/revisions\/1570"}],"wp:attachment":[{"href":"https:\/\/culturaclasica.net\/ludi_saguntini\/wp-json\/wp\/v2\/media?parent=1564"}],"curies":[{"name":"wp","href":"https:\/\/api.w.org\/{rel}","templated":true}]}}