{"id":1559,"date":"2017-11-20T17:58:34","date_gmt":"2017-11-20T16:58:34","guid":{"rendered":"https:\/\/culturaclasica.net\/ludi_saguntini\/?page_id=1559"},"modified":"2023-12-07T19:57:13","modified_gmt":"2023-12-07T18:57:13","slug":"spatia","status":"publish","type":"page","link":"https:\/\/culturaclasica.net\/ludi_saguntini\/spatia\/","title":{"rendered":"Spatia"},"content":{"rendered":"<p><div class=\"fusion-fullwidth fullwidth-box nonhundred-percent-fullwidth non-hundred-percent-height-scrolling\"  style='background-color: rgba(255,255,255,0);background-position: center center;background-repeat: no-repeat;padding-top:0px;padding-right:0px;padding-bottom:0px;padding-left:0px;'><div class=\"fusion-builder-row fusion-row \"><div  class=\"fusion-layout-column fusion_builder_column fusion_builder_column_1_1  fusion-one-full fusion-column-first fusion-column-last 1_1\"  style='margin-top:0px;margin-bottom:0px;'>\n\t\t\t\t\t<div class=\"fusion-column-wrapper\" style=\"background-position:left top;background-repeat:no-repeat;-webkit-background-size:cover;-moz-background-size:cover;-o-background-size:cover;background-size:cover;\"  data-bg-url=\"\">\n\t\t\t\t\t\t<div class=\"fusion-text\"><h3 style=\"text-align: center;\"><\/h3>\n<p>Desde los LVDI SAGVNTINI MMXVI el FORVM CLASSICVM de la plaza Cronista Chabret se organiza de otra manera:<\/p>\n<p>&#8211; Zona de ACTIVIDADES LIBRES, sin necesidad de inscripci\u00f3n y sin l\u00edmite de tiempo: aros, zancos, arco, twister, rompecabezas gigantes, juegos de mesa, etc.<\/p>\n<p>&#8211; Zona de los SPATIA: hay 14 carpas (Spatia), cada una dedicada a un tema monogr\u00e1fico relacionado con los talleres did\u00e1cticos existentes, sin inscripci\u00f3n y con una duraci\u00f3n delimitada para cada actividad.<\/p>\n<p>La duraci\u00f3n de la actividad ser\u00e1 de 20 minutos con hora de entrada y salida al Spatium.<\/p>\n<p>N\u00famero de participantes: el aforo ser\u00e1 de 15 alumnos para cada pase y Spatium.<\/p>\n<p>Sin inscripci\u00f3n: la entrada ser\u00e1 libre, pero respetando los horarios asignados en la carpa de recepci\u00f3n de centros.<\/p>\n<p>Los SPATIA ser\u00e1n dirigidos por profesores y sus alumnos, que previamente los han preparado en sus Institutos.<\/p>\n<p><strong>Para descargar las actividades, entra en el\u00a0<em>spatium<\/em>, en el men\u00fa superior despliega \u00ab<em>Archivo\u00bb<\/em>\u00a0y elige \u00ab<em>Descargar<\/em>\u00ab<\/strong>.<\/p>\n<ul>\n<li><em><a href=\"https:\/\/drive.google.com\/drive\/folders\/0B1ctiwGfR5zhTlVMQ2Y3QktxeHM?resourcekey=0-qIXny3AvZiPPKi5jRL5mCg&amp;usp=sharing\" target=\"_blank\" rel=\"noopener noreferrer\">Spatium \u00abTessellae\u00bb<\/a><\/em><\/li>\n<li><em><a href=\"https:\/\/drive.google.com\/drive\/folders\/0B1ctiwGfR5zhajdFaTVDSm1TOTA?resourcekey=0-dSqqqW2odzZfgUXyiIV_IQ&amp;usp=sharing\" target=\"_blank\" rel=\"noopener noreferrer\">Spatium \u00abFiglina\u00bb<\/a><\/em><\/li>\n<li><em><a href=\"https:\/\/drive.google.com\/drive\/folders\/0B3M8Hvz_r1xTS1hOTjhqZlJ0SlE?resourcekey=0-8kalCsjvGicVS6lixLJJaQ&amp;usp=sharing\" target=\"_blank\" rel=\"noopener noreferrer\">Spatium \u00abLinguae\u00bb<\/a><\/em><\/li>\n<li><em><a href=\"https:\/\/drive.google.com\/drive\/folders\/0B1ctiwGfR5zhcFFrVmtPUDd2NFE?resourcekey=0-GzCow-hxnjzcNyrKRReSCQ&amp;usp=sharing\" target=\"_blank\" rel=\"noopener noreferrer\">Spatium \u00abIndumentaria\u00bb<\/a><\/em><\/li>\n<li><em><a href=\"https:\/\/drive.google.com\/drive\/folders\/0B1ctiwGfR5zhSUZIOE41cDd1aXM?resourcekey=0-O-OY3_mFvXfRivP5Km8rfA&amp;usp=sharing\" target=\"_blank\" rel=\"noopener noreferrer\">Spatium \u00abMythoi\u00bb<\/a><\/em><\/li>\n<li><em><a href=\"https:\/\/drive.google.com\/drive\/folders\/0B1ctiwGfR5zhemJXQlVCZVR3YlE?resourcekey=0-AmaSv4jZx7aCWIjnZuv8IQ&amp;usp=sharing\" target=\"_blank\" rel=\"noopener noreferrer\">Spatium \u00abAetates\u00bb<\/a><\/em><\/li>\n<li><a href=\"https:\/\/drive.google.com\/drive\/folders\/0B3fd9ko2YzbsR3phbmRVTFZDaFU?resourcekey=0-xw-LJTLSNRj0A2X3kL32XQ&amp;usp=sharing\" target=\"_blank\" rel=\"noopener noreferrer\"><em>Spatium \u00abCulina\u00bb<\/em><\/a><\/li>\n<li><em><a href=\"https:\/\/drive.google.com\/drive\/folders\/0B3fd9ko2YzbsU0NDcVpKb1NsZFE?resourcekey=0-vE502mcjJa6ysMkFtulAtA&amp;usp=sharing\" target=\"_blank\" rel=\"noopener noreferrer\">Spatium \u00abScriptura\u00bb<\/a><\/em><\/li>\n<li><em><a href=\"https:\/\/drive.google.com\/drive\/folders\/0B1ctiwGfR5zhS2kwbU1OakctUzA?resourcekey=0-SA6v02YG6nVXjF1HHnPhdA&amp;usp=sharing\" target=\"_blank\" rel=\"noopener noreferrer\">Spatium \u00abUnguenta\u00bb<\/a><\/em><\/li>\n<li><em><a href=\"https:\/\/drive.google.com\/drive\/folders\/1xocjK1XXIBMoTOvfiVyDa9OALQquHF0G?usp=sharing\" target=\"_blank\" rel=\"noopener noreferrer\">Spatium \u00abMilitaria\u00bb<\/a><\/em><\/li>\n<li><em><a href=\"https:\/\/drive.google.com\/drive\/folders\/1WNF8AmOOcWjb_OgMh2QWSpslrIZ_IKfX?usp=sharing\" target=\"_blank\" rel=\"noopener noreferrer\">Spatium \u00abOrnatrix\u00bb<\/a><\/em><\/li>\n<li><a href=\"https:\/\/drive.google.com\/drive\/folders\/1V4g_K2voL0vLaSvpYxEC62aJR5_dVBs6?usp=sharing\" target=\"_blank\" rel=\"noopener noreferrer\"><em>Spatium \u00abHortus\u00bb<\/em><\/a><\/li>\n<li><a href=\"https:\/\/drive.google.com\/drive\/folders\/1-Yibx9xcWIJC1HwWbpCMAt3DBgtOMdKv?usp=sharing\"><em>Spatium \u00abNummorum\u00bb<\/em><\/a><\/li>\n<li><a href=\"https:\/\/drive.google.com\/drive\/folders\/1CaV82ovj-1sS-iDjNNRe5FGPH8u2B0gk?usp=sharing\" target=\"_blank\" rel=\"noopener noreferrer\"><em>Material para el aula (paneles y explicaciones)<\/em><\/a><\/li>\n<\/ul>\n<div id=\"gtx-trans\" style=\"position: absolute; left: 322px; top: -5.78125px;\">\n<div class=\"gtx-trans-icon\"><\/div>\n<\/div>\n<\/div><div class=\"imageframe-align-center\"><span class=\"fusion-imageframe imageframe-none imageframe-1 hover-type-none\"><img loading=\"lazy\" decoding=\"async\" src=\"https:\/\/culturaclasica.net\/ludi_saguntini\/wp-content\/uploads\/2017\/11\/Spatia-300x169.jpg\" width=\"300\" height=\"169\" alt=\"\" title=\"Spatia\" class=\"img-responsive wp-image-1560\" srcset=\"https:\/\/culturaclasica.net\/ludi_saguntini\/wp-content\/uploads\/2017\/11\/Spatia-200x113.jpg 200w, https:\/\/culturaclasica.net\/ludi_saguntini\/wp-content\/uploads\/2017\/11\/Spatia-400x225.jpg 400w, https:\/\/culturaclasica.net\/ludi_saguntini\/wp-content\/uploads\/2017\/11\/Spatia-600x338.jpg 600w, https:\/\/culturaclasica.net\/ludi_saguntini\/wp-content\/uploads\/2017\/11\/Spatia-800x450.jpg 800w, https:\/\/culturaclasica.net\/ludi_saguntini\/wp-content\/uploads\/2017\/11\/Spatia-1200x675.jpg 1200w\" sizes=\"(max-width: 800px) 100vw, 300px\" \/><\/span><\/div><div class=\"fusion-sep-clear\"><\/div><div class=\"fusion-separator fusion-full-width-sep sep-double\" style=\"border-color:#e0dede;border-top-width:1px;border-bottom-width:1px;margin-left: auto;margin-right: auto;margin-top:;\"><\/div><div class=\"fusion-gallery fusion-gallery-container fusion-grid-3 fusion-columns-total-3 fusion-gallery-layout-grid\" style=\"margin:-5px;\"><div style=\"padding:5px;\" class=\"fusion-grid-column fusion-gallery-column fusion-gallery-column-3 hover-type-none\"><div class=\"fusion-gallery-image\"><a href=\"https:\/\/culturaclasica.net\/ludi_saguntini\/wp-content\/uploads\/2021\/11\/WhatsApp-Image-2021-11-04-at-11.16.43-2.jpeg\" class=\"fusion-lightbox\" data-rel=\"iLightbox[39d7d3d92e43579da32]\"><img loading=\"lazy\" decoding=\"async\" width=\"400\" height=\"1000\" src=\"https:\/\/culturaclasica.net\/ludi_saguntini\/wp-content\/uploads\/2021\/11\/WhatsApp-Image-2021-11-04-at-11.16.43-2-400x1000.jpeg\" alt=\"\" title=\"WhatsApp Image 2021-11-04 at 11.16.43 (2)\" aria-label=\"WhatsApp Image 2021-11-04 at 11.16.43 (2)\" class=\"img-responsive wp-image-1934\" srcset=\"https:\/\/culturaclasica.net\/ludi_saguntini\/wp-content\/uploads\/2021\/11\/WhatsApp-Image-2021-11-04-at-11.16.43-2-200x500.jpeg 200w, https:\/\/culturaclasica.net\/ludi_saguntini\/wp-content\/uploads\/2021\/11\/WhatsApp-Image-2021-11-04-at-11.16.43-2-400x1000.jpeg 400w, https:\/\/culturaclasica.net\/ludi_saguntini\/wp-content\/uploads\/2021\/11\/WhatsApp-Image-2021-11-04-at-11.16.43-2-600x1500.jpeg 600w, https:\/\/culturaclasica.net\/ludi_saguntini\/wp-content\/uploads\/2021\/11\/WhatsApp-Image-2021-11-04-at-11.16.43-2.jpeg 640w\" sizes=\"(min-width: 2200px) 100vw, (min-width: 824px) 423px, (min-width: 732px) 635px, (min-width: 640px) 732px, \" \/><\/a><\/div><\/div><div style=\"padding:5px;\" class=\"fusion-grid-column fusion-gallery-column fusion-gallery-column-3 hover-type-none\"><div class=\"fusion-gallery-image\"><a href=\"https:\/\/culturaclasica.net\/ludi_saguntini\/wp-content\/uploads\/2021\/11\/WhatsApp-Image-2021-11-04-at-11.16.43-1.jpeg\" class=\"fusion-lightbox\" data-rel=\"iLightbox[39d7d3d92e43579da32]\"><img loading=\"lazy\" decoding=\"async\" width=\"400\" height=\"1000\" src=\"https:\/\/culturaclasica.net\/ludi_saguntini\/wp-content\/uploads\/2021\/11\/WhatsApp-Image-2021-11-04-at-11.16.43-1-400x1000.jpeg\" alt=\"spatia\" title=\"WhatsApp Image 2021-11-04 at 11.16.43 (1)\" aria-label=\"WhatsApp Image 2021-11-04 at 11.16.43 (1)\" class=\"img-responsive wp-image-1933\" srcset=\"https:\/\/culturaclasica.net\/ludi_saguntini\/wp-content\/uploads\/2021\/11\/WhatsApp-Image-2021-11-04-at-11.16.43-1-200x500.jpeg 200w, https:\/\/culturaclasica.net\/ludi_saguntini\/wp-content\/uploads\/2021\/11\/WhatsApp-Image-2021-11-04-at-11.16.43-1-400x1000.jpeg 400w, https:\/\/culturaclasica.net\/ludi_saguntini\/wp-content\/uploads\/2021\/11\/WhatsApp-Image-2021-11-04-at-11.16.43-1-600x1500.jpeg 600w, https:\/\/culturaclasica.net\/ludi_saguntini\/wp-content\/uploads\/2021\/11\/WhatsApp-Image-2021-11-04-at-11.16.43-1.jpeg 640w\" sizes=\"(min-width: 2200px) 100vw, (min-width: 824px) 423px, (min-width: 732px) 635px, (min-width: 640px) 732px, \" \/><\/a><\/div><\/div><div style=\"padding:5px;\" class=\"fusion-grid-column fusion-gallery-column fusion-gallery-column-3 hover-type-none\"><div class=\"fusion-gallery-image\"><a href=\"https:\/\/culturaclasica.net\/ludi_saguntini\/wp-content\/uploads\/2021\/11\/WhatsApp-Image-2021-11-04-at-11.16.43.jpeg\" class=\"fusion-lightbox\" data-rel=\"iLightbox[39d7d3d92e43579da32]\"><img loading=\"lazy\" decoding=\"async\" width=\"400\" height=\"1000\" src=\"https:\/\/culturaclasica.net\/ludi_saguntini\/wp-content\/uploads\/2021\/11\/WhatsApp-Image-2021-11-04-at-11.16.43-400x1000.jpeg\" alt=\"\" title=\"WhatsApp Image 2021-11-04 at 11.16.43\" aria-label=\"WhatsApp Image 2021-11-04 at 11.16.43\" class=\"img-responsive wp-image-1935\" srcset=\"https:\/\/culturaclasica.net\/ludi_saguntini\/wp-content\/uploads\/2021\/11\/WhatsApp-Image-2021-11-04-at-11.16.43-200x500.jpeg 200w, https:\/\/culturaclasica.net\/ludi_saguntini\/wp-content\/uploads\/2021\/11\/WhatsApp-Image-2021-11-04-at-11.16.43-400x1000.jpeg 400w, https:\/\/culturaclasica.net\/ludi_saguntini\/wp-content\/uploads\/2021\/11\/WhatsApp-Image-2021-11-04-at-11.16.43-600x1500.jpeg 600w, https:\/\/culturaclasica.net\/ludi_saguntini\/wp-content\/uploads\/2021\/11\/WhatsApp-Image-2021-11-04-at-11.16.43.jpeg 640w\" sizes=\"(min-width: 2200px) 100vw, (min-width: 824px) 423px, (min-width: 732px) 635px, (min-width: 640px) 732px, \" \/><\/a><\/div><\/div><div class=\"clearfix\"><\/div><\/div><div class=\"fusion-clearfix\"><\/div>\n\n\t\t\t\t\t<\/div>\n\t\t\t\t<\/div><\/div><\/div><\/p>","protected":false},"excerpt":{"rendered":"","protected":false},"author":4,"featured_media":0,"parent":0,"menu_order":0,"comment_status":"closed","ping_status":"closed","template":"","meta":{"footnotes":""},"_links":{"self":[{"href":"https:\/\/culturaclasica.net\/ludi_saguntini\/wp-json\/wp\/v2\/pages\/1559"}],"collection":[{"href":"https:\/\/culturaclasica.net\/ludi_saguntini\/wp-json\/wp\/v2\/pages"}],"about":[{"href":"https:\/\/culturaclasica.net\/ludi_saguntini\/wp-json\/wp\/v2\/types\/page"}],"author":[{"embeddable":true,"href":"https:\/\/culturaclasica.net\/ludi_saguntini\/wp-json\/wp\/v2\/users\/4"}],"replies":[{"embeddable":true,"href":"https:\/\/culturaclasica.net\/ludi_saguntini\/wp-json\/wp\/v2\/comments?post=1559"}],"version-history":[{"count":11,"href":"https:\/\/culturaclasica.net\/ludi_saguntini\/wp-json\/wp\/v2\/pages\/1559\/revisions"}],"predecessor-version":[{"id":2219,"href":"https:\/\/culturaclasica.net\/ludi_saguntini\/wp-json\/wp\/v2\/pages\/1559\/revisions\/2219"}],"wp:attachment":[{"href":"https:\/\/culturaclasica.net\/ludi_saguntini\/wp-json\/wp\/v2\/media?parent=1559"}],"curies":[{"name":"wp","href":"https:\/\/api.w.org\/{rel}","templated":true}]}}