{"id":1485,"date":"2017-11-20T16:37:48","date_gmt":"2017-11-20T15:37:48","guid":{"rendered":"https:\/\/culturaclasica.net\/ludi_saguntini\/?page_id=1485"},"modified":"2026-03-09T20:29:40","modified_gmt":"2026-03-09T19:29:40","slug":"taller-de-cocina-romana-de-re-coquinaria","status":"publish","type":"page","link":"https:\/\/culturaclasica.net\/ludi_saguntini\/taller-de-cocina-romana-de-re-coquinaria\/","title":{"rendered":"Taller de cocina romana \u00abDe re coquinaria\u00bb"},"content":{"rendered":"<p><div class=\"fusion-fullwidth fullwidth-box nonhundred-percent-fullwidth non-hundred-percent-height-scrolling\"  style='background-color: rgba(255,255,255,0);background-position: center center;background-repeat: no-repeat;padding-top:0px;padding-right:0px;padding-bottom:0px;padding-left:0px;'><div class=\"fusion-builder-row fusion-row \"><div  class=\"fusion-layout-column fusion_builder_column fusion_builder_column_1_1  fusion-one-full fusion-column-first fusion-column-last 1_1\"  style='margin-top:0px;margin-bottom:0px;'>\n\t\t\t\t\t<div class=\"fusion-column-wrapper\" style=\"background-position:left top;background-repeat:no-repeat;-webkit-background-size:cover;-moz-background-size:cover;-o-background-size:cover;background-size:cover;\"  data-bg-url=\"\">\n\t\t\t\t\t\t<div class=\"fusion-text\"><h2>Taller de cocina romana \u00abDe re coquinaria\u00bb<\/h2>\n<\/div><div class=\"imageframe-align-center\"><span class=\"fusion-imageframe imageframe-none imageframe-1 hover-type-none\"><img loading=\"lazy\" decoding=\"async\" src=\"https:\/\/culturaclasica.net\/ludi_saguntini\/wp-content\/uploads\/2022\/11\/foto-cocina-300x169.jpg\" width=\"300\" height=\"169\" alt=\"\" title=\"foto cocina\" class=\"img-responsive wp-image-2022\" srcset=\"https:\/\/culturaclasica.net\/ludi_saguntini\/wp-content\/uploads\/2022\/11\/foto-cocina-200x113.jpg 200w, https:\/\/culturaclasica.net\/ludi_saguntini\/wp-content\/uploads\/2022\/11\/foto-cocina-400x225.jpg 400w, https:\/\/culturaclasica.net\/ludi_saguntini\/wp-content\/uploads\/2022\/11\/foto-cocina-600x338.jpg 600w, https:\/\/culturaclasica.net\/ludi_saguntini\/wp-content\/uploads\/2022\/11\/foto-cocina-800x450.jpg 800w, https:\/\/culturaclasica.net\/ludi_saguntini\/wp-content\/uploads\/2022\/11\/foto-cocina-1200x675.jpg 1200w, https:\/\/culturaclasica.net\/ludi_saguntini\/wp-content\/uploads\/2022\/11\/foto-cocina.jpg 1280w\" sizes=\"(max-width: 800px) 100vw, 300px\" \/><\/span><\/div><div class=\"fusion-text\"><p><span style=\"font-family: georgia, serif; font-size: large;\">El taller de COCINA est\u00e1 realizado por Charo Marco, profesora de ense\u00f1anza secundaria del\u00a0<a href=\"https:\/\/portal.edu.gva.es\/46022580\/es\/inicio\/\" target=\"_blank\" rel=\"noopener\" data-saferedirecturl=\"https:\/\/www.google.com\/url?q=https:\/\/portal.edu.gva.es\/46022580\/es\/inicio\/&amp;source=gmail&amp;ust=1742665375769000&amp;usg=AOvVaw0Cnu21z5TLQP13d18K8hcV\">IES Ausi\u00e0s March<\/a>\u00a0(Manises) actualmente en el espacio tem\u00e1tico de cultura cl\u00e1sica,\u00a0<a href=\"http:\/\/domusbaebia.blogspot.com\/\" target=\"_blank\" rel=\"noopener\" data-saferedirecturl=\"https:\/\/www.google.com\/url?q=http:\/\/domusbaebia.blogspot.com\/&amp;source=gmail&amp;ust=1742665375769000&amp;usg=AOvVaw0PWmtMsMF-DFSION6TNvR9\">SAGVNTINA DOMVS BAEBIA<\/a>, con la colaboraci\u00f3n de\u00a0Natalia Molina, profesora de ense\u00f1anza secundaria del\u00a0<a href=\"https:\/\/www.colegiosocorro.es\/\" target=\"_blank\" rel=\"noopener\" data-saferedirecturl=\"https:\/\/www.google.com\/url?q=https:\/\/www.colegiosocorro.es\/&amp;source=gmail&amp;ust=1742665375769000&amp;usg=AOvVaw1Je9XvnSmbZ07h-HSNDITU\">Colegio Nuestra Se\u00f1ora del Socorro<\/a> (Benet\u00fasser), Alexandra Puchol, profesora de ense\u00f1anza secundaria del <a href=\"https:\/\/portal.edu.gva.es\/iesgabrielciscar\/\">IES Gabriel Ciscar<\/a> (Oliva),\u00a0 Miriam Roa, profesora de ense\u00f1anza secundaria del <a href=\"https:\/\/sagradafamiliasilla.es\/\" target=\"_blank\" rel=\"noopener\" data-saferedirecturl=\"https:\/\/www.google.com\/url?q=https:\/\/sagradafamiliasilla.es\/&amp;source=gmail&amp;ust=1742665375769000&amp;usg=AOvVaw1Ortb5z4ALztvEBRZ-nt0R\">Colegio Sagrada Familia<\/a> (Silla), Laura Rosa Silvestre, profesora de ense\u00f1anza secundaria del <a href=\"https:\/\/portal.edu.gva.es\/ieslaplana\/\">IES La Plana<\/a> (Castell\u00f3n) y Roc\u00edo Ferreras, profesora de ense\u00f1anza secundaria del <a href=\"https:\/\/portal.edu.gva.es\/ieslesfoies\/\">IES Les Foies<\/a> (Benig\u00e0nim).<\/span><\/p>\n<p class=\"p1\">A trav\u00e9s del taller de cocina romana antigua nos sumergiremos en un banquete romano, en concreto en la recreaci\u00f3n de la famosa cena de Trimalci\u00f3n de Petronio.<span class=\"Apple-converted-space\">\u00a0 <\/span>En la recreaci\u00f3n se hablar\u00e1 del protocolo, de los personajes, del men\u00fa servido y de los rituales que se llevaban a cabo.<\/p>\n<p class=\"p1\">OBJETIVO: Introducci\u00f3n en el banquete romano con la finalidad de reflexionar sobre las costumbres culinarias y su legado en la actualidad.<\/p>\n<p class=\"p2\">ESTRUCTURA: El taller-exposici\u00f3n consta de las siguientes partes:<\/p>\n<p><span class=\"s3\"><b>1. EXPOSITIVA <\/b><\/span><\/p>\n<p class=\"p1\">En la recreaci\u00f3n del <i>triclinium <\/i>de Trimalci\u00f3n aprenderemos las partes de un banquete romano, c\u00f3mo se colocaban los invitados, el men\u00fa presentado, las supersticiones y curiosidades, etc.<\/p>\n<p><span class=\"s3\"><b>2. INFORMATIVA-VIVENCIAL<\/b><\/span><\/p>\n<p class=\"p2\">La recreaci\u00f3n del banquete abarca diferentes apartados:<\/p>\n<p class=\"p2\">2.1. Comidas del d\u00eda.<\/p>\n<p class=\"p2\">2.2. <i>El triclinium<\/i> romano.<\/p>\n<p class=\"p2\">2.3. Invitados y colocaci\u00f3n.<\/p>\n<p class=\"p2\">2.4. Alimentos que se sirvieron en la cena de Trimalci\u00f3n<\/p>\n<p class=\"p2\">2.5. Protocolo y supersticiones.<\/p>\n<p><span class=\"s3\"><b>3. TALLER DE COCINA<\/b><\/span><\/p>\n<p class=\"p2\">Los asistentes realizar\u00e1n un condimento romano basado en una receta de Apicio y se har\u00e1 una peque\u00f1a degustaci\u00f3n.<\/p>\n<p><span class=\"s3\"><b>4. CUADERNO DID\u00c1CTICO<\/b><\/span><\/p>\n<p class=\"p2\">El cuaderno explicativo de las caracter\u00edsticas de la cocina romana antigua con un peque\u00f1o dossier de recetas se puede\u00a0descargar.<\/p>\n<div id=\"gtx-trans\" style=\"position: absolute; left: 1026px; top: 94.5px;\">\n<div class=\"gtx-trans-icon\"><\/div>\n<\/div>\n<\/div><div class=\"fusion-clearfix\"><\/div>\n\n\t\t\t\t\t<\/div>\n\t\t\t\t<\/div><\/div><\/div><\/p>","protected":false},"excerpt":{"rendered":"","protected":false},"author":4,"featured_media":0,"parent":0,"menu_order":0,"comment_status":"closed","ping_status":"closed","template":"","meta":{"footnotes":""},"_links":{"self":[{"href":"https:\/\/culturaclasica.net\/ludi_saguntini\/wp-json\/wp\/v2\/pages\/1485"}],"collection":[{"href":"https:\/\/culturaclasica.net\/ludi_saguntini\/wp-json\/wp\/v2\/pages"}],"about":[{"href":"https:\/\/culturaclasica.net\/ludi_saguntini\/wp-json\/wp\/v2\/types\/page"}],"author":[{"embeddable":true,"href":"https:\/\/culturaclasica.net\/ludi_saguntini\/wp-json\/wp\/v2\/users\/4"}],"replies":[{"embeddable":true,"href":"https:\/\/culturaclasica.net\/ludi_saguntini\/wp-json\/wp\/v2\/comments?post=1485"}],"version-history":[{"count":30,"href":"https:\/\/culturaclasica.net\/ludi_saguntini\/wp-json\/wp\/v2\/pages\/1485\/revisions"}],"predecessor-version":[{"id":2350,"href":"https:\/\/culturaclasica.net\/ludi_saguntini\/wp-json\/wp\/v2\/pages\/1485\/revisions\/2350"}],"wp:attachment":[{"href":"https:\/\/culturaclasica.net\/ludi_saguntini\/wp-json\/wp\/v2\/media?parent=1485"}],"curies":[{"name":"wp","href":"https:\/\/api.w.org\/{rel}","templated":true}]}}