{"id":1470,"date":"2017-11-20T16:08:50","date_gmt":"2017-11-20T15:08:50","guid":{"rendered":"https:\/\/culturaclasica.net\/ludi_saguntini\/?page_id=1470"},"modified":"2022-12-17T13:53:25","modified_gmt":"2022-12-17T12:53:25","slug":"olimposchola","status":"publish","type":"page","link":"https:\/\/culturaclasica.net\/ludi_saguntini\/olimposchola\/","title":{"rendered":"OlimpoSchola"},"content":{"rendered":"<p><div class=\"fusion-fullwidth fullwidth-box nonhundred-percent-fullwidth non-hundred-percent-height-scrolling\"  style='background-color: rgba(255,255,255,0);background-position: center center;background-repeat: no-repeat;padding-top:0px;padding-right:0px;padding-bottom:0px;padding-left:0px;'><div class=\"fusion-builder-row fusion-row \"><div  class=\"fusion-layout-column fusion_builder_column fusion_builder_column_1_1  fusion-one-full fusion-column-first fusion-column-last 1_1\"  style='margin-top:0px;margin-bottom:0px;'>\n\t\t\t\t\t<div class=\"fusion-column-wrapper\" style=\"background-position:left top;background-repeat:no-repeat;-webkit-background-size:cover;-moz-background-size:cover;-o-background-size:cover;background-size:cover;\"  data-bg-url=\"\">\n\t\t\t\t\t\t<div class=\"fusion-text\"><div>\n<div>\n<div>\n<div>\n<div>\n<div>\n<p>El planteamiento de esta actividad, dirigida unos d\u00edas a los alumnos del 3r ciclo de Primaria es el siguiente:<\/p>\n<ul>\n<li>Cada alumno asiste a una representaci\u00f3n teatral y realiza un taller (siempre que sea posible, no todos los d\u00edas ni para todo el alumnado).<\/li>\n<\/ul>\n<p>TEATRO<\/p>\n<p>Este taller ser\u00e1 realizado unos d\u00edas por alumnos del IES \u00abClot del Moro\u00bb y otros d\u00edas por alumnos del CEIP \u00abCronista Chabret\u00bb. Los profesores que lo han dise\u00f1ado han sido los siguientes:\u00a0 Pilar Ari\u00f1o, Jos\u00e9 Maria Ram\u00edrez Soldado y Maribel Mezquita.<\/p>\n<p>Este taller pretende introducir a los alumnos en el mundo de los dioses y la mitolog\u00eda por medio del juego dram\u00e1tico.<\/p>\n<p><a href=\"https:\/\/culturaclasica.net\/ludi_saguntini\/teatre-olimposchola\/\">Informaci\u00f3n ampliada sobre las obras.<\/a><\/p>\n<p>OBJETIVOS:<\/p>\n<p>I.- Acercar el mundo de la cultura cl\u00e1sica al alumnado de primaria.<\/p>\n<p>II.- Disfrutar del espacio teatral y del aprendizaje mediante la inmersi\u00f3n dram\u00e1tica.<\/p>\n<p>III.- Conocer el nombre de los dioses del Olimpo y sus atributos.<\/p>\n<p>IV.- Introducirnos en el mundo de la mitolog\u00eda por medio del mito del Minotauro.<\/p>\n<\/div>\n<\/div>\n<\/div>\n<\/div>\n<\/div>\n<\/div>\n<div>\n<div>ESTRUCTURA:<\/div>\n<div>I.- Representaci\u00f3n teatral.<\/div>\n<div><\/div>\n<div>\n<p>II.-\u00a0 Forum teatral<\/p>\n<\/div>\n<div>En este espacio el alumnado se convertir\u00e1 en el protagonista de la actividad porque actores y p\u00fablico intercambiar\u00e1n experiencias, opiniones y aprendizajes. Solo se realizar\u00e1 en caso de que haya tiempo.<\/div>\n<div><\/div>\n<div>TALLERES:<\/div>\n<div><\/div>\n<div>\n<div><span style=\"color: #222222; font-family: arial, sans-serif; font-size: small;\">Los talleres los llevar\u00e1n a cabo voluntarios de la UV.<\/span><\/div>\n<div><span style=\"color: #222222; font-family: arial, sans-serif; font-size: small;\">\u00a0<\/span><\/div>\n<div><span style=\"color: #222222; font-family: arial, sans-serif; font-size: small;\">Se realizar\u00e1n los siguientes talleres:<\/span><\/div>\n<ul>\n<li><span style=\"color: #222222; font-family: arial, sans-serif; font-size: small;\">Taller de juegos romanos.<\/span><\/li>\n<li><span style=\"color: #222222; font-family: arial, sans-serif; font-size: small;\">Taller de genealogia de \u00a0los dioses.<\/span><\/li>\n<\/ul>\n<\/div>\n<\/div>\n<\/div><span class=\"fusion-imageframe imageframe-none imageframe-1 hover-type-none\"><img loading=\"lazy\" decoding=\"async\" src=\"https:\/\/culturaclasica.net\/ludi_saguntini\/wp-content\/uploads\/2022\/12\/WhatsApp-Image-2022-12-16-at-19.36.00-300x225.jpeg\" width=\"300\" height=\"225\" alt=\"\" title=\"WhatsApp Image 2022-12-16 at 19.36.00\" class=\"img-responsive wp-image-2136\" srcset=\"https:\/\/culturaclasica.net\/ludi_saguntini\/wp-content\/uploads\/2022\/12\/WhatsApp-Image-2022-12-16-at-19.36.00-200x150.jpeg 200w, https:\/\/culturaclasica.net\/ludi_saguntini\/wp-content\/uploads\/2022\/12\/WhatsApp-Image-2022-12-16-at-19.36.00-400x300.jpeg 400w, https:\/\/culturaclasica.net\/ludi_saguntini\/wp-content\/uploads\/2022\/12\/WhatsApp-Image-2022-12-16-at-19.36.00-600x450.jpeg 600w, https:\/\/culturaclasica.net\/ludi_saguntini\/wp-content\/uploads\/2022\/12\/WhatsApp-Image-2022-12-16-at-19.36.00-800x600.jpeg 800w, https:\/\/culturaclasica.net\/ludi_saguntini\/wp-content\/uploads\/2022\/12\/WhatsApp-Image-2022-12-16-at-19.36.00-1200x900.jpeg 1200w, https:\/\/culturaclasica.net\/ludi_saguntini\/wp-content\/uploads\/2022\/12\/WhatsApp-Image-2022-12-16-at-19.36.00.jpeg 1600w\" sizes=\"(max-width: 800px) 100vw, 300px\" \/><\/span><div class=\"fusion-clearfix\"><\/div>\n\n\t\t\t\t\t<\/div>\n\t\t\t\t<\/div><\/div><\/div><\/p>","protected":false},"excerpt":{"rendered":"","protected":false},"author":4,"featured_media":0,"parent":0,"menu_order":0,"comment_status":"closed","ping_status":"closed","template":"","meta":{"footnotes":""},"_links":{"self":[{"href":"https:\/\/culturaclasica.net\/ludi_saguntini\/wp-json\/wp\/v2\/pages\/1470"}],"collection":[{"href":"https:\/\/culturaclasica.net\/ludi_saguntini\/wp-json\/wp\/v2\/pages"}],"about":[{"href":"https:\/\/culturaclasica.net\/ludi_saguntini\/wp-json\/wp\/v2\/types\/page"}],"author":[{"embeddable":true,"href":"https:\/\/culturaclasica.net\/ludi_saguntini\/wp-json\/wp\/v2\/users\/4"}],"replies":[{"embeddable":true,"href":"https:\/\/culturaclasica.net\/ludi_saguntini\/wp-json\/wp\/v2\/comments?post=1470"}],"version-history":[{"count":9,"href":"https:\/\/culturaclasica.net\/ludi_saguntini\/wp-json\/wp\/v2\/pages\/1470\/revisions"}],"predecessor-version":[{"id":2149,"href":"https:\/\/culturaclasica.net\/ludi_saguntini\/wp-json\/wp\/v2\/pages\/1470\/revisions\/2149"}],"wp:attachment":[{"href":"https:\/\/culturaclasica.net\/ludi_saguntini\/wp-json\/wp\/v2\/media?parent=1470"}],"curies":[{"name":"wp","href":"https:\/\/api.w.org\/{rel}","templated":true}]}}