{"id":1448,"date":"2017-11-19T22:19:09","date_gmt":"2017-11-19T21:19:09","guid":{"rendered":"https:\/\/culturaclasica.net\/ludi_saguntini\/?page_id=1448"},"modified":"2026-03-12T19:26:54","modified_gmt":"2026-03-12T18:26:54","slug":"taller-del-tiempo-tempore-capto","status":"publish","type":"page","link":"https:\/\/culturaclasica.net\/ludi_saguntini\/taller-del-tiempo-tempore-capto\/","title":{"rendered":"Taller del tiempo \u00abTempore capto\u00bb"},"content":{"rendered":"<p><div class=\"fusion-fullwidth fullwidth-box nonhundred-percent-fullwidth non-hundred-percent-height-scrolling\"  style='background-color: rgba(255,255,255,0);background-position: center center;background-repeat: no-repeat;padding-top:0px;padding-right:0px;padding-bottom:0px;padding-left:0px;'><div class=\"fusion-builder-row fusion-row \"><div  class=\"fusion-layout-column fusion_builder_column fusion_builder_column_1_1  fusion-one-full fusion-column-first fusion-column-last 1_1\"  style='margin-top:0px;margin-bottom:0px;'>\n\t\t\t\t\t<div class=\"fusion-column-wrapper\" style=\"background-position:left top;background-repeat:no-repeat;-webkit-background-size:cover;-moz-background-size:cover;-o-background-size:cover;background-size:cover;\"  data-bg-url=\"\">\n\t\t\t\t\t\t<div class=\"fusion-text\"><h2>Taller del tiempo \u00abTempore capto\u00bb<\/h2>\n<\/div><div class=\"fusion-text\"><p class=\"p3\"><span class=\"s1\">Est\u00e1 realizado por las profesoras de educaci\u00f3n secundaria Salut Ferr\u00eds (IES Consuelo Aranda, Alberic), Llu\u00efsa Merino (IES C\u00e0rcer), y Amparo Moreno (IES Benlliure de Valencia, actualmente en\u00a0<\/span><span class=\"s2\">el Aula did\u00e1ctica de cultura cl\u00e1sica,\u00a0<\/span><span class=\"s2\"><a href=\"http:\/\/domusbaebia.blogspot.com\/\"><span class=\"s3\">SAGUNTINA DOMUS BAEBIA<\/span><\/a><\/span><span class=\"s2\">), con la colaboraci\u00f3n de <\/span>Irene Aparicio (IES Enguera), Cristina Tejedor (IES Maria Moliner, del Puerto de Sagunto), Ana Herrador (IES Andreu Alfaro,\u00a0 de Paiporta),\u00a0Eduardo Calabuig (IES Violant de Casalduch, de Benicassim),\u00a0 Aida Mu\u00f1oz (IES Tierno Galv\u00e1n, de Moncada),\u00a0Mireia V\u00e9lez (IES C\u00e1rcer).<\/p>\n<p class=\"p3\"><span class=\"s2\">\u00a0<\/span><\/p>\n<p>OBJETIVO: El acercamiento a las formas de medir el tiempo en la antig\u00fcedad, y la importancia que esta medida tiene para todos los aspectos de la vida: agrarios, pol\u00edticos, sociales, festivos\u2026 a trav\u00e9s de la recreaci\u00f3n de la jornada romana de un senador.<\/p>\n<p>ESTRUCTURA: El taller consta de las siguientes partes:<\/p>\n<ol class=\"ol1\">\n<li class=\"li3\"><span class=\"s1\"><strong>PANELES EXPOSITIVOS E INFORMATIVOS sobre:<\/strong><\/span>\n<ol class=\"ol2\">\n<li class=\"li3\"><span class=\"s1\">Modo de medir el tiempo:<\/span>\n<ul>\n<li class=\"li4\"><span class=\"s1\">Horas, d\u00edas, semanas, nundinae, meses, a\u00f1os<\/span><\/li>\n<li class=\"li4\"><span class=\"s1\">Los calendarios griego y romano<\/span><\/li>\n<li class=\"li4\"><span class=\"s1\">La evoluci\u00f3n de los relojes y el c\u00f3mputo del tiempo. Maquetas y reproducciones de los distintos tipos de relojes y calendarios.<\/span><\/li>\n<\/ul>\n<\/li>\n<li class=\"li3\">Tiempo cotidiano de una persona en Roma en el siglo I.<br \/>\nRecreaci\u00f3n de la jornada diaria de personajes romanos t\u00edpicos: la matrona, el senador, el gladiador, el soldado\u2026<\/li>\n<\/ol>\n<\/li>\n<\/ol>\n<p class=\"p6\"><span class=\"s1\"><strong>2. RECREACIONES DE LAS PRINCIPALES FIESTAS<\/strong>\u00a0ROMANAS, agrupadas en:<\/span><\/p>\n<p class=\"p7\"><span class=\"s1\">&#8211; ciclo agrario \/fertilidad<\/span><\/p>\n<p class=\"p7\"><span class=\"s1\">&#8211; ciclo guerrero<\/span><\/p>\n<p class=\"p7\"><span class=\"s1\">&#8211; ciclo muerte<\/span><\/p>\n<p class=\"p6\"><span class=\"s1\"><strong>3<\/strong><\/span><span class=\"s1\"><strong>.TALLER \u201cTEMPORE CAPTO\u201d:<\/strong><\/span><\/p>\n<p class=\"p1\">Los alumnos ayudar\u00e1n a recrear la jornada de uno o varios personajes romanos, a trav\u00e9s de la cual podr\u00e1n aprender cuestiones relativas al tiempo y los calendarios. Despu\u00e9s confeccionar\u00e1n su propio reloj de sol.<\/p>\n<p align=\"justify\"><span style=\"font-family: Verdana; font-size: small;\">\u00a0<\/span><\/p>\n<\/div><div class=\"fusion-image-carousel fusion-image-carousel-fixed fusion-carousel-border\"><div class=\"fusion-carousel\" data-autoplay=\"no\" data-columns=\"5\" data-itemmargin=\"13\" data-itemwidth=\"180\" data-touchscroll=\"no\" data-imagesize=\"fixed\"><div class=\"fusion-carousel-positioner\"><ul class=\"fusion-carousel-holder\"><li class=\"fusion-carousel-item\"><div class=\"fusion-carousel-item-wrapper\"><div class=\"fusion-image-wrapper hover-type-none\"><img loading=\"lazy\" decoding=\"async\" width=\"320\" height=\"202\" src=\"https:\/\/culturaclasica.net\/ludi_saguntini\/wp-content\/uploads\/2017\/11\/relojes-320x202.jpg\" class=\"attachment-blog-medium size-blog-medium\" alt=\"\" \/><\/div><\/div><\/li><li class=\"fusion-carousel-item\"><div class=\"fusion-carousel-item-wrapper\"><div class=\"fusion-image-wrapper hover-type-none\"><img loading=\"lazy\" decoding=\"async\" width=\"320\" height=\"202\" src=\"https:\/\/culturaclasica.net\/ludi_saguntini\/wp-content\/uploads\/2017\/11\/fiestas-320x202.jpg\" class=\"attachment-blog-medium size-blog-medium\" alt=\"\" \/><\/div><\/div><\/li><\/ul><div class=\"fusion-carousel-nav\"><span class=\"fusion-nav-prev\"><\/span><span class=\"fusion-nav-next\"><\/span><\/div><\/div><\/div><\/div><div class=\"fusion-clearfix\"><\/div>\n\n\t\t\t\t\t<\/div>\n\t\t\t\t<\/div><\/div><\/div><\/p>","protected":false},"excerpt":{"rendered":"","protected":false},"author":4,"featured_media":0,"parent":0,"menu_order":0,"comment_status":"closed","ping_status":"closed","template":"","meta":{"footnotes":""},"_links":{"self":[{"href":"https:\/\/culturaclasica.net\/ludi_saguntini\/wp-json\/wp\/v2\/pages\/1448"}],"collection":[{"href":"https:\/\/culturaclasica.net\/ludi_saguntini\/wp-json\/wp\/v2\/pages"}],"about":[{"href":"https:\/\/culturaclasica.net\/ludi_saguntini\/wp-json\/wp\/v2\/types\/page"}],"author":[{"embeddable":true,"href":"https:\/\/culturaclasica.net\/ludi_saguntini\/wp-json\/wp\/v2\/users\/4"}],"replies":[{"embeddable":true,"href":"https:\/\/culturaclasica.net\/ludi_saguntini\/wp-json\/wp\/v2\/comments?post=1448"}],"version-history":[{"count":14,"href":"https:\/\/culturaclasica.net\/ludi_saguntini\/wp-json\/wp\/v2\/pages\/1448\/revisions"}],"predecessor-version":[{"id":2415,"href":"https:\/\/culturaclasica.net\/ludi_saguntini\/wp-json\/wp\/v2\/pages\/1448\/revisions\/2415"}],"wp:attachment":[{"href":"https:\/\/culturaclasica.net\/ludi_saguntini\/wp-json\/wp\/v2\/media?parent=1448"}],"curies":[{"name":"wp","href":"https:\/\/api.w.org\/{rel}","templated":true}]}}