{"id":1439,"date":"2017-11-19T22:10:16","date_gmt":"2017-11-19T21:10:16","guid":{"rendered":"https:\/\/culturaclasica.net\/ludi_saguntini\/?page_id=1439"},"modified":"2022-12-03T12:15:08","modified_gmt":"2022-12-03T11:15:08","slug":"taller-de-indumentaria-griega-y-romana-fibulae","status":"publish","type":"page","link":"https:\/\/culturaclasica.net\/ludi_saguntini\/en\/taller-de-indumentaria-griega-y-romana-fibulae\/","title":{"rendered":"\u00abFibulae\u00bb"},"content":{"rendered":"<p class=\"qtranxs-available-languages-message qtranxs-available-languages-message-en\">Sorry, this entry is only available in <a href=\"https:\/\/culturaclasica.net\/ludi_saguntini\/es\/wp-json\/wp\/v2\/pages\/1439\" class=\"qtranxs-available-language-link qtranxs-available-language-link-es\" title=\"Espa\u00f1ol\">European Spanish<\/a> and <a href=\"https:\/\/culturaclasica.net\/ludi_saguntini\/ca\/wp-json\/wp\/v2\/pages\/1439\" class=\"qtranxs-available-language-link qtranxs-available-language-link-ca\" title=\"Catal\u00e0\">Catalan<\/a>. For the sake of viewer convenience, the content is shown below in this site default language. You may click one of the links to switch the site language to another available language.<\/p><p><div class=\"fusion-fullwidth fullwidth-box nonhundred-percent-fullwidth non-hundred-percent-height-scrolling\"  style='background-color: rgba(255,255,255,0);background-position: center center;background-repeat: no-repeat;padding-top:0px;padding-right:0px;padding-bottom:0px;padding-left:0px;'><div class=\"fusion-builder-row fusion-row \"><div  class=\"fusion-layout-column fusion_builder_column fusion_builder_column_1_1  fusion-one-full fusion-column-first fusion-column-last 1_1\"  style='margin-top:0px;margin-bottom:0px;'>\n\t\t\t\t\t<div class=\"fusion-column-wrapper\" style=\"background-position:left top;background-repeat:no-repeat;-webkit-background-size:cover;-moz-background-size:cover;-o-background-size:cover;background-size:cover;\"  data-bg-url=\"\">\n\t\t\t\t\t\t<div class=\"fusion-text\"><h2>Taller de indumentaria griega y romana \u00abFibulae\u00bb<\/h2>\n<div id=\"gtx-trans\" style=\"position: absolute; left: 72px; top: -9.22396px;\">\n<div class=\"gtx-trans-icon\"><\/div>\n<\/div>\n<\/div><div class=\"fusion-text\"><p align=\"justify\">Ideado y puesto en marcha por Conxa Pont, profesora de ense\u00f1anza secundaria del IES La Patacona (Alboraia, Valencia) durante varios a\u00f1os se ha realizado gracias a la colaboraci\u00f3n de Blanca G\u00e1lvez, licenciada en Historia y de Celina Blasco. A partir del curso 2022-23 se encargar\u00e1n Eva Ferriols, Amparo Gasent, Javier M\u00e9ndez y Carmen Rabad\u00e1n.<\/p>\n<p align=\"justify\">El taller de indumentaria grecorromana nos muestra la simplicidad y complejidad a la par del atrezzo de los antiguos griegos y romanos, haciendo un estudio, no s\u00f3lo de sus vestidos sino tambi\u00e9n de los peinados, calzado, aderezos, etc.<\/p>\n<p>OBJETIVO: Aprender c\u00f3mo confeccionaban los griegos y romanos cl\u00e1sicos sus vestidos y valorar la complejidad de estos, realizados con los medios disponibles en la Antig\u00fcedad Cl\u00e1sica.<\/p>\n<p>ESTRUCTURA: El taller-exposici\u00f3n consta de las siguientes partes:<\/p>\n<ol>\n<li>\n<p align=\"justify\"><span style=\"font-family: Verdana; font-size: small;\">EXPOSITIVA E INFORMATIVA a trav\u00e9s de paneles sobre los tipos de vestidos y complementos en la antig\u00fcedad (Grecia y Roma), as\u00ed como fotograf\u00edas de talleres anteriores, la muestra de algunos trajes confeccionados y algunas reproducciones relacionadas.<br \/>\n<\/span><\/p>\n<\/li>\n<li>\n<p align=\"justify\"><span style=\"font-family: Verdana; font-size: small;\">TALLER DE INDUMENTARIA: Al finalizar, los asistentes podr\u00e1n realizar una\u00a0<em>bulla<\/em>, que era uno de los complementos t\u00edpicos de la sociedad romana. Un amuleto que acompa\u00f1aba a los ni\u00f1os romanos desde que nac\u00edan hasta que alcanzaban la madurez.<\/span><\/p>\n<\/li>\n<\/ol>\n<p align=\"justify\"><span style=\"font-family: Verdana; font-size: small;\">\u00a0<\/span><\/p>\n<\/div><span class=\"fusion-imageframe imageframe-none imageframe-1 hover-type-none\"><img loading=\"lazy\" decoding=\"async\" src=\"https:\/\/culturaclasica.net\/ludi_saguntini\/wp-content\/uploads\/2017\/11\/indumentaria-300x225.jpg\" width=\"300\" height=\"225\" alt=\"\" title=\"indumentaria\" class=\"img-responsive wp-image-1440\" srcset=\"https:\/\/culturaclasica.net\/ludi_saguntini\/wp-content\/uploads\/2017\/11\/indumentaria-200x150.jpg 200w, https:\/\/culturaclasica.net\/ludi_saguntini\/wp-content\/uploads\/2017\/11\/indumentaria-400x300.jpg 400w, https:\/\/culturaclasica.net\/ludi_saguntini\/wp-content\/uploads\/2017\/11\/indumentaria-600x450.jpg 600w, https:\/\/culturaclasica.net\/ludi_saguntini\/wp-content\/uploads\/2017\/11\/indumentaria.jpg 640w\" sizes=\"(max-width: 800px) 100vw, 300px\" \/><\/span><div class=\"fusion-clearfix\"><\/div>\n\n\t\t\t\t\t<\/div>\n\t\t\t\t<\/div><\/div><\/div><\/p>","protected":false},"excerpt":{"rendered":"","protected":false},"author":4,"featured_media":0,"parent":0,"menu_order":0,"comment_status":"closed","ping_status":"closed","template":"","meta":{"footnotes":""},"_links":{"self":[{"href":"https:\/\/culturaclasica.net\/ludi_saguntini\/en\/wp-json\/wp\/v2\/pages\/1439"}],"collection":[{"href":"https:\/\/culturaclasica.net\/ludi_saguntini\/en\/wp-json\/wp\/v2\/pages"}],"about":[{"href":"https:\/\/culturaclasica.net\/ludi_saguntini\/en\/wp-json\/wp\/v2\/types\/page"}],"author":[{"embeddable":true,"href":"https:\/\/culturaclasica.net\/ludi_saguntini\/en\/wp-json\/wp\/v2\/users\/4"}],"replies":[{"embeddable":true,"href":"https:\/\/culturaclasica.net\/ludi_saguntini\/en\/wp-json\/wp\/v2\/comments?post=1439"}],"version-history":[{"count":9,"href":"https:\/\/culturaclasica.net\/ludi_saguntini\/en\/wp-json\/wp\/v2\/pages\/1439\/revisions"}],"predecessor-version":[{"id":2050,"href":"https:\/\/culturaclasica.net\/ludi_saguntini\/en\/wp-json\/wp\/v2\/pages\/1439\/revisions\/2050"}],"wp:attachment":[{"href":"https:\/\/culturaclasica.net\/ludi_saguntini\/en\/wp-json\/wp\/v2\/media?parent=1439"}],"curies":[{"name":"wp","href":"https:\/\/api.w.org\/{rel}","templated":true}]}}