{"id":1396,"date":"2017-11-19T16:21:45","date_gmt":"2017-11-19T15:21:45","guid":{"rendered":"https:\/\/culturaclasica.net\/ludi_saguntini\/?page_id=1396"},"modified":"2017-11-19T16:23:19","modified_gmt":"2017-11-19T15:23:19","slug":"via-portici","status":"publish","type":"page","link":"https:\/\/culturaclasica.net\/ludi_saguntini\/via-portici\/","title":{"rendered":"Via Portici"},"content":{"rendered":"<p><div class=\"fusion-fullwidth fullwidth-box nonhundred-percent-fullwidth non-hundred-percent-height-scrolling\"  style='background-color: rgba(255,255,255,0);background-position: center center;background-repeat: no-repeat;padding-top:0px;padding-right:0px;padding-bottom:0px;padding-left:0px;'><div class=\"fusion-builder-row fusion-row \"><div  class=\"fusion-layout-column fusion_builder_column fusion_builder_column_1_1  fusion-one-full fusion-column-first fusion-column-last 1_1\"  style='margin-top:0px;margin-bottom:0px;'>\n\t\t\t\t\t<div class=\"fusion-column-wrapper\" style=\"background-position:left top;background-repeat:no-repeat;-webkit-background-size:cover;-moz-background-size:cover;-o-background-size:cover;background-size:cover;\"  data-bg-url=\"\">\n\t\t\t\t\t\t<div class=\"fusion-text\"><p>En este espacio se observa la evoluci\u00f3n de la historia urbana de Saguntum. En el siglo I, localizamos una v\u00eda funeraria de entrada a la ciudad que, con el proyecto urban\u00edstico de \u00e9poca antoimperial y la monumentalizaci\u00f3n producida en el siglo II, se transforma en una importante calzada urbana. En el siglo III-IV esta v\u00eda se reduce parcialmente por la construcci\u00f3n de viviendas.<\/p>\n<p>Nos encontramos ante una v\u00eda de entrada a la ciudad, en cuyos m\u00e1rgenes se emplaza una necr\u00f3polis en el s. I. Posteriormente, este espacio se monumentaliza con la construcci\u00f3n de varias estructuras de grandes dimensiones, entre las que destaca un edificio o recinto destinado al culto.<\/p>\n<p>A partir del s. III-IV, este espacio se transforma en una zona de viviendas que siguen utilizando las calles preexistentes. En esta \u00e9poca tardorromana se anula la cloaca central de la calzada al utilizarse como espacio de enterramiento.<\/p>\n<p>En \u00e9poca medieval se documentan una serie de viviendas y estructuras isl\u00e1micas que perviven en \u00e9poca cristiana.<\/p>\n<\/div><span class=\"fusion-imageframe imageframe-none imageframe-1 hover-type-none\"><img loading=\"lazy\" decoding=\"async\" src=\"https:\/\/culturaclasica.net\/ludi_saguntini\/wp-content\/uploads\/2017\/11\/Via_Portici-224x300.jpg\" width=\"224\" height=\"300\" alt=\"\" title=\"Via_Portici\" class=\"img-responsive wp-image-1397\" srcset=\"https:\/\/culturaclasica.net\/ludi_saguntini\/wp-content\/uploads\/2017\/11\/Via_Portici-200x268.jpg 200w, https:\/\/culturaclasica.net\/ludi_saguntini\/wp-content\/uploads\/2017\/11\/Via_Portici.jpg 239w\" sizes=\"(max-width: 800px) 100vw, 224px\" \/><\/span><div class=\"fusion-text\"><p style=\"text-align: center;\">(<a href=\"http:\/\/www.flickr.com\/photos\/ovando\/sets\/72157632582557693\">Im\u00e1genes<\/a>)<\/p>\n<\/div><div class=\"fusion-clearfix\"><\/div>\n\n\t\t\t\t\t<\/div>\n\t\t\t\t<\/div><\/div><\/div><div class=\"fusion-fullwidth fullwidth-box nonhundred-percent-fullwidth non-hundred-percent-height-scrolling\"  style='background-color: rgba(255,255,255,0);background-position: center center;background-repeat: no-repeat;padding-top:0px;padding-right:0px;padding-bottom:0px;padding-left:0px;'><div class=\"fusion-builder-row fusion-row \"><div  class=\"fusion-layout-column fusion_builder_column fusion_builder_column_1_1  fusion-one-full fusion-column-first fusion-column-last 1_1\"  style='margin-top:0px;margin-bottom:0px;'>\n\t\t\t\t\t<div class=\"fusion-column-wrapper\" style=\"background-position:left top;background-repeat:no-repeat;-webkit-background-size:cover;-moz-background-size:cover;-o-background-size:cover;background-size:cover;\"  data-bg-url=\"\">\n\t\t\t\t\t\t<div class=\"fusion-text\"><p>En este espacio se observa la evoluci\u00f3n de la historia urbana de Saguntum. En el siglo I, localizamos una v\u00eda funeraria de entrada a la ciudad que, con el proyecto urban\u00edstico de \u00e9poca antoimperial y la monumentalizaci\u00f3n producida en el siglo II, se transforma en una importante calzada urbana. En el siglo III-IV esta v\u00eda se reduce parcialmente por la construcci\u00f3n de viviendas.<\/p>\n<p>Nos encontramos ante una v\u00eda de entrada a la ciudad, en cuyos m\u00e1rgenes se emplaza una necr\u00f3polis en el s. I. Posteriormente, este espacio se monumentaliza con la construcci\u00f3n de varias estructuras de grandes dimensiones, entre las que destaca un edificio o recinto destinado al culto.<\/p>\n<p>A partir del s. III-IV, este espacio se transforma en una zona de viviendas que siguen utilizando las calles preexistentes. En esta \u00e9poca tardorromana se anula la cloaca central de la calzada al utilizarse como espacio de enterramiento.<\/p>\n<p>En \u00e9poca medieval se documentan una serie de viviendas y estructuras isl\u00e1micas que perviven en \u00e9poca cristiana.<\/p>\n<\/div><span class=\"fusion-imageframe imageframe-none imageframe-2 hover-type-none\"><img loading=\"lazy\" decoding=\"async\" src=\"https:\/\/culturaclasica.net\/ludi_saguntini\/wp-content\/uploads\/2017\/11\/Via_Portici-224x300.jpg\" width=\"224\" height=\"300\" alt=\"\" title=\"Via_Portici\" class=\"img-responsive wp-image-1397\" srcset=\"https:\/\/culturaclasica.net\/ludi_saguntini\/wp-content\/uploads\/2017\/11\/Via_Portici-200x268.jpg 200w, https:\/\/culturaclasica.net\/ludi_saguntini\/wp-content\/uploads\/2017\/11\/Via_Portici.jpg 239w\" sizes=\"(max-width: 800px) 100vw, 224px\" \/><\/span><div class=\"fusion-text\"><p style=\"text-align: center;\">(<a href=\"http:\/\/www.flickr.com\/photos\/ovando\/sets\/72157632582557693\">Im\u00e1genes<\/a>)<\/p>\n<\/div><div class=\"fusion-clearfix\"><\/div>\n\n\t\t\t\t\t<\/div>\n\t\t\t\t<\/div><\/div><\/div><\/p>","protected":false},"excerpt":{"rendered":"","protected":false},"author":4,"featured_media":0,"parent":0,"menu_order":0,"comment_status":"closed","ping_status":"closed","template":"","meta":{"footnotes":""},"_links":{"self":[{"href":"https:\/\/culturaclasica.net\/ludi_saguntini\/wp-json\/wp\/v2\/pages\/1396"}],"collection":[{"href":"https:\/\/culturaclasica.net\/ludi_saguntini\/wp-json\/wp\/v2\/pages"}],"about":[{"href":"https:\/\/culturaclasica.net\/ludi_saguntini\/wp-json\/wp\/v2\/types\/page"}],"author":[{"embeddable":true,"href":"https:\/\/culturaclasica.net\/ludi_saguntini\/wp-json\/wp\/v2\/users\/4"}],"replies":[{"embeddable":true,"href":"https:\/\/culturaclasica.net\/ludi_saguntini\/wp-json\/wp\/v2\/comments?post=1396"}],"version-history":[{"count":3,"href":"https:\/\/culturaclasica.net\/ludi_saguntini\/wp-json\/wp\/v2\/pages\/1396\/revisions"}],"predecessor-version":[{"id":1400,"href":"https:\/\/culturaclasica.net\/ludi_saguntini\/wp-json\/wp\/v2\/pages\/1396\/revisions\/1400"}],"wp:attachment":[{"href":"https:\/\/culturaclasica.net\/ludi_saguntini\/wp-json\/wp\/v2\/media?parent=1396"}],"curies":[{"name":"wp","href":"https:\/\/api.w.org\/{rel}","templated":true}]}}