{"id":2424,"date":"2026-04-14T20:10:15","date_gmt":"2026-04-14T18:10:15","guid":{"rendered":"https:\/\/culturaclasica.net\/ludi_saguntini\/?page_id=2424"},"modified":"2026-04-14T20:15:59","modified_gmt":"2026-04-14T18:15:59","slug":"panateneas","status":"publish","type":"page","link":"https:\/\/culturaclasica.net\/ludi_saguntini\/fr\/panateneas\/","title":{"rendered":"(Espa\u00f1ol) Panateneas"},"content":{"rendered":"<p class=\"qtranxs-available-languages-message qtranxs-available-languages-message-fr\">D\u00e9sol\u00e9, cet article est seulement disponible en <a href=\"https:\/\/culturaclasica.net\/ludi_saguntini\/es\/wp-json\/wp\/v2\/pages\/2424\" class=\"qtranxs-available-language-link qtranxs-available-language-link-es\" title=\"Espa\u00f1ol\">Espagnol Europ\u00e9en<\/a> et <a href=\"https:\/\/culturaclasica.net\/ludi_saguntini\/ca\/wp-json\/wp\/v2\/pages\/2424\" class=\"qtranxs-available-language-link qtranxs-available-language-link-ca\" title=\"Catal\u00e0\">Catalan<\/a>. Pour le confort de l\u2019utilisateur, le contenu est affich\u00e9 ci-dessous dans la langue par d\u00e9faut du site. Vous pouvez cliquer l\u2019un des liens pour changer la langue du site en une autre langue disponible.<\/p><p><\/p>\n<h3 style=\"text-align: center;\">POMPA LVDI SAGVNTINI<br \/>\nMMXXVI<br \/>\nPANATENEAS<br \/>\n\u03a0\u03b1\u03bd\u03b1\u03b8\u03ae\u03bd\u03b1\u03b9\u03b1<br \/>\n24 de abril 2026<br \/>\nLa Pompa de los Ludi Saguntini MMXXVI est\u00e1 dedicada a la fiesta de las<br \/>\nPANATENEAS, en honor al nacimiento de la diosa protectora de la ciudad de Atenas.<\/h3>\n<p style=\"text-align: center;\">Puedes descargar la informaci\u00f3n <a href=\"https:\/\/es.scribd.com\/document\/999828695\/Panateneas-Web\">aqu\u00ed<\/a>.<\/p>\n<p style=\"text-align: center;\"><iframe loading=\"lazy\" class=\"scribd_iframe_embed\" tabindex=\"0\" title=\"Panateneas Web\" src=\"https:\/\/www.scribd.com\/embeds\/999828695\/content?start_page=1&amp;view_mode=scroll&amp;access_key=key-zKoM2mfhgbbpWQrMVOMI\" width=\"100%\" height=\"600\" frameborder=\"0\" scrolling=\"no\" data-auto-height=\"true\" data-aspect-ratio=\"0.707221350078493\"><\/iframe><\/p>\n<p style=\"margin: 12px auto 6px; font-family: Helvetica, Arial, sans-serif; font-size: 14px; line-height: normal; display: block; text-align: center;\"><a style=\"color: #098642; text-decoration: underline;\" title=\"View Panateneas Web on Scribd\" href=\"https:\/\/www.scribd.com\/document\/999828695\/Panateneas-Web#from_embed\"> Panateneas Web <\/a> by <a style=\"color: #098642; text-decoration: underline;\" title=\"View domusbaebia's profile on Scribd\" href=\"https:\/\/www.scribd.com\/user\/27048258\/domusbaebia#from_embed\"> domusbaebia <\/a><\/p>\n<p><\/p>","protected":false},"excerpt":{"rendered":"<p>D\u00e9sol\u00e9, cet article est seulement disponible en Espagnol Europ\u00e9en et Catalan. Pour le confort de l\u2019utilisateur, le contenu est affich\u00e9 ci-dessous dans [&hellip;]<\/p>\n","protected":false},"author":4,"featured_media":0,"parent":0,"menu_order":0,"comment_status":"closed","ping_status":"closed","template":"","meta":{"footnotes":""},"_links":{"self":[{"href":"https:\/\/culturaclasica.net\/ludi_saguntini\/fr\/wp-json\/wp\/v2\/pages\/2424"}],"collection":[{"href":"https:\/\/culturaclasica.net\/ludi_saguntini\/fr\/wp-json\/wp\/v2\/pages"}],"about":[{"href":"https:\/\/culturaclasica.net\/ludi_saguntini\/fr\/wp-json\/wp\/v2\/types\/page"}],"author":[{"embeddable":true,"href":"https:\/\/culturaclasica.net\/ludi_saguntini\/fr\/wp-json\/wp\/v2\/users\/4"}],"replies":[{"embeddable":true,"href":"https:\/\/culturaclasica.net\/ludi_saguntini\/fr\/wp-json\/wp\/v2\/comments?post=2424"}],"version-history":[{"count":2,"href":"https:\/\/culturaclasica.net\/ludi_saguntini\/fr\/wp-json\/wp\/v2\/pages\/2424\/revisions"}],"predecessor-version":[{"id":2428,"href":"https:\/\/culturaclasica.net\/ludi_saguntini\/fr\/wp-json\/wp\/v2\/pages\/2424\/revisions\/2428"}],"wp:attachment":[{"href":"https:\/\/culturaclasica.net\/ludi_saguntini\/fr\/wp-json\/wp\/v2\/media?parent=2424"}],"curies":[{"name":"wp","href":"https:\/\/api.w.org\/{rel}","templated":true}]}}