{"id":2274,"date":"2024-10-23T19:39:29","date_gmt":"2024-10-23T17:39:29","guid":{"rendered":"https:\/\/culturaclasica.net\/ludi_saguntini\/?page_id=2274"},"modified":"2024-10-23T19:56:40","modified_gmt":"2024-10-23T17:56:40","slug":"cubiculum-fugae-escape-room-en-latin","status":"publish","type":"page","link":"https:\/\/culturaclasica.net\/ludi_saguntini\/fr\/cubiculum-fugae-escape-room-en-latin\/","title":{"rendered":"Cubiculum fugae (escape room en lat\u00edn)"},"content":{"rendered":"<h2 style=\"text-align: center;\"><em>Cubiculum fugae<\/em> (escape room en lat\u00edn)<\/h2>\n<p>Est\u00e1 realizado por los profesores de Educaci\u00f3n Secundaria, Germ\u00e1n Gonz\u00e1lez (IES La Pobla de Farnals) y Rayco G\u00aa Perdomo (IES Alcalans, Montserrat) con la colaboraci\u00f3n de talleristas del Collegium Latinitatis.<\/p>\n<p>Un taller que funciona como una gincana de 5 pruebas que los alumnos y alumnas tienen que resolver para acceder al cofre final y poder superar el juego. A la manera de las tradicionales Escape Rooms, una prueba facilita un c\u00f3digo para pasar a la siguiente, mediante candados y otros formatos, todo ello utilizando vocabulario sencillo en lat\u00edn relacionado con la familia, los animales, la comida, las partes de la casa y los edificios p\u00fablicos. La tem\u00e1tica de la Escape Room es la siguiente:<\/p>\n<p>\u201c<em>En el a\u00f1o 45 a.C., Roma est\u00e1 al borde del caos. El Senado est\u00e1 dividido y las tensiones entre los poderosos se han vuelto mortales. Uno de los senadores m\u00e1s influyentes, Lucius Aemilius, ha sido encontrado muerto en su domus, su hogar, con signos evidentes de haber sido asesinado. Se sospecha que su asesinato no es un simple crimen, sino parte de una conspiraci\u00f3n m\u00e1s grande que amenaza con desestabilizar toda la Rep\u00fablica.<\/em><\/p>\n<p><em>Vosotros, un grupo de ciudadanos romanos de confianza, hab\u00e9is sido convocados por el C\u00f3nsul para resolver este crimen. Deb\u00e9is desentra\u00f1ar los misterios ocultos en la vida de Lucius Aemilius y descubrir qui\u00e9n est\u00e1 detr\u00e1s de su muerte antes de que el caos se extienda por toda Roma. Cada pista que encontr\u00e9is os acercar\u00e1 m\u00e1s a la verdad, pero el tiempo corre. \u00bfPodr\u00e9is desvelar la conspiraci\u00f3n y salvar la Rep\u00fablica?<\/em>\u201d<\/p>\n<p>Es un taller que fomenta el trabajo cooperativo, el uso del lat\u00edn como lengua viva y las capacidades de an\u00e1lisis y deducci\u00f3n desde un enfoque din\u00e1mico, cercano, manipulativo y divertido. Es un taller nuevo en los Ludi Saguntini pero puesto en pr\u00e1ctica en las aulas y llevado a cabo por talleristas con experiencia en talleres <strong>\u00edntegramente en lat\u00edn con alumnado de Secundaria y Bachillerato<\/strong>.<\/p>\n<p style=\"text-align: center;\"><a href=\"https:\/\/culturaclasica.net\/ludi_saguntini\/wp-content\/uploads\/2024\/10\/fugiendo2.jpg\">\u00a0<img loading=\"lazy\" decoding=\"async\" class=\"alignnone size-full wp-image-2276\" src=\"https:\/\/culturaclasica.net\/ludi_saguntini\/wp-content\/uploads\/2024\/10\/fugiendo2.jpg\" alt=\"\" width=\"243\" height=\"244\" srcset=\"https:\/\/culturaclasica.net\/ludi_saguntini\/wp-content\/uploads\/2024\/10\/fugiendo2-66x66.jpg 66w, https:\/\/culturaclasica.net\/ludi_saguntini\/wp-content\/uploads\/2024\/10\/fugiendo2-150x150.jpg 150w, https:\/\/culturaclasica.net\/ludi_saguntini\/wp-content\/uploads\/2024\/10\/fugiendo2-200x201.jpg 200w, https:\/\/culturaclasica.net\/ludi_saguntini\/wp-content\/uploads\/2024\/10\/fugiendo2.jpg 243w\" sizes=\"(max-width: 243px) 100vw, 243px\" \/>.\u00a0 \u00a0\u00a0\u00a0\u00a0\u00a0\u00a0\u00a0<\/a><a href=\"https:\/\/culturaclasica.net\/ludi_saguntini\/wp-content\/uploads\/2024\/10\/fugiendo2.jpg\"> \u00a0<\/a><a href=\"https:\/\/culturaclasica.net\/ludi_saguntini\/wp-content\/uploads\/2024\/10\/fugiendo.jpg\"><img loading=\"lazy\" decoding=\"async\" class=\"alignnone size-full wp-image-2275\" src=\"https:\/\/culturaclasica.net\/ludi_saguntini\/wp-content\/uploads\/2024\/10\/fugiendo.jpg\" alt=\"\" width=\"246\" height=\"246\" srcset=\"https:\/\/culturaclasica.net\/ludi_saguntini\/wp-content\/uploads\/2024\/10\/fugiendo-66x66.jpg 66w, https:\/\/culturaclasica.net\/ludi_saguntini\/wp-content\/uploads\/2024\/10\/fugiendo-150x150.jpg 150w, https:\/\/culturaclasica.net\/ludi_saguntini\/wp-content\/uploads\/2024\/10\/fugiendo-200x200.jpg 200w, https:\/\/culturaclasica.net\/ludi_saguntini\/wp-content\/uploads\/2024\/10\/fugiendo.jpg 246w\" sizes=\"(max-width: 246px) 100vw, 246px\" \/><\/a><\/p>\n","protected":false},"excerpt":{"rendered":"<p>Cubiculum fugae (escape room en lat\u00edn) Est\u00e1 realizado por los profesores de Educaci\u00f3n Secundaria, Germ\u00e1n Gonz\u00e1lez (IES La Pobla de Farnals) y [&hellip;]<\/p>\n","protected":false},"author":4,"featured_media":0,"parent":0,"menu_order":0,"comment_status":"closed","ping_status":"closed","template":"","meta":{"footnotes":""},"_links":{"self":[{"href":"https:\/\/culturaclasica.net\/ludi_saguntini\/fr\/wp-json\/wp\/v2\/pages\/2274"}],"collection":[{"href":"https:\/\/culturaclasica.net\/ludi_saguntini\/fr\/wp-json\/wp\/v2\/pages"}],"about":[{"href":"https:\/\/culturaclasica.net\/ludi_saguntini\/fr\/wp-json\/wp\/v2\/types\/page"}],"author":[{"embeddable":true,"href":"https:\/\/culturaclasica.net\/ludi_saguntini\/fr\/wp-json\/wp\/v2\/users\/4"}],"replies":[{"embeddable":true,"href":"https:\/\/culturaclasica.net\/ludi_saguntini\/fr\/wp-json\/wp\/v2\/comments?post=2274"}],"version-history":[{"count":6,"href":"https:\/\/culturaclasica.net\/ludi_saguntini\/fr\/wp-json\/wp\/v2\/pages\/2274\/revisions"}],"predecessor-version":[{"id":2286,"href":"https:\/\/culturaclasica.net\/ludi_saguntini\/fr\/wp-json\/wp\/v2\/pages\/2274\/revisions\/2286"}],"wp:attachment":[{"href":"https:\/\/culturaclasica.net\/ludi_saguntini\/fr\/wp-json\/wp\/v2\/media?parent=2274"}],"curies":[{"name":"wp","href":"https:\/\/api.w.org\/{rel}","templated":true}]}}