{"id":2241,"date":"2024-02-18T13:06:40","date_gmt":"2024-02-18T12:06:40","guid":{"rendered":"https:\/\/culturaclasica.net\/ludi_saguntini\/?page_id=2241"},"modified":"2024-04-08T09:21:44","modified_gmt":"2024-04-08T07:21:44","slug":"xxv-aniversario","status":"publish","type":"page","link":"https:\/\/culturaclasica.net\/ludi_saguntini\/fr\/xxv-aniversario\/","title":{"rendered":"(Espa\u00f1ol) XXV Aniversario de los talleres did\u00e1cticos"},"content":{"rendered":"<p class=\"qtranxs-available-languages-message qtranxs-available-languages-message-fr\">D\u00e9sol\u00e9, cet article est seulement disponible en <a href=\"https:\/\/culturaclasica.net\/ludi_saguntini\/es\/wp-json\/wp\/v2\/pages\/2241\" class=\"qtranxs-available-language-link qtranxs-available-language-link-es\" title=\"Espa\u00f1ol\">Espagnol Europ\u00e9en<\/a> et <a href=\"https:\/\/culturaclasica.net\/ludi_saguntini\/ca\/wp-json\/wp\/v2\/pages\/2241\" class=\"qtranxs-available-language-link qtranxs-available-language-link-ca\" title=\"Catal\u00e0\">Catalan<\/a>. Pour le confort de l\u2019utilisateur, le contenu est affich\u00e9 ci-dessous dans la langue par d\u00e9faut du site. Vous pouvez cliquer l\u2019un des liens pour changer la langue du site en une autre langue disponible.<\/p><p><\/p>\n<h1 style=\"text-align: center;\"><a href=\"https:\/\/www.youtube.com\/playlist?list=PLyKzhfXVyGXNNXkltx2HFndLrMCsQF0CI\" target=\"_blank\" rel=\"noopener\">Celebraci\u00f3n del XXV aniversario de los talleres de Ludere et discere.<\/a><\/h1>\n<p style=\"text-align: center;\"><a href=\"https:\/\/culturaclasica.net\/ludi_saguntini\/wp-content\/uploads\/2022\/12\/25-aniversario.jpg\"><img loading=\"lazy\" decoding=\"async\" class=\"alignnone wp-image-2155 size-medium\" src=\"https:\/\/culturaclasica.net\/ludi_saguntini\/wp-content\/uploads\/2022\/12\/25-aniversario-277x300.jpg\" alt=\"\" width=\"277\" height=\"300\" srcset=\"https:\/\/culturaclasica.net\/ludi_saguntini\/wp-content\/uploads\/2022\/12\/25-aniversario-200x217.jpg 200w, https:\/\/culturaclasica.net\/ludi_saguntini\/wp-content\/uploads\/2022\/12\/25-aniversario-277x300.jpg 277w, https:\/\/culturaclasica.net\/ludi_saguntini\/wp-content\/uploads\/2022\/12\/25-aniversario-400x433.jpg 400w, https:\/\/culturaclasica.net\/ludi_saguntini\/wp-content\/uploads\/2022\/12\/25-aniversario-600x650.jpg 600w, https:\/\/culturaclasica.net\/ludi_saguntini\/wp-content\/uploads\/2022\/12\/25-aniversario.jpg 730w\" sizes=\"(max-width: 277px) 100vw, 277px\" \/><\/a><\/p>\n<div class=\"video-shortcode\"><iframe loading=\"lazy\" title=\"Bloque 1: Or\u00edgenes\" width=\"1280\" height=\"720\" src=\"https:\/\/www.youtube.com\/embed\/X9qxzBaA53c?feature=oembed\" frameborder=\"0\" allow=\"accelerometer; autoplay; clipboard-write; encrypted-media; gyroscope; picture-in-picture; web-share\" allowfullscreen><\/iframe><\/div>\n<p>&nbsp;<\/p>\n<div class=\"video-shortcode\"><iframe loading=\"lazy\" title=\"BLOQUE 2: Consolidaci\u00f3n\" width=\"1280\" height=\"720\" src=\"https:\/\/www.youtube.com\/embed\/D3cU_G6VD1g?feature=oembed\" frameborder=\"0\" allow=\"accelerometer; autoplay; clipboard-write; encrypted-media; gyroscope; picture-in-picture; web-share\" allowfullscreen><\/iframe><\/div>\n<p>&nbsp;<\/p>\n<div class=\"video-shortcode\"><iframe loading=\"lazy\" title=\"BLOQUE 3: Logros\" width=\"1280\" height=\"720\" src=\"https:\/\/www.youtube.com\/embed\/XhY3fCVYT5M?feature=oembed\" frameborder=\"0\" allow=\"accelerometer; autoplay; clipboard-write; encrypted-media; gyroscope; picture-in-picture; web-share\" allowfullscreen><\/iframe><\/div>\n<p>&nbsp;<\/p>\n<div class=\"video-shortcode\"><iframe loading=\"lazy\" title=\"BLOQUE 4 : Futuro\" width=\"1280\" height=\"720\" src=\"https:\/\/www.youtube.com\/embed\/yiCJWO5xfIQ?feature=oembed\" frameborder=\"0\" allow=\"accelerometer; autoplay; clipboard-write; encrypted-media; gyroscope; picture-in-picture; web-share\" allowfullscreen><\/iframe><\/div>\n<p>&nbsp;<\/p>\n<p style=\"text-align: center;\">(Realizaci\u00f3n de los v\u00eddeos: <a href=\"https:\/\/www.borjanowak.es\/\" target=\"_blank\" rel=\"noopener\">Borja Novak<\/a>)<\/p>\n<p><\/p>","protected":false},"excerpt":{"rendered":"<p>D\u00e9sol\u00e9, cet article est seulement disponible en Espagnol Europ\u00e9en et Catalan. Pour le confort de l\u2019utilisateur, le contenu est affich\u00e9 ci-dessous dans [&hellip;]<\/p>\n","protected":false},"author":4,"featured_media":0,"parent":0,"menu_order":0,"comment_status":"closed","ping_status":"closed","template":"","meta":{"footnotes":""},"_links":{"self":[{"href":"https:\/\/culturaclasica.net\/ludi_saguntini\/fr\/wp-json\/wp\/v2\/pages\/2241"}],"collection":[{"href":"https:\/\/culturaclasica.net\/ludi_saguntini\/fr\/wp-json\/wp\/v2\/pages"}],"about":[{"href":"https:\/\/culturaclasica.net\/ludi_saguntini\/fr\/wp-json\/wp\/v2\/types\/page"}],"author":[{"embeddable":true,"href":"https:\/\/culturaclasica.net\/ludi_saguntini\/fr\/wp-json\/wp\/v2\/users\/4"}],"replies":[{"embeddable":true,"href":"https:\/\/culturaclasica.net\/ludi_saguntini\/fr\/wp-json\/wp\/v2\/comments?post=2241"}],"version-history":[{"count":11,"href":"https:\/\/culturaclasica.net\/ludi_saguntini\/fr\/wp-json\/wp\/v2\/pages\/2241\/revisions"}],"predecessor-version":[{"id":2259,"href":"https:\/\/culturaclasica.net\/ludi_saguntini\/fr\/wp-json\/wp\/v2\/pages\/2241\/revisions\/2259"}],"wp:attachment":[{"href":"https:\/\/culturaclasica.net\/ludi_saguntini\/fr\/wp-json\/wp\/v2\/media?parent=2241"}],"curies":[{"name":"wp","href":"https:\/\/api.w.org\/{rel}","templated":true}]}}