{"id":1601,"date":"2017-11-20T19:45:50","date_gmt":"2017-11-20T18:45:50","guid":{"rendered":"https:\/\/culturaclasica.net\/ludi_saguntini\/?page_id=1601"},"modified":"2017-11-20T19:45:50","modified_gmt":"2017-11-20T18:45:50","slug":"ludi-megalenses","status":"publish","type":"page","link":"https:\/\/culturaclasica.net\/ludi_saguntini\/fr\/ludi-megalenses\/","title":{"rendered":"Ludi Megalenses"},"content":{"rendered":"<p class=\"qtranxs-available-languages-message qtranxs-available-languages-message-fr\">D\u00e9sol\u00e9, cet article est seulement disponible en <a href=\"https:\/\/culturaclasica.net\/ludi_saguntini\/es\/wp-json\/wp\/v2\/pages\/1601\" class=\"qtranxs-available-language-link qtranxs-available-language-link-es\" title=\"Espa\u00f1ol\">Espagnol Europ\u00e9en<\/a>. Pour le confort de l\u2019utilisateur, le contenu est affich\u00e9 ci-dessous dans une autre langue. Vous pouvez cliquer le lien pour changer de langue active.<\/p><p><div class=\"fusion-fullwidth fullwidth-box nonhundred-percent-fullwidth non-hundred-percent-height-scrolling\"  style='background-color: rgba(255,255,255,0);background-position: center center;background-repeat: no-repeat;padding-top:0px;padding-right:0px;padding-bottom:0px;padding-left:0px;'><div class=\"fusion-builder-row fusion-row \"><div  class=\"fusion-layout-column fusion_builder_column fusion_builder_column_1_1  fusion-one-full fusion-column-first fusion-column-last 1_1\"  style='margin-top:0px;margin-bottom:0px;'>\n\t\t\t\t\t<div class=\"fusion-column-wrapper\" style=\"background-position:left top;background-repeat:no-repeat;-webkit-background-size:cover;-moz-background-size:cover;-o-background-size:cover;background-size:cover;\"  data-bg-url=\"\">\n\t\t\t\t\t\t<div class=\"fusion-text\"><p>Despu\u00e9s de casi 2000 a\u00f1os, el teatro de Sagunt retornar\u00e1 al pasado, no s\u00f3lo se va a representar en\u00a0lat\u00edn, con un p\u00fablico vestido de romano, sino que, por medio de una Pompa, se van a recrear los Ludi\u00a0Megalenses, unos juegos esc\u00e9nicos que se celebraban el 4 de abril. As\u00ed pues, la v\u00edspera a esta fecha, haremos\u00a0un viaje al pasado rememorando esta festividad.<\/p>\n<p style=\"text-align: center;\">Descarga<strong>\u00a0<a href=\"https:\/\/drive.google.com\/open?id=1I5DpcfVCJXiawsPakwT_vpyfPZEGO_Yt\">aqu\u00ed toda la informaci\u00f3n<\/a>.<\/strong><\/p>\n<\/div><div class=\"fusion-image-carousel fusion-image-carousel-fixed fusion-carousel-border\"><div class=\"fusion-carousel\" data-autoplay=\"no\" data-columns=\"5\" data-itemmargin=\"13\" data-itemwidth=\"180\" data-touchscroll=\"no\" data-imagesize=\"fixed\"><div class=\"fusion-carousel-positioner\"><ul class=\"fusion-carousel-holder\"><li class=\"fusion-carousel-item\"><div class=\"fusion-carousel-item-wrapper\"><div class=\"fusion-image-wrapper hover-type-none\"><img loading=\"lazy\" decoding=\"async\" width=\"320\" height=\"202\" src=\"https:\/\/culturaclasica.net\/ludi_saguntini\/wp-content\/uploads\/2017\/11\/megalenses2-320x202.jpg\" class=\"attachment-blog-medium size-blog-medium\" alt=\"\" \/><\/div><\/div><\/li><li class=\"fusion-carousel-item\"><div class=\"fusion-carousel-item-wrapper\"><div class=\"fusion-image-wrapper hover-type-none\"><img loading=\"lazy\" decoding=\"async\" width=\"320\" height=\"202\" src=\"https:\/\/culturaclasica.net\/ludi_saguntini\/wp-content\/uploads\/2017\/11\/megalenses-320x202.jpg\" class=\"attachment-blog-medium size-blog-medium\" alt=\"\" \/><\/div><\/div><\/li><\/ul><div class=\"fusion-carousel-nav\"><span class=\"fusion-nav-prev\"><\/span><span class=\"fusion-nav-next\"><\/span><\/div><\/div><\/div><\/div><div class=\"fusion-clearfix\"><\/div>\n\n\t\t\t\t\t<\/div>\n\t\t\t\t<\/div><\/div><\/div><\/p>","protected":false},"excerpt":{"rendered":"","protected":false},"author":4,"featured_media":0,"parent":0,"menu_order":0,"comment_status":"closed","ping_status":"closed","template":"","meta":{"footnotes":""},"_links":{"self":[{"href":"https:\/\/culturaclasica.net\/ludi_saguntini\/fr\/wp-json\/wp\/v2\/pages\/1601"}],"collection":[{"href":"https:\/\/culturaclasica.net\/ludi_saguntini\/fr\/wp-json\/wp\/v2\/pages"}],"about":[{"href":"https:\/\/culturaclasica.net\/ludi_saguntini\/fr\/wp-json\/wp\/v2\/types\/page"}],"author":[{"embeddable":true,"href":"https:\/\/culturaclasica.net\/ludi_saguntini\/fr\/wp-json\/wp\/v2\/users\/4"}],"replies":[{"embeddable":true,"href":"https:\/\/culturaclasica.net\/ludi_saguntini\/fr\/wp-json\/wp\/v2\/comments?post=1601"}],"version-history":[{"count":3,"href":"https:\/\/culturaclasica.net\/ludi_saguntini\/fr\/wp-json\/wp\/v2\/pages\/1601\/revisions"}],"predecessor-version":[{"id":1606,"href":"https:\/\/culturaclasica.net\/ludi_saguntini\/fr\/wp-json\/wp\/v2\/pages\/1601\/revisions\/1606"}],"wp:attachment":[{"href":"https:\/\/culturaclasica.net\/ludi_saguntini\/fr\/wp-json\/wp\/v2\/media?parent=1601"}],"curies":[{"name":"wp","href":"https:\/\/api.w.org\/{rel}","templated":true}]}}