{"id":1588,"date":"2017-11-20T19:12:39","date_gmt":"2017-11-20T18:12:39","guid":{"rendered":"https:\/\/culturaclasica.net\/ludi_saguntini\/?page_id=1588"},"modified":"2017-11-20T19:12:39","modified_gmt":"2017-11-20T18:12:39","slug":"supplicatio","status":"publish","type":"page","link":"https:\/\/culturaclasica.net\/ludi_saguntini\/fr\/supplicatio\/","title":{"rendered":"Supplicatio"},"content":{"rendered":"<p class=\"qtranxs-available-languages-message qtranxs-available-languages-message-fr\">D\u00e9sol\u00e9, cet article est seulement disponible en <a href=\"https:\/\/culturaclasica.net\/ludi_saguntini\/es\/wp-json\/wp\/v2\/pages\/1588\" class=\"qtranxs-available-language-link qtranxs-available-language-link-es\" title=\"Espa\u00f1ol\">Espagnol Europ\u00e9en<\/a>. Pour le confort de l\u2019utilisateur, le contenu est affich\u00e9 ci-dessous dans une autre langue. Vous pouvez cliquer le lien pour changer de langue active.<\/p><p><div class=\"fusion-fullwidth fullwidth-box nonhundred-percent-fullwidth non-hundred-percent-height-scrolling\"  style='background-color: rgba(255,255,255,0);background-position: center center;background-repeat: no-repeat;padding-top:0px;padding-right:0px;padding-bottom:0px;padding-left:0px;'><div class=\"fusion-builder-row fusion-row \"><div  class=\"fusion-layout-column fusion_builder_column fusion_builder_column_1_1  fusion-one-full fusion-column-first fusion-column-last 1_1\"  style='margin-top:0px;margin-bottom:0px;'>\n\t\t\t\t\t<div class=\"fusion-column-wrapper\" style=\"background-position:left top;background-repeat:no-repeat;-webkit-background-size:cover;-moz-background-size:cover;-o-background-size:cover;background-size:cover;\"  data-bg-url=\"\">\n\t\t\t\t\t\t<div class=\"fusion-title title sep-underline sep-solid fusion-title-size-one\" style=\"border-bottom-color:#e0dede;margin-top:0px;margin-bottom:30px;\"><h1 class=\"title-heading-left\">SUPPLICATIO<\/h1><\/div><div class=\"imageframe-align-center\"><span class=\"fusion-imageframe imageframe-none imageframe-1 hover-type-none\"><img loading=\"lazy\" decoding=\"async\" src=\"https:\/\/culturaclasica.net\/ludi_saguntini\/wp-content\/uploads\/2017\/11\/supplicatio-300x201.jpg\" width=\"300\" height=\"201\" alt=\"\" title=\"supplicatio\" class=\"img-responsive wp-image-1590\" srcset=\"https:\/\/culturaclasica.net\/ludi_saguntini\/wp-content\/uploads\/2017\/11\/supplicatio-200x134.jpg 200w, https:\/\/culturaclasica.net\/ludi_saguntini\/wp-content\/uploads\/2017\/11\/supplicatio-400x268.jpg 400w, https:\/\/culturaclasica.net\/ludi_saguntini\/wp-content\/uploads\/2017\/11\/supplicatio-600x402.jpg 600w, https:\/\/culturaclasica.net\/ludi_saguntini\/wp-content\/uploads\/2017\/11\/supplicatio-800x536.jpg 800w, https:\/\/culturaclasica.net\/ludi_saguntini\/wp-content\/uploads\/2017\/11\/supplicatio-1200x803.jpg 1200w\" sizes=\"(max-width: 800px) 100vw, 300px\" \/><\/span><\/div><div class=\"fusion-text\"><p>Un a\u00f1o m\u00e1s la representaci\u00f3n en lat\u00edn ir\u00e1 precedida por una recreaci\u00f3n basada en documentos hist\u00f3ricos. En esta ocasi\u00f3n la\u00a0Pompa Ludorum Scaenicorum\u00a0ha sido sustituida por una\u00a0SUPPLICATIO\u00a0en la esperanza de que los dioses ol\u00edmpicos retornen la situaci\u00f3n a su orden natural.<\/p>\n<p>Para que los asistentes, estudiantes y profesores, puedan disfrutar al m\u00e1ximo del evento es recomendable que previamente echen un vistazo a la\u00a0<a href=\"https:\/\/issuu.com\/domusbaebia\/docs\/informaci_n_supplicatio\">explicaci\u00f3n preparada<\/a>\u00a0sobre esta\u00a0supplicatio.<\/p>\n<\/div><div class=\"fusion-clearfix\"><\/div>\n\n\t\t\t\t\t<\/div>\n\t\t\t\t<\/div><\/div><\/div><\/p>","protected":false},"excerpt":{"rendered":"","protected":false},"author":4,"featured_media":0,"parent":0,"menu_order":0,"comment_status":"closed","ping_status":"closed","template":"","meta":{"footnotes":""},"_links":{"self":[{"href":"https:\/\/culturaclasica.net\/ludi_saguntini\/fr\/wp-json\/wp\/v2\/pages\/1588"}],"collection":[{"href":"https:\/\/culturaclasica.net\/ludi_saguntini\/fr\/wp-json\/wp\/v2\/pages"}],"about":[{"href":"https:\/\/culturaclasica.net\/ludi_saguntini\/fr\/wp-json\/wp\/v2\/types\/page"}],"author":[{"embeddable":true,"href":"https:\/\/culturaclasica.net\/ludi_saguntini\/fr\/wp-json\/wp\/v2\/users\/4"}],"replies":[{"embeddable":true,"href":"https:\/\/culturaclasica.net\/ludi_saguntini\/fr\/wp-json\/wp\/v2\/comments?post=1588"}],"version-history":[{"count":2,"href":"https:\/\/culturaclasica.net\/ludi_saguntini\/fr\/wp-json\/wp\/v2\/pages\/1588\/revisions"}],"predecessor-version":[{"id":1591,"href":"https:\/\/culturaclasica.net\/ludi_saguntini\/fr\/wp-json\/wp\/v2\/pages\/1588\/revisions\/1591"}],"wp:attachment":[{"href":"https:\/\/culturaclasica.net\/ludi_saguntini\/fr\/wp-json\/wp\/v2\/media?parent=1588"}],"curies":[{"name":"wp","href":"https:\/\/api.w.org\/{rel}","templated":true}]}}