{"id":1577,"date":"2017-11-20T19:01:35","date_gmt":"2017-11-20T18:01:35","guid":{"rendered":"https:\/\/culturaclasica.net\/ludi_saguntini\/?page_id=1577"},"modified":"2017-11-20T19:02:56","modified_gmt":"2017-11-20T18:02:56","slug":"precatio","status":"publish","type":"page","link":"https:\/\/culturaclasica.net\/ludi_saguntini\/fr\/precatio\/","title":{"rendered":"Precatio"},"content":{"rendered":"<p class=\"qtranxs-available-languages-message qtranxs-available-languages-message-fr\">D\u00e9sol\u00e9, cet article est seulement disponible en <a href=\"https:\/\/culturaclasica.net\/ludi_saguntini\/es\/wp-json\/wp\/v2\/pages\/1577\" class=\"qtranxs-available-language-link qtranxs-available-language-link-es\" title=\"Espa\u00f1ol\">Espagnol Europ\u00e9en<\/a>. Pour le confort de l\u2019utilisateur, le contenu est affich\u00e9 ci-dessous dans une autre langue. Vous pouvez cliquer le lien pour changer de langue active.<\/p><p><div class=\"fusion-fullwidth fullwidth-box nonhundred-percent-fullwidth non-hundred-percent-height-scrolling\"  style='background-color: rgba(255,255,255,0);background-position: center center;background-repeat: no-repeat;padding-top:0px;padding-right:0px;padding-bottom:0px;padding-left:0px;'><div class=\"fusion-builder-row fusion-row \"><div  class=\"fusion-layout-column fusion_builder_column fusion_builder_column_1_1  fusion-one-full fusion-column-first fusion-column-last 1_1\"  style='margin-top:0px;margin-bottom:0px;'>\n\t\t\t\t\t<div class=\"fusion-column-wrapper\" style=\"background-position:left top;background-repeat:no-repeat;-webkit-background-size:cover;-moz-background-size:cover;-o-background-size:cover;background-size:cover;\"  data-bg-url=\"\">\n\t\t\t\t\t\t<div class=\"fusion-title title sep-underline sep-solid fusion-title-size-one\" style=\"border-bottom-color:#e0dede;margin-top:0px;margin-bottom:30px;\"><h1 class=\"title-heading-left\">Precatio<\/h1><\/div><div class=\"fusion-text\"><p>Para todos aquellos que organizamos los Ludi Saguntini este certamen va a ser muy dif\u00edcil, pues se nos ha ido uno de nuestros miembros, Juanvi Santa Isabel.<\/p>\n<p>Queremos que los Ludi 2014 est\u00e9n dedicados a \u00e9l, que sean un homenaje a su dedicaci\u00f3n y pasi\u00f3n por divulgar el amor por el mundo antiguo. As\u00ed pues nuestra Pompa anual pasa a ser la recreaci\u00f3n de la precatio u oraci\u00f3n que se llevaba a cabo cuando se inauguraba un edificio, espect\u00e1culo, etc.<\/p>\n<p>Con la\u00a0precatio\u00a0queremos solicitar la protecci\u00f3n divina y el respaldo en esta nueva etapa que nos va a tocar vivir sin nuestro Hermes, esperando que \u00e9l desde el Olimpo nos proteja y nos d\u00e9 fuerzas para continuar.<\/p>\n<\/div><div class=\"imageframe-align-center\"><span class=\"fusion-imageframe imageframe-none imageframe-1 hover-type-none\"><img loading=\"lazy\" decoding=\"async\" src=\"https:\/\/culturaclasica.net\/ludi_saguntini\/wp-content\/uploads\/2017\/11\/precatio-300x199.jpg\" width=\"300\" height=\"199\" alt=\"\" title=\"precatio\" class=\"img-responsive wp-image-1580\" srcset=\"https:\/\/culturaclasica.net\/ludi_saguntini\/wp-content\/uploads\/2017\/11\/precatio-200x132.jpg 200w, https:\/\/culturaclasica.net\/ludi_saguntini\/wp-content\/uploads\/2017\/11\/precatio-400x265.jpg 400w, https:\/\/culturaclasica.net\/ludi_saguntini\/wp-content\/uploads\/2017\/11\/precatio-600x397.jpg 600w, https:\/\/culturaclasica.net\/ludi_saguntini\/wp-content\/uploads\/2017\/11\/precatio-800x530.jpg 800w, https:\/\/culturaclasica.net\/ludi_saguntini\/wp-content\/uploads\/2017\/11\/precatio.jpg 985w\" sizes=\"(max-width: 800px) 100vw, 300px\" \/><\/span><\/div><p  style=\" margin: 12px auto 6px auto; font-family: Helvetica,Arial,Sans-serif; font-style: normal; font-variant: normal; font-weight: normal; font-size: 14px; line-height: normal; font-size-adjust: none; font-stretch: normal; -x-system-font: none; display: block;\">   <a title=\"View Precatio Ludi Mmxiv Red on Scribd\" href=\"https:\/\/www.scribd.com\/document\/216641756\/Precatio-Ludi-Mmxiv-Red#from_embed\"  style=\"text-decoration: underline;\" >Precatio Ludi Mmxiv Red<\/a> by <a title=\"View domusbaebia's profile on Scribd\" href=\"https:\/\/es.scribd.com\/user\/27048258\/domusbaebia#from_embed\"  style=\"text-decoration: underline;\" >domusbaebia<\/a> on Scribd<\/p><iframe loading=\"lazy\" class=\"scribd_iframe_embed\" title=\"Precatio Ludi Mmxiv Red\" src=\"https:\/\/www.scribd.com\/embeds\/216641756\/content?start_page=1&view_mode=scroll&access_key=key-1fsolxe4v04h8fmdx4q2&show_recommendations=true\" data-auto-height=\"false\" data-aspect-ratio=\"0.7068965517241379\" scrolling=\"no\" id=\"doc_67356\" width=\"100%\" height=\"600\" frameborder=\"0\"><\/iframe><div class=\"fusion-clearfix\"><\/div>\n\n\t\t\t\t\t<\/div>\n\t\t\t\t<\/div><\/div><\/div><\/p>","protected":false},"excerpt":{"rendered":"","protected":false},"author":4,"featured_media":0,"parent":0,"menu_order":0,"comment_status":"closed","ping_status":"closed","template":"","meta":{"footnotes":""},"_links":{"self":[{"href":"https:\/\/culturaclasica.net\/ludi_saguntini\/fr\/wp-json\/wp\/v2\/pages\/1577"}],"collection":[{"href":"https:\/\/culturaclasica.net\/ludi_saguntini\/fr\/wp-json\/wp\/v2\/pages"}],"about":[{"href":"https:\/\/culturaclasica.net\/ludi_saguntini\/fr\/wp-json\/wp\/v2\/types\/page"}],"author":[{"embeddable":true,"href":"https:\/\/culturaclasica.net\/ludi_saguntini\/fr\/wp-json\/wp\/v2\/users\/4"}],"replies":[{"embeddable":true,"href":"https:\/\/culturaclasica.net\/ludi_saguntini\/fr\/wp-json\/wp\/v2\/comments?post=1577"}],"version-history":[{"count":3,"href":"https:\/\/culturaclasica.net\/ludi_saguntini\/fr\/wp-json\/wp\/v2\/pages\/1577\/revisions"}],"predecessor-version":[{"id":1581,"href":"https:\/\/culturaclasica.net\/ludi_saguntini\/fr\/wp-json\/wp\/v2\/pages\/1577\/revisions\/1581"}],"wp:attachment":[{"href":"https:\/\/culturaclasica.net\/ludi_saguntini\/fr\/wp-json\/wp\/v2\/media?parent=1577"}],"curies":[{"name":"wp","href":"https:\/\/api.w.org\/{rel}","templated":true}]}}