{"id":1552,"date":"2017-11-20T17:53:09","date_gmt":"2017-11-20T16:53:09","guid":{"rendered":"https:\/\/culturaclasica.net\/ludi_saguntini\/?page_id=1552"},"modified":"2021-12-02T13:35:25","modified_gmt":"2021-12-02T12:35:25","slug":"forum-classicum","status":"publish","type":"page","link":"https:\/\/culturaclasica.net\/ludi_saguntini\/fr\/forum-classicum\/","title":{"rendered":"Forum Classicum"},"content":{"rendered":"<p class=\"qtranxs-available-languages-message qtranxs-available-languages-message-fr\">D\u00e9sol\u00e9, cet article est seulement disponible en <a href=\"https:\/\/culturaclasica.net\/ludi_saguntini\/es\/wp-json\/wp\/v2\/pages\/1552\" class=\"qtranxs-available-language-link qtranxs-available-language-link-es\" title=\"Espa\u00f1ol\">Espagnol Europ\u00e9en<\/a>. Pour le confort de l\u2019utilisateur, le contenu est affich\u00e9 ci-dessous dans une autre langue. Vous pouvez cliquer le lien pour changer de langue active.<\/p><p><div class=\"fusion-fullwidth fullwidth-box nonhundred-percent-fullwidth non-hundred-percent-height-scrolling\"  style='background-color: rgba(255,255,255,0);background-position: center center;background-repeat: no-repeat;padding-top:0px;padding-right:0px;padding-bottom:0px;padding-left:0px;'><div class=\"fusion-builder-row fusion-row \"><div  class=\"fusion-layout-column fusion_builder_column fusion_builder_column_1_1  fusion-one-full fusion-column-first fusion-column-last 1_1\"  style='margin-top:0px;margin-bottom:0px;'>\n\t\t\t\t\t<div class=\"fusion-column-wrapper\" style=\"background-position:left top;background-repeat:no-repeat;-webkit-background-size:cover;-moz-background-size:cover;-o-background-size:cover;background-size:cover;\"  data-bg-url=\"\">\n\t\t\t\t\t\t<div class=\"fusion-video fusion-youtube fusion-aligncenter\" style=\"max-width:600px;max-height:360px; width:100%\"><div class=\"video-shortcode\"><iframe loading=\"lazy\" title=\"YouTube video player\" src=\"https:\/\/www.youtube.com\/embed\/3NYyYXE0o2s?wmode=transparent&autoplay=0\" width=\"600\" height=\"360\" allowfullscreen><\/iframe><\/div><\/div><div class=\"fusion-text\"><p>En la plaza de Cronista Chabret se encuentra el FORUM CLASSICUM, un espacio abierto a la participaci\u00f3n de estudiantes y p\u00fablico en general.<\/p>\n<p>El acceso al FORUM CLASSICUM es libre, no es necesario reservar entrada, no hay l\u00edmite de aforo ni de tiempo de permanencia. En \u00e9l podemos encontrar un hervidero de gente, a los ni\u00f1os de 3 a\u00f1os de Olimpomenuts, estudiantes de cualquier nivel con sus profesores, incluso amas de casa o jubilados. Es un ambiente integrador que consigue relacionar a personas de diversa procedencia y formaci\u00f3n mediante actividades centradas en la cultura cl\u00e1sica.<\/p>\n<p>Est\u00e1 organizado por zonas de actividades que representan una peque\u00f1a muestra de algunos de los talleres con inscripci\u00f3n que se realizan durante los Ludi Saguntini. As\u00ed los participantes pueden vestirse como romanos, hacer un mosaico, personalizar una bulla, escribir con c\u00e1lamo, probar los juegos de los ni\u00f1os romanos, pasearse por un jard\u00edn mitol\u00f3gico, construirse un reloj de sol, probar la suerte con los aros o los zancos&#8230; y muchas m\u00e1s actividades. O simplemente pasear y difrutar contemplando a cientos de j\u00f3venes acerc\u00e1ndose a la civilizaci\u00f3n cl\u00e1sica de un modo l\u00fadico.<\/p>\n<p>Todas estas actividades pueden funcionar cada a\u00f1o gracias a la imprescindible labor de nuestros monitores, j\u00f3venes voluntarios que entraron en contacto con los Ludi de diversas formas (antiguos alumnos, a trav\u00e9s de cursos, por amistad, etc) y que se han comprometido con nuestra labor de difusi\u00f3n, haciendo posible que la cultura cl\u00e1sica cada a\u00f1o salga a la calle. Su entusiasmo, su alegr\u00eda contagiosa y su esfuerzo consiguen que cada a\u00f1o puedan pasar por el FORUM CLASSICUM y se acerquen a la cultura cl\u00e1sica alrededor de 10.000 personas en una semana.<\/p>\n<\/div><div class=\"imageframe-align-center\"><span class=\"fusion-imageframe imageframe-none imageframe-1 hover-type-none\"><img loading=\"lazy\" decoding=\"async\" src=\"https:\/\/culturaclasica.net\/ludi_saguntini\/wp-content\/uploads\/2017\/11\/forum2016-300x224.jpg\" width=\"300\" height=\"224\" alt=\"\" title=\"forum2016\" class=\"img-responsive wp-image-1557\" srcset=\"https:\/\/culturaclasica.net\/ludi_saguntini\/wp-content\/uploads\/2017\/11\/forum2016-200x149.jpg 200w, https:\/\/culturaclasica.net\/ludi_saguntini\/wp-content\/uploads\/2017\/11\/forum2016-400x299.jpg 400w, https:\/\/culturaclasica.net\/ludi_saguntini\/wp-content\/uploads\/2017\/11\/forum2016-600x448.jpg 600w, https:\/\/culturaclasica.net\/ludi_saguntini\/wp-content\/uploads\/2017\/11\/forum2016-800x598.jpg 800w, https:\/\/culturaclasica.net\/ludi_saguntini\/wp-content\/uploads\/2017\/11\/forum2016-1200x896.jpg 1200w\" sizes=\"(max-width: 800px) 100vw, 300px\" \/><\/span><\/div><div class=\"fusion-clearfix\"><\/div>\n\n\t\t\t\t\t<\/div>\n\t\t\t\t<\/div><\/div><\/div><\/p>","protected":false},"excerpt":{"rendered":"","protected":false},"author":4,"featured_media":0,"parent":0,"menu_order":0,"comment_status":"closed","ping_status":"closed","template":"","meta":{"footnotes":""},"_links":{"self":[{"href":"https:\/\/culturaclasica.net\/ludi_saguntini\/fr\/wp-json\/wp\/v2\/pages\/1552"}],"collection":[{"href":"https:\/\/culturaclasica.net\/ludi_saguntini\/fr\/wp-json\/wp\/v2\/pages"}],"about":[{"href":"https:\/\/culturaclasica.net\/ludi_saguntini\/fr\/wp-json\/wp\/v2\/types\/page"}],"author":[{"embeddable":true,"href":"https:\/\/culturaclasica.net\/ludi_saguntini\/fr\/wp-json\/wp\/v2\/users\/4"}],"replies":[{"embeddable":true,"href":"https:\/\/culturaclasica.net\/ludi_saguntini\/fr\/wp-json\/wp\/v2\/comments?post=1552"}],"version-history":[{"count":6,"href":"https:\/\/culturaclasica.net\/ludi_saguntini\/fr\/wp-json\/wp\/v2\/pages\/1552\/revisions"}],"predecessor-version":[{"id":1945,"href":"https:\/\/culturaclasica.net\/ludi_saguntini\/fr\/wp-json\/wp\/v2\/pages\/1552\/revisions\/1945"}],"wp:attachment":[{"href":"https:\/\/culturaclasica.net\/ludi_saguntini\/fr\/wp-json\/wp\/v2\/media?parent=1552"}],"curies":[{"name":"wp","href":"https:\/\/api.w.org\/{rel}","templated":true}]}}