{"id":1416,"date":"2017-11-19T16:50:08","date_gmt":"2017-11-19T15:50:08","guid":{"rendered":"https:\/\/culturaclasica.net\/ludi_saguntini\/?page_id=1416"},"modified":"2025-10-28T19:05:42","modified_gmt":"2025-10-28T18:05:42","slug":"taller-de-cosmetica-balnea-et-unguenta","status":"publish","type":"page","link":"https:\/\/culturaclasica.net\/ludi_saguntini\/fr\/taller-de-cosmetica-balnea-et-unguenta\/","title":{"rendered":"(Espa\u00f1ol) Taller de cosm\u00e9tica \u00abBalnea et unguenta\u00bb"},"content":{"rendered":"<p class=\"qtranxs-available-languages-message qtranxs-available-languages-message-fr\">D\u00e9sol\u00e9, cet article est seulement disponible en <a href=\"https:\/\/culturaclasica.net\/ludi_saguntini\/es\/wp-json\/wp\/v2\/pages\/1416\" class=\"qtranxs-available-language-link qtranxs-available-language-link-es\" title=\"Espa\u00f1ol\">Espagnol Europ\u00e9en<\/a>. Pour le confort de l\u2019utilisateur, le contenu est affich\u00e9 ci-dessous dans une autre langue. Vous pouvez cliquer le lien pour changer de langue active.<\/p><p><div class=\"fusion-fullwidth fullwidth-box nonhundred-percent-fullwidth non-hundred-percent-height-scrolling\"  style='background-color: rgba(255,255,255,0);background-position: center center;background-repeat: no-repeat;padding-top:0px;padding-right:0px;padding-bottom:0px;padding-left:0px;'><div class=\"fusion-builder-row fusion-row \"><div  class=\"fusion-layout-column fusion_builder_column fusion_builder_column_1_1  fusion-one-full fusion-column-first fusion-column-last 1_1\"  style='margin-top:0px;margin-bottom:0px;'>\n\t\t\t\t\t<div class=\"fusion-column-wrapper\" style=\"background-position:left top;background-repeat:no-repeat;-webkit-background-size:cover;-moz-background-size:cover;-o-background-size:cover;background-size:cover;\"  data-bg-url=\"\">\n\t\t\t\t\t\t<div class=\"fusion-title title sep-underline sep-solid fusion-title-size-one\" style=\"border-bottom-color:#e0dede;margin-top:0px;margin-bottom:30px;\"><h1 class=\"title-heading-left\">Taller de cosm\u00e9tica \u00abBALNEA ET UNGUENTA\u00bb<\/h1><\/div><div class=\"imageframe-align-center\"><span class=\"fusion-imageframe imageframe-none imageframe-1 hover-type-zoomin\"><img loading=\"lazy\" decoding=\"async\" src=\"https:\/\/culturaclasica.net\/ludi_saguntini\/wp-content\/uploads\/2017\/11\/balnea-300x225.jpg\" width=\"300\" height=\"225\" alt=\"\" title=\"balnea\" class=\"img-responsive wp-image-1417\" srcset=\"https:\/\/culturaclasica.net\/ludi_saguntini\/wp-content\/uploads\/2017\/11\/balnea-200x150.jpg 200w, https:\/\/culturaclasica.net\/ludi_saguntini\/wp-content\/uploads\/2017\/11\/balnea-400x300.jpg 400w, https:\/\/culturaclasica.net\/ludi_saguntini\/wp-content\/uploads\/2017\/11\/balnea.jpg 467w\" sizes=\"(max-width: 800px) 100vw, 300px\" \/><\/span><\/div><div class=\"fusion-sep-clear\"><\/div><div class=\"fusion-separator fusion-full-width-sep sep-double\" style=\"border-color:#e0dede;border-top-width:1px;border-bottom-width:1px;margin-left: auto;margin-right: auto;margin-top:;\"><\/div><div class=\"fusion-text\"><p><span lang=\"ES-TRAD\">El taller comenz\u00f3 a funcionar como parte del taller de indumentaria a cargo de Conxa Pont, cuando era profesora de ense\u00f1anza secundaria del IES La Patacona (Alboraia, Valencia). En la actualidad est\u00e1 dirigido por Conxa Pont, Merche Alcaraz, profesora del IES Les Rodanes, (Vilamarxant) y por Raquel Fornali del IES Mol\u00ed del Sol (Mislata). <\/span><\/p>\n<p><span lang=\"ES-TRAD\">El taller nos permite acercarnos a la vida cotidiana en la antig\u00fcedad desde la perspectiva de la higiene y el aspecto f\u00edsico (costumbres, cremas, perfumes, peinados, utensilios), apreciando mediante im\u00e1genes, objetos y textos cl\u00e1sicos la preocupaci\u00f3n de los antiguos por la apariencia f\u00edsica.<\/span><\/p>\n<p><span lang=\"ES-TRAD\">OBJETIVO: Acercarnos al mundo de la higiene y la imagen personal en la antig\u00fcedad en sus diferentes aspectos: las termas, la cosm\u00e9tica, los perfumes, etc. incidiendo en similitudes y diferencias con el mundo actual. <\/span>En esta parte del taller alguno de los asistentes podr\u00e1 maquillarse de una forma similar a la que se hacia en la Antig\u00fcedad en Roma.<\/p>\n<p><span lang=\"ES-TRAD\">ESTRUCTURA: El taller-exposici\u00f3n consta de las siguientes partes:<\/span><\/p>\n<p>1. EXPOSITIVA E INFORMATIVA a trav\u00e9s de la exposici\u00f3n de reproducciones y paneles sobre las termas, la higiene en general y los objetos y elementos que se utilizaban en el cuidado del cuerpo como los ung\u00fcentos, aceites, cremas y utensilios empleados en la antigua Roma.<\/p>\n<p><span lang=\"ES-TRAD\"><br \/>\n2. TALLER DE COSM\u00c9TICA: se han realizado varias actividades en los \u00faltimos a\u00f1os: un ung\u00fcento perfumado, un perfume, sales de ba\u00f1o al estilo romano, etc. En la actualidad se realiza una reproducci\u00f3n de lo que ser\u00eda un espejo romano.\u00a0<\/span><\/p>\n<\/div><div class=\"fusion-sep-clear\"><\/div><div class=\"fusion-separator fusion-full-width-sep sep-double\" style=\"border-color:#e0dede;border-top-width:1px;border-bottom-width:1px;margin-left: auto;margin-right: auto;margin-top:;\"><\/div><div class=\"fusion-gallery fusion-gallery-container fusion-grid-2 fusion-columns-total-8 fusion-gallery-layout-grid\" style=\"margin:-5px;\"><div style=\"padding:5px;\" class=\"fusion-grid-column fusion-gallery-column fusion-gallery-column-2 hover-type-none\"><div class=\"fusion-gallery-image\"><a href=\"https:\/\/culturaclasica.net\/ludi_saguntini\/wp-content\/uploads\/2025\/10\/IMG_8475.jpg\" class=\"fusion-lightbox\" data-rel=\"iLightbox[bce42e9303992d20010]\"><img loading=\"lazy\" decoding=\"async\" width=\"1200\" height=\"1600\" src=\"https:\/\/culturaclasica.net\/ludi_saguntini\/wp-content\/uploads\/2025\/10\/IMG_8475.jpg\" alt=\"\" title=\"IMG_8475\" aria-label=\"IMG_8475\" class=\"img-responsive wp-image-2379\" srcset=\"https:\/\/culturaclasica.net\/ludi_saguntini\/wp-content\/uploads\/2025\/10\/IMG_8475-200x267.jpg 200w, https:\/\/culturaclasica.net\/ludi_saguntini\/wp-content\/uploads\/2025\/10\/IMG_8475-400x533.jpg 400w, https:\/\/culturaclasica.net\/ludi_saguntini\/wp-content\/uploads\/2025\/10\/IMG_8475-600x800.jpg 600w, https:\/\/culturaclasica.net\/ludi_saguntini\/wp-content\/uploads\/2025\/10\/IMG_8475-800x1067.jpg 800w, https:\/\/culturaclasica.net\/ludi_saguntini\/wp-content\/uploads\/2025\/10\/IMG_8475.jpg 1200w\" sizes=\"(min-width: 2200px) 100vw, (min-width: 732px) 638px, (min-width: 640px) 732px, \" \/><\/a><\/div><\/div><div style=\"padding:5px;\" class=\"fusion-grid-column fusion-gallery-column fusion-gallery-column-2 hover-type-none\"><div class=\"fusion-gallery-image\"><a href=\"https:\/\/culturaclasica.net\/ludi_saguntini\/wp-content\/uploads\/2022\/04\/IMG_3123.jpg\" class=\"fusion-lightbox\" data-rel=\"iLightbox[bce42e9303992d20010]\"><img loading=\"lazy\" decoding=\"async\" width=\"640\" height=\"480\" src=\"https:\/\/culturaclasica.net\/ludi_saguntini\/wp-content\/uploads\/2022\/04\/IMG_3123.jpg\" alt=\"\" title=\"IMG_3123\" aria-label=\"IMG_3123\" class=\"img-responsive wp-image-1994\" srcset=\"https:\/\/culturaclasica.net\/ludi_saguntini\/wp-content\/uploads\/2022\/04\/IMG_3123-200x150.jpg 200w, https:\/\/culturaclasica.net\/ludi_saguntini\/wp-content\/uploads\/2022\/04\/IMG_3123-400x300.jpg 400w, https:\/\/culturaclasica.net\/ludi_saguntini\/wp-content\/uploads\/2022\/04\/IMG_3123-600x450.jpg 600w, https:\/\/culturaclasica.net\/ludi_saguntini\/wp-content\/uploads\/2022\/04\/IMG_3123.jpg 640w\" sizes=\"(min-width: 2200px) 100vw, (min-width: 732px) 638px, (min-width: 640px) 732px, \" \/><\/a><\/div><\/div><div class=\"clearfix\"><\/div><div style=\"padding:5px;\" class=\"fusion-grid-column fusion-gallery-column fusion-gallery-column-2 hover-type-none\"><div class=\"fusion-gallery-image\"><a href=\"https:\/\/culturaclasica.net\/ludi_saguntini\/wp-content\/uploads\/2022\/04\/WhatsApp-Image-2022-04-11-at-9.53.49-AM-1.jpeg\" class=\"fusion-lightbox\" data-rel=\"iLightbox[bce42e9303992d20010]\"><img loading=\"lazy\" decoding=\"async\" width=\"600\" height=\"800\" src=\"https:\/\/culturaclasica.net\/ludi_saguntini\/wp-content\/uploads\/2022\/04\/WhatsApp-Image-2022-04-11-at-9.53.49-AM-1-600x800.jpeg\" alt=\"\" title=\"WhatsApp Image 2022-04-11 at 9.53.49 AM (1)\" aria-label=\"WhatsApp Image 2022-04-11 at 9.53.49 AM (1)\" class=\"img-responsive wp-image-1997\" srcset=\"https:\/\/culturaclasica.net\/ludi_saguntini\/wp-content\/uploads\/2022\/04\/WhatsApp-Image-2022-04-11-at-9.53.49-AM-1-200x267.jpeg 200w, https:\/\/culturaclasica.net\/ludi_saguntini\/wp-content\/uploads\/2022\/04\/WhatsApp-Image-2022-04-11-at-9.53.49-AM-1-400x533.jpeg 400w, https:\/\/culturaclasica.net\/ludi_saguntini\/wp-content\/uploads\/2022\/04\/WhatsApp-Image-2022-04-11-at-9.53.49-AM-1-600x800.jpeg 600w, https:\/\/culturaclasica.net\/ludi_saguntini\/wp-content\/uploads\/2022\/04\/WhatsApp-Image-2022-04-11-at-9.53.49-AM-1-800x1067.jpeg 800w, https:\/\/culturaclasica.net\/ludi_saguntini\/wp-content\/uploads\/2022\/04\/WhatsApp-Image-2022-04-11-at-9.53.49-AM-1.jpeg 1200w\" sizes=\"(min-width: 2200px) 100vw, (min-width: 732px) 638px, (min-width: 640px) 732px, \" \/><\/a><\/div><\/div><div style=\"padding:5px;\" class=\"fusion-grid-column fusion-gallery-column fusion-gallery-column-2 hover-type-none\"><div class=\"fusion-gallery-image\"><a href=\"https:\/\/culturaclasica.net\/ludi_saguntini\/wp-content\/uploads\/2025\/10\/WhatsApp-Image-2025-04-09-at-16.19.51-2.jpeg\" class=\"fusion-lightbox\" data-rel=\"iLightbox[bce42e9303992d20010]\"><img loading=\"lazy\" decoding=\"async\" width=\"1200\" height=\"1600\" src=\"https:\/\/culturaclasica.net\/ludi_saguntini\/wp-content\/uploads\/2025\/10\/WhatsApp-Image-2025-04-09-at-16.19.51-2.jpeg\" alt=\"\" title=\"WhatsApp Image 2025-04-09 at 16.19.51 (2)\" aria-label=\"WhatsApp Image 2025-04-09 at 16.19.51 (2)\" class=\"img-responsive wp-image-2380\" srcset=\"https:\/\/culturaclasica.net\/ludi_saguntini\/wp-content\/uploads\/2025\/10\/WhatsApp-Image-2025-04-09-at-16.19.51-2-200x267.jpeg 200w, https:\/\/culturaclasica.net\/ludi_saguntini\/wp-content\/uploads\/2025\/10\/WhatsApp-Image-2025-04-09-at-16.19.51-2-400x533.jpeg 400w, https:\/\/culturaclasica.net\/ludi_saguntini\/wp-content\/uploads\/2025\/10\/WhatsApp-Image-2025-04-09-at-16.19.51-2-600x800.jpeg 600w, https:\/\/culturaclasica.net\/ludi_saguntini\/wp-content\/uploads\/2025\/10\/WhatsApp-Image-2025-04-09-at-16.19.51-2-800x1067.jpeg 800w, https:\/\/culturaclasica.net\/ludi_saguntini\/wp-content\/uploads\/2025\/10\/WhatsApp-Image-2025-04-09-at-16.19.51-2.jpeg 1200w\" sizes=\"(min-width: 2200px) 100vw, (min-width: 732px) 638px, (min-width: 640px) 732px, \" \/><\/a><\/div><\/div><div class=\"clearfix\"><\/div><div style=\"padding:5px;\" class=\"fusion-grid-column fusion-gallery-column fusion-gallery-column-2 hover-type-none\"><div class=\"fusion-gallery-image\"><a href=\"https:\/\/culturaclasica.net\/ludi_saguntini\/wp-content\/uploads\/2022\/04\/WhatsApp-Image-2022-04-11-at-9.53.49-AM.jpeg\" class=\"fusion-lightbox\" data-rel=\"iLightbox[bce42e9303992d20010]\"><img loading=\"lazy\" decoding=\"async\" width=\"600\" height=\"800\" src=\"https:\/\/culturaclasica.net\/ludi_saguntini\/wp-content\/uploads\/2022\/04\/WhatsApp-Image-2022-04-11-at-9.53.49-AM-600x800.jpeg\" alt=\"\" title=\"WhatsApp Image 2022-04-11 at 9.53.49 AM\" aria-label=\"WhatsApp Image 2022-04-11 at 9.53.49 AM\" class=\"img-responsive wp-image-1998\" srcset=\"https:\/\/culturaclasica.net\/ludi_saguntini\/wp-content\/uploads\/2022\/04\/WhatsApp-Image-2022-04-11-at-9.53.49-AM-200x267.jpeg 200w, https:\/\/culturaclasica.net\/ludi_saguntini\/wp-content\/uploads\/2022\/04\/WhatsApp-Image-2022-04-11-at-9.53.49-AM-400x533.jpeg 400w, https:\/\/culturaclasica.net\/ludi_saguntini\/wp-content\/uploads\/2022\/04\/WhatsApp-Image-2022-04-11-at-9.53.49-AM-600x800.jpeg 600w, https:\/\/culturaclasica.net\/ludi_saguntini\/wp-content\/uploads\/2022\/04\/WhatsApp-Image-2022-04-11-at-9.53.49-AM-800x1067.jpeg 800w, https:\/\/culturaclasica.net\/ludi_saguntini\/wp-content\/uploads\/2022\/04\/WhatsApp-Image-2022-04-11-at-9.53.49-AM-1200x1600.jpeg 1200w, https:\/\/culturaclasica.net\/ludi_saguntini\/wp-content\/uploads\/2022\/04\/WhatsApp-Image-2022-04-11-at-9.53.49-AM.jpeg 1536w\" sizes=\"(min-width: 2200px) 100vw, (min-width: 732px) 638px, (min-width: 640px) 732px, \" \/><\/a><\/div><\/div><div style=\"padding:5px;\" class=\"fusion-grid-column fusion-gallery-column fusion-gallery-column-2 hover-type-none\"><div class=\"fusion-gallery-image\"><a href=\"https:\/\/culturaclasica.net\/ludi_saguntini\/wp-content\/uploads\/2022\/04\/IMG_3128-e1649699684453.jpg\" class=\"fusion-lightbox\" data-rel=\"iLightbox[bce42e9303992d20010]\"><img loading=\"lazy\" decoding=\"async\" width=\"480\" height=\"640\" src=\"https:\/\/culturaclasica.net\/ludi_saguntini\/wp-content\/uploads\/2022\/04\/IMG_3128-e1649699684453.jpg\" alt=\"\" title=\"IMG_3128\" aria-label=\"IMG_3128\" class=\"img-responsive wp-image-1995\" srcset=\"https:\/\/culturaclasica.net\/ludi_saguntini\/wp-content\/uploads\/2022\/04\/IMG_3128-e1649699684453-200x267.jpg 200w, https:\/\/culturaclasica.net\/ludi_saguntini\/wp-content\/uploads\/2022\/04\/IMG_3128-e1649699684453-400x533.jpg 400w, https:\/\/culturaclasica.net\/ludi_saguntini\/wp-content\/uploads\/2022\/04\/IMG_3128-e1649699684453.jpg 480w\" sizes=\"(min-width: 2200px) 100vw, (min-width: 732px) 638px, (min-width: 640px) 732px, \" \/><\/a><\/div><\/div><div class=\"clearfix\"><\/div><div style=\"padding:5px;\" class=\"fusion-grid-column fusion-gallery-column fusion-gallery-column-2 hover-type-none\"><div class=\"fusion-gallery-image\"><a href=\"https:\/\/culturaclasica.net\/ludi_saguntini\/wp-content\/uploads\/2022\/04\/WhatsApp-Image-2022-04-11-at-9.53.50-AM-1.jpeg\" class=\"fusion-lightbox\" data-rel=\"iLightbox[bce42e9303992d20010]\"><img loading=\"lazy\" decoding=\"async\" width=\"600\" height=\"450\" src=\"https:\/\/culturaclasica.net\/ludi_saguntini\/wp-content\/uploads\/2022\/04\/WhatsApp-Image-2022-04-11-at-9.53.50-AM-1-600x450.jpeg\" alt=\"\" title=\"WhatsApp Image 2022-04-11 at 9.53.50 AM (1)\" aria-label=\"WhatsApp Image 2022-04-11 at 9.53.50 AM (1)\" class=\"img-responsive wp-image-1999\" srcset=\"https:\/\/culturaclasica.net\/ludi_saguntini\/wp-content\/uploads\/2022\/04\/WhatsApp-Image-2022-04-11-at-9.53.50-AM-1-200x150.jpeg 200w, https:\/\/culturaclasica.net\/ludi_saguntini\/wp-content\/uploads\/2022\/04\/WhatsApp-Image-2022-04-11-at-9.53.50-AM-1-400x300.jpeg 400w, https:\/\/culturaclasica.net\/ludi_saguntini\/wp-content\/uploads\/2022\/04\/WhatsApp-Image-2022-04-11-at-9.53.50-AM-1-600x450.jpeg 600w, https:\/\/culturaclasica.net\/ludi_saguntini\/wp-content\/uploads\/2022\/04\/WhatsApp-Image-2022-04-11-at-9.53.50-AM-1-800x600.jpeg 800w, https:\/\/culturaclasica.net\/ludi_saguntini\/wp-content\/uploads\/2022\/04\/WhatsApp-Image-2022-04-11-at-9.53.50-AM-1-1200x900.jpeg 1200w\" sizes=\"(min-width: 2200px) 100vw, (min-width: 732px) 638px, (min-width: 640px) 732px, \" \/><\/a><\/div><\/div><div style=\"padding:5px;\" class=\"fusion-grid-column fusion-gallery-column fusion-gallery-column-2 hover-type-none\"><div class=\"fusion-gallery-image\"><a href=\"https:\/\/culturaclasica.net\/ludi_saguntini\/wp-content\/uploads\/2022\/04\/IMG_3139-e1649699669243.jpg\" class=\"fusion-lightbox\" data-rel=\"iLightbox[bce42e9303992d20010]\"><img loading=\"lazy\" decoding=\"async\" width=\"480\" height=\"640\" src=\"https:\/\/culturaclasica.net\/ludi_saguntini\/wp-content\/uploads\/2022\/04\/IMG_3139-e1649699669243.jpg\" alt=\"\" title=\"IMG_3139\" aria-label=\"IMG_3139\" class=\"img-responsive wp-image-1996\" srcset=\"https:\/\/culturaclasica.net\/ludi_saguntini\/wp-content\/uploads\/2022\/04\/IMG_3139-e1649699669243-200x267.jpg 200w, https:\/\/culturaclasica.net\/ludi_saguntini\/wp-content\/uploads\/2022\/04\/IMG_3139-e1649699669243-400x533.jpg 400w, https:\/\/culturaclasica.net\/ludi_saguntini\/wp-content\/uploads\/2022\/04\/IMG_3139-e1649699669243.jpg 480w\" sizes=\"(min-width: 2200px) 100vw, (min-width: 732px) 638px, (min-width: 640px) 732px, \" \/><\/a><\/div><\/div><div class=\"clearfix\"><\/div><\/div><div class=\"fusion-clearfix\"><\/div>\n\n\t\t\t\t\t<\/div>\n\t\t\t\t<\/div><\/div><\/div><\/p>","protected":false},"excerpt":{"rendered":"","protected":false},"author":4,"featured_media":0,"parent":0,"menu_order":0,"comment_status":"closed","ping_status":"closed","template":"","meta":{"footnotes":""},"_links":{"self":[{"href":"https:\/\/culturaclasica.net\/ludi_saguntini\/fr\/wp-json\/wp\/v2\/pages\/1416"}],"collection":[{"href":"https:\/\/culturaclasica.net\/ludi_saguntini\/fr\/wp-json\/wp\/v2\/pages"}],"about":[{"href":"https:\/\/culturaclasica.net\/ludi_saguntini\/fr\/wp-json\/wp\/v2\/types\/page"}],"author":[{"embeddable":true,"href":"https:\/\/culturaclasica.net\/ludi_saguntini\/fr\/wp-json\/wp\/v2\/users\/4"}],"replies":[{"embeddable":true,"href":"https:\/\/culturaclasica.net\/ludi_saguntini\/fr\/wp-json\/wp\/v2\/comments?post=1416"}],"version-history":[{"count":12,"href":"https:\/\/culturaclasica.net\/ludi_saguntini\/fr\/wp-json\/wp\/v2\/pages\/1416\/revisions"}],"predecessor-version":[{"id":2381,"href":"https:\/\/culturaclasica.net\/ludi_saguntini\/fr\/wp-json\/wp\/v2\/pages\/1416\/revisions\/2381"}],"wp:attachment":[{"href":"https:\/\/culturaclasica.net\/ludi_saguntini\/fr\/wp-json\/wp\/v2\/media?parent=1416"}],"curies":[{"name":"wp","href":"https:\/\/api.w.org\/{rel}","templated":true}]}}