{"id":2220,"date":"2023-12-08T11:55:53","date_gmt":"2023-12-08T10:55:53","guid":{"rendered":"https:\/\/culturaclasica.net\/ludi_saguntini\/?page_id=2220"},"modified":"2025-01-27T20:13:33","modified_gmt":"2025-01-27T19:13:33","slug":"apadrina-un-spatium","status":"publish","type":"page","link":"https:\/\/culturaclasica.net\/ludi_saguntini\/en\/apadrina-un-spatium\/","title":{"rendered":"(Espa\u00f1ol) Apadrina un Spatium"},"content":{"rendered":"<p class=\"qtranxs-available-languages-message qtranxs-available-languages-message-en\">Sorry, this entry is only available in <a href=\"https:\/\/culturaclasica.net\/ludi_saguntini\/es\/wp-json\/wp\/v2\/pages\/2220\" class=\"qtranxs-available-language-link qtranxs-available-language-link-es\" title=\"Espa\u00f1ol\">European Spanish<\/a> and <a href=\"https:\/\/culturaclasica.net\/ludi_saguntini\/ca\/wp-json\/wp\/v2\/pages\/2220\" class=\"qtranxs-available-language-link qtranxs-available-language-link-ca\" title=\"Catal\u00e0\">Catalan<\/a>. For the sake of viewer convenience, the content is shown below in this site default language. You may click one of the links to switch the site language to another available language.<\/p><p><\/p>\n<h2 style=\"text-align: center;\">\u00bfConoces el proyecto &#8220;APADRINA UN SPATIUM&#8221;?<\/h2>\n<p><a href=\"https:\/\/culturaclasica.net\/ludi_saguntini\/wp-content\/uploads\/2023\/12\/spatia.png\"><img loading=\"lazy\" decoding=\"async\" class=\"wp-image-2222 size-medium aligncenter\" src=\"https:\/\/culturaclasica.net\/ludi_saguntini\/wp-content\/uploads\/2023\/12\/spatia-300x154.png\" alt=\"\" width=\"300\" height=\"154\" srcset=\"https:\/\/culturaclasica.net\/ludi_saguntini\/wp-content\/uploads\/2023\/12\/spatia-200x102.png 200w, https:\/\/culturaclasica.net\/ludi_saguntini\/wp-content\/uploads\/2023\/12\/spatia-300x154.png 300w, https:\/\/culturaclasica.net\/ludi_saguntini\/wp-content\/uploads\/2023\/12\/spatia-400x205.png 400w, https:\/\/culturaclasica.net\/ludi_saguntini\/wp-content\/uploads\/2023\/12\/spatia-600x307.png 600w, https:\/\/culturaclasica.net\/ludi_saguntini\/wp-content\/uploads\/2023\/12\/spatia.png 768w\" sizes=\"(max-width: 300px) 100vw, 300px\" \/><\/a><\/p>\n<p>Queremos informaros de todas las novedades sobre la edici\u00f3n LVDI SAGVNTINI MMXXIV. Necesitamos vuestra colaboraci\u00f3n para seguir con esta iniciativa.<\/p>\n<p>En primer lugar, os recordamos que toda la informaci\u00f3n necesaria sobre los LUDI se publicar\u00e1 en este lugar, ya sean fechas, periodos de inscripci\u00f3n, materiales, etc.<\/p>\n<p>Los SPATIA se caracterizan para ser talleres de libre realizaci\u00f3n, abiertos en todo el mundo que quiera participar, sin limitaciones y de car\u00e1cter eminentemente pr\u00e1ctico, donde se prioriza el hecho de tocar, probar y experimentar.<\/p>\n<p>Os avisaremos cuando est\u00e9 abierta, pero ahora ha llegado ya la hora de lanzarse a APADRINAR UN SPATIUM: para quien no lo haya hecho antes, se trata de implicar nuestro alumnado en el proceso de aprendizaje-ense\u00f1anza de la Cultura Cl\u00e1sica, entregarlos las riendas de la docencia y convertirlos en monitores de uno de los SPATIA.<\/p>\n<p>No os qued\u00e1is con la espinita, preguntad y contactad con nosotros sin ning\u00fan compromiso.<\/p>\n<p>Dicho esto, os dejamos <a href=\"https:\/\/docs.google.com\/forms\/d\/e\/1FAIpQLSel9YOWU5n30WEvE4JRGecPFeSiYYK5iaBPYGtKoueilYf56A\/viewform?usp=header\" target=\"_blank\" rel=\"noopener\">aqu\u00ed el enlace<\/a> que os conducir\u00e1 al formulario para todos aquellos que quer\u00e1is apadrinar, en el que nos podr\u00e9is dar vuestros datos de contacto, el n\u00famero aproximado de alumnado que participar\u00eda y vuestras preferencias sobre los Spatia a apadrinar.<\/p>\n<p>Esperamos las respuestas de aquellos que ya lo ten\u00e9is claro, pero tambi\u00e9n las preguntas, dudas y reticencias de aquellos que est\u00e1is indecisos. Entendemos que nos encontramos en una situaci\u00f3n complicada y, por nuestra parte, trataremos de resolver cualquier inconveniente y de facilitaros al m\u00e1ximo la participaci\u00f3n. Si quieres escribirnos, este es nuestro correo:<\/p>\n<p style=\"text-align: center;\"><a href=\"https:\/\/culturaclasica.net\/ludi_saguntini\/wp-content\/uploads\/2023\/12\/correoSpatia.png\"><img loading=\"lazy\" decoding=\"async\" class=\"alignnone size-full wp-image-2221\" src=\"https:\/\/culturaclasica.net\/ludi_saguntini\/wp-content\/uploads\/2023\/12\/correoSpatia.png\" alt=\"\" width=\"322\" height=\"110\" srcset=\"https:\/\/culturaclasica.net\/ludi_saguntini\/wp-content\/uploads\/2023\/12\/correoSpatia-200x68.png 200w, https:\/\/culturaclasica.net\/ludi_saguntini\/wp-content\/uploads\/2023\/12\/correoSpatia-300x102.png 300w, https:\/\/culturaclasica.net\/ludi_saguntini\/wp-content\/uploads\/2023\/12\/correoSpatia-320x110.png 320w, https:\/\/culturaclasica.net\/ludi_saguntini\/wp-content\/uploads\/2023\/12\/correoSpatia.png 322w\" sizes=\"(max-width: 322px) 100vw, 322px\" \/><\/a><\/p>\n<p><\/p>","protected":false},"excerpt":{"rendered":"<p>Sorry, this entry is only available in European Spanish and Catalan. For the sake of viewer convenience, the content is shown below [&hellip;]<\/p>\n","protected":false},"author":4,"featured_media":0,"parent":0,"menu_order":0,"comment_status":"closed","ping_status":"closed","template":"","meta":{"footnotes":""},"_links":{"self":[{"href":"https:\/\/culturaclasica.net\/ludi_saguntini\/en\/wp-json\/wp\/v2\/pages\/2220"}],"collection":[{"href":"https:\/\/culturaclasica.net\/ludi_saguntini\/en\/wp-json\/wp\/v2\/pages"}],"about":[{"href":"https:\/\/culturaclasica.net\/ludi_saguntini\/en\/wp-json\/wp\/v2\/types\/page"}],"author":[{"embeddable":true,"href":"https:\/\/culturaclasica.net\/ludi_saguntini\/en\/wp-json\/wp\/v2\/users\/4"}],"replies":[{"embeddable":true,"href":"https:\/\/culturaclasica.net\/ludi_saguntini\/en\/wp-json\/wp\/v2\/comments?post=2220"}],"version-history":[{"count":4,"href":"https:\/\/culturaclasica.net\/ludi_saguntini\/en\/wp-json\/wp\/v2\/pages\/2220\/revisions"}],"predecessor-version":[{"id":2316,"href":"https:\/\/culturaclasica.net\/ludi_saguntini\/en\/wp-json\/wp\/v2\/pages\/2220\/revisions\/2316"}],"wp:attachment":[{"href":"https:\/\/culturaclasica.net\/ludi_saguntini\/en\/wp-json\/wp\/v2\/media?parent=2220"}],"curies":[{"name":"wp","href":"https:\/\/api.w.org\/{rel}","templated":true}]}}