{"id":1865,"date":"2020-01-31T07:42:14","date_gmt":"2020-01-31T06:42:14","guid":{"rendered":"https:\/\/culturaclasica.net\/ludi_saguntini\/?page_id=1865"},"modified":"2026-01-14T22:37:03","modified_gmt":"2026-01-14T21:37:03","slug":"teatre-olimposchola","status":"publish","type":"page","link":"https:\/\/culturaclasica.net\/ludi_saguntini\/en\/teatre-olimposchola\/","title":{"rendered":"Teatre OlimpoSchola"},"content":{"rendered":"<p class=\"qtranxs-available-languages-message qtranxs-available-languages-message-en\">Sorry, this entry is only available in <a href=\"https:\/\/culturaclasica.net\/ludi_saguntini\/es\/wp-json\/wp\/v2\/pages\/1865\" class=\"qtranxs-available-language-link qtranxs-available-language-link-es\" title=\"Espa\u00f1ol\">European Spanish<\/a> and <a href=\"https:\/\/culturaclasica.net\/ludi_saguntini\/ca\/wp-json\/wp\/v2\/pages\/1865\" class=\"qtranxs-available-language-link qtranxs-available-language-link-ca\" title=\"Catal\u00e0\">Catalan<\/a>. For the sake of viewer convenience, the content is shown below in this site default language. You may click one of the links to switch the site language to another available language.<\/p><p><\/p>\n<h2 style=\"text-align: center;\">Teatro Olimpo 2026<\/h2>\n<h3 style=\"text-align: center;\">OBRA TEATRO DE MARTES Y MI\u00c9RCOLES<\/h3>\n<p>&nbsp;<\/p>\n<p style=\"text-align: center;\"><strong>\u201cULISSES, QUIN VIATGE!!!\u201d<\/strong><\/p>\n<p><a href=\"https:\/\/culturaclasica.net\/ludi_saguntini\/teatre-olimposchola\/ulises\/\" rel=\"attachment wp-att-2390\"><img loading=\"lazy\" decoding=\"async\" class=\"aligncenter size-medium wp-image-2390\" src=\"https:\/\/culturaclasica.net\/ludi_saguntini\/wp-content\/uploads\/2025\/12\/Ulises-300x102.png\" alt=\"\" width=\"300\" height=\"102\" srcset=\"https:\/\/culturaclasica.net\/ludi_saguntini\/wp-content\/uploads\/2025\/12\/Ulises-200x68.png 200w, https:\/\/culturaclasica.net\/ludi_saguntini\/wp-content\/uploads\/2025\/12\/Ulises-300x102.png 300w, https:\/\/culturaclasica.net\/ludi_saguntini\/wp-content\/uploads\/2025\/12\/Ulises-400x136.png 400w, https:\/\/culturaclasica.net\/ludi_saguntini\/wp-content\/uploads\/2025\/12\/Ulises-600x204.png 600w, https:\/\/culturaclasica.net\/ludi_saguntini\/wp-content\/uploads\/2025\/12\/Ulises-768x261.png 768w, https:\/\/culturaclasica.net\/ludi_saguntini\/wp-content\/uploads\/2025\/12\/Ulises-800x272.png 800w, https:\/\/culturaclasica.net\/ludi_saguntini\/wp-content\/uploads\/2025\/12\/Ulises-1024x348.png 1024w, https:\/\/culturaclasica.net\/ludi_saguntini\/wp-content\/uploads\/2025\/12\/Ulises-1200x408.png 1200w, https:\/\/culturaclasica.net\/ludi_saguntini\/wp-content\/uploads\/2025\/12\/Ulises-1536x522.png 1536w, https:\/\/culturaclasica.net\/ludi_saguntini\/wp-content\/uploads\/2025\/12\/Ulises.png 1706w\" sizes=\"(max-width: 300px) 100vw, 300px\" \/><\/a><\/p>\n<div class=\"ms-Grid-row\">\n<div class=\"ts-textfield-container \" lang=\"es\">\n<div class=\"ts-alignment-view-container\">\n<div id=\"ts-alignment-view-idtgt\" class=\"ts-alignment-view ms-font-m ts-alignment-view-tgt ts-ltr-left-zero\" tabindex=\"0\" aria-hidden=\"false\" aria-label=\"Traducci\u00f3n al Espa\u00f1ol.\">\n<div style=\"text-align: center;\" tabindex=\"-1\" role=\"label\"><span id=\"tgtAlignment_0\" class=\"ts-alignment-element\" data-is-focusable=\"true\">Grupo<\/span> <span id=\"tgtAlignment_1\" class=\"ts-alignment-element\" data-is-focusable=\"true\">de<\/span> <span id=\"tgtAlignment_2\" class=\"ts-alignment-element\" data-is-focusable=\"true\">teatro<\/span> <span id=\"tgtAlignment_3\" class=\"ts-alignment-element\" data-is-focusable=\"true\">del<\/span> <span id=\"tgtAlignment_4\" class=\"ts-alignment-element\" data-is-focusable=\"true\">alumnado<\/span> <span id=\"tgtAlignment_5\" class=\"ts-alignment-element\" data-is-focusable=\"true\">de<\/span> <span id=\"tgtAlignment_6\" class=\"ts-alignment-element\" data-is-focusable=\"true\">quinto<\/span> <span id=\"tgtAlignment_7\" class=\"ts-alignment-element\" data-is-focusable=\"true\">curso<\/span> <span id=\"tgtAlignment_8\" class=\"ts-alignment-element\" data-is-focusable=\"true\">del<\/span> <span id=\"tgtAlignment_9\" class=\"ts-alignment-element\" data-is-focusable=\"true\">CEIP<\/span> <span id=\"tgtAlignment_10\" class=\"ts-alignment-element\" data-is-focusable=\"true\">Cronista<\/span> <span id=\"tgtAlignment_11\" class=\"ts-alignment-element\" data-is-focusable=\"true\">Chabret<\/span><\/div>\n<div tabindex=\"-1\" role=\"label\"><span id=\"tgtAlignment_12\" class=\"ts-alignment-element\" data-is-focusable=\"true\">25<\/span> <span id=\"tgtAlignment_13\" class=\"ts-alignment-element\" data-is-focusable=\"true\">alumnos<\/span><\/div>\n<div tabindex=\"-1\" role=\"label\"><\/div>\n<div tabindex=\"-1\" role=\"label\">La obra que presentamos este a\u00f1o es \u201c*Ulisses, quin viatge!!\u201d, a *cargo del taller de quinto curso de dramatizaci\u00f3n de nuestra escuela. Participa la totalidad de la clase en un proyecto com\u00fan que comenzamos a comienzos de curso y que acabar\u00e1 con la representaci\u00f3n, los d\u00edas de los Ludi.<br \/>\n\u201cUlisses, quin viatge viaje!!\u201d, es una adaptaci\u00f3n libre de La Odisea, donde el autor nos narra las aventuras de Ulises cuando vuelve a \u00cdtaca despu\u00e9s de haber participado en la guerra de Troya. Nuestro principal objetivo es hacer llegar este cl\u00e1sico los ni\u00f1os de una manera divertida y llamativa. Es por eso que usamos diferentes recursos como la m\u00fasica, la danza, proyecciones\u2026<br \/>\nPor otro lado, hab\u00eda que adecuar el lenguaje de la obra al p\u00fablico que va dirigido y que fuera comprensible.<br \/>\nPor \u00faltimo, dado el p\u00fablico que vamos a tener, hemos hecho una versi\u00f3n reducida en la que hemos seleccionado aquellas aventuras que pod\u00edan ser m\u00e1s del gusto de los peque\u00f1os.<br \/>\nEn cuanto a los diferentes aspectos que conforman un montaje teatral (escenograf\u00eda, vestuario\u2026,) hay que decir que funcionan a partir de un grupo de maestros que se encargan del dise\u00f1o de cada uno de los apartados y en cuanto a la ejecuci\u00f3n participan todos, padres y madres, alumnas y maestras.<\/div>\n<div tabindex=\"-1\" role=\"label\"><\/div>\n<div tabindex=\"-1\" role=\"label\"><span id=\"tgtAlignment_92\" class=\"ts-alignment-element\" data-is-focusable=\"true\">Jos\u00e9<\/span> <span id=\"tgtAlignment_93\" class=\"ts-alignment-element\" data-is-focusable=\"true\">Mar\u00eda<\/span> <span id=\"tgtAlignment_94\" class=\"ts-alignment-element\" data-is-focusable=\"true\">Ram\u00edrez:<\/span> <span id=\"tgtAlignment_95\" class=\"ts-alignment-element\" data-is-focusable=\"true\">Texto,<\/span> <span id=\"tgtAlignment_96\" class=\"ts-alignment-element\" data-is-focusable=\"true\">dramaturgia,<\/span> <span id=\"tgtAlignment_97\" class=\"ts-alignment-element\" data-is-focusable=\"true\">direcci\u00f3n<\/span><\/div>\n<div tabindex=\"-1\" role=\"label\"><span id=\"tgtAlignment_98\" class=\"ts-alignment-element\" data-is-focusable=\"true\">Voro<\/span> <span id=\"tgtAlignment_99\" class=\"ts-alignment-element\" data-is-focusable=\"true\">Sampedro:<\/span> <span id=\"tgtAlignment_100\" class=\"ts-alignment-element\" data-is-focusable=\"true\">Tutor<\/span><\/div>\n<\/div>\n<\/div>\n<\/div>\n<\/div>\n<p>Teatro en valenciano<\/p>\n<h3 style=\"text-align: center;\">OBRA TEATRO DE JUEVES Y VIERNES<\/h3>\n<p style=\"text-align: center;\">A CARGO DEL IES CLOT DEL MORO, BAJO LA DIRECCI\u00d3N DE PILAR ARI\u00d1O<\/p>\n<p>T\u00cdTULO: \u201cHades y Pers\u00e9fone\u201d.<\/p>\n<p>ARGUMENTO: Este a\u00f1o el IES Clot del Moro participamos nuevamente con los Ludi Saguntini y lo hacemos con la representaci\u00f3n del mito de Hades y Pers\u00e9fone que nos narra como y porque se crearon las estaciones del a\u00f1o. Adem\u00e1s, aprovechamos este texto para hacer una reflexi\u00f3n sobre el cambio clim\u00e1tico y la necesidad de tener cura de los recursos naturales. La m\u00fasica y las danzas completan esta historia que acercar\u00e1 el mundo cl\u00e1sico a nuestro alumnado.<br \/>\nTeatro en valenciano<\/p>\n<p>INT\u00c9RPRETES: Grupo de teatro formado por alumnado de la asignatura taller de profundizaci\u00f3n: teatro. (28 alumnos en escena).<\/p>\n<p>Participa la totalidad del alumnado que cursa esta asignatura en un proyecto com\u00fan que comenzamos a comienzo de curso y que acabar\u00e1 con la representaci\u00f3n final, los d\u00edas 23 y 24 de abril dentro de la programaci\u00f3n de los Ludi Saguntini.<\/p>\n<p>En cuanto a los diferentes aspectos que conforman el montaje teatral: escenograf\u00eda, vestuario\u2026, hay que decir que todo ha sido dise\u00f1ado y confeccionado por alumnado del IES que cursa la asignatura de volumen y escenograf\u00eda.<\/p>\n<p>DURACI\u00d3N: aproximadamente 30\u202fmin.<\/p>","protected":false},"excerpt":{"rendered":"<p>Sorry, this entry is only available in European Spanish and Catalan. For the sake of viewer convenience, the content is shown below [&hellip;]<\/p>\n","protected":false},"author":4,"featured_media":0,"parent":0,"menu_order":0,"comment_status":"closed","ping_status":"closed","template":"","meta":{"footnotes":""},"_links":{"self":[{"href":"https:\/\/culturaclasica.net\/ludi_saguntini\/en\/wp-json\/wp\/v2\/pages\/1865"}],"collection":[{"href":"https:\/\/culturaclasica.net\/ludi_saguntini\/en\/wp-json\/wp\/v2\/pages"}],"about":[{"href":"https:\/\/culturaclasica.net\/ludi_saguntini\/en\/wp-json\/wp\/v2\/types\/page"}],"author":[{"embeddable":true,"href":"https:\/\/culturaclasica.net\/ludi_saguntini\/en\/wp-json\/wp\/v2\/users\/4"}],"replies":[{"embeddable":true,"href":"https:\/\/culturaclasica.net\/ludi_saguntini\/en\/wp-json\/wp\/v2\/comments?post=1865"}],"version-history":[{"count":25,"href":"https:\/\/culturaclasica.net\/ludi_saguntini\/en\/wp-json\/wp\/v2\/pages\/1865\/revisions"}],"predecessor-version":[{"id":2396,"href":"https:\/\/culturaclasica.net\/ludi_saguntini\/en\/wp-json\/wp\/v2\/pages\/1865\/revisions\/2396"}],"wp:attachment":[{"href":"https:\/\/culturaclasica.net\/ludi_saguntini\/en\/wp-json\/wp\/v2\/media?parent=1865"}],"curies":[{"name":"wp","href":"https:\/\/api.w.org\/{rel}","templated":true}]}}