{"id":1801,"date":"2019-04-02T16:01:09","date_gmt":"2019-04-02T14:01:09","guid":{"rendered":"https:\/\/culturaclasica.net\/ludi_saguntini\/?page_id=1801"},"modified":"2019-04-02T16:01:09","modified_gmt":"2019-04-02T14:01:09","slug":"pompa-palilia","status":"publish","type":"page","link":"https:\/\/culturaclasica.net\/ludi_saguntini\/en\/pompa-palilia\/","title":{"rendered":"(Espa\u00f1ol) Pompa Palilia"},"content":{"rendered":"<p class=\"qtranxs-available-languages-message qtranxs-available-languages-message-en\">Sorry, this entry is only available in <a href=\"https:\/\/culturaclasica.net\/ludi_saguntini\/es\/wp-json\/wp\/v2\/pages\/1801\" class=\"qtranxs-available-language-link qtranxs-available-language-link-es\" title=\"Espa\u00f1ol\">European Spanish<\/a>. For the sake of viewer convenience, the content is shown below in the alternative language. You may click the link to switch the active language.<\/p><p><\/p>\n<div>Los<b>\u00a0Ludi Saguntini MMXIX<\/b>\u00a0tendr\u00e1n como despedida una pompa en honor a la diosa Pales, que protege los reba\u00f1os y a los pastores. La informaci\u00f3n puede leerse en <a href=\"https:\/\/www.scribd.com\/document\/402784733\/recreacion-PALILIAweb\" target=\"_blank\" rel=\"noopener\">este lugar<\/a>.<\/div>\n<div>\n<p style=\"margin: 12px auto 6px auto; font-family: Helvetica,Arial,Sans-serif; font-style: normal; font-variant: normal; font-weight: normal; font-size: 14px; line-height: normal; font-size-adjust: none; font-stretch: normal; -x-system-font: none; display: block;\"><a style=\"text-decoration: underline;\" title=\"View recreaci\u00f3n PALILIAweb on Scribd\" href=\"https:\/\/www.scribd.com\/document\/402784733\/recreacion-PALILIAweb#from_embed\">recreaci\u00f3n PALILIAweb<\/a> by on Scribd<\/p>\n<p><iframe loading=\"lazy\" class=\"scribd_iframe_embed\" title=\"recreaci\u00f3n PALILIAweb\" src=\"https:\/\/www.scribd.com\/embeds\/402784733\/content?start_page=1&amp;view_mode=scroll&amp;show_recommendations=true&amp;access_key=key-oSQvrKTPyUsgyeSxzNgk\" width=\"100%\" height=\"600\" frameborder=\"0\" scrolling=\"no\" data-auto-height=\"true\" data-aspect-ratio=\"null\"><\/iframe><\/p>\n<\/div>\n<p><\/p>","protected":false},"excerpt":{"rendered":"<p>Sorry, this entry is only available in European Spanish. For the sake of viewer convenience, the content is shown below in the [&hellip;]<\/p>\n","protected":false},"author":4,"featured_media":0,"parent":0,"menu_order":0,"comment_status":"closed","ping_status":"closed","template":"","meta":{"footnotes":""},"_links":{"self":[{"href":"https:\/\/culturaclasica.net\/ludi_saguntini\/en\/wp-json\/wp\/v2\/pages\/1801"}],"collection":[{"href":"https:\/\/culturaclasica.net\/ludi_saguntini\/en\/wp-json\/wp\/v2\/pages"}],"about":[{"href":"https:\/\/culturaclasica.net\/ludi_saguntini\/en\/wp-json\/wp\/v2\/types\/page"}],"author":[{"embeddable":true,"href":"https:\/\/culturaclasica.net\/ludi_saguntini\/en\/wp-json\/wp\/v2\/users\/4"}],"replies":[{"embeddable":true,"href":"https:\/\/culturaclasica.net\/ludi_saguntini\/en\/wp-json\/wp\/v2\/comments?post=1801"}],"version-history":[{"count":1,"href":"https:\/\/culturaclasica.net\/ludi_saguntini\/en\/wp-json\/wp\/v2\/pages\/1801\/revisions"}],"predecessor-version":[{"id":1802,"href":"https:\/\/culturaclasica.net\/ludi_saguntini\/en\/wp-json\/wp\/v2\/pages\/1801\/revisions\/1802"}],"wp:attachment":[{"href":"https:\/\/culturaclasica.net\/ludi_saguntini\/en\/wp-json\/wp\/v2\/media?parent=1801"}],"curies":[{"name":"wp","href":"https:\/\/api.w.org\/{rel}","templated":true}]}}