{"id":1542,"date":"2017-11-20T17:45:36","date_gmt":"2017-11-20T16:45:36","guid":{"rendered":"https:\/\/culturaclasica.net\/ludi_saguntini\/?page_id=1542"},"modified":"2026-03-26T19:36:07","modified_gmt":"2026-03-26T18:36:07","slug":"taller-del-ejercito-romano-militaria","status":"publish","type":"page","link":"https:\/\/culturaclasica.net\/ludi_saguntini\/en\/taller-del-ejercito-romano-militaria\/","title":{"rendered":"&#8221;Militaria&#8221;"},"content":{"rendered":"<p class=\"qtranxs-available-languages-message qtranxs-available-languages-message-en\">Sorry, this entry is only available in <a href=\"https:\/\/culturaclasica.net\/ludi_saguntini\/es\/wp-json\/wp\/v2\/pages\/1542\" class=\"qtranxs-available-language-link qtranxs-available-language-link-es\" title=\"Espa\u00f1ol\">European Spanish<\/a> and <a href=\"https:\/\/culturaclasica.net\/ludi_saguntini\/ca\/wp-json\/wp\/v2\/pages\/1542\" class=\"qtranxs-available-language-link qtranxs-available-language-link-ca\" title=\"Catal\u00e0\">Catalan<\/a>. For the sake of viewer convenience, the content is shown below in this site default language. You may click one of the links to switch the site language to another available language.<\/p><p><div class=\"fusion-fullwidth fullwidth-box nonhundred-percent-fullwidth non-hundred-percent-height-scrolling\"  style='background-color: rgba(255,255,255,0);background-position: center center;background-repeat: no-repeat;padding-top:0px;padding-right:0px;padding-bottom:0px;padding-left:0px;'><div class=\"fusion-builder-row fusion-row \"><div  class=\"fusion-layout-column fusion_builder_column fusion_builder_column_1_1  fusion-one-full fusion-column-first fusion-column-last 1_1\"  style='margin-top:0px;margin-bottom:0px;'>\n\t\t\t\t\t<div class=\"fusion-column-wrapper\" style=\"background-position:left top;background-repeat:no-repeat;-webkit-background-size:cover;-moz-background-size:cover;-o-background-size:cover;background-size:cover;\"  data-bg-url=\"\">\n\t\t\t\t\t\t<div class=\"fusion-text\"><h2>Taller del ej\u00e9rcito romano \u00abMilitaria\u00bb<\/h2>\n<div id=\"gtx-trans\" style=\"position: absolute; left: 472px; top: 52.4141px;\">\n<div class=\"gtx-trans-icon\"><\/div>\n<\/div>\n<\/div><div class=\"fusion-text\"><p style=\"font-weight: 400;\">En el marco de los Ludi Saguntini 2026, el taller MILITARIA estar\u00e1 dirigido por Jos\u00e9 Luis Pellicer, profesor de historia jubilado, con la colaboraci\u00f3n de la profesora de Historia Paola Mar\u00edn y del profesor de Cultura Cl\u00e1sica \u00c1ngel Monreal del IES Pere d\u2019Esplugues (Pobla Llarga).<\/p>\n<p class=\"p1\">Gracias al taller de Militaria podremos comprender que la historia de Roma est\u00e1 \u00edntimamente ligada con sus conquistas militares y con el instrumento del que se sirvi\u00f3 para ello, sus legiones.<\/p>\n<p class=\"p1\">OBJETIVO: Conocer el equipamiento b\u00e1sico que llevaba un legionario romano en \u00e9poca imperial y algunos movimientos t\u00e1cticos utilizados en el enfrentamiento con otros pueblos. Tambi\u00e9n el papel que jugaba la disciplina y el trabajo en equipo como una de las caracter\u00edsticas m\u00e1s destacadas del funcionamiento del ej\u00e9rcito romano.<\/p>\n<p class=\"p1\">ESTRUCTURA: El taller-exposici\u00f3n consta de las siguientes partes:<\/p>\n<p class=\"p1\">1. EXPOSITIVA E INFORMATIVA<br \/>\nSe llevar\u00e1 a cabo a trav\u00e9s de una explicaci\u00f3n respaldada por material did\u00e1ctico, equipos militares, r\u00e9plicas y paneles sobre el mundo militar romano, en un aula destinada a ese uso.<\/p>\n<p class=\"p1\">2. EXPERIENCIA VIVENCIAL:<br \/>\nLos asistentes, con un equipamiento que simula el que llevaban los antiguos legionarios romanos, vivir\u00e1n una experiencia pr\u00e1ctica en la calle, llevando a cabo diferentes movimientos de defensa y de ataque: testudo, orbis, etc..<\/p>\n<p class=\"p1\">3. CUADERNO DID\u00c1CTICO:<br \/>\nEl cuaderno explicativo con informaci\u00f3n b\u00e1sica acerca del mundo militar romano se puede descargar.<\/p>\n<\/div><div class=\"fusion-image-carousel fusion-image-carousel-fixed fusion-carousel-border\"><div class=\"fusion-carousel\" data-autoplay=\"yes\" data-columns=\"5\" data-itemmargin=\"13\" data-itemwidth=\"180\" data-touchscroll=\"no\" data-imagesize=\"fixed\"><div class=\"fusion-carousel-positioner\"><ul class=\"fusion-carousel-holder\"><li class=\"fusion-carousel-item\"><div class=\"fusion-carousel-item-wrapper\"><div class=\"fusion-image-wrapper hover-type-none\"><img loading=\"lazy\" decoding=\"async\" width=\"320\" height=\"202\" src=\"https:\/\/culturaclasica.net\/ludi_saguntini\/wp-content\/uploads\/2022\/11\/foto-1-militar-320x202.jpg\" class=\"attachment-blog-medium size-blog-medium\" alt=\"\" srcset=\"https:\/\/culturaclasica.net\/ludi_saguntini\/wp-content\/uploads\/2022\/11\/foto-1-militar-320x202.jpg 320w, https:\/\/culturaclasica.net\/ludi_saguntini\/wp-content\/uploads\/2022\/11\/foto-1-militar-700x441.jpg 700w\" sizes=\"(max-width: 320px) 100vw, 320px\" \/><\/div><\/div><\/li><li class=\"fusion-carousel-item\"><div class=\"fusion-carousel-item-wrapper\"><div class=\"fusion-image-wrapper hover-type-none\"><img loading=\"lazy\" decoding=\"async\" width=\"320\" height=\"202\" src=\"https:\/\/culturaclasica.net\/ludi_saguntini\/wp-content\/uploads\/2022\/11\/foto-2-militar-2-320x202.jpg\" class=\"attachment-blog-medium size-blog-medium\" alt=\"\" srcset=\"https:\/\/culturaclasica.net\/ludi_saguntini\/wp-content\/uploads\/2022\/11\/foto-2-militar-2-320x202.jpg 320w, https:\/\/culturaclasica.net\/ludi_saguntini\/wp-content\/uploads\/2022\/11\/foto-2-militar-2-700x441.jpg 700w\" sizes=\"(max-width: 320px) 100vw, 320px\" \/><\/div><\/div><\/li><\/ul><div class=\"fusion-carousel-nav\"><span class=\"fusion-nav-prev\"><\/span><span class=\"fusion-nav-next\"><\/span><\/div><\/div><\/div><\/div><div class=\"fusion-clearfix\"><\/div>\n\n\t\t\t\t\t<\/div>\n\t\t\t\t<\/div><\/div><\/div><\/p>","protected":false},"excerpt":{"rendered":"","protected":false},"author":4,"featured_media":0,"parent":0,"menu_order":0,"comment_status":"closed","ping_status":"closed","template":"","meta":{"footnotes":""},"_links":{"self":[{"href":"https:\/\/culturaclasica.net\/ludi_saguntini\/en\/wp-json\/wp\/v2\/pages\/1542"}],"collection":[{"href":"https:\/\/culturaclasica.net\/ludi_saguntini\/en\/wp-json\/wp\/v2\/pages"}],"about":[{"href":"https:\/\/culturaclasica.net\/ludi_saguntini\/en\/wp-json\/wp\/v2\/types\/page"}],"author":[{"embeddable":true,"href":"https:\/\/culturaclasica.net\/ludi_saguntini\/en\/wp-json\/wp\/v2\/users\/4"}],"replies":[{"embeddable":true,"href":"https:\/\/culturaclasica.net\/ludi_saguntini\/en\/wp-json\/wp\/v2\/comments?post=1542"}],"version-history":[{"count":25,"href":"https:\/\/culturaclasica.net\/ludi_saguntini\/en\/wp-json\/wp\/v2\/pages\/1542\/revisions"}],"predecessor-version":[{"id":2422,"href":"https:\/\/culturaclasica.net\/ludi_saguntini\/en\/wp-json\/wp\/v2\/pages\/1542\/revisions\/2422"}],"wp:attachment":[{"href":"https:\/\/culturaclasica.net\/ludi_saguntini\/en\/wp-json\/wp\/v2\/media?parent=1542"}],"curies":[{"name":"wp","href":"https:\/\/api.w.org\/{rel}","templated":true}]}}