{"id":1533,"date":"2017-11-20T17:39:24","date_gmt":"2017-11-20T16:39:24","guid":{"rendered":"https:\/\/culturaclasica.net\/ludi_saguntini\/?page_id=1533"},"modified":"2025-11-13T16:06:43","modified_gmt":"2025-11-13T15:06:43","slug":"taller-de-danza-griega-terpsicore","status":"publish","type":"page","link":"https:\/\/culturaclasica.net\/ludi_saguntini\/en\/taller-de-danza-griega-terpsicore\/","title":{"rendered":"&#8221;Terps\u00edcore&#8221;"},"content":{"rendered":"<p class=\"qtranxs-available-languages-message qtranxs-available-languages-message-en\">Sorry, this entry is only available in <a href=\"https:\/\/culturaclasica.net\/ludi_saguntini\/es\/wp-json\/wp\/v2\/pages\/1533\" class=\"qtranxs-available-language-link qtranxs-available-language-link-es\" title=\"Espa\u00f1ol\">European Spanish<\/a> and <a href=\"https:\/\/culturaclasica.net\/ludi_saguntini\/ca\/wp-json\/wp\/v2\/pages\/1533\" class=\"qtranxs-available-language-link qtranxs-available-language-link-ca\" title=\"Catal\u00e0\">Catalan<\/a>. For the sake of viewer convenience, the content is shown below in this site default language. You may click one of the links to switch the site language to another available language.<\/p><p><div class=\"fusion-fullwidth fullwidth-box nonhundred-percent-fullwidth non-hundred-percent-height-scrolling\"  style='background-color: rgba(255,255,255,0);background-position: center center;background-repeat: no-repeat;padding-top:0px;padding-right:0px;padding-bottom:0px;padding-left:0px;'><div class=\"fusion-builder-row fusion-row \"><div  class=\"fusion-layout-column fusion_builder_column fusion_builder_column_1_1  fusion-one-full fusion-column-first fusion-column-last 1_1\"  style='margin-top:0px;margin-bottom:0px;'>\n\t\t\t\t\t<div class=\"fusion-column-wrapper\" style=\"background-position:left top;background-repeat:no-repeat;-webkit-background-size:cover;-moz-background-size:cover;-o-background-size:cover;background-size:cover;\"  data-bg-url=\"\">\n\t\t\t\t\t\t<div class=\"fusion-text\"><h2>Taller de danza griega \u00abTerps\u00edcore\u00bb<\/h2>\n<\/div><div class=\"fusion-text\"><p>Este taller inici\u00f3 su camino a los Ludi Saguntini de la mano de \u00c0lex Andr\u00e9s, profesor de m\u00fasica de la IES Hoyo del Moro de Sagunto. Actualmente es Sahila Ari\u00f1o, profesora de valenciano del centro y bailarina de las M\u00e9nades de Irta, qui\u00e9n lo imparte junto con su alumnado.<br \/>\nLas M\u00e9nades de Irta, muy arraigadas a los Ludi Saguntini y participantes de la pompa, dan un valor especial al taller por su conocimiento en danza y su v\u00ednculo con la cultura grecolatina. Adem\u00e1s, varias integrantes han sido encargadas de realizarlo en otras ediciones.<\/p>\n<p>La importancia de la danza es universal: todas las culturas, de todos los tiempos, han otorgado un papel fundamental a la m\u00fasica y al baile. La cultura griega no es una excepci\u00f3n, y entend\u00eda la persona cultivada como aquella que sab\u00eda bailar, tal como recuerda Plat\u00f3n. Para los griegos, la danza era un invento divino y, por lo tanto, merec\u00eda respeto y veneraci\u00f3n.<\/p>\n<p>La circularidad de la danza<\/p>\n<p>La mayor\u00eda de danzas populares \u2014y las griegas especialmente\u2014 se basan en el movimiento circular, sea en un c\u00edrculo completo o parcial. Esta forma no es casual: evoca la circularidad de la vida, el ciclo del sol y la luna, las estaciones y el paso del tiempo.<\/p>\n<p>Terps\u00edcore, musa del baile<\/p>\n<p>Terps\u00edcore, \u201cla que se deleita con el baile\u201d, fue una de las musas m\u00e1s estimadas. Se la representaba a menudo con una c\u00edtara y estaba vinculada adem\u00e1s de 200 danzas presentes en rituales religiosos, celebraciones deportivas y militares \u2014como la danza p\u00edrrica\u2014, representaciones teatrales, contextos educativos y fiestas populares como las de cosecha.<\/p>\n<p>De la antig\u00fcedad a la actualidad<\/p>\n<p>Los antiguos bailes griegos han evolucionado hasta los bailes populares del actual Grecia, que contin\u00faan manteniendo la circularidad como elemento esencial. Otro factor simb\u00f3lico es la presencia del mar: en muchas danzas, los participantes se mueven de lado a lado, cogidos por los hombros, como si fueron mecidos por las olas.<\/p>\n<p>\u00bfQu\u00e9 encontrar\u00e1 el alumnado en el taller TERPS\u00cdCORE?<\/p>\n<p>Descubrir\u00e1 la importancia de la danza dentro de la cultura griega.<br \/>\nVer\u00e9is una peque\u00f1a exposici\u00f3n de instrumentos de la antigua Grecia.<br \/>\nObservar\u00e1 y podr\u00e1 probar vestuario tradicional de danza.<br \/>\nAprender\u00e1 y practicar\u00e1 una danza Hasapika.<\/p>\n<\/div><div class=\"imageframe-align-center\"><span class=\"fusion-imageframe imageframe-none imageframe-1 hover-type-none\"><img loading=\"lazy\" decoding=\"async\" src=\"https:\/\/culturaclasica.net\/ludi_saguntini\/wp-content\/uploads\/2017\/11\/danzas-300x225.jpg\" width=\"300\" height=\"225\" alt=\"\" title=\"danzas\" class=\"img-responsive wp-image-1534\" srcset=\"https:\/\/culturaclasica.net\/ludi_saguntini\/wp-content\/uploads\/2017\/11\/danzas-200x150.jpg 200w, https:\/\/culturaclasica.net\/ludi_saguntini\/wp-content\/uploads\/2017\/11\/danzas-400x300.jpg 400w, https:\/\/culturaclasica.net\/ludi_saguntini\/wp-content\/uploads\/2017\/11\/danzas.jpg 467w\" sizes=\"(max-width: 800px) 100vw, 300px\" \/><\/span><\/div><div class=\"fusion-clearfix\"><\/div>\n\n\t\t\t\t\t<\/div>\n\t\t\t\t<\/div><\/div><\/div><\/p>","protected":false},"excerpt":{"rendered":"","protected":false},"author":4,"featured_media":0,"parent":0,"menu_order":0,"comment_status":"closed","ping_status":"closed","template":"","meta":{"footnotes":""},"_links":{"self":[{"href":"https:\/\/culturaclasica.net\/ludi_saguntini\/en\/wp-json\/wp\/v2\/pages\/1533"}],"collection":[{"href":"https:\/\/culturaclasica.net\/ludi_saguntini\/en\/wp-json\/wp\/v2\/pages"}],"about":[{"href":"https:\/\/culturaclasica.net\/ludi_saguntini\/en\/wp-json\/wp\/v2\/types\/page"}],"author":[{"embeddable":true,"href":"https:\/\/culturaclasica.net\/ludi_saguntini\/en\/wp-json\/wp\/v2\/users\/4"}],"replies":[{"embeddable":true,"href":"https:\/\/culturaclasica.net\/ludi_saguntini\/en\/wp-json\/wp\/v2\/comments?post=1533"}],"version-history":[{"count":11,"href":"https:\/\/culturaclasica.net\/ludi_saguntini\/en\/wp-json\/wp\/v2\/pages\/1533\/revisions"}],"predecessor-version":[{"id":2386,"href":"https:\/\/culturaclasica.net\/ludi_saguntini\/en\/wp-json\/wp\/v2\/pages\/1533\/revisions\/2386"}],"wp:attachment":[{"href":"https:\/\/culturaclasica.net\/ludi_saguntini\/en\/wp-json\/wp\/v2\/media?parent=1533"}],"curies":[{"name":"wp","href":"https:\/\/api.w.org\/{rel}","templated":true}]}}