{"id":1493,"date":"2017-11-20T16:47:47","date_gmt":"2017-11-20T15:47:47","guid":{"rendered":"https:\/\/culturaclasica.net\/ludi_saguntini\/?page_id=1493"},"modified":"2022-12-13T19:37:47","modified_gmt":"2022-12-13T18:37:47","slug":"taller-de-ciencia-logos-et-physis","status":"publish","type":"page","link":"https:\/\/culturaclasica.net\/ludi_saguntini\/en\/taller-de-ciencia-logos-et-physis\/","title":{"rendered":"\u00abLogos et Physis\u00bb"},"content":{"rendered":"<p class=\"qtranxs-available-languages-message qtranxs-available-languages-message-en\">Sorry, this entry is only available in <a href=\"https:\/\/culturaclasica.net\/ludi_saguntini\/es\/wp-json\/wp\/v2\/pages\/1493\" class=\"qtranxs-available-language-link qtranxs-available-language-link-es\" title=\"Espa\u00f1ol\">European Spanish<\/a>. For the sake of viewer convenience, the content is shown below in the alternative language. You may click the link to switch the active language.<\/p><p><div class=\"fusion-fullwidth fullwidth-box nonhundred-percent-fullwidth non-hundred-percent-height-scrolling\"  style='background-color: rgba(255,255,255,0);background-position: center center;background-repeat: no-repeat;padding-top:0px;padding-right:0px;padding-bottom:0px;padding-left:0px;'><div class=\"fusion-builder-row fusion-row \"><div  class=\"fusion-layout-column fusion_builder_column fusion_builder_column_1_1  fusion-one-full fusion-column-first fusion-column-last 1_1\"  style='margin-top:0px;margin-bottom:0px;'>\n\t\t\t\t\t<div class=\"fusion-column-wrapper\" style=\"background-position:left top;background-repeat:no-repeat;-webkit-background-size:cover;-moz-background-size:cover;-o-background-size:cover;background-size:cover;\"  data-bg-url=\"\">\n\t\t\t\t\t\t<div class=\"fusion-text\"><h2>Taller de Ciencia \u00abLogos et Physis\u00bb<\/h2>\n<\/div><div class=\"fusion-text\"><p>El taller est\u00e1 montado por el profesorado y por el alumnado de Educaci\u00f3n Secundaria del IES La Vall de Seg\u00f3 (Benifair\u00f3 de les Valls, Valencia), coordinados por la profesora Xelo Dom\u00ednguez. En la actualidad lo coordina Miguel Siurana con la ayuda de su alumnado del IES Eduardo Merello.<\/p>\n<p>OBJETIVO: Aprender algunos de los conocimientos que se han derivado en el mundo moderno a partir de los conocimientos del mundo griego y primeros fil\u00f3sofos de la naturaleza.<\/p>\n<p>ESTRUCTURA: El taller consta de las siguientes partes:<\/p>\n<p>EXPOSITIVA E INFORMATIVA de la ciencia en el mundo griego y primeros fil\u00f3sofos de la naturaleza.<\/p>\n<p>MANIPULATIVA:<\/p>\n<p>Actividades relacionadas con la densidad y su c\u00e1lculo. Aplicaciones actuales de este conocimiento.<\/p>\n<p>Actividades relacionadas con las matem\u00e1ticas: c\u00e1lculo del n\u00famero \u03c0 y del n\u00famero \u03c6.<\/p>\n<p>Actividades relacionadas con palancas. Uso de catapultas y utilizaci\u00f3n de los \u00e1ngulos de tiros para mejorar los resultados.<\/p>\n<p>Trabajos de arquitectura: construcci\u00f3n de arcos romanos.<\/p>\n<p>Organizaci\u00f3n y clasificaci\u00f3n de elementos qu\u00edmicos. Clasificaci\u00f3n de vegetales atendiendo a los olores y posibles utilidades terap\u00e9uticas.<\/p>\n<p>Estudio del Caracol de Arqu\u00edmedes.<\/p>\n<p>L\u00daDICA: Actividades, experiencias y juegos relacionados con conocimientos cient\u00edficos griegos utilizando tanto herramientas matem\u00e1ticas como el conocimiento de la fisiolog\u00eda.<\/p>\n<p>CUADERNO EXPLICATIVO de las diversas experiencias, con cuestiones a resolver, ejercicios y actividades pr\u00e1cticas a desarrollar en el taller.<\/p>\n<\/div><div class=\"imageframe-align-center\"><span class=\"fusion-imageframe imageframe-none imageframe-1 hover-type-none\"><a href=\"https:\/\/culturaclasica.net\/ludi_saguntini\/wp-content\/uploads\/2017\/11\/saggas_mini.jpg\" class=\"fusion-lightbox\" data-rel=\"iLightbox[7b994c70e0dc5bfae28]\" data-caption=\"Taller patrocinado\" data-title=\"saggas_mini\" title=\"saggas_mini\"><img loading=\"lazy\" decoding=\"async\" src=\"https:\/\/culturaclasica.net\/ludi_saguntini\/wp-content\/uploads\/2017\/11\/saggas_mini.jpg\" width=\"80\" height=\"32\" alt=\"\" class=\"img-responsive wp-image-1494\"\/><\/a><\/span><\/div><div class=\"imageframe-align-center\"><span class=\"fusion-imageframe imageframe-none imageframe-2 hover-type-none\"><img loading=\"lazy\" decoding=\"async\" src=\"https:\/\/culturaclasica.net\/ludi_saguntini\/wp-content\/uploads\/2017\/11\/cienci7-300x226.jpg\" width=\"300\" height=\"226\" alt=\"\" title=\"cienci7\" class=\"img-responsive wp-image-1495\" srcset=\"https:\/\/culturaclasica.net\/ludi_saguntini\/wp-content\/uploads\/2017\/11\/cienci7-200x150.jpg 200w, https:\/\/culturaclasica.net\/ludi_saguntini\/wp-content\/uploads\/2017\/11\/cienci7-400x301.jpg 400w, https:\/\/culturaclasica.net\/ludi_saguntini\/wp-content\/uploads\/2017\/11\/cienci7.jpg 500w\" sizes=\"(max-width: 800px) 100vw, 300px\" \/><\/span><\/div><div class=\"fusion-clearfix\"><\/div>\n\n\t\t\t\t\t<\/div>\n\t\t\t\t<\/div><\/div><\/div><\/p>","protected":false},"excerpt":{"rendered":"","protected":false},"author":4,"featured_media":0,"parent":0,"menu_order":0,"comment_status":"closed","ping_status":"closed","template":"","meta":{"footnotes":""},"_links":{"self":[{"href":"https:\/\/culturaclasica.net\/ludi_saguntini\/en\/wp-json\/wp\/v2\/pages\/1493"}],"collection":[{"href":"https:\/\/culturaclasica.net\/ludi_saguntini\/en\/wp-json\/wp\/v2\/pages"}],"about":[{"href":"https:\/\/culturaclasica.net\/ludi_saguntini\/en\/wp-json\/wp\/v2\/types\/page"}],"author":[{"embeddable":true,"href":"https:\/\/culturaclasica.net\/ludi_saguntini\/en\/wp-json\/wp\/v2\/users\/4"}],"replies":[{"embeddable":true,"href":"https:\/\/culturaclasica.net\/ludi_saguntini\/en\/wp-json\/wp\/v2\/comments?post=1493"}],"version-history":[{"count":5,"href":"https:\/\/culturaclasica.net\/ludi_saguntini\/en\/wp-json\/wp\/v2\/pages\/1493\/revisions"}],"predecessor-version":[{"id":2132,"href":"https:\/\/culturaclasica.net\/ludi_saguntini\/en\/wp-json\/wp\/v2\/pages\/1493\/revisions\/2132"}],"wp:attachment":[{"href":"https:\/\/culturaclasica.net\/ludi_saguntini\/en\/wp-json\/wp\/v2\/media?parent=1493"}],"curies":[{"name":"wp","href":"https:\/\/api.w.org\/{rel}","templated":true}]}}