{"id":1467,"date":"2017-11-20T15:59:17","date_gmt":"2017-11-20T14:59:17","guid":{"rendered":"https:\/\/culturaclasica.net\/ludi_saguntini\/?page_id=1467"},"modified":"2026-03-12T19:28:03","modified_gmt":"2026-03-12T18:28:03","slug":"taller-de-las-etapas-de-la-vida-aetates-hominis-infantia","status":"publish","type":"page","link":"https:\/\/culturaclasica.net\/ludi_saguntini\/en\/taller-de-las-etapas-de-la-vida-aetates-hominis-infantia\/","title":{"rendered":"Aetates hominis"},"content":{"rendered":"<p class=\"qtranxs-available-languages-message qtranxs-available-languages-message-en\">Sorry, this entry is only available in <a href=\"https:\/\/culturaclasica.net\/ludi_saguntini\/es\/wp-json\/wp\/v2\/pages\/1467\" class=\"qtranxs-available-language-link qtranxs-available-language-link-es\" title=\"Espa\u00f1ol\">European Spanish<\/a> and <a href=\"https:\/\/culturaclasica.net\/ludi_saguntini\/ca\/wp-json\/wp\/v2\/pages\/1467\" class=\"qtranxs-available-language-link qtranxs-available-language-link-ca\" title=\"Catal\u00e0\">Catalan<\/a>. For the sake of viewer convenience, the content is shown below in this site default language. You may click one of the links to switch the site language to another available language.<\/p><p><div class=\"fusion-fullwidth fullwidth-box nonhundred-percent-fullwidth non-hundred-percent-height-scrolling\"  style='background-color: rgba(255,255,255,0);background-position: center center;background-repeat: no-repeat;padding-top:0px;padding-right:0px;padding-bottom:0px;padding-left:0px;'><div class=\"fusion-builder-row fusion-row \"><div  class=\"fusion-layout-column fusion_builder_column fusion_builder_column_1_1  fusion-one-full fusion-column-first fusion-column-last 1_1\"  style='margin-top:0px;margin-bottom:0px;'>\n\t\t\t\t\t<div class=\"fusion-column-wrapper\" style=\"background-position:left top;background-repeat:no-repeat;-webkit-background-size:cover;-moz-background-size:cover;-o-background-size:cover;background-size:cover;\"  data-bg-url=\"\">\n\t\t\t\t\t\t<div class=\"fusion-text\"><h2>Taller de las etapas de la vida \u00abAetates hominis: Infantia\u00bb<\/h2>\n<\/div><div class=\"fusion-text\"><p class=\"p1\"><span class=\"s1\">Est\u00e1 realizado por las profesoras de educaci\u00f3n secundaria Salut Ferr\u00eds (IES Consuelo Aranda, Alberic), Llu\u00efsa Merino (IES C\u00e0rcer), y Amparo Moreno (IES Benlliure de Valencia, actualmente en el Aula did\u00e1ctica de cultura cl\u00e1sica,\u00a0<\/span><span class=\"s1\"><a href=\"http:\/\/domusbaebia.blogspot.com\/\"><span class=\"s2\">SAGUNTINA DOMUS BAEBIA<\/span><\/a><\/span><span class=\"s1\">), con la colaboraci\u00f3n de Irene Aparicio (IES Enguera), Cristina Tejedor (IES Maria Moliner, del Puerto de Sagunto), Ana Herrador (IES Andreu Alfaro,\u00a0 de Paiporta),\u00a0Eduardo Calabuig (IES Violant de Casalduch, de Benicassim),\u00a0 Aida Mu\u00f1oz (IES Tierno Galv\u00e1n, de Moncada),\u00a0Mireia V\u00e9lez (IES C\u00e1rcer).<br \/>\n<\/span><\/p>\n<p class=\"p1\">Tras un recorrido por las diferentes etapas de la vida, sus caracter\u00edsticas propias y los ritos de paso necesarios para seguir creciendo y madurando, como son el nacimiento, la infancia, la toma de la toga viril, el matrimonio, la carrera pol\u00edtica, el trabajo y finalmente, la vejez y la muerte, nos centraremos en el estudio de la vida de un ni\u00f1o durante los primeros d\u00edas desde el nacimiento, recorriendo los principales momentos: el dies natalis, dies lustricus, y sus actividades cotidianas. La actividad consiste en la elaboraci\u00f3n de una bulla, el amuleto que llevaban los ni\u00f1os romanos desde el dies lustricus hasta los 16 \u00f3 17 a\u00f1os, o de un anillo natalicio.<\/p>\n<p class=\"p1\"><span class=\"s1\"><strong>OBJETIVO<\/strong>: Descubrir c\u00f3mo viv\u00edan su infancia los ni\u00f1os y ni\u00f1as romanos.<\/span><\/p>\n<p class=\"p1\"><span class=\"s1\"><strong>ESTRUCTURA<\/strong>: El taller consta de las siguientes partes:<\/span><\/p>\n<p class=\"p1\"><span class=\"s1\"><strong>1. EXPOSITIVA E INFORMATIVA\u00a0<\/strong>apoyada por r\u00e9plicas de objetos, material did\u00e1ctico y maquetas y paneles ilustrativos.<\/span><\/p>\n<p class=\"p1\"><span class=\"s1\">I. Nacimiento:<\/span><\/p>\n<ul>\n<li class=\"li2\"><span class=\"s1\">Aceptaci\u00f3n, exposici\u00f3n del reci\u00e9n nacido.<\/span><\/li>\n<li class=\"li2\"><span class=\"s1\">Primeros cuidados: ba\u00f1o, masaje, vestido.<\/span><\/li>\n<li class=\"li2\"><span class=\"s1\">Alimentaci\u00f3n.<\/span><\/li>\n<li class=\"li2\"><span class=\"s1\">Dioses protectores.<\/span><\/li>\n<\/ul>\n<p class=\"p1\"><span class=\"s1\">II.\u00a0<em>Dies lustricus<\/em><\/span><\/p>\n<ul>\n<li class=\"li2\"><span class=\"s1\">Ceremonia privada: imposici\u00f3n del nombre y bulla.<\/span><\/li>\n<li class=\"li2\"><span class=\"s1\">Regalos y primeros juguetes.<\/span><\/li>\n<\/ul>\n<p class=\"p1\"><span class=\"s1\"><strong>2. MANIPULATIVA<\/strong><\/span><\/p>\n<p class=\"p1\"><span class=\"s1\">Panel desde el nacimiento hasta el\u00a0<em>dies lustricus<\/em>. \u00bfC\u00f3mo te llamar\u00edas en Roma? panel de los tria nomina latinos. Recreaci\u00f3n de la jornada de un ni\u00f1o romano basada en los Hermeneumata<strong>.<\/strong><\/span><\/p>\n<p class=\"p1\"><span class=\"s1\"><strong>3. TALLER AETATES HOMINIS: INFANTIA<\/strong><\/span><\/p>\n<p class=\"p1\"><span class=\"s1\">Los asistentes podr\u00e1n participar en la recreaci\u00f3n de distintos momentos de la infantia, y realizar con posterioridad la bulla o el anillo natalicio.<\/span><\/p>\n<\/div><div class=\"imageframe-align-center\"><span class=\"fusion-imageframe imageframe-none imageframe-1 hover-type-none\"><img loading=\"lazy\" decoding=\"async\" src=\"https:\/\/culturaclasica.net\/ludi_saguntini\/wp-content\/uploads\/2022\/12\/infantia1-300x225.jpg\" width=\"300\" height=\"225\" alt=\"\" title=\"infantia1\" class=\"img-responsive wp-image-2042\" srcset=\"https:\/\/culturaclasica.net\/ludi_saguntini\/wp-content\/uploads\/2022\/12\/infantia1-200x150.jpg 200w, https:\/\/culturaclasica.net\/ludi_saguntini\/wp-content\/uploads\/2022\/12\/infantia1-400x300.jpg 400w, https:\/\/culturaclasica.net\/ludi_saguntini\/wp-content\/uploads\/2022\/12\/infantia1-600x450.jpg 600w, https:\/\/culturaclasica.net\/ludi_saguntini\/wp-content\/uploads\/2022\/12\/infantia1.jpg 758w\" sizes=\"(max-width: 800px) 100vw, 300px\" \/><\/span><\/div><div class=\"fusion-clearfix\"><\/div>\n\n\t\t\t\t\t<\/div>\n\t\t\t\t<\/div><\/div><\/div><\/p>","protected":false},"excerpt":{"rendered":"","protected":false},"author":4,"featured_media":0,"parent":0,"menu_order":0,"comment_status":"closed","ping_status":"closed","template":"","meta":{"footnotes":""},"_links":{"self":[{"href":"https:\/\/culturaclasica.net\/ludi_saguntini\/en\/wp-json\/wp\/v2\/pages\/1467"}],"collection":[{"href":"https:\/\/culturaclasica.net\/ludi_saguntini\/en\/wp-json\/wp\/v2\/pages"}],"about":[{"href":"https:\/\/culturaclasica.net\/ludi_saguntini\/en\/wp-json\/wp\/v2\/types\/page"}],"author":[{"embeddable":true,"href":"https:\/\/culturaclasica.net\/ludi_saguntini\/en\/wp-json\/wp\/v2\/users\/4"}],"replies":[{"embeddable":true,"href":"https:\/\/culturaclasica.net\/ludi_saguntini\/en\/wp-json\/wp\/v2\/comments?post=1467"}],"version-history":[{"count":17,"href":"https:\/\/culturaclasica.net\/ludi_saguntini\/en\/wp-json\/wp\/v2\/pages\/1467\/revisions"}],"predecessor-version":[{"id":2417,"href":"https:\/\/culturaclasica.net\/ludi_saguntini\/en\/wp-json\/wp\/v2\/pages\/1467\/revisions\/2417"}],"wp:attachment":[{"href":"https:\/\/culturaclasica.net\/ludi_saguntini\/en\/wp-json\/wp\/v2\/media?parent=1467"}],"curies":[{"name":"wp","href":"https:\/\/api.w.org\/{rel}","templated":true}]}}