{"id":1407,"date":"2017-11-19T16:39:12","date_gmt":"2017-11-19T15:39:12","guid":{"rendered":"https:\/\/culturaclasica.net\/ludi_saguntini\/?page_id=1407"},"modified":"2024-03-08T11:54:55","modified_gmt":"2024-03-08T10:54:55","slug":"taller-de-escritura-antigua-incipit-titivillus","status":"publish","type":"page","link":"https:\/\/culturaclasica.net\/ludi_saguntini\/en\/taller-de-escritura-antigua-incipit-titivillus\/","title":{"rendered":"\u00abIncipit Titivillus\u00bb"},"content":{"rendered":"<p class=\"qtranxs-available-languages-message qtranxs-available-languages-message-en\">Sorry, this entry is only available in <a href=\"https:\/\/culturaclasica.net\/ludi_saguntini\/es\/wp-json\/wp\/v2\/pages\/1407\" class=\"qtranxs-available-language-link qtranxs-available-language-link-es\" title=\"Espa\u00f1ol\">European Spanish<\/a>. For the sake of viewer convenience, the content is shown below in the alternative language. You may click the link to switch the active language.<\/p><p><div class=\"fusion-fullwidth fullwidth-box nonhundred-percent-fullwidth non-hundred-percent-height-scrolling\"  style='background-color: rgba(255,255,255,0);background-position: center center;background-repeat: no-repeat;padding-top:0px;padding-right:0px;padding-bottom:0px;padding-left:0px;'><div class=\"fusion-builder-row fusion-row \"><div  class=\"fusion-layout-column fusion_builder_column fusion_builder_column_1_1  fusion-one-full fusion-column-first fusion-column-last 1_1\"  style='margin-top:0px;margin-bottom:0px;'>\n\t\t\t\t\t<div class=\"fusion-column-wrapper\" style=\"background-position:left top;background-repeat:no-repeat;-webkit-background-size:cover;-moz-background-size:cover;-o-background-size:cover;background-size:cover;\"  data-bg-url=\"\">\n\t\t\t\t\t\t<div class=\"fusion-title title sep-underline sep-solid fusion-title-size-one\" style=\"border-bottom-color:#e0dede;margin-top:0px;margin-bottom:30px;\"><h1 class=\"title-heading-left\">Taller de escritura antigua \u00abIncipit Titivillus\u00bb<\/h1><\/div><div class=\"fusion-text\"><p align=\"justify\"><span style=\"font-family: Verdana; font-size: small;\">Puesto en marcha por el profesor de educaci\u00f3n secundaria Salvador Mu\u00f1oz, cuenta con la colaboraci\u00f3n de las profesoras Andrea Ferri (IES CLOT DEL MORO), Silvia Peinado (IES LA VEREDA) y Mercedes Fern\u00e1ndez (IES BENICALAP)<br \/>\n<\/span><\/p>\n<p align=\"justify\"><span style=\"font-family: Verdana; font-size: small;\">La propuesta consiste en un viaje por los sistemas de escritura a lo largo de la historia y de la escritura en el mundo romano.<\/span><\/p>\n<p><strong>OBJETIVO:<\/strong> Conocer diferentes sistemas de escritura y acercar el mundo de la escritura y los diferentes soportes de esta en la antig\u00fcedad al alumnado de secundaria.<\/p>\n<p align=\"justify\"><strong><span style=\"font-family: Verdana; font-size: small;\">ESTRUCTURA:<\/span><\/strong><span style=\"font-family: Verdana; font-size: small;\">\u00a0El taller consta de las siguientes partes:<\/span><\/p>\n<ol>\n<li>\n<p align=\"justify\"><strong><span style=\"font-family: Verdana; font-size: small;\">PANELES EXPOSITIVOS E INFORMATIVOS<\/span><\/strong><\/p>\n<ul type=\"disc\">\n<li>\n<p align=\"justify\"><span style=\"font-family: Verdana; font-size: small;\">Precedentes de la escritura<\/span><\/p>\n<\/li>\n<li>\n<p align=\"justify\"><span style=\"font-family: Verdana; font-size: small;\">La escritura cuneiforme y los jerogl\u00edficos egipcios. El alfabeto fenicio. La escritura ib\u00e9rica. La aportaci\u00f3n griega.<\/span><\/p>\n<\/li>\n<li>\n<p align=\"justify\"><span style=\"font-family: Verdana; font-size: small;\">La escritura latina<\/span><\/p>\n<\/li>\n<li>\n<p align=\"justify\"><span style=\"font-family: Verdana; font-size: small;\">Los diferentes instrumentos y soportes utilizados en la escritura romana. La elaboraci\u00f3n del soporte papiro y pergamino<\/span><\/p>\n<\/li>\n<li>\n<p align=\"justify\"><span style=\"font-family: Verdana; font-size: small;\">Las tintas<\/span><\/p>\n<\/li>\n<li>\n<p align=\"justify\"><span style=\"font-family: Verdana; font-size: small;\">Las inscripciones epigr\u00e1ficas en Saguntum y Valentia<\/span><\/p>\n<\/li>\n<li>\n<p align=\"justify\"><span style=\"font-family: Verdana; font-size: small;\">El graffiti pompeyano: grafitos y tituli picti<\/span><\/p>\n<\/li>\n<li>\n<p align=\"justify\"><span style=\"font-family: Verdana; font-size: small;\">Mapas de recorridos epigr\u00e1ficos<\/span><\/p>\n<\/li>\n<li>\n<p align=\"justify\"><span style=\"font-family: Verdana; font-size: small;\">Escritura y etimolog\u00eda<br \/>\n<\/span><\/p>\n<\/li>\n<\/ul>\n<\/li>\n<li>\n<p align=\"justify\"><strong><span style=\"font-family: Verdana; font-size: small;\">MESAS EXPOSITIVAS<\/span><\/strong><\/p>\n<ul type=\"disc\">\n<li>\n<p align=\"justify\"><span style=\"font-family: Verdana; font-size: small;\">Instrumentos y soportes utilizados en la escritura.<\/span><\/p>\n<\/li>\n<li>\n<p align=\"justify\"><span style=\"font-family: Verdana; font-size: small;\">El oficio del epigrafista desde la antig\u00fcedad.<\/span><\/p>\n<\/li>\n<li>\n<p align=\"justify\"><span style=\"font-family: Verdana; font-size: small;\">Tintas. Elaboraci\u00f3n: Pigmentos, goma ar\u00e1biga. Tinteros.<\/span><\/p>\n<\/li>\n<li>\n<p align=\"justify\"><span style=\"font-family: Verdana; font-size: small;\">El grafitti pompeyano.<\/span><\/p>\n<\/li>\n<\/ul>\n<p align=\"justify\">\n<\/li>\n<li>\n<p align=\"justify\"><strong><span style=\"font-family: Verdana; font-size: small;\">TALLER DE ESCRITURA Y EPIGRAF\u00cdA:<\/span><\/strong><span style=\"font-family: Verdana; font-size: small;\">\u00a0Los asistentes podr\u00e1n realizar pr\u00e1cticas de epigraf\u00eda con martillo y cincel, elaborar tintas e instrumentos de escritura y escribir en diferentes soportes (papiro, pergamino, cera, plomo, madera, arcilla).<\/span><\/p>\n<\/li>\n<\/ol>\n<\/div><span class=\"fusion-imageframe imageframe-none imageframe-1 hover-type-none\"><img loading=\"lazy\" decoding=\"async\" src=\"https:\/\/culturaclasica.net\/ludi_saguntini\/wp-content\/uploads\/2017\/11\/epigra3-300x226.jpg\" width=\"300\" height=\"226\" alt=\"\" title=\"epigra3\" class=\"img-responsive wp-image-1408\" srcset=\"https:\/\/culturaclasica.net\/ludi_saguntini\/wp-content\/uploads\/2017\/11\/epigra3-200x150.jpg 200w, https:\/\/culturaclasica.net\/ludi_saguntini\/wp-content\/uploads\/2017\/11\/epigra3-400x301.jpg 400w, https:\/\/culturaclasica.net\/ludi_saguntini\/wp-content\/uploads\/2017\/11\/epigra3.jpg 500w\" sizes=\"(max-width: 800px) 100vw, 300px\" \/><\/span><div class=\"fusion-clearfix\"><\/div>\n\n\t\t\t\t\t<\/div>\n\t\t\t\t<\/div><\/div><\/div><\/p>","protected":false},"excerpt":{"rendered":"","protected":false},"author":4,"featured_media":0,"parent":0,"menu_order":0,"comment_status":"closed","ping_status":"closed","template":"","meta":{"footnotes":""},"_links":{"self":[{"href":"https:\/\/culturaclasica.net\/ludi_saguntini\/en\/wp-json\/wp\/v2\/pages\/1407"}],"collection":[{"href":"https:\/\/culturaclasica.net\/ludi_saguntini\/en\/wp-json\/wp\/v2\/pages"}],"about":[{"href":"https:\/\/culturaclasica.net\/ludi_saguntini\/en\/wp-json\/wp\/v2\/types\/page"}],"author":[{"embeddable":true,"href":"https:\/\/culturaclasica.net\/ludi_saguntini\/en\/wp-json\/wp\/v2\/users\/4"}],"replies":[{"embeddable":true,"href":"https:\/\/culturaclasica.net\/ludi_saguntini\/en\/wp-json\/wp\/v2\/comments?post=1407"}],"version-history":[{"count":6,"href":"https:\/\/culturaclasica.net\/ludi_saguntini\/en\/wp-json\/wp\/v2\/pages\/1407\/revisions"}],"predecessor-version":[{"id":2256,"href":"https:\/\/culturaclasica.net\/ludi_saguntini\/en\/wp-json\/wp\/v2\/pages\/1407\/revisions\/2256"}],"wp:attachment":[{"href":"https:\/\/culturaclasica.net\/ludi_saguntini\/en\/wp-json\/wp\/v2\/media?parent=1407"}],"curies":[{"name":"wp","href":"https:\/\/api.w.org\/{rel}","templated":true}]}}