{"id":1390,"date":"2017-11-19T16:15:37","date_gmt":"2017-11-19T15:15:37","guid":{"rendered":"https:\/\/culturaclasica.net\/ludi_saguntini\/?page_id=1390"},"modified":"2017-11-19T16:29:12","modified_gmt":"2017-11-19T15:29:12","slug":"domus-dels-peixos","status":"publish","type":"page","link":"https:\/\/culturaclasica.net\/ludi_saguntini\/en\/domus-dels-peixos\/","title":{"rendered":"Domus dels peixos"},"content":{"rendered":"<p class=\"qtranxs-available-languages-message qtranxs-available-languages-message-en\">Sorry, this entry is only available in <a href=\"https:\/\/culturaclasica.net\/ludi_saguntini\/es\/wp-json\/wp\/v2\/pages\/1390\" class=\"qtranxs-available-language-link qtranxs-available-language-link-es\" title=\"Espa\u00f1ol\">European Spanish<\/a> and <a href=\"https:\/\/culturaclasica.net\/ludi_saguntini\/ca\/wp-json\/wp\/v2\/pages\/1390\" class=\"qtranxs-available-language-link qtranxs-available-language-link-ca\" title=\"Catal\u00e0\">Catalan<\/a>. For the sake of viewer convenience, the content is shown below in this site default language. You may click one of the links to switch the site language to another available language.<\/p><p><div class=\"fusion-fullwidth fullwidth-box nonhundred-percent-fullwidth non-hundred-percent-height-scrolling\"  style='background-color: rgba(255,255,255,0);background-position: center center;background-repeat: no-repeat;padding-top:0px;padding-right:0px;padding-bottom:0px;padding-left:0px;'><div class=\"fusion-builder-row fusion-row \"><div  class=\"fusion-layout-column fusion_builder_column fusion_builder_column_1_1  fusion-one-full fusion-column-first fusion-column-last 1_1\"  style='margin-top:0px;margin-bottom:0px;'>\n\t\t\t\t\t<div class=\"fusion-column-wrapper\" style=\"background-position:left top;background-repeat:no-repeat;-webkit-background-size:cover;-moz-background-size:cover;-o-background-size:cover;background-size:cover;\"  data-bg-url=\"\">\n\t\t\t\t\t\t<div class=\"fusion-text\"><h2 class=\"PostHeaderIcon-wrapper\" style=\"text-align: center;\">Domus dels Peixos<\/h2>\n<p>En torno al siglo II se produce una ampliaci\u00f3n de Sagunt hacia sus sectores norte y este. La Casa dels Peixos es una vivienda construida a principios del s.II, con un abandono entre los siglos III y IV.<\/p>\n<p>Excavaciones arqueol\u00f3gicas recientes han sacado a la luz nuevos espacios dom\u00e9sticos localizados en este entorno (restos de calzada romana y parte de una domus en la avenida del Pa\u00eds Valenci\u00e0 y hallazgos de car\u00e1cter dom\u00e9stico en la actual plaza del Salvador).<\/p>\n<p>La Casa dels Peixos responde al modelo ce casa de atrio pompeyana. De esta manera, podemos identificar las diferentes estancias de la vivienda ordenadas sim\u00e9tricamente en torno a un patio central abierto, con impluvium para la recogida de agua del lluvia.<\/p>\n<p>Esta vivienda presenta una gran riqueza ornamental, lo cual demuestra el alto nivel econ\u00f3mico de sus moradores. Las pinturas que decoran el impluvium o estanque del atrio (representaci\u00f3n de peces y frutos del mar) tienen un valor decorativo, una funci\u00f3n propagand\u00edstica y de ostentaci\u00f3n.<\/p>\n<\/div><span class=\"fusion-imageframe imageframe-none imageframe-1 hover-type-none\"><img loading=\"lazy\" decoding=\"async\" src=\"https:\/\/culturaclasica.net\/ludi_saguntini\/wp-content\/uploads\/2017\/11\/Domus_peixos-300x225.jpg\" width=\"300\" height=\"225\" alt=\"\" title=\"Domus_peixos\" class=\"img-responsive wp-image-1391\" srcset=\"https:\/\/culturaclasica.net\/ludi_saguntini\/wp-content\/uploads\/2017\/11\/Domus_peixos-200x150.jpg 200w, https:\/\/culturaclasica.net\/ludi_saguntini\/wp-content\/uploads\/2017\/11\/Domus_peixos-400x300.jpg 400w, https:\/\/culturaclasica.net\/ludi_saguntini\/wp-content\/uploads\/2017\/11\/Domus_peixos-600x450.jpg 600w, https:\/\/culturaclasica.net\/ludi_saguntini\/wp-content\/uploads\/2017\/11\/Domus_peixos.jpg 639w\" sizes=\"(max-width: 800px) 100vw, 300px\" \/><\/span><div class=\"fusion-text\"><p style=\"text-align: center;\">(<a href=\"https:\/\/plus.google.com\/photos\/112697564041909418974\/albums\/5836280497988797825\">Im\u00e1genes<\/a>\u00a0y m\u00e1s\u00a0<a href=\"http:\/\/www.flickr.com\/photos\/ovando\/sets\/72157632551520786\/\">im\u00e1genes<\/a>)<\/p>\n<\/div><div class=\"fusion-clearfix\"><\/div>\n\n\t\t\t\t\t<\/div>\n\t\t\t\t<\/div><\/div><\/div><\/p>","protected":false},"excerpt":{"rendered":"","protected":false},"author":4,"featured_media":0,"parent":0,"menu_order":0,"comment_status":"closed","ping_status":"closed","template":"","meta":{"footnotes":""},"_links":{"self":[{"href":"https:\/\/culturaclasica.net\/ludi_saguntini\/en\/wp-json\/wp\/v2\/pages\/1390"}],"collection":[{"href":"https:\/\/culturaclasica.net\/ludi_saguntini\/en\/wp-json\/wp\/v2\/pages"}],"about":[{"href":"https:\/\/culturaclasica.net\/ludi_saguntini\/en\/wp-json\/wp\/v2\/types\/page"}],"author":[{"embeddable":true,"href":"https:\/\/culturaclasica.net\/ludi_saguntini\/en\/wp-json\/wp\/v2\/users\/4"}],"replies":[{"embeddable":true,"href":"https:\/\/culturaclasica.net\/ludi_saguntini\/en\/wp-json\/wp\/v2\/comments?post=1390"}],"version-history":[{"count":5,"href":"https:\/\/culturaclasica.net\/ludi_saguntini\/en\/wp-json\/wp\/v2\/pages\/1390\/revisions"}],"predecessor-version":[{"id":1405,"href":"https:\/\/culturaclasica.net\/ludi_saguntini\/en\/wp-json\/wp\/v2\/pages\/1390\/revisions\/1405"}],"wp:attachment":[{"href":"https:\/\/culturaclasica.net\/ludi_saguntini\/en\/wp-json\/wp\/v2\/media?parent=1390"}],"curies":[{"name":"wp","href":"https:\/\/api.w.org\/{rel}","templated":true}]}}