{"id":1352,"date":"2017-11-18T12:39:11","date_gmt":"2017-11-18T11:39:11","guid":{"rendered":"https:\/\/culturaclasica.net\/ludi_saguntini\/?page_id=1352"},"modified":"2022-12-04T11:49:36","modified_gmt":"2022-12-04T10:49:36","slug":"nuestra-historia","status":"publish","type":"page","link":"https:\/\/culturaclasica.net\/ludi_saguntini\/en\/nuestra-historia\/","title":{"rendered":"Our history"},"content":{"rendered":"<p class=\"qtranxs-available-languages-message qtranxs-available-languages-message-en\">Sorry, this entry is only available in <a href=\"https:\/\/culturaclasica.net\/ludi_saguntini\/es\/wp-json\/wp\/v2\/pages\/1352\" class=\"qtranxs-available-language-link qtranxs-available-language-link-es\" title=\"Espa\u00f1ol\">European Spanish<\/a>. For the sake of viewer convenience, the content is shown below in the alternative language. You may click the link to switch the active language.<\/p><p><div class=\"fusion-fullwidth fullwidth-box nonhundred-percent-fullwidth non-hundred-percent-height-scrolling\"  style='background-color: rgba(255,255,255,0);background-position: center center;background-repeat: no-repeat;padding-top:0px;padding-right:0px;padding-bottom:0px;padding-left:0px;'><div class=\"fusion-builder-row fusion-row \"><div  class=\"fusion-layout-column fusion_builder_column fusion_builder_column_1_1  fusion-one-full fusion-column-first fusion-column-last 1_1\"  style='margin-top:0px;margin-bottom:0px;'>\n\t\t\t\t\t<div class=\"fusion-column-wrapper\" style=\"background-position:left top;background-repeat:no-repeat;-webkit-background-size:cover;-moz-background-size:cover;-o-background-size:cover;background-size:cover;\"  data-bg-url=\"\">\n\t\t\t\t\t\t<div class=\"fusion-title title sep-underline sep-solid fusion-title-size-one\" style=\"border-bottom-color:#e0dede;margin-top:0px;margin-bottom:30px;\"><h1 class=\"title-heading-left\">Nuestra historia<\/h1><\/div><div class=\"fusion-text\"><p>Los talleres de Cultura Cl\u00e1sica son una espl\u00e9ndida realidad para varios miles de alumnos y centenares de docentes que a lo largo de una semana acuden a Sagunto para ver teatro cl\u00e1sico y realizar talleres sobre distintos aspectos de nuestra tradici\u00f3n romana como los mosaicos, la cosm\u00e9tica o la ciencia.<\/p>\n<p>Estos talleres tienen ya una historia, que por otro lado es \u201cuna bonita historia\u201d.<\/p>\n<p>A finales de los 90 numerosos grupos de estudiantes acuden al Teatro Romano convocados por Pr\u00f3sopon. Los alumnos y el departamento de cl\u00e1sicas del IES Clot del Moro de Sagunto ofrecen en el CEFIRE el taller de Mitolog\u00eda a los centros que vienen de fuera.<\/p>\n<p>Al poco tiempo otros docentes se van sumando a la iniciativa: Mitolog\u00eda, Juegos Romanos, Cocina, Ciencia, Indumentaria, Mosaicos, Escritura, Magia, Tiempo, Cosm\u00e9tica, Matem\u00e1ticas, Olimpomenuts, Cer\u00e1mica griega, Danzas griegas, Etapas de la vida&#8230;<\/p>\n<p>En el 2005 los talleres deciden salir a la calle y realizar actividades no solamente en locales interiores, sino tambi\u00e9n en las plazas de Sagunto, creando un ambiente festivo y romano en todo el pueblo, en el que participan los m\u00e1s de 10.000 alumnos que acuden al Teatro.<\/p>\n<p>Desde 2016 el \u00e1rea sin inscripci\u00f3n,\u00a0Forum Classicum, se distribuye en dos zonas: una de juegos libres y otra de\u00a0Spatia, dirigidos por centros educativos que apadrinan cada\u00a0Spatium, que preparan a sus alumnos durante todo el curso para que la semana de los Ludi sean monitores para todos los estudiantes que esos d\u00edas pasan por Sagunt,<\/p>\n<p>Todo este movimiento est\u00e1 apoyado en el grupo de cultura cl\u00e1sica de Sagunto, integrado por numerosos docentes de Lat\u00edn y Griego y por un amigo inform\u00e1tico que puso en nuestras manos la p\u00e1gina de culturaclasica.net.<\/p>\n<p>Los Ludi est\u00e1n y han estado organizados por\u00a0Prosopon\u00a0y\u00a0Ludere et discere\u00a0contando con el apoyo del ayuntamiento de Sagunt al completo y de sus juntas de gobierno, con el apoyo del CEFIRE y, en particular, de la Asesor\u00eda de cultura cl\u00e1sica, y con la ayuda de patrocinadores y colaboradores.<\/p>\n<p>Los talleres did\u00e1cticos de los Ludi Saguntini se realizan por docentes y alumnos. Se encarnan en una realidad concreta y la situaci\u00f3n educativa actual es problem\u00e1tica y complicada. En este sentido, los Ludi reflejan esta situaci\u00f3n y son, por tanto, reivindicativos.<\/p>\n<p>Siempre nos hemos expresado de una manera cl\u00e1sica y en los Ludi pensamos seguir haci\u00e9ndolo.\u00a0 Las acciones reivindicativas no ocultar\u00e1n ni ensombrecer\u00e1n nuestros objetivos de siempre: la cultura cl\u00e1sica, la calidad de la ense\u00f1anza y la escuela p\u00fablica.<\/p>\n<p>Defendemos que los Ludi no son una extraescolar sino una escolar completa. Forman parte importante de la programaci\u00f3n de muchos docentes y est\u00e1n hechos por la calidad de la ense\u00f1anza y por la escuela p\u00fablica y por esto, nos sentimos autorizados para hacerlos y pedimos que todas aquellas actividades que se hagan en el mismo sentido sean respetadas.<\/p>\n<p style=\"text-align: center;\">Un a\u00f1o m\u00e1s os invitamos a disfrutar de la cultura cl\u00e1sica en Sagunt.<\/p>\n<\/div><div class=\"fusion-clearfix\"><\/div>\n\n\t\t\t\t\t<\/div>\n\t\t\t\t<\/div><\/div><\/div><\/p>","protected":false},"excerpt":{"rendered":"","protected":false},"author":1,"featured_media":0,"parent":0,"menu_order":0,"comment_status":"closed","ping_status":"closed","template":"","meta":{"footnotes":""},"_links":{"self":[{"href":"https:\/\/culturaclasica.net\/ludi_saguntini\/en\/wp-json\/wp\/v2\/pages\/1352"}],"collection":[{"href":"https:\/\/culturaclasica.net\/ludi_saguntini\/en\/wp-json\/wp\/v2\/pages"}],"about":[{"href":"https:\/\/culturaclasica.net\/ludi_saguntini\/en\/wp-json\/wp\/v2\/types\/page"}],"author":[{"embeddable":true,"href":"https:\/\/culturaclasica.net\/ludi_saguntini\/en\/wp-json\/wp\/v2\/users\/1"}],"replies":[{"embeddable":true,"href":"https:\/\/culturaclasica.net\/ludi_saguntini\/en\/wp-json\/wp\/v2\/comments?post=1352"}],"version-history":[{"count":4,"href":"https:\/\/culturaclasica.net\/ludi_saguntini\/en\/wp-json\/wp\/v2\/pages\/1352\/revisions"}],"predecessor-version":[{"id":2066,"href":"https:\/\/culturaclasica.net\/ludi_saguntini\/en\/wp-json\/wp\/v2\/pages\/1352\/revisions\/2066"}],"wp:attachment":[{"href":"https:\/\/culturaclasica.net\/ludi_saguntini\/en\/wp-json\/wp\/v2\/media?parent=1352"}],"curies":[{"name":"wp","href":"https:\/\/api.w.org\/{rel}","templated":true}]}}