{"id":8,"date":"2017-11-18T08:39:27","date_gmt":"2017-11-18T07:39:27","guid":{"rendered":"https:\/\/culturaclasica.net\/ludi_saguntini\/?page_id=8"},"modified":"2026-04-14T20:21:08","modified_gmt":"2026-04-14T18:21:08","slug":"presentacion","status":"publish","type":"page","link":"https:\/\/culturaclasica.net\/ludi_saguntini\/ca\/","title":{"rendered":"Presentaci\u00f3"},"content":{"rendered":"<p><div class=\"fusion-fullwidth fullwidth-box nonhundred-percent-fullwidth non-hundred-percent-height-scrolling\"  style='background-color: rgba(255,255,255,0);background-position: center center;background-repeat: no-repeat;padding-top:0px;padding-right:0px;padding-bottom:0px;padding-left:0px;'><div class=\"fusion-builder-row fusion-row \"><div  class=\"fusion-layout-column fusion_builder_column fusion_builder_column_1_1  fusion-one-full fusion-column-first fusion-column-last 1_1\"  style='margin-top:0px;margin-bottom:0px;'>\n\t\t\t\t\t<div class=\"fusion-column-wrapper\" style=\"background-position:left top;background-repeat:no-repeat;-webkit-background-size:cover;-moz-background-size:cover;-o-background-size:cover;background-size:cover;\"  data-bg-url=\"\">\n\t\t\t\t\t\t<div class=\"fusion-title title sep-underline sep-solid fusion-title-size-one\" style=\"border-bottom-color:#e0dede;margin-top:0px;margin-bottom:30px;\"><h1 class=\"title-heading-left\">Presentaci\u00f3n<\/h1><\/div><div class=\"fusion-sep-clear\"><\/div><div class=\"fusion-separator fusion-full-width-sep sep-none\" style=\"margin-left: auto;margin-right: auto;margin-top:10px;margin-bottom:10px;\"><\/div><div class=\"fusion-sep-clear\"><\/div><div class=\"fusion-separator fusion-full-width-sep sep-none\" style=\"margin-left: auto;margin-right: auto;margin-top:10px;margin-bottom:10px;\"><\/div><div class=\"fusion-text\"><h1 dir=\"ltr\" style=\"text-align: center;\"><a href=\"https:\/\/culturaclasica.net\/ludi_saguntini\/presentacion\/cartel-lvdi-2026\/\" rel=\"attachment wp-att-2430\"><img loading=\"lazy\" decoding=\"async\" class=\"aligncenter wp-image-2430 size-large\" src=\"https:\/\/culturaclasica.net\/ludi_saguntini\/wp-content\/uploads\/2026\/04\/Cartel-LVDI-2026-729x1024.jpg\" alt=\"\" width=\"729\" height=\"1024\" srcset=\"https:\/\/culturaclasica.net\/ludi_saguntini\/wp-content\/uploads\/2026\/04\/Cartel-LVDI-2026-200x281.jpg 200w, https:\/\/culturaclasica.net\/ludi_saguntini\/wp-content\/uploads\/2026\/04\/Cartel-LVDI-2026-213x300.jpg 213w, https:\/\/culturaclasica.net\/ludi_saguntini\/wp-content\/uploads\/2026\/04\/Cartel-LVDI-2026-400x562.jpg 400w, https:\/\/culturaclasica.net\/ludi_saguntini\/wp-content\/uploads\/2026\/04\/Cartel-LVDI-2026-600x843.jpg 600w, https:\/\/culturaclasica.net\/ludi_saguntini\/wp-content\/uploads\/2026\/04\/Cartel-LVDI-2026-729x1024.jpg 729w, https:\/\/culturaclasica.net\/ludi_saguntini\/wp-content\/uploads\/2026\/04\/Cartel-LVDI-2026-768x1079.jpg 768w, https:\/\/culturaclasica.net\/ludi_saguntini\/wp-content\/uploads\/2026\/04\/Cartel-LVDI-2026-800x1124.jpg 800w, https:\/\/culturaclasica.net\/ludi_saguntini\/wp-content\/uploads\/2026\/04\/Cartel-LVDI-2026-1093x1536.jpg 1093w, https:\/\/culturaclasica.net\/ludi_saguntini\/wp-content\/uploads\/2026\/04\/Cartel-LVDI-2026-1200x1687.jpg 1200w, https:\/\/culturaclasica.net\/ludi_saguntini\/wp-content\/uploads\/2026\/04\/Cartel-LVDI-2026-1457x2048.jpg 1457w, https:\/\/culturaclasica.net\/ludi_saguntini\/wp-content\/uploads\/2026\/04\/Cartel-LVDI-2026.jpg 1790w\" sizes=\"(max-width: 729px) 100vw, 729px\" \/><\/a><\/h1>\n<h1 dir=\"ltr\" style=\"text-align: center;\"><span style=\"color: #000000;\">Salvete collegae!<\/span><\/h1>\n<h3 dir=\"ltr\" style=\"text-align: center;\"><span style=\"color: #000000;\">\u00a0La Asociaci\u00f3n Ludere et Discere os invita a disfrutar de los LVDI SAGVNTINI MMXXVI.\u00a0<\/span><\/h3>\n<p>Con la llegada de la primavera celebramos un a\u00f1o m\u00e1s los LVDI SAGVNTINI, la edici\u00f3n XXVIII, entre el 20 al 24 de abril de 2026.<\/p>\n<p>Os invitamos a participar en esta fiesta del teatro y cultura cl\u00e1sicos, que toma las calles de Saguntum, acerca a nuestros estudiantes a su pasado de un modo distinto y sobre todo, nos ense\u00f1a a disfrutar aprendiendo, ludere et discere, como reclama el mismo nombre de nuestra asociaci\u00f3n.<\/p>\n<p>La organizaci\u00f3n de los talleres did\u00e1cticos ser\u00e1 similar a la de los a\u00f1os anteriores: inscripci\u00f3n en la p\u00e1gina web, duraci\u00f3n de una hora, donativo por alumno, etc. En el apartado \u201cCondiciones de inscripci\u00f3n\u201d est\u00e1n todos los detalles.<\/p>\n<p>Como sabes, los talleres se realizan gracias a la participaci\u00f3n VOLUNTARIA de docentes y estudiantes de varios centros educativos de la Comunidad. Por ese motivo necesitamos todo vuestro apoyo y comprensi\u00f3n para que nuestro alumnado disfrute lo m\u00e1ximo posible.<\/p>\n<p>Tambi\u00e9n tenemos algunas novedades:<\/p>\n<ul>\n<li>Presentamos un nuevo taller: Cubiculum fugae: Mysterium familiae Aemiliae. Se trata de una experiencia de escape room dirigida a alumnado con alg\u00fan conocimiento de lat\u00edn, ya que las pruebas a las que se enfrentar\u00e1n para resolver el misterio ser\u00e1n en la lengua del Lacio.<\/li>\n<li>Las representaciones teatrales en el Mario Monreal dirigidas al alumnado de primaria son gratuitas este a\u00f1o, aunque por razones organizativas ser\u00e1 imprescindible hacer la inscripci\u00f3n en la web.<\/li>\n<li>Se consolida el taller de Olimpomenuts, dirigido a la etapa infantil (de 1 a 6 a\u00f1os), gracias a la implicaci\u00f3n y entusiasmo del profesorado y alumnado del Ciclo Formativo de Grado Superior de Educaci\u00f3n Infantil del IES Gilabert de Centelles (Nules). Estamos encantados de volver a ver a los peque\u00f1ines por la plaza.<\/li>\n<li>Continuamos con todos los talleres en marcha sin m\u00e1s restricciones que las que nos obligan los espacios utilizados.<br \/>\nLos Spatia mantienen su esp\u00edritu: sin l\u00edmite de aforo y entrada sin inscripci\u00f3n previa. Se llevan a cabo gracias a los voluntarios y voluntarias de la Universidad de Valencia y de la Jaume I de Castell\u00f3n, aunque, como sabes, tu centro puede APADRINAR y que tu alumnado sea monitor por un d\u00eda. Es una experiencia muy, muy recomendable, \u00bfte animas?<\/li>\n<li>Como en a\u00f1os pasados, el viernes ser\u00e1 el d\u00eda del Nunc Latine Graeceque&#8221;. En lugar de los talleres habituales, el lat\u00edn ser\u00e1 el protagonista en el taller Nunc Latine.<\/li>\n<li>No faltar\u00e1 la Pompa antes de la representaci\u00f3n teatral en el Teatro Romano.<\/li>\n<\/ul>\n<p>Lo que nos gu\u00eda sigue siendo las ideas que han dado origen a los LVDI: ludere&#8221;, discere&#8221;, colaboraci\u00f3n de los profesores, implicaci\u00f3n de los alumnos. Los Ludi siempre han sido un proyecto colaborativo en el que los alumnos han sido elementos activos y responsables de su propio aprendizaje. Es el principio de un camino que tiene que construirse a\u00f1o a a\u00f1o.<\/p>\n<h4 style=\"text-align: center;\">Os invitamos un a\u00f1o m\u00e1s a disfrutar de los LVDI SAGVNTINI MMXXVI.<\/h4>\n<\/div><div class=\"fusion-text\"><p><img loading=\"lazy\" decoding=\"async\" class=\"alignnone size-full wp-image-1955 aligncenter\" src=\"https:\/\/culturaclasica.net\/ludi_saguntini\/wp-content\/uploads\/2022\/03\/CARTEL_LUDI_VIRTUALES.jpeg\" alt=\"\" width=\"640\" height=\"526\" srcset=\"https:\/\/culturaclasica.net\/ludi_saguntini\/wp-content\/uploads\/2022\/03\/CARTEL_LUDI_VIRTUALES-200x164.jpeg 200w, https:\/\/culturaclasica.net\/ludi_saguntini\/wp-content\/uploads\/2022\/03\/CARTEL_LUDI_VIRTUALES-300x247.jpeg 300w, https:\/\/culturaclasica.net\/ludi_saguntini\/wp-content\/uploads\/2022\/03\/CARTEL_LUDI_VIRTUALES-400x329.jpeg 400w, https:\/\/culturaclasica.net\/ludi_saguntini\/wp-content\/uploads\/2022\/03\/CARTEL_LUDI_VIRTUALES-600x493.jpeg 600w, https:\/\/culturaclasica.net\/ludi_saguntini\/wp-content\/uploads\/2022\/03\/CARTEL_LUDI_VIRTUALES.jpeg 640w\" sizes=\"(max-width: 640px) 100vw, 640px\" \/><\/p>\n<\/div><div class=\"fusion-text\"><p dir=\"ltr\"><span style=\"color: #000000;\">De forma paralela tambi\u00e9n ofreceremos este a\u00f1o unos\u00a0<strong>LVDI VIRTVALES <\/strong>\u00a0con actividades pensadas para realizar en los centros, con una estructura similar a\u00a0<a href=\"https:\/\/domusbaebia.com\/xxzz\/ludivirtuales.html\" target=\"_blank\" rel=\"noopener noreferrer\">la del a\u00f1o pasado<\/a>. Estar\u00e1n disponibles en la <a href=\"https:\/\/domusbaebia.com\/xxzz\/ludivirtuales.html\" target=\"_blank\" rel=\"noopener noreferrer\">pesta\u00f1a de los LVDI VIRTVALES<\/a>.<\/span><\/p>\n<p dir=\"ltr\"><span style=\"color: #000000;\">Cada <em>officina <\/em><\/span><span style=\"color: #000000;\">consta de una explicaci\u00f3n visual de un aspecto concreto, de unos ejercicios para m\u00f3vil u ordenador y una actividad manipulativa para trabajarla con vuestro alumnado en el aula, aunque p<\/span><span style=\"color: #000000;\">ara conocer mejor el planteamiento lo ideal es ver <a href=\"https:\/\/view.genial.ly\/62137a740a3e0d0010ff83dc\" target=\"_blank\" rel=\"noopener noreferrer\">esta presentaci\u00f3n<\/a> (tambi\u00e9n <a href=\"https:\/\/view.genial.ly\/6214a4fe665e8f0013e77f0c\" target=\"_blank\" rel=\"noopener noreferrer\">en valenciano<\/a>).<\/span><\/p>\n<p>Os invitamos a\u00a0que compart\u00e1is im\u00e1genes de lo que se realiza en los centros educativos con este material, as\u00ed damos m\u00e1s visibilidad a nuestras materias. Para compartir las im\u00e1genes en las redes se pueden usar las etiquetas #ludisaguntini #ludivirtuales<\/p>\n<p dir=\"ltr\"><span style=\"color: #000000;\">Confiamos en que esta propuesta sea de vuestro inter\u00e9s y que podamos mantener los Ludi vivos pese a la situaci\u00f3n sanitaria en la que estamos inmersos.<\/span><\/p>\n<p dir=\"ltr\"><span style=\"color: #000000;\">Os esperamos tanto presencial como virtualmente.<\/span><\/p>\n<p dir=\"ltr\"><span style=\"color: #000000;\">Gratias Plurimas!!<\/span><\/p>\n<p dir=\"ltr\"><span style=\"color: #000000;\">Curate ut valeatis!<\/span><\/p>\n<p><strong>Os invitamos un a\u00f1o m\u00e1s a disfrutar de los LVDI SAGVNTINI.<\/strong><\/p>\n<\/div><div class=\"imageframe-align-center\"><span class=\"fusion-imageframe imageframe-none imageframe-2 hover-type-none\"><img loading=\"lazy\" decoding=\"async\" src=\"https:\/\/culturaclasica.net\/ludi_saguntini\/wp-content\/uploads\/2017\/11\/pies-hermes.png\" width=\"200\" height=\"70\" alt=\"\" title=\"pies-hermes\" class=\"img-responsive wp-image-1333\"\/><\/span><\/div><div class=\"fusion-sep-clear\"><\/div><div class=\"fusion-separator fusion-full-width-sep sep-none\" style=\"margin-left: auto;margin-right: auto;margin-top:10px;margin-bottom:10px;\"><\/div><div class=\"fusion-title title sep-underline sep-solid fusion-title-size-three\" style=\"border-bottom-color:#e0dede;margin-top:0px;margin-bottom:30px;\"><h3 class=\"title-heading-left\">Patrocinadores<\/h3><\/div><div class=\"fusion-gallery fusion-gallery-container fusion-grid-3 fusion-columns-total-5 fusion-gallery-layout-grid\" style=\"margin:-5px;\"><div style=\"padding:5px;\" class=\"fusion-grid-column fusion-gallery-column fusion-gallery-column-3 hover-type-none\"><div class=\"fusion-gallery-image\"><img loading=\"lazy\" decoding=\"async\" width=\"160\" height=\"117\" src=\"https:\/\/culturaclasica.net\/ludi_saguntini\/wp-content\/uploads\/2017\/11\/ajunt_sagunt.jpg\" alt=\"\" title=\"ajunt_sagunt\" aria-label=\"ajunt_sagunt\" class=\"img-responsive wp-image-1638\" \/><\/div><\/div><div style=\"padding:5px;\" class=\"fusion-grid-column fusion-gallery-column fusion-gallery-column-3 hover-type-none\"><div class=\"fusion-gallery-image\"><img loading=\"lazy\" decoding=\"async\" width=\"160\" height=\"64\" src=\"https:\/\/culturaclasica.net\/ludi_saguntini\/wp-content\/uploads\/2017\/11\/saggas.jpg\" alt=\"\" title=\"saggas\" aria-label=\"saggas\" class=\"img-responsive wp-image-1641\" \/><\/div><\/div><div style=\"padding:5px;\" class=\"fusion-grid-column fusion-gallery-column fusion-gallery-column-3 hover-type-none\"><div class=\"fusion-gallery-image\"><img loading=\"lazy\" decoding=\"async\" width=\"160\" height=\"78\" src=\"https:\/\/culturaclasica.net\/ludi_saguntini\/wp-content\/uploads\/2017\/11\/valenciaport.jpg\" alt=\"\" title=\"valenciaport\" aria-label=\"valenciaport\" class=\"img-responsive wp-image-1642\" \/><\/div><\/div><div class=\"clearfix\"><\/div><div style=\"padding:5px;\" class=\"fusion-grid-column fusion-gallery-column fusion-gallery-column-3 hover-type-none\"><div class=\"fusion-gallery-image\"><img loading=\"lazy\" decoding=\"async\" width=\"400\" height=\"174\" src=\"https:\/\/culturaclasica.net\/ludi_saguntini\/wp-content\/uploads\/2017\/11\/Logo-Fertiberia-400x174.jpg\" alt=\"\" title=\"Logo Fertiberia\" aria-label=\"Logo Fertiberia\" class=\"img-responsive wp-image-1640\" srcset=\"https:\/\/culturaclasica.net\/ludi_saguntini\/wp-content\/uploads\/2017\/11\/Logo-Fertiberia-200x87.jpg 200w, https:\/\/culturaclasica.net\/ludi_saguntini\/wp-content\/uploads\/2017\/11\/Logo-Fertiberia-400x174.jpg 400w, https:\/\/culturaclasica.net\/ludi_saguntini\/wp-content\/uploads\/2017\/11\/Logo-Fertiberia-600x260.jpg 600w, https:\/\/culturaclasica.net\/ludi_saguntini\/wp-content\/uploads\/2017\/11\/Logo-Fertiberia-800x347.jpg 800w, https:\/\/culturaclasica.net\/ludi_saguntini\/wp-content\/uploads\/2017\/11\/Logo-Fertiberia-1200x521.jpg 1200w, https:\/\/culturaclasica.net\/ludi_saguntini\/wp-content\/uploads\/2017\/11\/Logo-Fertiberia.jpg 1841w\" sizes=\"(min-width: 2200px) 100vw, (min-width: 824px) 423px, (min-width: 732px) 635px, (min-width: 640px) 732px, \" \/><\/div><\/div><div style=\"padding:5px;\" class=\"fusion-grid-column fusion-gallery-column fusion-gallery-column-3 hover-type-none\"><div class=\"fusion-gallery-image\"><img loading=\"lazy\" decoding=\"async\" width=\"400\" height=\"124\" src=\"https:\/\/culturaclasica.net\/ludi_saguntini\/wp-content\/uploads\/2023\/03\/Holcim_Logo_2023_ext-400x124.png\" alt=\"\" title=\"Holcim_Logo_2023_ext\" aria-label=\"Holcim_Logo_2023_ext\" class=\"img-responsive wp-image-2169\" srcset=\"https:\/\/culturaclasica.net\/ludi_saguntini\/wp-content\/uploads\/2023\/03\/Holcim_Logo_2023_ext-200x62.png 200w, https:\/\/culturaclasica.net\/ludi_saguntini\/wp-content\/uploads\/2023\/03\/Holcim_Logo_2023_ext-400x124.png 400w, https:\/\/culturaclasica.net\/ludi_saguntini\/wp-content\/uploads\/2023\/03\/Holcim_Logo_2023_ext-600x186.png 600w, https:\/\/culturaclasica.net\/ludi_saguntini\/wp-content\/uploads\/2023\/03\/Holcim_Logo_2023_ext-800x248.png 800w, https:\/\/culturaclasica.net\/ludi_saguntini\/wp-content\/uploads\/2023\/03\/Holcim_Logo_2023_ext-1200x373.png 1200w, https:\/\/culturaclasica.net\/ludi_saguntini\/wp-content\/uploads\/2023\/03\/Holcim_Logo_2023_ext.png 1787w\" sizes=\"(min-width: 2200px) 100vw, (min-width: 824px) 423px, (min-width: 732px) 635px, (min-width: 640px) 732px, \" \/><\/div><\/div><\/div><div class=\"fusion-sep-clear\"><\/div><div class=\"fusion-separator fusion-full-width-sep sep-none\" style=\"margin-left: auto;margin-right: auto;margin-top:10px;margin-bottom:10px;\"><\/div><div class=\"fusion-title title sep-underline sep-solid fusion-title-size-three\" style=\"border-bottom-color:#e0dede;margin-top:0px;margin-bottom:30px;\"><h3 class=\"title-heading-left\">Colaboradores<\/h3><\/div><div class=\"fusion-gallery fusion-gallery-container fusion-grid-3 fusion-columns-total-11 fusion-gallery-layout-grid\" style=\"margin:-5px;\"><div style=\"padding:5px;\" class=\"fusion-grid-column fusion-gallery-column fusion-gallery-column-3 hover-type-none\"><div class=\"fusion-gallery-image\"><img loading=\"lazy\" decoding=\"async\" width=\"2097\" height=\"503\" src=\"https:\/\/culturaclasica.net\/ludi_saguntini\/wp-content\/uploads\/2025\/04\/CEFIRE-SAGUNT.png\" alt=\"\" title=\"CEFIRE SAGUNT\" aria-label=\"CEFIRE SAGUNT\" class=\"img-responsive wp-image-2372\" srcset=\"https:\/\/culturaclasica.net\/ludi_saguntini\/wp-content\/uploads\/2025\/04\/CEFIRE-SAGUNT-200x48.png 200w, https:\/\/culturaclasica.net\/ludi_saguntini\/wp-content\/uploads\/2025\/04\/CEFIRE-SAGUNT-400x96.png 400w, https:\/\/culturaclasica.net\/ludi_saguntini\/wp-content\/uploads\/2025\/04\/CEFIRE-SAGUNT-600x144.png 600w, https:\/\/culturaclasica.net\/ludi_saguntini\/wp-content\/uploads\/2025\/04\/CEFIRE-SAGUNT-800x192.png 800w, https:\/\/culturaclasica.net\/ludi_saguntini\/wp-content\/uploads\/2025\/04\/CEFIRE-SAGUNT-1200x288.png 1200w, https:\/\/culturaclasica.net\/ludi_saguntini\/wp-content\/uploads\/2025\/04\/CEFIRE-SAGUNT.png 2097w\" sizes=\"(min-width: 2200px) 100vw, (min-width: 824px) 423px, (min-width: 732px) 635px, (min-width: 640px) 732px, \" \/><\/div><\/div><div style=\"padding:5px;\" class=\"fusion-grid-column fusion-gallery-column fusion-gallery-column-3 hover-type-none\"><div class=\"fusion-gallery-image\"><img loading=\"lazy\" decoding=\"async\" width=\"150\" height=\"169\" src=\"https:\/\/culturaclasica.net\/ludi_saguntini\/wp-content\/uploads\/2017\/11\/interfax.jpg\" alt=\"\" title=\"interfax\" aria-label=\"interfax\" class=\"img-responsive wp-image-1656\" \/><\/div><\/div><div style=\"padding:5px;\" class=\"fusion-grid-column fusion-gallery-column fusion-gallery-column-3 hover-type-none\"><div class=\"fusion-gallery-image\"><img loading=\"lazy\" decoding=\"async\" width=\"160\" height=\"132\" src=\"https:\/\/culturaclasica.net\/ludi_saguntini\/wp-content\/uploads\/2017\/11\/lefou.jpg\" alt=\"\" title=\"lefou\" aria-label=\"lefou\" class=\"img-responsive wp-image-1654\" \/><\/div><\/div><div class=\"clearfix\"><\/div><div style=\"padding:5px;\" class=\"fusion-grid-column fusion-gallery-column fusion-gallery-column-3 hover-type-none\"><div class=\"fusion-gallery-image\"><img loading=\"lazy\" decoding=\"async\" width=\"148\" height=\"122\" src=\"https:\/\/culturaclasica.net\/ludi_saguntini\/wp-content\/uploads\/2017\/11\/melica.jpg\" alt=\"\" title=\"melica\" aria-label=\"melica\" class=\"img-responsive wp-image-1652\" \/><\/div><\/div><div style=\"padding:5px;\" class=\"fusion-grid-column fusion-gallery-column fusion-gallery-column-3 hover-type-none\"><div class=\"fusion-gallery-image\"><img loading=\"lazy\" decoding=\"async\" width=\"180\" height=\"136\" src=\"https:\/\/culturaclasica.net\/ludi_saguntini\/wp-content\/uploads\/2017\/11\/logo_seec.jpg\" alt=\"\" title=\"logo_seec\" aria-label=\"logo_seec\" class=\"img-responsive wp-image-1651\" \/><\/div><\/div><div style=\"padding:5px;\" class=\"fusion-grid-column fusion-gallery-column fusion-gallery-column-3 hover-type-none\"><div class=\"fusion-gallery-image\"><img loading=\"lazy\" decoding=\"async\" width=\"160\" height=\"136\" src=\"https:\/\/culturaclasica.net\/ludi_saguntini\/wp-content\/uploads\/2017\/11\/museo.jpg\" alt=\"\" title=\"museo\" aria-label=\"museo\" class=\"img-responsive wp-image-1650\" \/><\/div><\/div><div class=\"clearfix\"><\/div><div style=\"padding:5px;\" class=\"fusion-grid-column fusion-gallery-column fusion-gallery-column-3 hover-type-none\"><div class=\"fusion-gallery-image\"><img loading=\"lazy\" decoding=\"async\" width=\"400\" height=\"367\" src=\"https:\/\/culturaclasica.net\/ludi_saguntini\/wp-content\/uploads\/2017\/11\/logo_teatresdelallum-400x367.jpg\" alt=\"\" title=\"logo_teatresdelallum\" aria-label=\"logo_teatresdelallum\" class=\"img-responsive wp-image-1647\" srcset=\"https:\/\/culturaclasica.net\/ludi_saguntini\/wp-content\/uploads\/2017\/11\/logo_teatresdelallum-200x183.jpg 200w, https:\/\/culturaclasica.net\/ludi_saguntini\/wp-content\/uploads\/2017\/11\/logo_teatresdelallum-400x367.jpg 400w, https:\/\/culturaclasica.net\/ludi_saguntini\/wp-content\/uploads\/2017\/11\/logo_teatresdelallum-600x550.jpg 600w, https:\/\/culturaclasica.net\/ludi_saguntini\/wp-content\/uploads\/2017\/11\/logo_teatresdelallum-800x734.jpg 800w, https:\/\/culturaclasica.net\/ludi_saguntini\/wp-content\/uploads\/2017\/11\/logo_teatresdelallum.jpg 834w\" sizes=\"(min-width: 2200px) 100vw, (min-width: 824px) 423px, (min-width: 732px) 635px, (min-width: 640px) 732px, \" \/><\/div><\/div><div style=\"padding:5px;\" class=\"fusion-grid-column fusion-gallery-column fusion-gallery-column-3 hover-type-none\"><div class=\"fusion-gallery-image\"><img loading=\"lazy\" decoding=\"async\" width=\"350\" height=\"233\" src=\"https:\/\/culturaclasica.net\/ludi_saguntini\/wp-content\/uploads\/2019\/03\/adetursa.jpg\" alt=\"\" title=\"Adetursa\" aria-label=\"Adetursa\" class=\"img-responsive wp-image-1768\" srcset=\"https:\/\/culturaclasica.net\/ludi_saguntini\/wp-content\/uploads\/2019\/03\/adetursa-200x133.jpg 200w, https:\/\/culturaclasica.net\/ludi_saguntini\/wp-content\/uploads\/2019\/03\/adetursa.jpg 350w\" sizes=\"(min-width: 2200px) 100vw, (min-width: 824px) 423px, (min-width: 732px) 635px, (min-width: 640px) 732px, \" \/><\/div><\/div><div style=\"padding:5px;\" class=\"fusion-grid-column fusion-gallery-column fusion-gallery-column-3 hover-type-none\"><div class=\"fusion-gallery-image\"><img loading=\"lazy\" decoding=\"async\" width=\"270\" height=\"60\" src=\"https:\/\/culturaclasica.net\/ludi_saguntini\/wp-content\/uploads\/2023\/12\/logo-crsagunto.png\" alt=\"\" title=\"logo-crsagunto\" aria-label=\"logo-crsagunto\" class=\"img-responsive wp-image-2226\" srcset=\"https:\/\/culturaclasica.net\/ludi_saguntini\/wp-content\/uploads\/2023\/12\/logo-crsagunto-200x44.png 200w, https:\/\/culturaclasica.net\/ludi_saguntini\/wp-content\/uploads\/2023\/12\/logo-crsagunto.png 270w\" sizes=\"(min-width: 2200px) 100vw, (min-width: 824px) 423px, (min-width: 732px) 635px, (min-width: 640px) 732px, \" \/><\/div><\/div><div class=\"clearfix\"><\/div><div style=\"padding:5px;\" class=\"fusion-grid-column fusion-gallery-column fusion-gallery-column-3 hover-type-none\"><div class=\"fusion-gallery-image\"><img loading=\"lazy\" decoding=\"async\" width=\"234\" height=\"75\" src=\"https:\/\/culturaclasica.net\/ludi_saguntini\/wp-content\/uploads\/2023\/12\/logo-fundacion-bancaja.png\" alt=\"\" title=\"logo-fundacion-bancaja\" aria-label=\"logo-fundacion-bancaja\" class=\"img-responsive wp-image-2227\" srcset=\"https:\/\/culturaclasica.net\/ludi_saguntini\/wp-content\/uploads\/2023\/12\/logo-fundacion-bancaja-200x64.png 200w, https:\/\/culturaclasica.net\/ludi_saguntini\/wp-content\/uploads\/2023\/12\/logo-fundacion-bancaja.png 234w\" sizes=\"(min-width: 2200px) 100vw, (min-width: 824px) 423px, (min-width: 732px) 635px, (min-width: 640px) 732px, \" \/><\/div><\/div><div style=\"padding:5px;\" class=\"fusion-grid-column fusion-gallery-column fusion-gallery-column-3 hover-type-none\"><div class=\"fusion-gallery-image\"><img loading=\"lazy\" decoding=\"async\" width=\"151\" height=\"151\" src=\"https:\/\/culturaclasica.net\/ludi_saguntini\/wp-content\/uploads\/2023\/12\/centro_arqueologico.jpeg\" alt=\"\" title=\"centro_arqueologico\" aria-label=\"centro_arqueologico\" class=\"img-responsive wp-image-2228\" srcset=\"https:\/\/culturaclasica.net\/ludi_saguntini\/wp-content\/uploads\/2023\/12\/centro_arqueologico-66x66.jpeg 66w, https:\/\/culturaclasica.net\/ludi_saguntini\/wp-content\/uploads\/2023\/12\/centro_arqueologico.jpeg 151w\" sizes=\"(max-width: 151px) 100vw, 151px\" \/><\/div><\/div><\/div><div class=\"fusion-clearfix\"><\/div>\n\n\t\t\t\t\t<\/div>\n\t\t\t\t<\/div><\/div><\/div><div class=\"fusion-fullwidth fullwidth-box nonhundred-percent-fullwidth non-hundred-percent-height-scrolling\"  style='background-color: rgba(255,255,255,0);background-position: center center;background-repeat: no-repeat;padding-top:0px;padding-right:0px;padding-bottom:0px;padding-left:0px;'><div class=\"fusion-builder-row fusion-row \"><div  class=\"fusion-layout-column fusion_builder_column fusion_builder_column_1_1  fusion-one-full fusion-column-first fusion-column-last 1_1\"  style='margin-top:0px;margin-bottom:0px;'>\n\t\t\t\t\t<div class=\"fusion-column-wrapper\" style=\"background-position:left top;background-repeat:no-repeat;-webkit-background-size:cover;-moz-background-size:cover;-o-background-size:cover;background-size:cover;\"  data-bg-url=\"\">\n\t\t\t\t\t\t<div class=\"fusion-clearfix\"><\/div>\n\n\t\t\t\t\t<\/div>\n\t\t\t\t<\/div><\/div><\/div><\/p>","protected":false},"excerpt":{"rendered":"","protected":false},"author":1,"featured_media":0,"parent":0,"menu_order":0,"comment_status":"closed","ping_status":"closed","template":"","meta":{"footnotes":""},"_links":{"self":[{"href":"https:\/\/culturaclasica.net\/ludi_saguntini\/ca\/wp-json\/wp\/v2\/pages\/8"}],"collection":[{"href":"https:\/\/culturaclasica.net\/ludi_saguntini\/ca\/wp-json\/wp\/v2\/pages"}],"about":[{"href":"https:\/\/culturaclasica.net\/ludi_saguntini\/ca\/wp-json\/wp\/v2\/types\/page"}],"author":[{"embeddable":true,"href":"https:\/\/culturaclasica.net\/ludi_saguntini\/ca\/wp-json\/wp\/v2\/users\/1"}],"replies":[{"embeddable":true,"href":"https:\/\/culturaclasica.net\/ludi_saguntini\/ca\/wp-json\/wp\/v2\/comments?post=8"}],"version-history":[{"count":53,"href":"https:\/\/culturaclasica.net\/ludi_saguntini\/ca\/wp-json\/wp\/v2\/pages\/8\/revisions"}],"predecessor-version":[{"id":2434,"href":"https:\/\/culturaclasica.net\/ludi_saguntini\/ca\/wp-json\/wp\/v2\/pages\/8\/revisions\/2434"}],"wp:attachment":[{"href":"https:\/\/culturaclasica.net\/ludi_saguntini\/ca\/wp-json\/wp\/v2\/media?parent=8"}],"curies":[{"name":"wp","href":"https:\/\/api.w.org\/{rel}","templated":true}]}}