{"id":2340,"date":"2025-03-17T19:13:19","date_gmt":"2025-03-17T18:13:19","guid":{"rendered":"https:\/\/culturaclasica.net\/ludi_saguntini\/?page_id=2340"},"modified":"2026-04-14T20:16:56","modified_gmt":"2026-04-14T18:16:56","slug":"matronalia","status":"publish","type":"page","link":"https:\/\/culturaclasica.net\/ludi_saguntini\/ca\/matronalia\/","title":{"rendered":"Matronalia"},"content":{"rendered":"<p><\/p>\n<h2 style=\"text-align: center;\">POMPA LVDI SAGVNTINI MMXXV MATRONALIA<\/h2>\n<h4 style=\"text-align: center;\">11 de abril 2025<\/h4>\n<p>La Pompa de los Ludi Saguntini MMXXV estar\u00e1 dedicada a la fiesta de las MATRONALIA, una celebraci\u00f3n en honor a la diosa Juno Lucina, benefactora de las mujeres casadas y de las parturientas. Veamos qu\u00e9 nos cuentan las fuentes cl\u00e1sicas:<\/p>\n<p style=\"text-align: center;\"><a href=\"https:\/\/culturaclasica.net\/ludi_saguntini\/matronalia\/matronalia-web\/\" rel=\"attachment wp-att-2346\">MATRONALIA<\/a><\/p>\n<p style=\"text-align: center;\"><iframe loading=\"lazy\" class=\"scribd_iframe_embed\" tabindex=\"0\" title=\"Matronalia Web\" src=\"https:\/\/www.scribd.com\/embeds\/835208293\/content?start_page=1&amp;view_mode=scroll&amp;access_key=key-5qTpPVdWNpZlL1TVOZbU&amp;scribd_rebrand=true\" width=\"100%\" height=\"600\" frameborder=\"0\" scrolling=\"no\" data-auto-height=\"true\" data-aspect-ratio=\"0.707221350078493\"><\/iframe><\/p>\n<p style=\"margin: 12px auto 6px; font-family: Helvetica, Arial, sans-serif; font-size: 14px; line-height: normal; display: block; text-align: center;\"><a style=\"text-decoration: underline;\" title=\"View Matronalia Web on Scribd\" href=\"https:\/\/www.scribd.com\/document\/835208293\/Matronalia-Web#from_embed\"> Matronalia Web <\/a> by <a style=\"text-decoration: underline;\" title=\"View domusbaebia's profile on Scribd\" href=\"https:\/\/www.scribd.com\/user\/27048258\/domusbaebia#from_embed\"> domusbaebia<\/a><\/p>\n<p style=\"text-align: center;\">\n<p><\/p>","protected":false},"excerpt":{"rendered":"<p>POMPA LVDI SAGVNTINI MMXXV MATRONALIA 11 de abril 2025 La Pompa de los Ludi Saguntini MMXXV estar\u00e1 dedicada a la fiesta de [&hellip;]<\/p>\n","protected":false},"author":4,"featured_media":0,"parent":0,"menu_order":0,"comment_status":"closed","ping_status":"closed","template":"side-navigation.php","meta":{"footnotes":""},"_links":{"self":[{"href":"https:\/\/culturaclasica.net\/ludi_saguntini\/ca\/wp-json\/wp\/v2\/pages\/2340"}],"collection":[{"href":"https:\/\/culturaclasica.net\/ludi_saguntini\/ca\/wp-json\/wp\/v2\/pages"}],"about":[{"href":"https:\/\/culturaclasica.net\/ludi_saguntini\/ca\/wp-json\/wp\/v2\/types\/page"}],"author":[{"embeddable":true,"href":"https:\/\/culturaclasica.net\/ludi_saguntini\/ca\/wp-json\/wp\/v2\/users\/4"}],"replies":[{"embeddable":true,"href":"https:\/\/culturaclasica.net\/ludi_saguntini\/ca\/wp-json\/wp\/v2\/comments?post=2340"}],"version-history":[{"count":5,"href":"https:\/\/culturaclasica.net\/ludi_saguntini\/ca\/wp-json\/wp\/v2\/pages\/2340\/revisions"}],"predecessor-version":[{"id":2429,"href":"https:\/\/culturaclasica.net\/ludi_saguntini\/ca\/wp-json\/wp\/v2\/pages\/2340\/revisions\/2429"}],"wp:attachment":[{"href":"https:\/\/culturaclasica.net\/ludi_saguntini\/ca\/wp-json\/wp\/v2\/media?parent=2340"}],"curies":[{"name":"wp","href":"https:\/\/api.w.org\/{rel}","templated":true}]}}