{"id":2241,"date":"2024-02-18T13:06:40","date_gmt":"2024-02-18T12:06:40","guid":{"rendered":"https:\/\/culturaclasica.net\/ludi_saguntini\/?page_id=2241"},"modified":"2024-04-08T09:21:44","modified_gmt":"2024-04-08T07:21:44","slug":"xxv-aniversario","status":"publish","type":"page","link":"https:\/\/culturaclasica.net\/ludi_saguntini\/ca\/xxv-aniversario\/","title":{"rendered":"XXV Aniversari dels tallers did\u00e0ctics"},"content":{"rendered":"<p><\/p>\n<h1 style=\"text-align: center;\"><a href=\"https:\/\/www.youtube.com\/playlist?list=PLyKzhfXVyGXPYW09c1zg2HxZ9un-zw3vF\" target=\"_blank\" rel=\"noopener\">XXV Aniversari dels tallers did\u00e0ctics<\/a><\/h1>\n<p style=\"text-align: center;\"><a href=\"https:\/\/culturaclasica.net\/ludi_saguntini\/wp-content\/uploads\/2022\/12\/25-aniversario.jpg\"><img loading=\"lazy\" decoding=\"async\" class=\"alignnone size-medium wp-image-2155\" src=\"https:\/\/culturaclasica.net\/ludi_saguntini\/wp-content\/uploads\/2022\/12\/25-aniversario-277x300.jpg\" alt=\"\" width=\"277\" height=\"300\" srcset=\"https:\/\/culturaclasica.net\/ludi_saguntini\/wp-content\/uploads\/2022\/12\/25-aniversario-200x217.jpg 200w, https:\/\/culturaclasica.net\/ludi_saguntini\/wp-content\/uploads\/2022\/12\/25-aniversario-277x300.jpg 277w, https:\/\/culturaclasica.net\/ludi_saguntini\/wp-content\/uploads\/2022\/12\/25-aniversario-400x433.jpg 400w, https:\/\/culturaclasica.net\/ludi_saguntini\/wp-content\/uploads\/2022\/12\/25-aniversario-600x650.jpg 600w, https:\/\/culturaclasica.net\/ludi_saguntini\/wp-content\/uploads\/2022\/12\/25-aniversario.jpg 730w\" sizes=\"(max-width: 277px) 100vw, 277px\" \/><\/a><\/p>\n<div class=\"video-shortcode\"><iframe loading=\"lazy\" title=\"BLOQUE 1: Or\u00edgens\" width=\"1280\" height=\"720\" src=\"https:\/\/www.youtube.com\/embed\/84GWKr28SFE?feature=oembed\" frameborder=\"0\" allow=\"accelerometer; autoplay; clipboard-write; encrypted-media; gyroscope; picture-in-picture; web-share\" allowfullscreen><\/iframe><\/div>\n<p>&nbsp;<\/p>\n<div class=\"video-shortcode\"><iframe loading=\"lazy\" title=\"BLOQUE 2: Consolidaci\u00f3\" width=\"1280\" height=\"720\" src=\"https:\/\/www.youtube.com\/embed\/yO-noP4fVdA?feature=oembed\" frameborder=\"0\" allow=\"accelerometer; autoplay; clipboard-write; encrypted-media; gyroscope; picture-in-picture; web-share\" allowfullscreen><\/iframe><\/div>\n<p>&nbsp;<\/p>\n<div class=\"video-shortcode\"><iframe loading=\"lazy\" title=\"BLOQUE 3: \u00c8xits\" width=\"1280\" height=\"720\" src=\"https:\/\/www.youtube.com\/embed\/_m8HxdsjiVg?feature=oembed\" frameborder=\"0\" allow=\"accelerometer; autoplay; clipboard-write; encrypted-media; gyroscope; picture-in-picture; web-share\" allowfullscreen><\/iframe><\/div>\n<p>&nbsp;<\/p>\n<div class=\"video-shortcode\"><iframe loading=\"lazy\" title=\"BLOQUE 4: Futur\" width=\"1280\" height=\"720\" src=\"https:\/\/www.youtube.com\/embed\/BEYQLF1lgZw?feature=oembed\" frameborder=\"0\" allow=\"accelerometer; autoplay; clipboard-write; encrypted-media; gyroscope; picture-in-picture; web-share\" allowfullscreen><\/iframe><\/div>\n<p style=\"text-align: center;\">(Realitzaci\u00f3 dels v\u00eddeos: <a href=\"https:\/\/www.borjanowak.es\/\" target=\"_blank\" rel=\"noopener\">Borja Novak<\/a>)<\/p>\n<p><\/p>","protected":false},"excerpt":{"rendered":"<p>XXV Aniversari dels tallers did\u00e0ctics &nbsp; &nbsp; &nbsp; (Realitzaci\u00f3 dels v\u00eddeos: Borja Novak)<\/p>\n","protected":false},"author":4,"featured_media":0,"parent":0,"menu_order":0,"comment_status":"closed","ping_status":"closed","template":"","meta":{"footnotes":""},"_links":{"self":[{"href":"https:\/\/culturaclasica.net\/ludi_saguntini\/ca\/wp-json\/wp\/v2\/pages\/2241"}],"collection":[{"href":"https:\/\/culturaclasica.net\/ludi_saguntini\/ca\/wp-json\/wp\/v2\/pages"}],"about":[{"href":"https:\/\/culturaclasica.net\/ludi_saguntini\/ca\/wp-json\/wp\/v2\/types\/page"}],"author":[{"embeddable":true,"href":"https:\/\/culturaclasica.net\/ludi_saguntini\/ca\/wp-json\/wp\/v2\/users\/4"}],"replies":[{"embeddable":true,"href":"https:\/\/culturaclasica.net\/ludi_saguntini\/ca\/wp-json\/wp\/v2\/comments?post=2241"}],"version-history":[{"count":11,"href":"https:\/\/culturaclasica.net\/ludi_saguntini\/ca\/wp-json\/wp\/v2\/pages\/2241\/revisions"}],"predecessor-version":[{"id":2259,"href":"https:\/\/culturaclasica.net\/ludi_saguntini\/ca\/wp-json\/wp\/v2\/pages\/2241\/revisions\/2259"}],"wp:attachment":[{"href":"https:\/\/culturaclasica.net\/ludi_saguntini\/ca\/wp-json\/wp\/v2\/media?parent=2241"}],"curies":[{"name":"wp","href":"https:\/\/api.w.org\/{rel}","templated":true}]}}