{"id":2220,"date":"2023-12-08T11:55:53","date_gmt":"2023-12-08T10:55:53","guid":{"rendered":"https:\/\/culturaclasica.net\/ludi_saguntini\/?page_id=2220"},"modified":"2025-01-27T20:13:33","modified_gmt":"2025-01-27T19:13:33","slug":"apadrina-un-spatium","status":"publish","type":"page","link":"https:\/\/culturaclasica.net\/ludi_saguntini\/ca\/apadrina-un-spatium\/","title":{"rendered":"Apadrina un Spatium"},"content":{"rendered":"<p><\/p>\n<h3 style=\"text-align: center;\">Coneixes el projecte \u2018<strong>APADRINA UN SPATIUM<\/strong>\u2018?<\/h3>\n<p><a href=\"https:\/\/culturaclasica.net\/ludi_saguntini\/wp-content\/uploads\/2023\/12\/spatia.png\"><img loading=\"lazy\" decoding=\"async\" class=\"wp-image-2222 size-medium aligncenter\" src=\"https:\/\/culturaclasica.net\/ludi_saguntini\/wp-content\/uploads\/2023\/12\/spatia-300x154.png\" alt=\"\" width=\"300\" height=\"154\" srcset=\"https:\/\/culturaclasica.net\/ludi_saguntini\/wp-content\/uploads\/2023\/12\/spatia-200x102.png 200w, https:\/\/culturaclasica.net\/ludi_saguntini\/wp-content\/uploads\/2023\/12\/spatia-300x154.png 300w, https:\/\/culturaclasica.net\/ludi_saguntini\/wp-content\/uploads\/2023\/12\/spatia-400x205.png 400w, https:\/\/culturaclasica.net\/ludi_saguntini\/wp-content\/uploads\/2023\/12\/spatia-600x307.png 600w, https:\/\/culturaclasica.net\/ludi_saguntini\/wp-content\/uploads\/2023\/12\/spatia.png 768w\" sizes=\"(max-width: 300px) 100vw, 300px\" \/><\/a><\/p>\n<p>Volem informar-vos de totes les novetats sobre l\u2019edici\u00f3 LVDI SAGVNTINI MMXXIV. Necessitem la vostra col\u00b7laboraci\u00f3 per a seguir amb aquesta iniciativa.<\/p>\n<p>En primer lloc, vos recordem que tota la informaci\u00f3 necess\u00e0ria sobre els LUDI es publicar\u00e0 en aquest lloc, ja siguen dates, per\u00edodes d\u2019inscripci\u00f3, materials, etc.<\/p>\n<p>Els SPATIA es caracteritzen per ser tallers de lliure realitzaci\u00f3, oberts a tot el m\u00f3n que vulga participar, sense limitacions i de car\u00e0cter eminentment pr\u00e0ctic, on es prioritza el fet de tocar, provar i experimentar.<\/p>\n<p>Us avisarem quan estiga oberta, per\u00f2 ara ha arribat ja l\u2019hora de llan\u00e7ar-se a APADRINAR UN SPATIUM: per a qui no ho haja fet abans, es tracta d\u2019implicar el nostre alumnat en el proc\u00e9s d\u2019aprenentatge-ensenyament de la Cultura Cl\u00e0ssica, entregar-los les regnes de la doc\u00e8ncia i convertir-los en monitors d\u2019un dels SPATIUM.<\/p>\n<p>No vos quedeu amb l\u2019espineta, pregunteu i contacteu amb nosaltres sense cap comprom\u00eds.<\/p>\n<p>Dit a\u00e7\u00f2, vos\u00a0<a href=\"https:\/\/docs.google.com\/forms\/d\/e\/1FAIpQLSel9YOWU5n30WEvE4JRGecPFeSiYYK5iaBPYGtKoueilYf56A\/viewform?usp=header\" target=\"_blank\" rel=\"noreferrer noopener\" aria-label=\"deixem aqu\u00ed l'enlla\u00e7 (abre en una nueva pesta\u00f1a)\">deixem aqu\u00ed l\u2019enlla\u00e7<\/a>\u00a0que vos conduir\u00e0 al formulari per a tots aquells que vulgueu apadrinar, en el que ens podreu donar les vostres dades de contacte, el nombre aproximat d\u2019alumnat que participaria i les vostres prefer\u00e8ncies sobre els spatia a apadrinar.<\/p>\n<p>Esperem amb deler les respostes d\u2019aquells que ja ho teniu clar, per\u00f2 tamb\u00e9 les preguntes, dubtes i retic\u00e8ncies d\u2019aquells que esteu indecisos. Entenem que ens trobem en una situaci\u00f3 complicada i, per la nostra banda, tractarem de resoldre qualsevol inconvenient i de facilitar-vos al m\u00e0xim la participaci\u00f3. Si vols escriure\u2019ns, aquest \u00e9s el nostre correu:<\/p>\n<div class=\"wp-block-image\"><a href=\"https:\/\/culturaclasica.net\/ludi_saguntini\/wp-content\/uploads\/2023\/12\/correoSpatia.png\"><img loading=\"lazy\" decoding=\"async\" class=\"size-full wp-image-2221 aligncenter\" src=\"https:\/\/culturaclasica.net\/ludi_saguntini\/wp-content\/uploads\/2023\/12\/correoSpatia.png\" alt=\"\" width=\"322\" height=\"110\" srcset=\"https:\/\/culturaclasica.net\/ludi_saguntini\/wp-content\/uploads\/2023\/12\/correoSpatia-200x68.png 200w, https:\/\/culturaclasica.net\/ludi_saguntini\/wp-content\/uploads\/2023\/12\/correoSpatia-300x102.png 300w, https:\/\/culturaclasica.net\/ludi_saguntini\/wp-content\/uploads\/2023\/12\/correoSpatia-320x110.png 320w, https:\/\/culturaclasica.net\/ludi_saguntini\/wp-content\/uploads\/2023\/12\/correoSpatia.png 322w\" sizes=\"(max-width: 322px) 100vw, 322px\" \/><\/a><\/div>\n<div class=\"wp-block-image\"><\/div>\n<p><\/p>","protected":false},"excerpt":{"rendered":"<p>Coneixes el projecte \u2018APADRINA UN SPATIUM\u2018? Volem informar-vos de totes les novetats sobre l\u2019edici\u00f3 LVDI SAGVNTINI MMXXIV. Necessitem la vostra col\u00b7laboraci\u00f3 per [&hellip;]<\/p>\n","protected":false},"author":4,"featured_media":0,"parent":0,"menu_order":0,"comment_status":"closed","ping_status":"closed","template":"","meta":{"footnotes":""},"_links":{"self":[{"href":"https:\/\/culturaclasica.net\/ludi_saguntini\/ca\/wp-json\/wp\/v2\/pages\/2220"}],"collection":[{"href":"https:\/\/culturaclasica.net\/ludi_saguntini\/ca\/wp-json\/wp\/v2\/pages"}],"about":[{"href":"https:\/\/culturaclasica.net\/ludi_saguntini\/ca\/wp-json\/wp\/v2\/types\/page"}],"author":[{"embeddable":true,"href":"https:\/\/culturaclasica.net\/ludi_saguntini\/ca\/wp-json\/wp\/v2\/users\/4"}],"replies":[{"embeddable":true,"href":"https:\/\/culturaclasica.net\/ludi_saguntini\/ca\/wp-json\/wp\/v2\/comments?post=2220"}],"version-history":[{"count":4,"href":"https:\/\/culturaclasica.net\/ludi_saguntini\/ca\/wp-json\/wp\/v2\/pages\/2220\/revisions"}],"predecessor-version":[{"id":2316,"href":"https:\/\/culturaclasica.net\/ludi_saguntini\/ca\/wp-json\/wp\/v2\/pages\/2220\/revisions\/2316"}],"wp:attachment":[{"href":"https:\/\/culturaclasica.net\/ludi_saguntini\/ca\/wp-json\/wp\/v2\/media?parent=2220"}],"curies":[{"name":"wp","href":"https:\/\/api.w.org\/{rel}","templated":true}]}}