{"id":2109,"date":"2022-12-11T11:20:48","date_gmt":"2022-12-11T10:20:48","guid":{"rendered":"https:\/\/culturaclasica.net\/ludi_saguntini\/?page_id=2109"},"modified":"2022-12-11T18:28:20","modified_gmt":"2022-12-11T17:28:20","slug":"kosmos","status":"publish","type":"page","link":"https:\/\/culturaclasica.net\/ludi_saguntini\/ca\/kosmos\/","title":{"rendered":"Kosmos"},"content":{"rendered":"<p><div class=\"fusion-fullwidth fullwidth-box nonhundred-percent-fullwidth non-hundred-percent-height-scrolling\"  style='background-color: rgba(255,255,255,0);background-position: center center;background-repeat: no-repeat;padding-top:0px;padding-right:0px;padding-bottom:0px;padding-left:0px;'><div class=\"fusion-builder-row fusion-row \"><div  class=\"fusion-layout-column fusion_builder_column fusion_builder_column_1_1  fusion-one-full fusion-column-first fusion-column-last 1_1\"  style='margin-top:0px;margin-bottom:0px;'>\n\t\t\t\t\t<div class=\"fusion-column-wrapper\" style=\"background-position:left top;background-repeat:no-repeat;-webkit-background-size:cover;-moz-background-size:cover;-o-background-size:cover;background-size:cover;\"  data-bg-url=\"\">\n\t\t\t\t\t\t<div class=\"fusion-text\"><p>Kosmos \u00e9s un taller de mitologia grecoromana impartit completament en llat\u00ed i grec actiu pel voluntariat universitari de la UV i UJI.<\/p>\n<p>Durant vora mitja hora els participants podran acostar-se als principals mites de la teogonia d&#8217;una forma l\u00fadica i, a m\u00e9s, ho faran emprant el llat\u00ed i el grec com a llengua vehicular.<\/p>\n<p>Tot i que no necessiten uns coneixements previs, s\u00ed que preguem que s&#8217;inscriga l&#8217;alumnat d&#8217;entre 15-18 anys.<\/p>\n<p>Posarem a la disposici\u00f3 del professorat un vocabulari b\u00e0sic que es puga treballar en classe abans de venir.<\/p>\n\n\t\t<style type=\"text\/css\">\n\t\t\t#gallery-2 {\n\t\t\t\tmargin: auto;\n\t\t\t}\n\t\t\t#gallery-2 .gallery-item {\n\t\t\t\tfloat: left;\n\t\t\t\tmargin-top: 10px;\n\t\t\t\ttext-align: center;\n\t\t\t\twidth: 33%;\n\t\t\t}\n\t\t\t#gallery-2 img {\n\t\t\t\tborder: 2px solid #cfcfcf;\n\t\t\t}\n\t\t\t#gallery-2 .gallery-caption {\n\t\t\t\tmargin-left: 0;\n\t\t\t}\n\t\t\t\/* see gallery_shortcode() in wp-includes\/media.php *\/\n\t\t<\/style>\n\t\t<div id='gallery-2' class='gallery galleryid-2109 gallery-columns-3 gallery-size-medium'><dl class='gallery-item'>\n\t\t\t<dt class='gallery-icon portrait'>\n\t\t\t\t<a data-rel=\"iLightbox[postimages]\" data-title=\"Kosmos\" data-caption=\"\" href='https:\/\/culturaclasica.net\/ludi_saguntini\/ca\/kosmos\/kosmos2\/'><img loading=\"lazy\" decoding=\"async\" width=\"225\" height=\"300\" src=\"https:\/\/culturaclasica.net\/ludi_saguntini\/wp-content\/uploads\/2022\/12\/kosmos2-225x300.jpeg\" class=\"attachment-medium size-medium\" alt=\"\" srcset=\"https:\/\/culturaclasica.net\/ludi_saguntini\/wp-content\/uploads\/2022\/12\/kosmos2-200x267.jpeg 200w, https:\/\/culturaclasica.net\/ludi_saguntini\/wp-content\/uploads\/2022\/12\/kosmos2-225x300.jpeg 225w, https:\/\/culturaclasica.net\/ludi_saguntini\/wp-content\/uploads\/2022\/12\/kosmos2-400x533.jpeg 400w, https:\/\/culturaclasica.net\/ludi_saguntini\/wp-content\/uploads\/2022\/12\/kosmos2-600x800.jpeg 600w, https:\/\/culturaclasica.net\/ludi_saguntini\/wp-content\/uploads\/2022\/12\/kosmos2-768x1024.jpeg 768w, https:\/\/culturaclasica.net\/ludi_saguntini\/wp-content\/uploads\/2022\/12\/kosmos2-800x1066.jpeg 800w, https:\/\/culturaclasica.net\/ludi_saguntini\/wp-content\/uploads\/2022\/12\/kosmos2.jpeg 974w\" sizes=\"(max-width: 225px) 100vw, 225px\" \/><\/a>\n\t\t\t<\/dt><\/dl><dl class='gallery-item'>\n\t\t\t<dt class='gallery-icon landscape'>\n\t\t\t\t<a data-rel=\"iLightbox[postimages]\" data-title=\"Kosmos\" data-caption=\"\" href='https:\/\/culturaclasica.net\/ludi_saguntini\/ca\/kosmos\/kosmos1\/'><img loading=\"lazy\" decoding=\"async\" width=\"300\" height=\"225\" src=\"https:\/\/culturaclasica.net\/ludi_saguntini\/wp-content\/uploads\/2022\/12\/kosmos1-300x225.jpeg\" class=\"attachment-medium size-medium\" alt=\"\" srcset=\"https:\/\/culturaclasica.net\/ludi_saguntini\/wp-content\/uploads\/2022\/12\/kosmos1-200x150.jpeg 200w, https:\/\/culturaclasica.net\/ludi_saguntini\/wp-content\/uploads\/2022\/12\/kosmos1-300x225.jpeg 300w, https:\/\/culturaclasica.net\/ludi_saguntini\/wp-content\/uploads\/2022\/12\/kosmos1-400x300.jpeg 400w, https:\/\/culturaclasica.net\/ludi_saguntini\/wp-content\/uploads\/2022\/12\/kosmos1-600x450.jpeg 600w, https:\/\/culturaclasica.net\/ludi_saguntini\/wp-content\/uploads\/2022\/12\/kosmos1-768x576.jpeg 768w, https:\/\/culturaclasica.net\/ludi_saguntini\/wp-content\/uploads\/2022\/12\/kosmos1-800x600.jpeg 800w, https:\/\/culturaclasica.net\/ludi_saguntini\/wp-content\/uploads\/2022\/12\/kosmos1-1024x768.jpeg 1024w, https:\/\/culturaclasica.net\/ludi_saguntini\/wp-content\/uploads\/2022\/12\/kosmos1-1200x900.jpeg 1200w, https:\/\/culturaclasica.net\/ludi_saguntini\/wp-content\/uploads\/2022\/12\/kosmos1.jpeg 1883w\" sizes=\"(max-width: 300px) 100vw, 300px\" \/><\/a>\n\t\t\t<\/dt><\/dl><dl class='gallery-item'>\n\t\t\t<dt class='gallery-icon portrait'>\n\t\t\t\t<a data-rel=\"iLightbox[postimages]\" data-title=\"Kosmos\" data-caption=\"\" href='https:\/\/culturaclasica.net\/ludi_saguntini\/ca\/kosmos\/kosmos3\/'><img loading=\"lazy\" decoding=\"async\" width=\"225\" height=\"300\" src=\"https:\/\/culturaclasica.net\/ludi_saguntini\/wp-content\/uploads\/2022\/12\/kosmos3-225x300.jpeg\" class=\"attachment-medium size-medium\" alt=\"\" srcset=\"https:\/\/culturaclasica.net\/ludi_saguntini\/wp-content\/uploads\/2022\/12\/kosmos3-200x267.jpeg 200w, https:\/\/culturaclasica.net\/ludi_saguntini\/wp-content\/uploads\/2022\/12\/kosmos3-225x300.jpeg 225w, https:\/\/culturaclasica.net\/ludi_saguntini\/wp-content\/uploads\/2022\/12\/kosmos3-400x533.jpeg 400w, https:\/\/culturaclasica.net\/ludi_saguntini\/wp-content\/uploads\/2022\/12\/kosmos3-600x800.jpeg 600w, https:\/\/culturaclasica.net\/ludi_saguntini\/wp-content\/uploads\/2022\/12\/kosmos3-768x1024.jpeg 768w, https:\/\/culturaclasica.net\/ludi_saguntini\/wp-content\/uploads\/2022\/12\/kosmos3-800x1066.jpeg 800w, https:\/\/culturaclasica.net\/ludi_saguntini\/wp-content\/uploads\/2022\/12\/kosmos3.jpeg 974w\" sizes=\"(max-width: 225px) 100vw, 225px\" \/><\/a>\n\t\t\t<\/dt><\/dl><br style=\"clear: both\" \/>\n\t\t<\/div>\n\n<\/div><div class=\"fusion-text\"><h3 style=\"text-align: center;\"><a href=\"https:\/\/drive.google.com\/file\/d\/1qESGKJIyEaUV77Tacd3xwETjVZG99K2i\/view?usp=sharing\" target=\"_blank\" rel=\"noopener noreferrer\">Vocabulari en llat\u00ed<\/a><\/h3>\n<h3 style=\"text-align: center;\"><a href=\"https:\/\/drive.google.com\/file\/d\/1B1qrbyJf9XcXWiXlpQLlkhjPHbxzZqpN\/view?usp=sharing\" target=\"_blank\" rel=\"noopener noreferrer\">Vocabulari en grec<\/a><\/h3>\n<\/div><div class=\"fusion-clearfix\"><\/div>\n\n\t\t\t\t\t<\/div>\n\t\t\t\t<\/div><\/div><\/div><\/p>","protected":false},"excerpt":{"rendered":"","protected":false},"author":4,"featured_media":0,"parent":0,"menu_order":0,"comment_status":"closed","ping_status":"closed","template":"","meta":{"footnotes":""},"_links":{"self":[{"href":"https:\/\/culturaclasica.net\/ludi_saguntini\/ca\/wp-json\/wp\/v2\/pages\/2109"}],"collection":[{"href":"https:\/\/culturaclasica.net\/ludi_saguntini\/ca\/wp-json\/wp\/v2\/pages"}],"about":[{"href":"https:\/\/culturaclasica.net\/ludi_saguntini\/ca\/wp-json\/wp\/v2\/types\/page"}],"author":[{"embeddable":true,"href":"https:\/\/culturaclasica.net\/ludi_saguntini\/ca\/wp-json\/wp\/v2\/users\/4"}],"replies":[{"embeddable":true,"href":"https:\/\/culturaclasica.net\/ludi_saguntini\/ca\/wp-json\/wp\/v2\/comments?post=2109"}],"version-history":[{"count":7,"href":"https:\/\/culturaclasica.net\/ludi_saguntini\/ca\/wp-json\/wp\/v2\/pages\/2109\/revisions"}],"predecessor-version":[{"id":2130,"href":"https:\/\/culturaclasica.net\/ludi_saguntini\/ca\/wp-json\/wp\/v2\/pages\/2109\/revisions\/2130"}],"wp:attachment":[{"href":"https:\/\/culturaclasica.net\/ludi_saguntini\/ca\/wp-json\/wp\/v2\/media?parent=2109"}],"curies":[{"name":"wp","href":"https:\/\/api.w.org\/{rel}","templated":true}]}}