{"id":1979,"date":"2022-03-28T06:51:57","date_gmt":"2022-03-28T04:51:57","guid":{"rendered":"https:\/\/culturaclasica.net\/ludi_saguntini\/?page_id=1979"},"modified":"2022-03-28T15:42:06","modified_gmt":"2022-03-28T13:42:06","slug":"hygeia-salus","status":"publish","type":"page","link":"https:\/\/culturaclasica.net\/ludi_saguntini\/ca\/hygeia-salus\/","title":{"rendered":"Hygeia &#8211; Salvs"},"content":{"rendered":"<p><\/p>\n<h3 dir=\"ltr\" style=\"text-align: center;\">SVPPLICATIO<\/h3>\n<h3 dir=\"ltr\" style=\"text-align: center;\">HYGIEIA-SALVS<\/h3>\n<p>&nbsp;<\/p>\n<p dir=\"ltr\">La pompa MMXXII est\u00e0 dedicada a la deessa Hygieia, Salus per als romans.<\/p>\n<p dir=\"ltr\">En concret durem a terme una gratulatio o supplicatio, una acci\u00f3 de gr\u00e0cies per a agrair a la deessa de la salut que haja perm\u00e9s poder realitzar els nostres Ludi Saguntini 2022 en format presencial i virtual.<\/p>\n<p dir=\"ltr\">Com era habitual en l&#8217;antiga Roma les supplicationes eren sufragades i dirigides per les autoritats del moment, aix\u00ed que la nostra pompa no pot ser menys i ser\u00e0 oficiada per uns magistrats.<\/p>\n<p dir=\"ltr\">En aquest <a href=\"https:\/\/view.genial.ly\/619f6c20f2d1d50e25f7f5b0\" target=\"_blank\" rel=\"noopener noreferrer\" data-saferedirecturl=\"https:\/\/www.google.com\/url?q=https:\/\/view.genial.ly\/619f6c20f2d1d50e25f7f5b0&amp;source=gmail&amp;ust=1648404562495000&amp;usg=AOvVaw2Ydb7kXUpSnvWqh727KRJH\">enlla\u00e7 <\/a>teniu una presentaci\u00f3 en l\u00ednia per a poder utilitzar-la a l&#8217;aula amb el vostre alumnat que inclou, a m\u00e9s a m\u00e9s, activitats interactives.<\/p>\n<div><\/div>\n<div style=\"text-align: center;\"><a href=\"https:\/\/culturaclasica.net\/ludi_saguntini\/wp-content\/uploads\/2022\/03\/supplicatio-MMXXII.jpeg\"><img loading=\"lazy\" decoding=\"async\" class=\"alignnone size-medium wp-image-1980\" src=\"https:\/\/culturaclasica.net\/ludi_saguntini\/wp-content\/uploads\/2022\/03\/supplicatio-MMXXII-212x300.jpeg\" alt=\"\" width=\"212\" height=\"300\" srcset=\"https:\/\/culturaclasica.net\/ludi_saguntini\/wp-content\/uploads\/2022\/03\/supplicatio-MMXXII-200x283.jpeg 200w, https:\/\/culturaclasica.net\/ludi_saguntini\/wp-content\/uploads\/2022\/03\/supplicatio-MMXXII-212x300.jpeg 212w, https:\/\/culturaclasica.net\/ludi_saguntini\/wp-content\/uploads\/2022\/03\/supplicatio-MMXXII-400x566.jpeg 400w, https:\/\/culturaclasica.net\/ludi_saguntini\/wp-content\/uploads\/2022\/03\/supplicatio-MMXXII-600x849.jpeg 600w, https:\/\/culturaclasica.net\/ludi_saguntini\/wp-content\/uploads\/2022\/03\/supplicatio-MMXXII-724x1024.jpeg 724w, https:\/\/culturaclasica.net\/ludi_saguntini\/wp-content\/uploads\/2022\/03\/supplicatio-MMXXII-768x1086.jpeg 768w, https:\/\/culturaclasica.net\/ludi_saguntini\/wp-content\/uploads\/2022\/03\/supplicatio-MMXXII-800x1132.jpeg 800w, https:\/\/culturaclasica.net\/ludi_saguntini\/wp-content\/uploads\/2022\/03\/supplicatio-MMXXII-1200x1698.jpeg 1200w, https:\/\/culturaclasica.net\/ludi_saguntini\/wp-content\/uploads\/2022\/03\/supplicatio-MMXXII.jpeg 1587w\" sizes=\"(max-width: 212px) 100vw, 212px\" \/><\/a><\/div>\n<p>&nbsp;<\/p>","protected":false},"excerpt":{"rendered":"<p>SVPPLICATIO HYGIEIA-SALVS &nbsp; La pompa MMXXII est\u00e0 dedicada a la deessa Hygieia, Salus per als romans. En concret durem a terme una [&hellip;]<\/p>\n","protected":false},"author":4,"featured_media":0,"parent":0,"menu_order":0,"comment_status":"closed","ping_status":"closed","template":"","meta":{"footnotes":""},"_links":{"self":[{"href":"https:\/\/culturaclasica.net\/ludi_saguntini\/ca\/wp-json\/wp\/v2\/pages\/1979"}],"collection":[{"href":"https:\/\/culturaclasica.net\/ludi_saguntini\/ca\/wp-json\/wp\/v2\/pages"}],"about":[{"href":"https:\/\/culturaclasica.net\/ludi_saguntini\/ca\/wp-json\/wp\/v2\/types\/page"}],"author":[{"embeddable":true,"href":"https:\/\/culturaclasica.net\/ludi_saguntini\/ca\/wp-json\/wp\/v2\/users\/4"}],"replies":[{"embeddable":true,"href":"https:\/\/culturaclasica.net\/ludi_saguntini\/ca\/wp-json\/wp\/v2\/comments?post=1979"}],"version-history":[{"count":5,"href":"https:\/\/culturaclasica.net\/ludi_saguntini\/ca\/wp-json\/wp\/v2\/pages\/1979\/revisions"}],"predecessor-version":[{"id":1988,"href":"https:\/\/culturaclasica.net\/ludi_saguntini\/ca\/wp-json\/wp\/v2\/pages\/1979\/revisions\/1988"}],"wp:attachment":[{"href":"https:\/\/culturaclasica.net\/ludi_saguntini\/ca\/wp-json\/wp\/v2\/media?parent=1979"}],"curies":[{"name":"wp","href":"https:\/\/api.w.org\/{rel}","templated":true}]}}