{"id":1870,"date":"2020-02-26T18:55:05","date_gmt":"2020-02-26T17:55:05","guid":{"rendered":"https:\/\/culturaclasica.net\/ludi_saguntini\/?page_id=1870"},"modified":"2020-02-27T19:14:45","modified_gmt":"2020-02-27T18:14:45","slug":"anna-perenna","status":"publish","type":"page","link":"https:\/\/culturaclasica.net\/ludi_saguntini\/ca\/anna-perenna\/","title":{"rendered":"Anna Perenna"},"content":{"rendered":"<p>El 15 de mar\u00e7, Idibus Martiis, es celebrava en el m\u00f3n rom\u00e0 una festivitat anomenada Anna Perenna. Per aix\u00f2 els Ludi Saguntini MMXX tindran com a comiat una pompa dedicada a aqueixa divinitat.<\/p>\n<p>La informaci\u00f3 preparada per la Saguntina Domus Baebia sobre aquesta pompa pot llegir-se en <a href=\"https:\/\/www.scribd.com\/document\/449157900\/Recreacion-Anna-Perenna-Web\" target=\"_blank\" rel=\"noopener noreferrer\">aquest enlla\u00e7<\/a>.<\/p>\n<p style=\"margin: 12px auto 6px auto; font-family: Helvetica,Arial,Sans-serif; font-style: normal; font-variant: normal; font-weight: normal; font-size: 14px; line-height: normal; font-size-adjust: none; font-stretch: normal; -x-system-font: none; display: block;\"><a style=\"text-decoration: underline;\" title=\"View Recreaci\u00f3n Anna Perenna_ Web on Scribd\" href=\"https:\/\/www.scribd.com\/document\/449157900\/Recreacion-Anna-Perenna-Web#from_embed\">Recreaci\u00f3n Anna Perenna_ Web<\/a> by <a style=\"text-decoration: underline;\" title=\"View domusbaebia's profile on Scribd\" href=\"https:\/\/www.scribd.com\/user\/27048258\/domusbaebia#from_embed\">domusbaebia<\/a> on Scribd<\/p>\n<p><iframe loading=\"lazy\" class=\"scribd_iframe_embed\" title=\"Recreaci\u00f3n Anna Perenna_ Web\" src=\"https:\/\/www.scribd.com\/embeds\/449157900\/content?start_page=1&amp;view_mode=scroll&amp;show_recommendations=true&amp;access_key=key-n6nZv6PXRCj1me1VYvq2\" width=\"100%\" height=\"600\" frameborder=\"0\" scrolling=\"no\" data-auto-height=\"true\" data-aspect-ratio=\"0.707221350078493\"><\/iframe><\/p>","protected":false},"excerpt":{"rendered":"<p>El 15 de mar\u00e7, Idibus Martiis, es celebrava en el m\u00f3n rom\u00e0 una festivitat anomenada Anna Perenna. Per aix\u00f2 els Ludi Saguntini [&hellip;]<\/p>\n","protected":false},"author":4,"featured_media":0,"parent":0,"menu_order":0,"comment_status":"closed","ping_status":"closed","template":"","meta":{"footnotes":""},"_links":{"self":[{"href":"https:\/\/culturaclasica.net\/ludi_saguntini\/ca\/wp-json\/wp\/v2\/pages\/1870"}],"collection":[{"href":"https:\/\/culturaclasica.net\/ludi_saguntini\/ca\/wp-json\/wp\/v2\/pages"}],"about":[{"href":"https:\/\/culturaclasica.net\/ludi_saguntini\/ca\/wp-json\/wp\/v2\/types\/page"}],"author":[{"embeddable":true,"href":"https:\/\/culturaclasica.net\/ludi_saguntini\/ca\/wp-json\/wp\/v2\/users\/4"}],"replies":[{"embeddable":true,"href":"https:\/\/culturaclasica.net\/ludi_saguntini\/ca\/wp-json\/wp\/v2\/comments?post=1870"}],"version-history":[{"count":5,"href":"https:\/\/culturaclasica.net\/ludi_saguntini\/ca\/wp-json\/wp\/v2\/pages\/1870\/revisions"}],"predecessor-version":[{"id":1877,"href":"https:\/\/culturaclasica.net\/ludi_saguntini\/ca\/wp-json\/wp\/v2\/pages\/1870\/revisions\/1877"}],"wp:attachment":[{"href":"https:\/\/culturaclasica.net\/ludi_saguntini\/ca\/wp-json\/wp\/v2\/media?parent=1870"}],"curies":[{"name":"wp","href":"https:\/\/api.w.org\/{rel}","templated":true}]}}